{"id":100,"date":"2008-09-12T23:54:51","date_gmt":"2008-09-13T02:54:51","guid":{"rendered":"http:\/\/www.idearius.com\/es\/preguntas\/"},"modified":"2024-10-26T02:44:35","modified_gmt":"2024-10-26T05:44:35","slug":"mantenimiento-wordpress","status":"publish","type":"page","link":"https:\/\/www.idearius.com\/es\/internet\/mantenimiento-wordpress\/","title":{"rendered":"Mantenimiento para WordPress"},"content":{"rendered":"\n<div class=\"wp-block-columns is-layout-flex wp-container-core-columns-is-layout-28f84493 wp-block-columns-is-layout-flex\">\n<div class=\"wp-block-column is-layout-flow wp-block-column-is-layout-flow\" style=\"flex-basis:66.66%\">\n<p><strong>Los servicios de mantenimiento para WordPress maximizan su inversi\u00f3n.<\/strong> Los sitios r\u00e1pidos y seguros requieren tiempo y conocimientos t\u00e9cnicos distintos a los de dise\u00f1ar p\u00e1ginas, cargar contenidos o gestionar una tienda y responder consultas de clientes.<\/p>\n\n\n\n<p class=\"has-text-align-center has-medium-font-size\"><strong>Sitios web r\u00e1pidos hacen <strong>clientes<\/strong><\/strong> <strong>felices.<\/strong><br><strong>Sitios web no infectados mantienen el negocio funcionando.<\/strong><\/p>\n\n\n\n<p class=\"has-text-align-center\"><a class=\"sendbutton\" href=\"index.php?page_id=2\">Solicite una evaluaci\u00f3n gratis<\/a><\/p>\n<\/div>\n\n\n\n<div class=\"wp-block-column is-layout-flow wp-block-column-is-layout-flow\" style=\"flex-basis:33.33%\">\n<div style=\"position:relative;\">\n<div class=\"precio-circulo\"><span class=\"desde\">Desde<\/span> <span class=\"precio\"><span class=\"moneda\">USD<\/span> 60<\/span> <span class=\"periodo\">por mes<\/span><\/div><i class=\"fa fa-wordpress\" aria-hidden=\"true\" style=\"display:block;font-size:250px;text-align:center;\"><\/i>\n<\/div>\n\n\n\n<div style=\"height:50px\" aria-hidden=\"true\" class=\"wp-block-spacer\"><\/div>\n<\/div>\n<\/div>\n\n\n\n<div style=\"height:50px\" aria-hidden=\"true\" class=\"wp-block-spacer\"><\/div>\n\n\n\n<h2 class=\"wp-block-heading has-text-align-center\">Aplicamos las mejores pr\u00e1cticas para que obtenga los mejores beneficios<\/h2>\n\n\n\n<div class=\"wp-block-columns is-layout-flex wp-container-core-columns-is-layout-28f84493 wp-block-columns-is-layout-flex\">\n<div class=\"wp-block-column is-layout-flow wp-block-column-is-layout-flow\">\n<ol style=\"list-style-type:1\" class=\"wp-block-list\">\n<li><strong>Monitoreo <\/strong>de seguridad (agregue <a href=\"?p=2219\">Seguridad para WordPress<\/a>)<\/li>\n\n\n\n<li>Monitoreo de disponibilidad<\/li>\n\n\n\n<li>Monitoreo de velocidad<\/li>\n\n\n\n<li><strong>Optimizaci\u00f3n de carga del c\u00f3digo<\/strong> (consolidaci\u00f3n, reducci\u00f3n, reordenamiento, cach\u00e9) para acelerarla<\/li>\n\n\n\n<li><strong>Optimizaci\u00f3n de la base de datos<\/strong> para hacerla m\u00e1s confiable<\/li>\n\n\n\n<li><strong>Respaldos <\/strong>de archivos y base de datos<\/li>\n\n\n\n<li><strong>Actualizaciones <\/strong>del n\u00facleo de WordPress<\/li>\n\n\n\n<li>Actualizaciones de complementos de WordPress<\/li>\n\n\n\n<li>Actualizaciones de temas de WordPress<\/li>\n\n\n\n<li>Desactivaci\u00f3n y borrado de complementos y temas no usados<\/li>\n\n\n\n<li>Integraci\u00f3n con Google Analytics<\/li>\n\n\n\n<li>Integraci\u00f3n con WooCommerce<\/li>\n\n\n\n<li><strong>Informes <\/strong>con estad\u00edsticas de uso del sitio web<\/li>\n\n\n\n<li>Informes de tareas de mantenimiento en el sitio web<\/li>\n\n\n\n<li><strong>Gesti\u00f3n<\/strong> de usuarios (creaci\u00f3n, eliminaci\u00f3n, modificaci\u00f3n)<\/li>\n\n\n\n<li>Gesti\u00f3n de comentarios<\/li>\n\n\n\n<li><strong>Asesoramiento<\/strong> para la selecci\u00f3n de complementos y temas de WordPress<\/li>\n<\/ol>\n<\/div>\n\n\n\n<div class=\"wp-block-column is-layout-flow wp-block-column-is-layout-flow\">\n<p>El mantenimiento regular <strong>mejora la visibilidad en Google y la satisfacci\u00f3n de los usuarios<\/strong>.<\/p>\n\n\n\n<p>Aumenta la velocidad de carga, reduce costos de servidores, asegura la confidencialidad de los datos y la imagen de la empresa como garante de estos, y facilita el restablecimiento de las operaciones m\u00e1s r\u00e1pido en caso de fallas.<\/p>\n\n\n\n<p><strong>La frecuencia (diaria, semanal o mensual) de monitoreos, respaldos, optimizaciones y dem\u00e1s, variar\u00e1 seg\u00fan el plan contratado.<\/strong><\/p>\n\n\n\n<p class=\"has-text-align-center\"><a href=\"http:\/\/index.php?page_id=2\">Cont\u00e1ctenos por m\u00e1s informaci\u00f3n.<\/a><\/p>\n<\/div>\n<\/div>\n\n\n\n<div style=\"height:50px\" aria-hidden=\"true\" class=\"wp-block-spacer\"><\/div>\n\n\n\n<div class=\"wp-block-columns has-ast-global-color-4-background-color has-background is-layout-flex wp-container-core-columns-is-layout-28f84493 wp-block-columns-is-layout-flex\">\n<div class=\"wp-block-column is-layout-flow wp-block-column-is-layout-flow\" style=\"flex-basis:10%\"><\/div>\n\n\n\n<div class=\"wp-block-column is-layout-flow wp-block-column-is-layout-flow\" style=\"flex-basis:80%\">\n<div class=\"wp-block-group has-ast-global-color-4-background-color has-background has-medium-font-size is-layout-constrained wp-block-group-is-layout-constrained\"><div class=\"wp-block-group__inner-container\">\n<p class=\"has-text-align-center\">Los planes de Mantenimiento WordPress independizan a los usuarios de la gesti\u00f3n t\u00e9cnica del sistema:<\/p>\n\n\n\n<ul class=\"wp-block-list\">\n<li><strong>liberan a quienes crean y editan contenidos (como textos e im\u00e1genes);<\/strong><\/li>\n\n\n\n<li><strong>permiten que quienes administran tiendas se concentren en lo comercial;<\/strong><\/li>\n\n\n\n<li><strong>permiten que quienes brindan ayuda se concentren en sus usuarios.<\/strong><\/li>\n<\/ul>\n<\/div><\/div>\n<\/div>\n\n\n\n<div class=\"wp-block-column is-layout-flow wp-block-column-is-layout-flow\" style=\"flex-basis:10%\"><\/div>\n<\/div>\n\n\n\n<div style=\"height:50px\" aria-hidden=\"true\" class=\"wp-block-spacer\"><\/div>\n\n\n\n<div class=\"inherit-container-width wp-block-group has-ast-global-color-4-background-color has-background is-layout-constrained wp-block-group-is-layout-constrained\"><div class=\"wp-block-group__inner-container\">\n<h2 class=\"wp-block-heading has-text-align-center\">\u00bfPor qu\u00e9 controlar la velocidad de mi web?<\/h2>\n\n\n\n<div class=\"wp-block-columns has-ast-global-color-4-background-color has-background is-layout-flex wp-container-core-columns-is-layout-28f84493 wp-block-columns-is-layout-flex\">\n<div class=\"wp-block-column is-layout-flow wp-block-column-is-layout-flow\">\n<p>Todos deseamos encontrar respuestas lo m\u00e1s r\u00e1pido posible. Por eso <strong>Google utiliza la velocidad como uno de los factores para dar mayor o menor visibilidad a las webs<\/strong>, y desde julio de 2018 lo hace tambi\u00e9n para b\u00fasquedas desde m\u00f3viles (que son 70% del total).<\/p>\n\n\n\n<p class=\"has-text-align-center has-medium-font-size\"><strong>M\u00e1s velocidad = Mejor experiencia<\/strong><\/p>\n\n\n\n<p><strong>Contenidos no optimizados y complementos y temas mal elegidos perjudican<\/strong> la satisfacci\u00f3n de su p\u00fablico objetivo al reducir la velocidad de carga de su web.<\/p>\n\n\n\n<p>Optimizar los contenidos cargados (videos, im\u00e1genes, documentos) y elegir bien complementos y temas para WordPress, y mantenerlos actualizados y bien configurados, <strong>impacta directamente en los ingresos y gastos<\/strong>.<\/p>\n<\/div>\n\n\n\n<div class=\"wp-block-column is-layout-flow wp-block-column-is-layout-flow\">\n<figure class=\"wp-block-image aligncenter size-full\"><a href=\"https:\/\/www.idearius.com\/es\/wp-content\/uploads\/img-pagespeed-01.png\"><img loading=\"lazy\" decoding=\"async\" width=\"400\" height=\"469\" src=\"https:\/\/www.idearius.com\/es\/wp-content\/uploads\/img-pagespeed-01.png\" alt=\"\" class=\"wp-image-4714\" srcset=\"https:\/\/www.idearius.com\/es\/wp-content\/uploads\/img-pagespeed-01.png 400w, https:\/\/www.idearius.com\/es\/wp-content\/uploads\/img-pagespeed-01-256x300.png 256w\" sizes=\"auto, (max-width: 400px) 100vw, 400px\" \/><\/a><\/figure>\n<\/div>\n<\/div>\n<\/div><\/div>\n\n\n\n<div style=\"height:50px\" aria-hidden=\"true\" class=\"wp-block-spacer\"><\/div>\n\n\n\n<div class=\"wp-block-columns is-layout-flex wp-container-core-columns-is-layout-28f84493 wp-block-columns-is-layout-flex\">\n<div class=\"wp-block-column is-layout-flow wp-block-column-is-layout-flow\">\n<h2 class=\"wp-block-heading\">Alcance<\/h2>\n\n\n\n<p>Un sitio web tiene m\u00faltiples componentes que interact\u00faan: <strong>textos e im\u00e1genes<\/strong> se apoyan en un sistema <strong>administrador de contenidos<\/strong> con muchas subpartes y complementos opcionales (WordPress) que facilita y potencia su gesti\u00f3n, y \u00e9ste un el <strong>servidor web<\/strong> (con software y hardware espec\u00edficos) conectado a Internet en un centro de datos.<\/p>\n\n\n\n<p><strong>Nuestros servicios de mantenimiento para WordPress se centran en esa capa intermedia del administrador de contenidos.<\/strong><\/p>\n\n\n\n<p>No cubren la carga o edici\u00f3n de contenidos, <a href=\"?p=8\">dise\u00f1o web<\/a> o <a href=\"?p=13\">dise\u00f1o gr\u00e1fico<\/a>, optimizaciones de SEO o usabilidad, ni programaci\u00f3n para actualizar temas o complementos; tambi\u00e9n se diferencian de los <a href=\"?p=114\">servicios de hosting<\/a>. Estos servicios podemos proveerlos de forma independiente a los de mantenimiento y seguridad de WordPress.<\/p>\n<\/div>\n\n\n\n<div class=\"wp-block-column is-layout-flow wp-block-column-is-layout-flow\">\n<svg width=\"100%\" viewBox=\"0 0 680 454\" xmlns=\"http:\/\/www.w3.org\/2000\/svg\" xmlns:xlink=\"http:\/\/www.w3.org\/1999\/xlink\" overflow=\"hidden\"><defs><clipPath id=\"clip0\"><rect x=\"0\" y=\"0\" width=\"680\" height=\"454\"><\/rect><\/clipPath><\/defs><g clip-path=\"url(#clip0)\"><rect x=\"0\" y=\"0\" width=\"680\" height=\"453.722\" fill=\"#FFFFFF\"><\/rect><path d=\"M465.5 274.937C469.642 274.937 473 280.68 473 287.763L473 339.234C473 346.318 476.358 352.06 480.5 352.06 476.358 352.06 473 357.802 473 364.886L473 416.357C473 423.44 469.642 429.183 465.5 429.183\" stroke=\"#000000\" stroke-width=\"0.99951\" stroke-linejoin=\"round\" stroke-miterlimit=\"10\" fill=\"none\" fill-rule=\"evenodd\"><\/path><text font-family=\"Calibri,Calibri_MSFontService,sans-serif\" font-weight=\"400\" font-size=\"13\" transform=\"matrix(1 0 0 1.00159 490.193 355)\">Alojamiento web (hosting)<\/text><rect x=\"20.5\" y=\"231.869\" width=\"430\" height=\"29.0463\" stroke=\"#000000\" stroke-width=\"0.99951\" stroke-miterlimit=\"8\" fill=\"#21759B\"><\/rect><text fill=\"#FFFFFF\" font-family=\"Calibri,Calibri_MSFontService,sans-serif\" font-weight=\"400\" font-size=\"16\" transform=\"matrix(1 0 0 1.00159 136.72 251)\">WordPress (funciones b\u00e1sicas)<\/text><rect x=\"20.5\" y=\"358.07\" width=\"430\" height=\"30.0478\" stroke=\"#000000\" stroke-width=\"0.99951\" stroke-miterlimit=\"8\" fill=\"#FF8A1D\"><\/rect><text fill=\"#FFFFFF\" font-family=\"Calibri,Calibri_MSFontService,sans-serif\" font-weight=\"400\" font-size=\"16\" transform=\"matrix(1 0 0 1.00159 176.817 378)\">Sistema operativo<\/text><rect x=\"20.5\" y=\"316.003\" width=\"430\" height=\"30.0478\" stroke=\"#000000\" stroke-width=\"0.99951\" stroke-miterlimit=\"8\" fill=\"#FF8A1D\"><\/rect><text fill=\"#FFFFFF\" font-family=\"Calibri,Calibri_MSFontService,sans-serif\" font-weight=\"400\" font-size=\"16\" transform=\"matrix(1 0 0 1.00159 157.033 336)\">Servidor web (software)<\/text><rect x=\"20.5\" y=\"273.936\" width=\"240\" height=\"30.0478\" stroke=\"#000000\" stroke-width=\"0.99951\" stroke-miterlimit=\"8\" fill=\"#FF8A1D\"><\/rect><text fill=\"#FFFFFF\" font-family=\"Calibri,Calibri_MSFontService,sans-serif\" font-weight=\"400\" font-size=\"16\" transform=\"matrix(1 0 0 1.00159 55.8826 294)\">Servidor de base de datos<\/text><rect x=\"267.5\" y=\"273.936\" width=\"183\" height=\"30.0478\" stroke=\"#000000\" stroke-width=\"0.99951\" stroke-miterlimit=\"8\" fill=\"#FF8A1D\"><\/rect><text fill=\"#FFFFFF\" font-family=\"Calibri,Calibri_MSFontService,sans-serif\" font-weight=\"400\" font-size=\"16\" transform=\"matrix(1 0 0 1.00159 302.748 294)\">Int\u00e9rpretes (PHP)<\/text><rect x=\"20.5\" y=\"188.8\" width=\"430\" height=\"30.0478\" stroke=\"#000000\" stroke-width=\"0.99951\" stroke-miterlimit=\"8\" fill=\"#21759B\"><\/rect><text fill=\"#FFFFFF\" font-family=\"Calibri,Calibri_MSFontService,sans-serif\" font-weight=\"400\" font-size=\"16\" transform=\"matrix(1 0 0 1.00159 109.263 209)\">Complementos (funciones adicionales)<\/text><rect x=\"20.5\" y=\"146.733\" width=\"430\" height=\"30.0478\" stroke=\"#000000\" stroke-width=\"0.99951\" stroke-miterlimit=\"8\" fill=\"#21759B\"><\/rect><text fill=\"#FFFFFF\" font-family=\"Calibri,Calibri_MSFontService,sans-serif\" font-weight=\"400\" font-size=\"16\" transform=\"matrix(1 0 0 1.00159 169.21 167)\">Temas (dise\u00f1o base)<\/text><rect x=\"20.5\" y=\"106.67\" width=\"430\" height=\"30.0478\" stroke=\"#000000\" stroke-width=\"0.99951\" stroke-miterlimit=\"8\" stroke-dasharray=\"3.99804 2.99853\" fill=\"none\"><\/rect><text font-family=\"Calibri,Calibri_MSFontService,sans-serif\" font-weight=\"400\" font-size=\"16\" transform=\"matrix(1 0 0 1.00159 105.795 126)\">Temas derivados (dise\u00f1o personalizado)<\/text><rect x=\"20.5\" y=\"399.135\" width=\"430\" height=\"29.0463\" stroke=\"#000000\" stroke-width=\"0.99951\" stroke-miterlimit=\"8\" fill=\"#FF8A1D\"><\/rect><text fill=\"#FFFFFF\" font-family=\"Calibri,Calibri_MSFontService,sans-serif\" font-weight=\"400\" font-size=\"16\" transform=\"matrix(1 0 0 1.00159 170.4 419)\">Servidor (hardware)<\/text><rect x=\"20.5\" y=\"66.6059\" width=\"430\" height=\"30.0478\" stroke=\"#000000\" stroke-width=\"0.99951\" stroke-miterlimit=\"8\" stroke-dasharray=\"3.99804 2.99853\" fill=\"none\"><\/rect><text font-family=\"Calibri,Calibri_MSFontService,sans-serif\" font-weight=\"400\" font-size=\"16\" transform=\"matrix(1 0 0 1.00159 124.149 86)\">Contenido (textos, im\u00e1genes, etc.)<\/text><path d=\"M466.5 148.737C470.642 148.737 474 152.978 474 158.21L474 196.354C474 201.586 477.358 205.827 481.5 205.827 477.358 205.827 474 210.069 474 215.301L474 253.445C474 258.677 470.642 262.918 466.5 262.918\" stroke=\"#000000\" stroke-width=\"0.99951\" stroke-linejoin=\"round\" stroke-miterlimit=\"10\" fill=\"none\" fill-rule=\"evenodd\"><\/path><text font-family=\"Calibri,Calibri_MSFontService,sans-serif\" font-weight=\"700\" font-size=\"13\" transform=\"matrix(1 0 0 1.00159 490.193 189)\">Mantenimiento WordPress: <tspan font-weight=\"400\" font-size=\"13\" x=\"0\" y=\"15.9745\">Seguridad, funcionalidades, <\/tspan><tspan font-weight=\"400\" font-size=\"13\" x=\"0\" y=\"31.9491\">velocidad, respaldos, monitoreo, <\/tspan><tspan font-weight=\"400\" font-size=\"13\" x=\"0\" y=\"47.9236\">asesoramiento.<\/tspan><\/text><path d=\"M466.5 65.6043C470.642 65.6043 474 68.4257 474 71.906L474 94.8593C474 98.3396 477.358 101.161 481.5 101.161 477.358 101.161 474 103.982 474 107.463L474 130.416C474 133.896 470.642 136.717 466.5 136.717\" stroke=\"#000000\" stroke-width=\"0.99951\" stroke-linejoin=\"round\" stroke-miterlimit=\"10\" fill=\"none\" fill-rule=\"evenodd\"><\/path><text font-family=\"Calibri,Calibri_MSFontService,sans-serif\" font-weight=\"400\" font-size=\"13\" transform=\"matrix(1 0 0 1.00159 490.193 105)\">Dise\u00f1o y edici\u00f3n del sitio web<\/text><rect x=\"20.5\" y=\"26.5422\" width=\"430\" height=\"29.0463\" stroke=\"#000000\" stroke-width=\"0.99951\" stroke-miterlimit=\"8\" stroke-dasharray=\"3.99804 2.99853\" fill=\"none\"><\/rect><text font-family=\"Calibri,Calibri_MSFontService,sans-serif\" font-weight=\"400\" font-size=\"16\" transform=\"matrix(1 0 0 1.00159 105.591 46)\">Gesti\u00f3n de tienda, cursos, suscripciones<\/text><path d=\"M465.5 25.5407C469.642 25.5407 473 28.362 473 31.8423L473 34.7637C473 38.244 476.358 41.0653 480.5 41.0653 476.358 41.0653 473 43.8867 473 47.3669L473 50.2884C473 53.7687 469.642 56.59 465.5 56.59\" stroke=\"#000000\" stroke-width=\"0.99951\" stroke-linejoin=\"round\" stroke-miterlimit=\"10\" fill=\"none\" fill-rule=\"evenodd\"><\/path><text font-family=\"Calibri,Calibri_MSFontService,sans-serif\" font-weight=\"400\" font-size=\"13\" transform=\"matrix(1 0 0 1.00159 490.026 45)\">Administraci\u00f3n y atenci\u00f3n<\/text><\/g><\/svg>\n<\/div>\n<\/div>\n\n\n\n<p><strong>Todos los planes otorgan prioridad y precio bonificado en cursos de capacitaci\u00f3n y por los trabajos de edici\u00f3n, dise\u00f1o o desarrollo que se soliciten<\/strong> \ud83d\ude0e<\/p>\n\n\n\n<p class=\"has-text-align-center\"><a class=\"sendbutton\" href=\"index.php?page_id=2\">Solicite una evaluaci\u00f3n<\/a><\/p>\n","protected":false},"excerpt":{"rendered":"<p>Los servicios de mantenimiento para WordPress maximizan su inversi\u00f3n. Los sitios r\u00e1pidos y seguros requieren tiempo y conocimientos t\u00e9cnicos distintos a los de dise\u00f1ar p\u00e1ginas, cargar contenidos o gestionar una tienda y responder consultas de clientes. Sitios web r\u00e1pidos hacen clientes felices.Sitios web no infectados mantienen el negocio funcionando. Solicite una evaluaci\u00f3n gratis Desde USD [&hellip;]<\/p>\n","protected":false},"author":1,"featured_media":0,"parent":8,"menu_order":0,"comment_status":"closed","ping_status":"closed","template":"","meta":{"_lmt_disableupdate":"","_lmt_disable":"","site-sidebar-layout":"default","site-content-layout":"","ast-site-content-layout":"default","site-content-style":"default","site-sidebar-style":"default","ast-global-header-display":"","ast-banner-title-visibility":"","ast-main-header-display":"","ast-hfb-above-header-display":"","ast-hfb-below-header-display":"","ast-hfb-mobile-header-display":"","site-post-title":"","ast-breadcrumbs-content":"","ast-featured-img":"","footer-sml-layout":"","ast-disable-related-posts":"","theme-transparent-header-meta":"","adv-header-id-meta":"","stick-header-meta":"","header-above-stick-meta":"","header-main-stick-meta":"","header-below-stick-meta":"","astra-migrate-meta-layouts":"set","ast-page-background-enabled":"default","ast-page-background-meta":{"desktop":{"background-color":"var(--ast-global-color-4)","background-image":"","background-repeat":"repeat","background-position":"center center","background-size":"auto","background-attachment":"scroll","background-type":"","background-media":"","overlay-type":"","overlay-color":"","overlay-opacity":"","overlay-gradient":""},"tablet":{"background-color":"","background-image":"","background-repeat":"repeat","background-position":"center center","background-size":"auto","background-attachment":"scroll","background-type":"","background-media":"","overlay-type":"","overlay-color":"","overlay-opacity":"","overlay-gradient":""},"mobile":{"background-color":"","background-image":"","background-repeat":"repeat","background-position":"center center","background-size":"auto","background-attachment":"scroll","background-type":"","background-media":"","overlay-type":"","overlay-color":"","overlay-opacity":"","overlay-gradient":""}},"ast-content-background-meta":{"desktop":{"background-color":"var(--ast-global-color-5)","background-image":"","background-repeat":"repeat","background-position":"center center","background-size":"auto","background-attachment":"scroll","background-type":"","background-media":"","overlay-type":"","overlay-color":"","overlay-opacity":"","overlay-gradient":""},"tablet":{"background-color":"var(--ast-global-color-5)","background-image":"","background-repeat":"repeat","background-position":"center center","background-size":"auto","background-attachment":"scroll","background-type":"","background-media":"","overlay-type":"","overlay-color":"","overlay-opacity":"","overlay-gradient":""},"mobile":{"background-color":"var(--ast-global-color-5)","background-image":"","background-repeat":"repeat","background-position":"center center","background-size":"auto","background-attachment":"scroll","background-type":"","background-media":"","overlay-type":"","overlay-color":"","overlay-opacity":"","overlay-gradient":""}},"footnotes":""},"class_list":["post-100","page","type-page","status-publish","hentry"],"_links":{"self":[{"href":"https:\/\/www.idearius.com\/es\/wp-json\/wp\/v2\/pages\/100","targetHints":{"allow":["GET"]}}],"collection":[{"href":"https:\/\/www.idearius.com\/es\/wp-json\/wp\/v2\/pages"}],"about":[{"href":"https:\/\/www.idearius.com\/es\/wp-json\/wp\/v2\/types\/page"}],"author":[{"embeddable":true,"href":"https:\/\/www.idearius.com\/es\/wp-json\/wp\/v2\/users\/1"}],"replies":[{"embeddable":true,"href":"https:\/\/www.idearius.com\/es\/wp-json\/wp\/v2\/comments?post=100"}],"version-history":[{"count":26,"href":"https:\/\/www.idearius.com\/es\/wp-json\/wp\/v2\/pages\/100\/revisions"}],"predecessor-version":[{"id":5410,"href":"https:\/\/www.idearius.com\/es\/wp-json\/wp\/v2\/pages\/100\/revisions\/5410"}],"up":[{"embeddable":true,"href":"https:\/\/www.idearius.com\/es\/wp-json\/wp\/v2\/pages\/8"}],"wp:attachment":[{"href":"https:\/\/www.idearius.com\/es\/wp-json\/wp\/v2\/media?parent=100"}],"curies":[{"name":"wp","href":"https:\/\/api.w.org\/{rel}","templated":true}]}}