{"id":1024,"date":"2010-06-03T15:28:27","date_gmt":"2010-06-03T18:28:27","guid":{"rendered":"http:\/\/www.idearius.com\/es\/ayuda\/existe-un-limite-para-el-envio-o-recepcion-de-archivos-adjuntos\/"},"modified":"2021-07-22T01:21:11","modified_gmt":"2021-07-22T04:21:11","slug":"existe-un-limite-para-el-envio-o-recepcion-de-archivos-adjuntos","status":"publish","type":"page","link":"https:\/\/www.idearius.com\/es\/ayuda\/existe-un-limite-para-el-envio-o-recepcion-de-archivos-adjuntos\/","title":{"rendered":"\u00bfExiste un l\u00edmite para el env\u00edo o recepci\u00f3n de archivos adjuntos?"},"content":{"rendered":"\n<div class=\"wp-block-columns is-layout-flex wp-container-core-columns-is-layout-28f84493 wp-block-columns-is-layout-flex\">\n<div class=\"wp-block-column is-layout-flow wp-block-column-is-layout-flow\" style=\"flex-basis:66.66%\">\n<p>En <a href=\"?page_id=67\">nuestros servidores de correo electr\u00f3nico<\/a> cada cuenta de correo puede enviar y\/o recibir mensajes con archivos adjuntos de hasta <b>50 MB en total<\/b>, aunque si los env\u00eda desde nuestros servidores, los sistemas de correo de sus contactos puede que no los acepten por tener l\u00edmites de recepci\u00f3n inferiores.<\/p>\n\n\n\n<p>En 2021 los principales proveedores de correo gratuito permiten enviar y recibir adjuntos mucho menores:<\/p>\n\n\n\n<ul class=\"wp-block-list\"><li>Gmail hasta <strong>25 MB<\/strong><\/li><li>Hotmail \/ Outlook hasta <strong>25 MB<\/strong><\/li><li>iCloud Mail hasta <strong>20 MB<\/strong><\/li><\/ul>\n\n\n\n<p>Si detectan que usted intenta adjuntar archivos m\u00e1s grandes, algunos proveedores de correo le ofrecer\u00e1n guardarlos en sus servidores (Google Drive, Microsoft OneDrive, Apple iCloud Drive) para que el receptor los descargue desde all\u00ed.<\/p>\n\n\n\n<p>La desventaja de esto es que como los archivos no quedan guardados junto con el mensaje sino en la Web, si usted los elimina tambi\u00e9n los pierde el receptor, y usted no tiene forma de saber a qu\u00e9 mensaje de correo estaban vinculados.<\/p>\n\n\n\n<div class=\"wp-block-columns is-layout-flex wp-container-core-columns-is-layout-28f84493 wp-block-columns-is-layout-flex\">\n<div class=\"wp-block-column is-layout-flow wp-block-column-is-layout-flow\" style=\"flex-basis:66.66%\">\n<p><strong>Una soluci\u00f3n agn\u00f3stica a cualquier proveedor de correo es el siempre pr\u00e1ctico <a href=\"https:\/\/www.dropbox.com\/referrals\/AACC1ZnwKvlJkbwsoQ9vlPJduToWOi0R_BE?src=global9\">Dropbox<\/a><\/strong>, que funciona de forma similar a los dem\u00e1s \u00abdrives\u00bb que listamos antes. Recientemente ha perdido algo de visibilidad en el mercado, pero es una opci\u00f3n de las m\u00e1s confiables.<\/p>\n<\/div>\n\n\n\n<div class=\"wp-block-column is-layout-flow wp-block-column-is-layout-flow\" style=\"flex-basis:33.33%\">\n<a href=\"https:\/\/www.dropbox.com\/referrals\/AACC1ZnwKvlJkbwsoQ9vlPJduToWOi0R_BE?src=global9\" style=\"display:block;text-align:center;\"><svg width=\"128\" class=\"arbor-logo__glyph arbor-logo__glyph--micro\" viewBox=\"0 0 128 128\" version=\"1.1\" xmlns=\"http:\/\/www.w3.org\/2000\/svg\" xmlns:xlink=\"http:\/\/www.w3.org\/1999\/xlink\"><g stroke=\"none\" stroke-width=\"1\" fill=\"#0061ff\" fill-rule=\"evenodd\"><g><g transform=\"translate(6.233766, 14.961039)\"><path d=\"M86.8738072,36.7001288 L115.576935,54.9863896 L86.6717922,73.4013506 L57.7882599,55.0004219 L28.9051429,73.4013506 L0,54.9863896 L28.7027137,36.7003926 L0,18.4145455 L28.9055584,0 L57.7880526,18.4006458 L86.6722078,0 L115.576519,18.4145455 L86.8738072,36.7001288 Z M86.4693601,36.7003926 L57.7880519,18.4284451 L29.1071579,36.7001288 L57.7882599,54.9723573 L86.4693601,36.7003926 Z M29.0909091,79.5037922 L57.9960519,61.0909091 L86.9016104,79.5037922 L57.9960519,97.9187532 L29.0909091,79.5037922 Z\"><\/path><\/g><\/g><\/g><\/svg><\/a>\n<\/div>\n<\/div>\n\n\n\n<blockquote class=\"wp-block-quote is-layout-flow wp-block-quote-is-layout-flow\"><p>Una alternativa muy f\u00e1cil de usar para enviar archivos grandes sin temor a que queden accesibles de por vida es <a href=\"https:\/\/wetransfer.com\/\">WeTransfer<\/a>. Es un alojamiento temporal en el que los archivos se eliminan despu\u00e9s de cierta cantidad de d\u00edas desde que fueron cargados.<\/p><\/blockquote>\n\n\n\n<p><b>Recuerde que al enviar y recibir archivos adjuntos, debe considerar el tipo de conexi\u00f3n a Internet con que cuentan usted y quien recibir\u00e1 el mensaje.<\/b><\/p>\n\n\n\n<p>No es lo mismo una conexi\u00f3n de datos m\u00f3vil que una conexi\u00f3n DSL por cables de cobre o fibra \u00f3ptica, y menos a\u00fan si es compartida entre varios equipos en una misma red. A su vez, si en una red los usuarios suelen descargar o ver videos u otros archivos de gran peso con frecuencia, la velocidad de carga y descarga de los archivos adjuntos a los mensajes tambi\u00e9n se ver\u00e1 afectada.<\/p>\n\n\n\n<p>Por \u00faltimo, la forma en que los servicios de correo procesan los archivos hace que, <strong>al enviar los adjuntos, aumentan su peso cerca de un 30%<\/strong>. Por eso, a\u00fan cuando algunos proveedores puedan recibir mensajes de hasta 25 MB, el peso total de los adjuntos que usted env\u00ede no deber\u00eda exceder los 20 MB.<\/p>\n\n\n\n<p><b>En resumen, evite adjuntar archivos de m\u00e1s de 20 MB (equivale a 2 o 3 fotos en alta calidad) ya que env\u00edos m\u00e1s pesados suelen ser lentos para descargarlos y pueden no llegar a destino.<\/b><\/p>\n\n\n\n<h2 class=\"wp-block-heading\">A considerar al enviar archivos adjuntos:<\/h2>\n\n\n\n<ul class=\"wp-block-list\"><li>tipo y velocidad de su conexi\u00f3n y de la del receptor<\/li><li>si su conexi\u00f3n es exclusiva o compartida<\/li><li>descargas simult\u00e1neas que puedan haber en sus equipos<\/li><li>cantidad de archivos adjuntos<\/li><li>peso de cada archivo adjunto<\/li><\/ul>\n<\/div>\n\n\n\n<div class=\"wp-block-column is-layout-flow wp-block-column-is-layout-flow\" style=\"flex-basis:33.33%\">\n<div class=\"wp-block-group\"><div class=\"wp-block-group__inner-container is-layout-flow wp-block-group-is-layout-flow\">\n<div class=\"wp-block-columns has-background is-layout-flex wp-container-core-columns-is-layout-28f84493 wp-block-columns-is-layout-flex\" style=\"background-color:#ebebeb\">\n<div class=\"wp-block-column is-layout-flow wp-block-column-is-layout-flow\">\n<p><i class=\"fa fa-ambulance\" style=\"float: left; font-size: 50px; margin-right: .2em;\" aria-hidden=\"true\"><\/i>Obtenga ayuda en su empresa con rapidez.<\/p>\n\n\n\n<p><a href=\"index.php?page_id=1294\">Asistencia remota para todo el personal, est\u00e9 donde est\u00e9.<\/a><\/p>\n<\/div>\n<\/div>\n<\/div><\/div>\n\n\n\n<p class=\"has-text-align-center\"><a class=\"sendbutton\" href=\"index.php?page_id=1294\">Conozca nuestros servicios de soporte<\/a><\/p>\n\n\n\n<p class=\"has-text-align-center\"><a href=\"index.php?page_id=67\">\u00bfNecesita mejor correo electr\u00f3nico empresarial?<\/a><\/p>\n<\/div>\n<\/div>\n","protected":false},"excerpt":{"rendered":"<p>En nuestros servidores de correo electr\u00f3nico cada cuenta de correo puede enviar y\/o recibir mensajes con archivos adjuntos de hasta 50 MB en total, aunque si los env\u00eda desde nuestros servidores, los sistemas de correo de sus contactos puede que no los acepten por tener l\u00edmites de recepci\u00f3n inferiores. En 2021 los principales proveedores de [&hellip;]<\/p>\n","protected":false},"author":1,"featured_media":0,"parent":494,"menu_order":0,"comment_status":"closed","ping_status":"open","template":"page-full.php","meta":{"_lmt_disableupdate":"","_lmt_disable":"","site-sidebar-layout":"default","site-content-layout":"","ast-site-content-layout":"default","site-content-style":"default","site-sidebar-style":"default","ast-global-header-display":"","ast-banner-title-visibility":"","ast-main-header-display":"","ast-hfb-above-header-display":"","ast-hfb-below-header-display":"","ast-hfb-mobile-header-display":"","site-post-title":"","ast-breadcrumbs-content":"","ast-featured-img":"","footer-sml-layout":"","ast-disable-related-posts":"","theme-transparent-header-meta":"","adv-header-id-meta":"","stick-header-meta":"","header-above-stick-meta":"","header-main-stick-meta":"","header-below-stick-meta":"","astra-migrate-meta-layouts":"default","ast-page-background-enabled":"default","ast-page-background-meta":{"desktop":{"background-color":"var(--ast-global-color-4)","background-image":"","background-repeat":"repeat","background-position":"center center","background-size":"auto","background-attachment":"scroll","background-type":"","background-media":"","overlay-type":"","overlay-color":"","overlay-opacity":"","overlay-gradient":""},"tablet":{"background-color":"","background-image":"","background-repeat":"repeat","background-position":"center center","background-size":"auto","background-attachment":"scroll","background-type":"","background-media":"","overlay-type":"","overlay-color":"","overlay-opacity":"","overlay-gradient":""},"mobile":{"background-color":"","background-image":"","background-repeat":"repeat","background-position":"center center","background-size":"auto","background-attachment":"scroll","background-type":"","background-media":"","overlay-type":"","overlay-color":"","overlay-opacity":"","overlay-gradient":""}},"ast-content-background-meta":{"desktop":{"background-color":"var(--ast-global-color-5)","background-image":"","background-repeat":"repeat","background-position":"center center","background-size":"auto","background-attachment":"scroll","background-type":"","background-media":"","overlay-type":"","overlay-color":"","overlay-opacity":"","overlay-gradient":""},"tablet":{"background-color":"var(--ast-global-color-5)","background-image":"","background-repeat":"repeat","background-position":"center center","background-size":"auto","background-attachment":"scroll","background-type":"","background-media":"","overlay-type":"","overlay-color":"","overlay-opacity":"","overlay-gradient":""},"mobile":{"background-color":"var(--ast-global-color-5)","background-image":"","background-repeat":"repeat","background-position":"center center","background-size":"auto","background-attachment":"scroll","background-type":"","background-media":"","overlay-type":"","overlay-color":"","overlay-opacity":"","overlay-gradient":""}},"footnotes":""},"class_list":["post-1024","page","type-page","status-publish","hentry"],"_links":{"self":[{"href":"https:\/\/www.idearius.com\/es\/wp-json\/wp\/v2\/pages\/1024","targetHints":{"allow":["GET"]}}],"collection":[{"href":"https:\/\/www.idearius.com\/es\/wp-json\/wp\/v2\/pages"}],"about":[{"href":"https:\/\/www.idearius.com\/es\/wp-json\/wp\/v2\/types\/page"}],"author":[{"embeddable":true,"href":"https:\/\/www.idearius.com\/es\/wp-json\/wp\/v2\/users\/1"}],"replies":[{"embeddable":true,"href":"https:\/\/www.idearius.com\/es\/wp-json\/wp\/v2\/comments?post=1024"}],"version-history":[{"count":9,"href":"https:\/\/www.idearius.com\/es\/wp-json\/wp\/v2\/pages\/1024\/revisions"}],"predecessor-version":[{"id":4390,"href":"https:\/\/www.idearius.com\/es\/wp-json\/wp\/v2\/pages\/1024\/revisions\/4390"}],"up":[{"embeddable":true,"href":"https:\/\/www.idearius.com\/es\/wp-json\/wp\/v2\/pages\/494"}],"wp:attachment":[{"href":"https:\/\/www.idearius.com\/es\/wp-json\/wp\/v2\/media?parent=1024"}],"curies":[{"name":"wp","href":"https:\/\/api.w.org\/{rel}","templated":true}]}}