{"id":114,"date":"2008-09-18T23:40:12","date_gmt":"2008-09-19T02:40:12","guid":{"rendered":"http:\/\/www.idearius.com\/es\/?page_id=114"},"modified":"2023-02-03T18:07:14","modified_gmt":"2023-02-03T21:07:14","slug":"servidores","status":"publish","type":"page","link":"https:\/\/www.idearius.com\/es\/internet\/servidores\/","title":{"rendered":"Alojamiento web administrado"},"content":{"rendered":"\n<div class=\"wp-block-columns is-layout-flex wp-container-core-columns-is-layout-28f84493 wp-block-columns-is-layout-flex\">\n<div class=\"wp-block-column is-layout-flow wp-block-column-is-layout-flow\" style=\"flex-basis:66.66%\">\n<p><strong>Web hosting administrado, escalable y seguro para empresas, organizaciones sin fines de lucro, educaci\u00f3n, gobierno<\/strong>, y soluciones a medida para emprendedores: estudiantes, dise\u00f1adores, programadores, profesionales independientes.<\/p>\n\n\n\n<h2 class=\"wp-block-heading\">Todo para su sitio web:<\/h2>\n\n\n\n<ul class=\"wp-block-list\">\n<li><a href=\"?p=67\">Correo electr\u00f3nico 100% administrado<\/a>.<\/li>\n\n\n\n<li><strong>300 sistemas web preinstalados<\/strong> para tiendas, blogs, foros, educaci\u00f3n, etc.<\/li>\n\n\n\n<li>Planes con capacidad flexible y variable.<\/li>\n\n\n\n<li>Monitoreo de seguridad y estabilidad las 24 horas.<\/li>\n\n\n\n<li>Plataformas LAMP con cPanel y tambi\u00e9n Tomcat para Java.<\/li>\n\n\n\n<li>Soporte con m\u00e1s de 20 a\u00f1os de experiencia en la Web.<\/li>\n\n\n\n<li>Certificado de seguridad <strong>SSL gratis<\/strong>.<\/li>\n\n\n\n<li>Registro en <strong>google.com gratis<\/strong>.<\/li>\n<\/ul>\n<\/div>\n\n\n\n<div class=\"wp-block-column is-layout-flow wp-block-column-is-layout-flow\" style=\"flex-basis:33.33%\">\n<div style=\"position:relative;\">\n<div class=\"precio-circulo\"><span class=\"desde\">Desde<\/span> <span class=\"precio\"><span class=\"moneda\">USD<\/span> 70<\/span> <span class=\"periodo\">por a\u00f1o<\/span><\/div><i class=\"fa fa-cloud\" aria-hidden=\"true\" style=\"display:block;font-size:250px;text-align:center;\"><\/i>\n<\/div>\n\n\n\n<p class=\"has-text-align-center\"><a class=\"sendbutton\" href=\"#form-alojamiento\">Cons\u00faltenos aqu\u00ed<\/a><\/p>\n<\/div>\n<\/div>\n\n\n\n<div style=\"height:50px\" aria-hidden=\"true\" class=\"wp-block-spacer\"><\/div>\n\n\n\n<div class=\"wp-block-columns is-layout-flex wp-container-core-columns-is-layout-28f84493 wp-block-columns-is-layout-flex\">\n<div class=\"wp-block-column is-layout-flow wp-block-column-is-layout-flow\" style=\"flex-basis:66.66%\">\n<h2 class=\"has-text-align-center wp-block-heading\">\u00bfPor qu\u00e9 elegirnos?<\/h2>\n\n\n\n<div class=\"wp-block-columns is-layout-flex wp-container-core-columns-is-layout-28f84493 wp-block-columns-is-layout-flex\">\n<div class=\"wp-block-column is-layout-flow wp-block-column-is-layout-flow\">\n<i class=\"fa fa-check\" aria-hidden=\"true\" style=\"display:block;font-size:50px;text-align:center;\"><\/i>\n\n\n\n<p class=\"has-text-align-center\">Disponibilidad y estabilidad, a\u00fan para las webs m\u00e1s demandantes.<\/p>\n<\/div>\n\n\n\n<div class=\"wp-block-column is-layout-flow wp-block-column-is-layout-flow\">\n<i class=\"fa fa-truck\" aria-hidden=\"true\" style=\"display:block;font-size:50px;text-align:center;\"><\/i>\n\n\n\n<p class=\"has-text-align-center\">Ayuda para la migraci\u00f3n desde otros proveedores.<\/p>\n<\/div>\n\n\n\n<div class=\"wp-block-column is-layout-flow wp-block-column-is-layout-flow\">\n<i class=\"fa fa-wordpress\" aria-hidden=\"true\" style=\"display:block;font-size:50px;text-align:center;\"><\/i>\n\n\n\n<p class=\"has-text-align-center\">Ayuda <a href=\"https:\/\/www.idearius.com\/es\/tag\/wordpress\/\">especializada en WordPress<\/a> y en espa\u00f1ol.<\/p>\n<\/div>\n\n\n\n<div class=\"wp-block-column is-layout-flow wp-block-column-is-layout-flow\">\n<i class=\"fa fa-user-md\" aria-hidden=\"true\" style=\"display:block;font-size:50px;text-align:center;\"><\/i>\n\n\n\n<p class=\"has-text-align-center\">Asesoramiento ante problemas de <a href=\"?p=2219\">seguridad<\/a>, <a href=\"?p=100\">rendimiento<\/a> y <a href=\"?p=3909\">posicionamiento web<\/a>.<\/p>\n<\/div>\n\n\n\n<div class=\"wp-block-column is-layout-flow wp-block-column-is-layout-flow\">\n<i class=\"fa fa-life-ring\" aria-hidden=\"true\" style=\"display:block;font-size:50px;text-align:center;\"><\/i>\n\n\n\n<p class=\"has-text-align-center\">Monitoreo permanente y respaldo de sus datos.<\/p>\n<\/div>\n<\/div>\n\n\n\n<div style=\"height:50px\" aria-hidden=\"true\" class=\"wp-block-spacer\"><\/div>\n\n\n\n<h2 class=\"has-text-align-center wp-block-heading\">\u00a1La ubicaci\u00f3n y el rendimiento de su servidor influyen en los resultados de b\u00fasquedas en Google!<\/h2>\n\n\n\n<svg role=\"img\" aria-hidden=\"true\" style=\"width:150px;float:right;\" viewBox=\"0 0 74 24\"><path fill=\"#4285F4\" d=\"M9.24 8.19v2.46h5.88c-.18 1.38-.64 2.39-1.34 3.1-.86.86-2.2 1.8-4.54 1.8-3.62 0-6.45-2.92-6.45-6.54s2.83-6.54 6.45-6.54c1.95 0 3.38.77 4.43 1.76L15.4 2.5C13.94 1.08 11.98 0 9.24 0 4.28 0 .11 4.04.11 9s4.17 9 9.13 9c2.68 0 4.7-.88 6.28-2.52 1.62-1.62 2.13-3.91 2.13-5.75 0-.57-.04-1.1-.13-1.54H9.24z\"><\/path><path fill=\"#EA4335\" d=\"M25 6.19c-3.21 0-5.83 2.44-5.83 5.81 0 3.34 2.62 5.81 5.83 5.81s5.83-2.46 5.83-5.81c0-3.37-2.62-5.81-5.83-5.81zm0 9.33c-1.76 0-3.28-1.45-3.28-3.52 0-2.09 1.52-3.52 3.28-3.52s3.28 1.43 3.28 3.52c0 2.07-1.52 3.52-3.28 3.52z\"><\/path><path fill=\"#4285F4\" d=\"M53.58 7.49h-.09c-.57-.68-1.67-1.3-3.06-1.3C47.53 6.19 45 8.72 45 12c0 3.26 2.53 5.81 5.43 5.81 1.39 0 2.49-.62 3.06-1.32h.09v.81c0 2.22-1.19 3.41-3.1 3.41-1.56 0-2.53-1.12-2.93-2.07l-2.22.92c.64 1.54 2.33 3.43 5.15 3.43 2.99 0 5.52-1.76 5.52-6.05V6.49h-2.42v1zm-2.93 8.03c-1.76 0-3.1-1.5-3.1-3.52 0-2.05 1.34-3.52 3.1-3.52 1.74 0 3.1 1.5 3.1 3.54.01 2.03-1.36 3.5-3.1 3.5z\"><\/path><path fill=\"#FBBC05\" d=\"M38 6.19c-3.21 0-5.83 2.44-5.83 5.81 0 3.34 2.62 5.81 5.83 5.81s5.83-2.46 5.83-5.81c0-3.37-2.62-5.81-5.83-5.81zm0 9.33c-1.76 0-3.28-1.45-3.28-3.52 0-2.09 1.52-3.52 3.28-3.52s3.28 1.43 3.28 3.52c0 2.07-1.52 3.52-3.28 3.52z\"><\/path><path fill=\"#34A853\" d=\"M58 .24h2.51v17.57H58z\"><\/path><path fill=\"#EA4335\" d=\"M68.26 15.52c-1.3 0-2.22-.59-2.82-1.76l7.77-3.21-.26-.66c-.48-1.3-1.96-3.7-4.97-3.7-2.99 0-5.48 2.35-5.48 5.81 0 3.26 2.46 5.81 5.76 5.81 2.66 0 4.2-1.63 4.84-2.57l-1.98-1.32c-.66.96-1.56 1.6-2.86 1.6zm-.18-7.15c1.03 0 1.91.53 2.2 1.28l-5.25 2.17c0-2.44 1.73-3.45 3.05-3.45z\"><\/path><\/svg>\n\n\n\n<p>Con servidores en distintos puntos de Am\u00e9rica para elegir, <strong>acelera el acceso de sus clientes<\/strong> (lo que aumenta su satisfacci\u00f3n) y <strong>mejora la visibilidad de su web<\/strong> en google.com, \u00a1mejorando los valores de SEO!<\/p>\n\n\n\n<div style=\"height:50px\" aria-hidden=\"true\" class=\"wp-block-spacer\"><\/div>\n\n\n\n<h2 class=\"has-text-align-center wp-block-heading\">Beneficios adicionales<\/h2>\n\n\n\n<div class=\"wp-block-columns has-background is-layout-flex wp-container-core-columns-is-layout-28f84493 wp-block-columns-is-layout-flex\" style=\"background-color:#ebebeb\">\n<div class=\"wp-block-column is-layout-flow wp-block-column-is-layout-flow\">\n<p><strong><a href=\"?p=2144\">Dominios<\/a><\/strong>: En cualquier pa\u00eds: Argentina, Bolivia, Chile, Colombia, Espa\u00f1a, Estados Unidos, M\u00e9xico, Paraguay, Uruguay.<\/p>\n<\/div>\n\n\n\n<div class=\"wp-block-column is-layout-flow wp-block-column-is-layout-flow\">\n<p><strong><a href=\"?page_id=38\">Urgencias<\/a><\/strong>: Su web b\u00e1sica operativa en 24 horas, con su logo y datos de contacto con el plan <a href=\"?page_id=38\">Web Urgente<\/a>.<\/p>\n<\/div>\n\n\n\n<div class=\"wp-block-column is-layout-flow wp-block-column-is-layout-flow\">\n<p><strong>Referencias<\/strong>: Cada recomendaci\u00f3n exitosa de nuestros servicios tiene un regalo \ud83d\ude42<\/p>\n<\/div>\n<\/div>\n\n\n\n<p class=\"has-white-color has-text-color has-background\" style=\"background-color:#1abc9c\"><strong>Servidores PHP<\/strong> y <strong>Servidores Java<\/strong> disponibles en m\u00faltiples pa\u00edses y ciudades para la mejor relaci\u00f3n calidad-precio: San Pablo, Brasil; Phoenix y Chicago, Estados Unidos.<\/p>\n\n\n\n<div style=\"height:50px\" aria-hidden=\"true\" class=\"wp-block-spacer\"><\/div>\n<\/div>\n\n\n\n<div class=\"wp-block-column is-layout-flow wp-block-column-is-layout-flow\" style=\"flex-basis:33.33%\">\n<div class=\"wpcf7 no-js\" id=\"wpcf7-f1931-o1\" lang=\"es-ES\" dir=\"ltr\" data-wpcf7-id=\"1931\">\n<div class=\"screen-reader-response\"><p role=\"status\" aria-live=\"polite\" aria-atomic=\"true\"><\/p> <ul><\/ul><\/div>\n<form action=\"\/es\/wp-json\/wp\/v2\/pages\/114#wpcf7-f1931-o1\" method=\"post\" class=\"wpcf7-form init\" aria-label=\"Formulario de contacto\" novalidate=\"novalidate\" data-status=\"init\">\n<fieldset class=\"hidden-fields-container\"><input type=\"hidden\" name=\"_wpcf7\" value=\"1931\" \/><input type=\"hidden\" name=\"_wpcf7_version\" value=\"6.1.5\" \/><input type=\"hidden\" name=\"_wpcf7_locale\" value=\"es_ES\" \/><input type=\"hidden\" name=\"_wpcf7_unit_tag\" value=\"wpcf7-f1931-o1\" \/><input type=\"hidden\" name=\"_wpcf7_container_post\" value=\"0\" \/><input type=\"hidden\" name=\"_wpcf7_posted_data_hash\" value=\"\" \/><input type=\"hidden\" name=\"_wpcf7_recaptcha_response\" value=\"\" \/>\n<\/fieldset>\n<h3 id=\"form-alojamiento\">Solicite hosting para su sitio web aqu\u00ed o <a href=\"?page_id=2\" style=\"color:#ff8a1d!important;\">cont\u00e1ctenos<\/a> &darr;\n<\/h3>\n<p>Capacidad*<br \/>\n<span class=\"wpcf7-form-control-wrap\" data-name=\"capacidad\"><select class=\"wpcf7-form-control wpcf7-select wpcf7-validates-as-required\" aria-required=\"true\" aria-invalid=\"false\" name=\"capacidad\"><option value=\"\">&#8212;Por favor, elige una opci\u00f3n&#8212;<\/option><option value=\"Tengo dudas. Necesito asesoramiento.\">Tengo dudas. Necesito asesoramiento.<\/option><option value=\"100 MB - reserva de dominios \/ estudiantes\">100 MB - reserva de dominios \/ estudiantes<\/option><option value=\"500 MB - empresas unipersonales\">500 MB - empresas unipersonales<\/option><option value=\"1.000 MB - empresas peque\u00f1as\">1.000 MB - empresas peque\u00f1as<\/option><option value=\"5.000 MB - empresas medianas\">5.000 MB - empresas medianas<\/option><option value=\"10.000 MB - empresas grandes\">10.000 MB - empresas grandes<\/option><option value=\"\u00bfM\u00e1s? Detalle sus requerimientos en Notas\">\u00bfM\u00e1s? Detalle sus requerimientos en Notas<\/option><\/select><\/span>\n<\/p>\n<p>Nombre*<br \/>\n<span class=\"wpcf7-form-control-wrap\" data-name=\"nombre\"><input size=\"40\" maxlength=\"400\" class=\"wpcf7-form-control wpcf7-text wpcf7-validates-as-required\" aria-required=\"true\" aria-invalid=\"false\" value=\"\" type=\"text\" name=\"nombre\" \/><\/span>\n<\/p>\n<p>Correo electr\u00f3nico*<br \/>\n<span class=\"wpcf7-form-control-wrap\" data-name=\"email\"><input size=\"40\" maxlength=\"400\" class=\"wpcf7-form-control wpcf7-email wpcf7-validates-as-required wpcf7-text wpcf7-validates-as-email\" aria-required=\"true\" aria-invalid=\"false\" value=\"\" type=\"email\" name=\"email\" \/><\/span>\n<\/p>\n<p>Tel\u00e9fono*<br \/>\n<span class=\"wpcf7-form-control-wrap\" data-name=\"telefono\"><input size=\"40\" maxlength=\"400\" class=\"wpcf7-form-control wpcf7-tel wpcf7-validates-as-required wpcf7-text wpcf7-validates-as-tel\" aria-required=\"true\" aria-invalid=\"false\" value=\"\" type=\"tel\" name=\"telefono\" \/><\/span>\n<\/p>\n<p>Web o blog actual (si lo hay)<br \/>\n<span class=\"wpcf7-form-control-wrap\" data-name=\"web\"><input size=\"40\" maxlength=\"400\" class=\"wpcf7-form-control wpcf7-text\" aria-invalid=\"false\" value=\"\" type=\"text\" name=\"web\" \/><\/span>\n<\/p>\n<p>\u00c1rea de actividad*<br \/>\n<span class=\"wpcf7-form-control-wrap\" data-name=\"actividad\"><select class=\"wpcf7-form-control wpcf7-select wpcf7-validates-as-required\" aria-required=\"true\" aria-invalid=\"false\" name=\"actividad\"><option value=\"\">&#8212;Por favor, elige una opci\u00f3n&#8212;<\/option><option value=\"Arquitectura\">Arquitectura<\/option><option value=\"Comunicaci\u00f3n\">Comunicaci\u00f3n<\/option><option value=\"Construcci\u00f3n\">Construcci\u00f3n<\/option><option value=\"Contable\">Contable<\/option><option value=\"Decoraci\u00f3n\">Decoraci\u00f3n<\/option><option value=\"Dise\u00f1o\">Dise\u00f1o<\/option><option value=\"Educaci\u00f3n\">Educaci\u00f3n<\/option><option value=\"Gobierno\">Gobierno<\/option><option value=\"Inform\u00e1tica\">Inform\u00e1tica<\/option><option value=\"Ingenier\u00eda\">Ingenier\u00eda<\/option><option value=\"Inmobiliaria\">Inmobiliaria<\/option><option value=\"Jur\u00eddico-Notarial\">Jur\u00eddico-Notarial<\/option><option value=\"Marketing\">Marketing<\/option><option value=\"Moda\">Moda<\/option><option value=\"Estudiante de comunicaci\u00f3n\">Estudiante de comunicaci\u00f3n<\/option><option value=\"Estudiante de dise\u00f1o\">Estudiante de dise\u00f1o<\/option><option value=\"Estudiante de inform\u00e1tica\">Estudiante de inform\u00e1tica<\/option><option value=\"Estudiante de marketing\">Estudiante de marketing<\/option><option value=\"Estudiante de moda\">Estudiante de moda<\/option><option value=\"Otra (escr\u00edbala en Notas)\">Otra (escr\u00edbala en Notas)<\/option><\/select><\/span>\n<\/p>\n<p>Empresa, organizaci\u00f3n o centro de ense\u00f1anza*<br \/>\n<span class=\"wpcf7-form-control-wrap\" data-name=\"organizacion\"><input size=\"40\" maxlength=\"400\" class=\"wpcf7-form-control wpcf7-text wpcf7-validates-as-required\" aria-required=\"true\" aria-invalid=\"false\" value=\"\" type=\"text\" name=\"organizacion\" \/><\/span>\n<\/p>\n<p>Notas<br \/>\n<span class=\"wpcf7-form-control-wrap\" data-name=\"notas\"><textarea cols=\"40\" rows=\"10\" maxlength=\"2000\" class=\"wpcf7-form-control wpcf7-textarea wpcf7-validates-as-required\" aria-required=\"true\" aria-invalid=\"false\" name=\"notas\"><\/textarea><\/span>\n<\/p>\n<p><input class=\"wpcf7-form-control wpcf7-submit has-spinner\" type=\"submit\" value=\"Solicite hosting\" \/>\n<\/p><p style=\"display: none !important;\" class=\"akismet-fields-container\" data-prefix=\"_wpcf7_ak_\"><label>&#916;<textarea name=\"_wpcf7_ak_hp_textarea\" cols=\"45\" rows=\"8\" maxlength=\"100\"><\/textarea><\/label><input type=\"hidden\" id=\"ak_js_1\" name=\"_wpcf7_ak_js\" value=\"59\"\/><script>\ndocument.getElementById( \"ak_js_1\" ).setAttribute( \"value\", ( new Date() ).getTime() );\n<\/script>\n<\/p><div class=\"wpcf7-response-output\" aria-hidden=\"true\"><\/div>\n<\/form>\n<\/div>\n\n\n\n\n<div style=\"height:50px\" aria-hidden=\"true\" class=\"wp-block-spacer\"><\/div>\n<\/div>\n<\/div>\n\n\n\n<p class=\"has-text-align-center\">Garantizamos una disponibilidad de nuestros servidores superior al 99,8% del tiempo contratado.<br><a href=\"https:\/\/siteuptime.com\/statistics.php?Id=3982&amp;&amp;UserId=5e009e380c04c88a03a8d28e4210cf08\">Conozca nuestro rendimiento auditado por SiteUptime.<\/a><\/p>\n","protected":false},"excerpt":{"rendered":"<p>Web hosting administrado, escalable y seguro para empresas, organizaciones sin fines de lucro, educaci\u00f3n, gobierno, y soluciones a medida para emprendedores: estudiantes, dise\u00f1adores, programadores, profesionales independientes. Todo para su sitio web: Desde USD 70 por a\u00f1o Cons\u00faltenos aqu\u00ed \u00bfPor qu\u00e9 elegirnos? Disponibilidad y estabilidad, a\u00fan para las webs m\u00e1s demandantes. Ayuda para la migraci\u00f3n desde [&hellip;]<\/p>\n","protected":false},"author":1,"featured_media":0,"parent":8,"menu_order":0,"comment_status":"closed","ping_status":"closed","template":"","meta":{"_lmt_disableupdate":"","_lmt_disable":"","site-sidebar-layout":"default","site-content-layout":"default","ast-site-content-layout":"default","site-content-style":"default","site-sidebar-style":"default","ast-global-header-display":"","ast-banner-title-visibility":"","ast-main-header-display":"","ast-hfb-above-header-display":"","ast-hfb-below-header-display":"","ast-hfb-mobile-header-display":"","site-post-title":"","ast-breadcrumbs-content":"","ast-featured-img":"","footer-sml-layout":"","ast-disable-related-posts":"","theme-transparent-header-meta":"default","adv-header-id-meta":"","stick-header-meta":"","header-above-stick-meta":"","header-main-stick-meta":"","header-below-stick-meta":"","astra-migrate-meta-layouts":"default","ast-page-background-enabled":"default","ast-page-background-meta":{"desktop":{"background-color":"var(--ast-global-color-4)","background-image":"","background-repeat":"repeat","background-position":"center center","background-size":"auto","background-attachment":"scroll","background-type":"","background-media":"","overlay-type":"","overlay-color":"","overlay-opacity":"","overlay-gradient":""},"tablet":{"background-color":"","background-image":"","background-repeat":"repeat","background-position":"center center","background-size":"auto","background-attachment":"scroll","background-type":"","background-media":"","overlay-type":"","overlay-color":"","overlay-opacity":"","overlay-gradient":""},"mobile":{"background-color":"","background-image":"","background-repeat":"repeat","background-position":"center center","background-size":"auto","background-attachment":"scroll","background-type":"","background-media":"","overlay-type":"","overlay-color":"","overlay-opacity":"","overlay-gradient":""}},"ast-content-background-meta":{"desktop":{"background-color":"var(--ast-global-color-5)","background-image":"","background-repeat":"repeat","background-position":"center center","background-size":"auto","background-attachment":"scroll","background-type":"","background-media":"","overlay-type":"","overlay-color":"","overlay-opacity":"","overlay-gradient":""},"tablet":{"background-color":"var(--ast-global-color-5)","background-image":"","background-repeat":"repeat","background-position":"center center","background-size":"auto","background-attachment":"scroll","background-type":"","background-media":"","overlay-type":"","overlay-color":"","overlay-opacity":"","overlay-gradient":""},"mobile":{"background-color":"var(--ast-global-color-5)","background-image":"","background-repeat":"repeat","background-position":"center center","background-size":"auto","background-attachment":"scroll","background-type":"","background-media":"","overlay-type":"","overlay-color":"","overlay-opacity":"","overlay-gradient":""}},"footnotes":""},"class_list":["post-114","page","type-page","status-publish","hentry"],"_links":{"self":[{"href":"https:\/\/www.idearius.com\/es\/wp-json\/wp\/v2\/pages\/114","targetHints":{"allow":["GET"]}}],"collection":[{"href":"https:\/\/www.idearius.com\/es\/wp-json\/wp\/v2\/pages"}],"about":[{"href":"https:\/\/www.idearius.com\/es\/wp-json\/wp\/v2\/types\/page"}],"author":[{"embeddable":true,"href":"https:\/\/www.idearius.com\/es\/wp-json\/wp\/v2\/users\/1"}],"replies":[{"embeddable":true,"href":"https:\/\/www.idearius.com\/es\/wp-json\/wp\/v2\/comments?post=114"}],"version-history":[{"count":31,"href":"https:\/\/www.idearius.com\/es\/wp-json\/wp\/v2\/pages\/114\/revisions"}],"predecessor-version":[{"id":5012,"href":"https:\/\/www.idearius.com\/es\/wp-json\/wp\/v2\/pages\/114\/revisions\/5012"}],"up":[{"embeddable":true,"href":"https:\/\/www.idearius.com\/es\/wp-json\/wp\/v2\/pages\/8"}],"wp:attachment":[{"href":"https:\/\/www.idearius.com\/es\/wp-json\/wp\/v2\/media?parent=114"}],"curies":[{"name":"wp","href":"https:\/\/api.w.org\/{rel}","templated":true}]}}