{"id":1284,"date":"2011-11-24T15:18:20","date_gmt":"2011-11-24T17:18:20","guid":{"rendered":"http:\/\/www.idearius.com\/es\/ayuda\/puedo-enviar-spam\/"},"modified":"2021-07-22T01:21:11","modified_gmt":"2021-07-22T04:21:11","slug":"puedo-enviar-mensajes-masivos-usando-listas-de-correos","status":"publish","type":"page","link":"https:\/\/www.idearius.com\/es\/ayuda\/puedo-enviar-mensajes-masivos-usando-listas-de-correos\/","title":{"rendered":"\u00bfPuedo enviar mensajes masivos usando listas de correos?"},"content":{"rendered":"\n<div class=\"wp-block-columns is-layout-flex wp-container-core-columns-is-layout-28f84493 wp-block-columns-is-layout-flex\">\n<div class=\"wp-block-column is-layout-flow wp-block-column-is-layout-flow\" style=\"flex-basis:66.66%\">\n<p>S\u00f3lo si esas listas con direcciones de correo se limitan a socios, suscriptores o miembros de su organizaci\u00f3n o comunidad y \u00e9stos asintieron a que les env\u00ede dichos mensajes.<\/p>\n\n\n\n<p><strong>No puede usar listas creadas sin el consentimiento expreso de los destinatarios. De hacerlo, el env\u00edo se considerar\u00e1 <a href=\"http:\/\/es.wikipedia.org\/wiki\/Spam\">spam<\/a>.<\/strong><\/p>\n\n\n\n<p>No est\u00e1 permitido enviar spam desde nuestros servidores ni desde servidores externos, si de alg\u00fan modo los mensajes est\u00e1n vinculados a nuestros sistemas.<\/p>\n\n\n\n<p><strong>La diferencia entre mensajes promocionales v\u00e1lidos y spam es muy peque\u00f1a.<\/strong><\/p>\n\n\n\n<p>Recomendamos que siempre nos contacte antes de hacer env\u00edos masivos.<\/p>\n\n\n\n<p>Evacuaremos sus dudas y le <b>asesoraremos sobre ventajas y desventajas de distintos sistemas para el env\u00edo de correos masivos<\/b>.<\/p>\n\n\n\n<p>Tenga en cuenta que a cada cuenta de alojamiento aplica un l\u00edmite de env\u00edos de mensajes de correo electr\u00f3nico por hora. El servidor no entregar\u00e1 los mensajes que excedan este l\u00edmite. Este l\u00edmite es parte de nuestros <a href=\"?p=636\">T\u00e9rminos y Condiciones de uso<\/a>.<\/p>\n<\/div>\n\n\n\n<div class=\"wp-block-column is-layout-flow wp-block-column-is-layout-flow\" style=\"flex-basis:33.33%\">\n<div class=\"wp-block-group\"><div class=\"wp-block-group__inner-container is-layout-flow wp-block-group-is-layout-flow\">\n<div class=\"wp-block-columns has-background is-layout-flex wp-container-core-columns-is-layout-28f84493 wp-block-columns-is-layout-flex\" style=\"background-color:#ebebeb\">\n<div class=\"wp-block-column is-layout-flow wp-block-column-is-layout-flow\">\n<p><i class=\"fa fa-ambulance\" style=\"float: left; font-size: 50px; margin-right: .2em;\" aria-hidden=\"true\"><\/i>Obtenga ayuda en su empresa con rapidez.<\/p>\n\n\n\n<p><a href=\"index.php?page_id=1294\">Asistencia remota para todo el personal, est\u00e9 donde est\u00e9.<\/a><\/p>\n<\/div>\n<\/div>\n<\/div><\/div>\n\n\n\n<p class=\"has-text-align-center\"><a class=\"sendbutton\" href=\"index.php?page_id=1294\">Conozca nuestros servicios de soporte<\/a><\/p>\n\n\n\n<p class=\"has-text-align-center\"><a href=\"index.php?page_id=67\">\u00bfNecesita mejor correo electr\u00f3nico empresarial?<\/a><\/p>\n<\/div>\n<\/div>\n","protected":false},"excerpt":{"rendered":"<p>S\u00f3lo si esas listas con direcciones de correo se limitan a socios, suscriptores o miembros de su organizaci\u00f3n o comunidad y \u00e9stos asintieron a que les env\u00ede dichos mensajes. No puede usar listas creadas sin el consentimiento expreso de los destinatarios. De hacerlo, el env\u00edo se considerar\u00e1 spam. No est\u00e1 permitido enviar spam desde nuestros [&hellip;]<\/p>\n","protected":false},"author":1,"featured_media":0,"parent":494,"menu_order":0,"comment_status":"closed","ping_status":"closed","template":"page-full.php","meta":{"_lmt_disableupdate":"","_lmt_disable":"","site-sidebar-layout":"default","site-content-layout":"","ast-site-content-layout":"default","site-content-style":"default","site-sidebar-style":"default","ast-global-header-display":"","ast-banner-title-visibility":"","ast-main-header-display":"","ast-hfb-above-header-display":"","ast-hfb-below-header-display":"","ast-hfb-mobile-header-display":"","site-post-title":"","ast-breadcrumbs-content":"","ast-featured-img":"","footer-sml-layout":"","ast-disable-related-posts":"","theme-transparent-header-meta":"","adv-header-id-meta":"","stick-header-meta":"","header-above-stick-meta":"","header-main-stick-meta":"","header-below-stick-meta":"","astra-migrate-meta-layouts":"default","ast-page-background-enabled":"default","ast-page-background-meta":{"desktop":{"background-color":"var(--ast-global-color-4)","background-image":"","background-repeat":"repeat","background-position":"center center","background-size":"auto","background-attachment":"scroll","background-type":"","background-media":"","overlay-type":"","overlay-color":"","overlay-opacity":"","overlay-gradient":""},"tablet":{"background-color":"","background-image":"","background-repeat":"repeat","background-position":"center center","background-size":"auto","background-attachment":"scroll","background-type":"","background-media":"","overlay-type":"","overlay-color":"","overlay-opacity":"","overlay-gradient":""},"mobile":{"background-color":"","background-image":"","background-repeat":"repeat","background-position":"center center","background-size":"auto","background-attachment":"scroll","background-type":"","background-media":"","overlay-type":"","overlay-color":"","overlay-opacity":"","overlay-gradient":""}},"ast-content-background-meta":{"desktop":{"background-color":"var(--ast-global-color-5)","background-image":"","background-repeat":"repeat","background-position":"center center","background-size":"auto","background-attachment":"scroll","background-type":"","background-media":"","overlay-type":"","overlay-color":"","overlay-opacity":"","overlay-gradient":""},"tablet":{"background-color":"var(--ast-global-color-5)","background-image":"","background-repeat":"repeat","background-position":"center center","background-size":"auto","background-attachment":"scroll","background-type":"","background-media":"","overlay-type":"","overlay-color":"","overlay-opacity":"","overlay-gradient":""},"mobile":{"background-color":"var(--ast-global-color-5)","background-image":"","background-repeat":"repeat","background-position":"center center","background-size":"auto","background-attachment":"scroll","background-type":"","background-media":"","overlay-type":"","overlay-color":"","overlay-opacity":"","overlay-gradient":""}},"footnotes":""},"class_list":["post-1284","page","type-page","status-publish","hentry"],"_links":{"self":[{"href":"https:\/\/www.idearius.com\/es\/wp-json\/wp\/v2\/pages\/1284","targetHints":{"allow":["GET"]}}],"collection":[{"href":"https:\/\/www.idearius.com\/es\/wp-json\/wp\/v2\/pages"}],"about":[{"href":"https:\/\/www.idearius.com\/es\/wp-json\/wp\/v2\/types\/page"}],"author":[{"embeddable":true,"href":"https:\/\/www.idearius.com\/es\/wp-json\/wp\/v2\/users\/1"}],"replies":[{"embeddable":true,"href":"https:\/\/www.idearius.com\/es\/wp-json\/wp\/v2\/comments?post=1284"}],"version-history":[{"count":9,"href":"https:\/\/www.idearius.com\/es\/wp-json\/wp\/v2\/pages\/1284\/revisions"}],"predecessor-version":[{"id":4293,"href":"https:\/\/www.idearius.com\/es\/wp-json\/wp\/v2\/pages\/1284\/revisions\/4293"}],"up":[{"embeddable":true,"href":"https:\/\/www.idearius.com\/es\/wp-json\/wp\/v2\/pages\/494"}],"wp:attachment":[{"href":"https:\/\/www.idearius.com\/es\/wp-json\/wp\/v2\/media?parent=1284"}],"curies":[{"name":"wp","href":"https:\/\/api.w.org\/{rel}","templated":true}]}}