{"id":1287,"date":"2011-11-24T16:19:28","date_gmt":"2011-11-24T18:19:28","guid":{"rendered":"http:\/\/www.idearius.com\/es\/ayuda\/que-se-considera-spam\/"},"modified":"2021-07-22T01:21:11","modified_gmt":"2021-07-22T04:21:11","slug":"que-se-considera-spam","status":"publish","type":"page","link":"https:\/\/www.idearius.com\/es\/ayuda\/que-se-considera-spam\/","title":{"rendered":"\u00bfQu\u00e9 se considera spam?"},"content":{"rendered":"<p>En t\u00e9rminos generales, se denomina spam a cualquier mensaje de correo electr\u00f3nico no solicitado. La definici\u00f3n m\u00e1s com\u00fan puede encontrarse en Wikipedia: <a href=\"http:\/\/es.wikipedia.org\/wiki\/Spam\">spam<\/a>.<\/p>\n<p>Los principales indicadores que tomamos en cuenta para determinar si uno de nuestros usuarios env\u00eda spam (y para aplicar las <a href=\"index.php?page_id=636\">sanciones<\/a> que consideremos necesarias) son la <a href=\"index.php?page_id=535\">cantidad de mensajes enviados<\/a> por d\u00eda y hora, la cantidad de esos mensajes que <a href=\"index.php?page_id=588\">rebotan<\/a> y la variaci\u00f3n en el tr\u00e1fico normal del sitio web.<\/p>\n<p><strong>La diferencia entre el env\u00edo de mensajes promocionales v\u00e1lidos y spam es muy peque\u00f1a.<\/strong> Recomendamos que siempre nos <a href=\"index.php?page_id=2\">contacte antes<\/a> de hacer cualquier tipo de env\u00edo masivo. Con gusto evacuaremos sus dudas y le asesoraremos sobre ventajas y desventajas de distintos sistemas para el env\u00edo de este tipo de comunicaciones.<\/p>\n","protected":false},"excerpt":{"rendered":"<p>En t\u00e9rminos generales, se denomina spam a cualquier mensaje de correo electr\u00f3nico no solicitado. La definici\u00f3n m\u00e1s com\u00fan puede encontrarse en Wikipedia: spam. Los principales indicadores que tomamos en cuenta para determinar si uno de nuestros usuarios env\u00eda spam (y para aplicar las sanciones que consideremos necesarias) son la cantidad de mensajes enviados por d\u00eda [&hellip;]<\/p>\n","protected":false},"author":1,"featured_media":0,"parent":494,"menu_order":0,"comment_status":"closed","ping_status":"closed","template":"page-full.php","meta":{"_lmt_disableupdate":"","_lmt_disable":"","site-sidebar-layout":"default","site-content-layout":"","ast-site-content-layout":"default","site-content-style":"default","site-sidebar-style":"default","ast-global-header-display":"","ast-banner-title-visibility":"","ast-main-header-display":"","ast-hfb-above-header-display":"","ast-hfb-below-header-display":"","ast-hfb-mobile-header-display":"","site-post-title":"","ast-breadcrumbs-content":"","ast-featured-img":"","footer-sml-layout":"","ast-disable-related-posts":"","theme-transparent-header-meta":"","adv-header-id-meta":"","stick-header-meta":"","header-above-stick-meta":"","header-main-stick-meta":"","header-below-stick-meta":"","astra-migrate-meta-layouts":"default","ast-page-background-enabled":"default","ast-page-background-meta":{"desktop":{"background-color":"var(--ast-global-color-4)","background-image":"","background-repeat":"repeat","background-position":"center center","background-size":"auto","background-attachment":"scroll","background-type":"","background-media":"","overlay-type":"","overlay-color":"","overlay-opacity":"","overlay-gradient":""},"tablet":{"background-color":"","background-image":"","background-repeat":"repeat","background-position":"center center","background-size":"auto","background-attachment":"scroll","background-type":"","background-media":"","overlay-type":"","overlay-color":"","overlay-opacity":"","overlay-gradient":""},"mobile":{"background-color":"","background-image":"","background-repeat":"repeat","background-position":"center center","background-size":"auto","background-attachment":"scroll","background-type":"","background-media":"","overlay-type":"","overlay-color":"","overlay-opacity":"","overlay-gradient":""}},"ast-content-background-meta":{"desktop":{"background-color":"var(--ast-global-color-5)","background-image":"","background-repeat":"repeat","background-position":"center center","background-size":"auto","background-attachment":"scroll","background-type":"","background-media":"","overlay-type":"","overlay-color":"","overlay-opacity":"","overlay-gradient":""},"tablet":{"background-color":"var(--ast-global-color-5)","background-image":"","background-repeat":"repeat","background-position":"center center","background-size":"auto","background-attachment":"scroll","background-type":"","background-media":"","overlay-type":"","overlay-color":"","overlay-opacity":"","overlay-gradient":""},"mobile":{"background-color":"var(--ast-global-color-5)","background-image":"","background-repeat":"repeat","background-position":"center center","background-size":"auto","background-attachment":"scroll","background-type":"","background-media":"","overlay-type":"","overlay-color":"","overlay-opacity":"","overlay-gradient":""}},"footnotes":""},"class_list":["post-1287","page","type-page","status-publish","hentry"],"_links":{"self":[{"href":"https:\/\/www.idearius.com\/es\/wp-json\/wp\/v2\/pages\/1287","targetHints":{"allow":["GET"]}}],"collection":[{"href":"https:\/\/www.idearius.com\/es\/wp-json\/wp\/v2\/pages"}],"about":[{"href":"https:\/\/www.idearius.com\/es\/wp-json\/wp\/v2\/types\/page"}],"author":[{"embeddable":true,"href":"https:\/\/www.idearius.com\/es\/wp-json\/wp\/v2\/users\/1"}],"replies":[{"embeddable":true,"href":"https:\/\/www.idearius.com\/es\/wp-json\/wp\/v2\/comments?post=1287"}],"version-history":[{"count":6,"href":"https:\/\/www.idearius.com\/es\/wp-json\/wp\/v2\/pages\/1287\/revisions"}],"predecessor-version":[{"id":3186,"href":"https:\/\/www.idearius.com\/es\/wp-json\/wp\/v2\/pages\/1287\/revisions\/3186"}],"up":[{"embeddable":true,"href":"https:\/\/www.idearius.com\/es\/wp-json\/wp\/v2\/pages\/494"}],"wp:attachment":[{"href":"https:\/\/www.idearius.com\/es\/wp-json\/wp\/v2\/media?parent=1287"}],"curies":[{"name":"wp","href":"https:\/\/api.w.org\/{rel}","templated":true}]}}