{"id":13,"date":"2008-05-19T02:37:06","date_gmt":"2008-05-19T05:37:06","guid":{"rendered":"http:\/\/www.idearius.com\/es\/?page_id=13"},"modified":"2026-04-22T02:14:44","modified_gmt":"2026-04-22T05:14:44","slug":"diseno-grafico","status":"publish","type":"page","link":"https:\/\/www.idearius.com\/es\/diseno-grafico\/","title":{"rendered":"Servicios gr\u00e1ficos"},"content":{"rendered":"\n<p class=\"has-white-color has-text-color has-background has-link-color wp-elements-ed93b14164eb69583bf8798ee368b702\" style=\"background:linear-gradient(135deg,rgb(255,138,29) 93%,rgb(234,106,17) 93%)\"><strong>Definimos y gestionamos la identidad visual de su empresa \u2014con dise\u00f1o o coordinaci\u00f3n seg\u00fan sus necesidades\u2014 para que cada pieza comunique con coherencia y prop\u00f3sito.<\/strong><\/p>\n\n\n\n<div class=\"wp-block-columns is-layout-flex wp-container-core-columns-is-layout-28f84493 wp-block-columns-is-layout-flex\">\n<div class=\"wp-block-column is-layout-flow wp-block-column-is-layout-flow\" style=\"flex-basis:66.66%\">\n<p><strong>Proyecte una imagen consistente y alineada con sus objetivos<\/strong>.<\/p>\n\n\n\n<p class=\"has-text-align-center\"><a class=\"sendbutton\" href=\"?page_id=2\">Cons\u00faltenos aqu\u00ed<\/a><\/p>\n\n\n\n<p>Con un criterio global unificado cubrimos o coordinamos todas las necesidades de dise\u00f1o gr\u00e1fico de su empresa o instituci\u00f3n:<\/p>\n\n\n\n<ul class=\"wp-block-list\">\n<li><a href=\"index.php?page_id=73\">Logotipos<\/a><\/li>\n\n\n\n<li>Hojas membretadas, <a href=\"index.php?page_id=53\">tarjetas personales<\/a><\/li>\n\n\n\n<li><a href=\"index.php?page_id=54\">Volantes y folletos<\/a><\/li>\n\n\n\n<li><a href=\"index.php?page_id=52\">Carteles<\/a> y <a href=\"index.php?page_id=51\">paneles<\/a><\/li>\n\n\n\n<li>Autoadhesivos<\/li>\n\n\n\n<li>Calendarios<\/li>\n\n\n\n<li><a href=\"index.php?page_id=157\">Rollups<\/a> para eventos, locales comerciales y \u00e1reas con p\u00fablico<\/li>\n\n\n\n<li><a href=\"index.php?page_id=282\">Presentaciones digitales<\/a> para eventos, capacitaci\u00f3n o ventas<\/li>\n\n\n\n<li>Dise\u00f1o editorial: libros, folletos, marcadores<\/li>\n\n\n\n<li>Fotograf\u00eda y retoque fotogr\u00e1fico digital<\/li>\n<\/ul>\n<\/div>\n\n\n\n<div class=\"wp-block-column has-background is-layout-flow wp-block-column-is-layout-flow\" style=\"background-color:#ebebeb;flex-basis:33.33%\">\n<div style=\"height:32px\" aria-hidden=\"true\" class=\"wp-block-spacer\"><\/div>\n\n\n\n<p class=\"has-text-align-center\">Visi\u00f3n global de su imagen<\/p>\n\n\n\n<i class=\"fa fa-binoculars\" aria-hidden=\"true\" style=\"display:block;font-size:150px;text-align:center;\"><\/i>\n\n\n\n<p class=\"has-text-align-center\">Foco en sus objetivos de negocio<\/p>\n\n\n\n<i class=\"fa fa-crosshairs\" aria-hidden=\"true\" style=\"display:block;font-size:150px;text-align:center;\"><\/i>\n\n\n\n<p class=\"has-text-align-center\">Dise\u00f1o con fundamento<\/p>\n\n\n\n<i class=\"fa fa-balance-scale\" aria-hidden=\"true\" style=\"display:block;font-size:150px;text-align:center;\"><\/i>\n\n\n\n<div style=\"height:32px\" aria-hidden=\"true\" class=\"wp-block-spacer\"><\/div>\n<\/div>\n<\/div>\n\n\n\n<div style=\"height:32px\" aria-hidden=\"true\" class=\"wp-block-spacer\"><\/div>\n\n\n\n<h2 class=\"wp-block-heading has-text-align-center\">Proponemos dise\u00f1o \u00fatil<\/h2>\n\n\n\n<p>Un buen dise\u00f1o en Comunicaci\u00f3n Social no tiene mucho que ver con la decoraci\u00f3n. Aunque es clave que llame la atenci\u00f3n, <strong>la belleza sola no basta en el dise\u00f1o de publicidad o la propaganda<\/strong>.<\/p>\n\n\n\n<p>En una <strong>estrategia de comunicaci\u00f3n<\/strong> la belleza es tan importante para el \u00e9xito como la selecci\u00f3n de productos o servicios sobre los que comunicar, mantener una \u00f3ptima relaci\u00f3n entre <strong>costo y beneficio<\/strong> para el cliente, la definici\u00f3n de <strong>p\u00fablicos<\/strong>, la distribuci\u00f3n geogr\u00e1fica y temporal, los <strong>soportes<\/strong> elegidos, lo persuasivo del <strong>mensaje<\/strong>, la capacidad de captar y mantener la atenci\u00f3n, la \u00abmagia t\u00e9cnica\u00bb, y la <strong>recolecci\u00f3n y procesamiento de feedback<\/strong> una vez iniciada la campa\u00f1a de comunicaci\u00f3n.<\/p>\n\n\n\n<p>Cuando se presentan soluciones que unen estas consideraciones, balanceando los puntos fuertes y d\u00e9biles de las otras, el resultado no es s\u00f3lo un dise\u00f1o hermoso: es <strong>metas cumplidas y personas felices<\/strong> de ambos lados del canal de comunicaci\u00f3n.<\/p>\n\n\n\n<p class=\"has-text-align-center\"><a class=\"sendbutton\" href=\"?page_id=2\">Cont\u00e1ctenos para intercambiar ideas<\/a><\/p>\n","protected":false},"excerpt":{"rendered":"<p><strong>Cubrimos y\/o coordinamos todas las necesidades gr\u00e1ficas<\/strong> de su empresa o instituci\u00f3n, para que proyecte una imagen consistente y alineada con sus objetivos.<\/p>\n<p>Dise\u00f1amos logotipos, hojas membretadas, tarjetas personales, carteles y paneles, rollups, folletos, presentaciones digitales. <a href=\"index.php?page_id=13\" class=\"plusbutton\">+<\/a><\/p>\n","protected":false},"author":1,"featured_media":0,"parent":0,"menu_order":0,"comment_status":"closed","ping_status":"open","template":"","meta":{"_lmt_disableupdate":"","_lmt_disable":"","site-sidebar-layout":"default","site-content-layout":"default","ast-site-content-layout":"default","site-content-style":"default","site-sidebar-style":"default","ast-global-header-display":"","ast-banner-title-visibility":"","ast-main-header-display":"","ast-hfb-above-header-display":"","ast-hfb-below-header-display":"","ast-hfb-mobile-header-display":"","site-post-title":"","ast-breadcrumbs-content":"","ast-featured-img":"","footer-sml-layout":"","ast-disable-related-posts":"","theme-transparent-header-meta":"default","adv-header-id-meta":"","stick-header-meta":"","header-above-stick-meta":"","header-main-stick-meta":"","header-below-stick-meta":"","astra-migrate-meta-layouts":"set","ast-page-background-enabled":"default","ast-page-background-meta":{"desktop":{"background-color":"var(--ast-global-color-4)","background-image":"","background-repeat":"repeat","background-position":"center center","background-size":"auto","background-attachment":"scroll","background-type":"","background-media":"","overlay-type":"","overlay-color":"","overlay-opacity":"","overlay-gradient":""},"tablet":{"background-color":"","background-image":"","background-repeat":"repeat","background-position":"center center","background-size":"auto","background-attachment":"scroll","background-type":"","background-media":"","overlay-type":"","overlay-color":"","overlay-opacity":"","overlay-gradient":""},"mobile":{"background-color":"","background-image":"","background-repeat":"repeat","background-position":"center center","background-size":"auto","background-attachment":"scroll","background-type":"","background-media":"","overlay-type":"","overlay-color":"","overlay-opacity":"","overlay-gradient":""}},"ast-content-background-meta":{"desktop":{"background-color":"var(--ast-global-color-5)","background-image":"","background-repeat":"repeat","background-position":"center center","background-size":"auto","background-attachment":"scroll","background-type":"","background-media":"","overlay-type":"","overlay-color":"","overlay-opacity":"","overlay-gradient":""},"tablet":{"background-color":"var(--ast-global-color-5)","background-image":"","background-repeat":"repeat","background-position":"center center","background-size":"auto","background-attachment":"scroll","background-type":"","background-media":"","overlay-type":"","overlay-color":"","overlay-opacity":"","overlay-gradient":""},"mobile":{"background-color":"var(--ast-global-color-5)","background-image":"","background-repeat":"repeat","background-position":"center center","background-size":"auto","background-attachment":"scroll","background-type":"","background-media":"","overlay-type":"","overlay-color":"","overlay-opacity":"","overlay-gradient":""}},"footnotes":""},"class_list":["post-13","page","type-page","status-publish","hentry"],"_links":{"self":[{"href":"https:\/\/www.idearius.com\/es\/wp-json\/wp\/v2\/pages\/13","targetHints":{"allow":["GET"]}}],"collection":[{"href":"https:\/\/www.idearius.com\/es\/wp-json\/wp\/v2\/pages"}],"about":[{"href":"https:\/\/www.idearius.com\/es\/wp-json\/wp\/v2\/types\/page"}],"author":[{"embeddable":true,"href":"https:\/\/www.idearius.com\/es\/wp-json\/wp\/v2\/users\/1"}],"replies":[{"embeddable":true,"href":"https:\/\/www.idearius.com\/es\/wp-json\/wp\/v2\/comments?post=13"}],"version-history":[{"count":26,"href":"https:\/\/www.idearius.com\/es\/wp-json\/wp\/v2\/pages\/13\/revisions"}],"predecessor-version":[{"id":5520,"href":"https:\/\/www.idearius.com\/es\/wp-json\/wp\/v2\/pages\/13\/revisions\/5520"}],"wp:attachment":[{"href":"https:\/\/www.idearius.com\/es\/wp-json\/wp\/v2\/media?parent=13"}],"curies":[{"name":"wp","href":"https:\/\/api.w.org\/{rel}","templated":true}]}}