{"id":14,"date":"2008-05-19T02:37:20","date_gmt":"2008-05-19T05:37:20","guid":{"rendered":"http:\/\/www.idearius.com\/es\/?page_id=14"},"modified":"2026-04-19T02:36:58","modified_gmt":"2026-04-19T05:36:58","slug":"consultoria-y-gestion-tecnologica","status":"publish","type":"page","link":"https:\/\/www.idearius.com\/es\/consultoria-y-gestion-tecnologica\/","title":{"rendered":"Consultor\u00eda y gesti\u00f3n tecnol\u00f3gica"},"content":{"rendered":"\n<p class=\"has-white-color has-text-color has-background has-link-color wp-elements-4676b22c6649f11e23025488d26c8518\" style=\"background:linear-gradient(135deg,rgb(255,138,29) 93%,rgb(234,106,17) 93%)\"><strong>Ayudamos a su empresa a usar la tecnolog\u00eda con eficiencia, seguridad y visi\u00f3n estrat\u00e9gica, sin necesitar un departamento de IT propio.<\/strong><\/p>\n\n\n\n<div class=\"wp-block-columns is-layout-flex wp-container-core-columns-is-layout-28f84493 wp-block-columns-is-layout-flex\">\n<div class=\"wp-block-column is-layout-flow wp-block-column-is-layout-flow\">\n<h2 class=\"wp-block-heading\"><a style=\"color: #ff8a1d!important;\" href=\"index.php?page_id=1294\">Soporte presencial y remoto<\/a><\/h2>\n\n\n\n<i class=\"fa fa-users\" aria-hidden=\"true\" style=\"float:right;font-size:5em;margin-left:.2em;\"><\/i>\n\n\n\n<p><strong>Servicios de Mesa de Ayuda<\/strong> para usuarios de redes empresariales, en el lugar, por Internet, tel\u00e9fono, correo electr\u00f3nico o mensajer\u00eda instant\u00e1nea.<\/p>\n\n\n\n<p>Cubrimos una amplia variedad de sistemas operativos, programas y servicios web.<\/p>\n\n\n\n<p>Adem\u00e1s, damos soporte a diversos sistemas contables, de personal y de organismos p\u00fablicos.<\/p>\n\n\n\n<p><a href=\"index.php?page_id=1294\">Inf\u00f3rmese aqu\u00ed<\/a><\/p>\n<\/div>\n\n\n\n<div class=\"wp-block-column is-layout-flow wp-block-column-is-layout-flow\">\n<h2 class=\"wp-block-heading\">Mantenimiento y optimizaci\u00f3n<\/h2>\n\n\n\n<i class=\"fa fa-wrench\" aria-hidden=\"true\" style=\"float:right;font-size:5em;margin-left:.2em;\"><\/i>\n\n\n\n<p>Hacemos que su red sea m\u00e1s r\u00e1pida, <a href=\"https:\/\/www.idearius.com\/es\/tag\/seguridad\/\">segura<\/a> y <a href=\"index.php?p=95\">econ\u00f3mica<\/a>.<\/p>\n\n\n\n<p>Evaluamos sus instalaciones, computadoras, equipos de redes y modos de trabajo.<\/p>\n\n\n\n<p>Definimos prioridades con usted, hacemos las coordinaciones necesarias con otros proveedores (como de telefon\u00eda y vigilancia) y d\u00eda a d\u00eda realizamos <strong>mantenimiento preventivo, mantenimiento correctivo y optimizaci\u00f3n<\/strong> de sus computadoras y su red.<\/p>\n<\/div>\n\n\n\n<div class=\"wp-block-column is-layout-flow wp-block-column-is-layout-flow\">\n<h2 class=\"wp-block-heading\">Textos t\u00e9cnicos amigables<\/h2>\n\n\n\n<i class=\"fa fa-file-text-o\" aria-hidden=\"true\" style=\"float:right;font-size:5em;margin-left:.2em;\"><\/i>\n\n\n\n<p>Redacci\u00f3n y dise\u00f1o de manuales, gu\u00edas r\u00e1pidas e instructivos <a href=\"index.php?p=1209\">claros y amigables<\/a>.<\/p>\n\n\n\n<p><strong>Ayudas para las necesidades espec\u00edficas de cada \u00e1rea de su empresa, orientadas a empleados o clientes.<\/strong><\/p>\n\n\n\n<p>Entregamos copias listas para imprimir o publicamos versiones en sitio web o en su red interna, para facilitar las consultas diarias de los usuarios.<\/p>\n<\/div>\n<\/div>\n\n\n\n<p class=\"has-text-align-center\"><a href=\"index.php?page_id=2\" class=\"sendbutton\">Cons\u00faltenos aqu\u00ed<\/a><\/p>\n\n\n\n<div style=\"height:50px\" aria-hidden=\"true\" class=\"wp-block-spacer\"><\/div>\n\n\n\n<div class=\"wp-block-columns has-background is-layout-flex wp-container-core-columns-is-layout-28f84493 wp-block-columns-is-layout-flex\" style=\"background-color:#ebebeb\">\n<div class=\"wp-block-column is-layout-flow wp-block-column-is-layout-flow\" style=\"flex-basis:75%\">\n<h2 class=\"wp-block-heading\">Revisiones de seguridad y protecci\u00f3n personalizadas<\/h2>\n\n\n\n<p><strong>Evaluamos riesgos de seguridad en computadoras, dispositivos m\u00f3viles y equipos de redes<\/strong>, de forma presencial o remota. Revisamos equipos en busca de <a href=\"?p=381\">software malicioso<\/a> e intrusiones, as\u00ed como posibles vulnerabilidades. <a href=\"index.php?page_id=2\">Solicite asistencia personalizada<\/a>.<\/p>\n<\/div>\n\n\n\n<div class=\"wp-block-column is-layout-flow wp-block-column-is-layout-flow\" style=\"flex-basis:25%\">\n<div style=\"position:relative;\">\r\n<div class=\"precio-circulo\"><span class=\"desde\">Desde<\/span> <span class=\"precio\"><span class=\"moneda\">USD<\/span> 55<\/span><\/div>\r\n<i class=\"fa fa-shield\" aria-hidden=\"true\" style=\"display:block;color:#333;font-size:150px;text-align:center;\"><\/i>\r\n<\/div>\n<\/div>\n<\/div>\n\n\n\n<div style=\"height:50px\" aria-hidden=\"true\" class=\"wp-block-spacer\"><\/div>\n\n\n\n<div class=\"wp-block-columns is-layout-flex wp-container-core-columns-is-layout-28f84493 wp-block-columns-is-layout-flex\">\n<div class=\"wp-block-column is-layout-flow wp-block-column-is-layout-flow\" style=\"flex-basis:75%\">\n<h3 class=\"wp-block-heading\">Recomendamos leer:<\/h3>\n\n\n\n<ul class=\"wp-block-list\">\n<li><a href=\"?p=3199\">Buenas pr\u00e1cticas de seguridad y protecci\u00f3n de datos en empresas<\/a><\/li>\n\n\n\n<li><a href=\"?p=4295\">\u00bfCu\u00e1les son los errores m\u00e1s comunes al respaldar datos de computadoras?<\/a><\/li>\n\n\n\n<li><a href=\"index.php?page_id=59\">Programas gratuitos, efectivos y seguros para su computadora<\/a><\/li>\n<\/ul>\n<\/div>\n\n\n\n<div class=\"wp-block-column is-vertically-aligned-bottom is-layout-flow wp-block-column-is-layout-flow\" style=\"flex-basis:25%\">\n<p class=\"has-text-align-center\"><a href=\"index.php?page_id=2\" class=\"sendbutton\">Cons\u00faltenos aqu\u00ed<\/a><\/p>\n<\/div>\n<\/div>\n","protected":false},"excerpt":{"rendered":"<p><strong>Hacemos que su red y sus equipos sean m\u00e1s r\u00e1pidos, seguros y econ\u00f3micos<\/strong>, con mantenimiento preventivo y correctivo diario.<\/p>\n<p>Brindamos servicios de ayuda para diversos sistemas de gesti\u00f3n empresarial, sistemas operativos y programas. <a href=\"index.php?page_id=14\" class=\"plusbutton\">+<\/a><\/p>\n","protected":false},"author":1,"featured_media":0,"parent":0,"menu_order":0,"comment_status":"closed","ping_status":"closed","template":"","meta":{"_lmt_disableupdate":"no","_lmt_disable":"","site-sidebar-layout":"default","site-content-layout":"default","ast-site-content-layout":"default","site-content-style":"default","site-sidebar-style":"default","ast-global-header-display":"","ast-banner-title-visibility":"","ast-main-header-display":"","ast-hfb-above-header-display":"","ast-hfb-below-header-display":"","ast-hfb-mobile-header-display":"","site-post-title":"","ast-breadcrumbs-content":"","ast-featured-img":"","footer-sml-layout":"","ast-disable-related-posts":"","theme-transparent-header-meta":"default","adv-header-id-meta":"","stick-header-meta":"","header-above-stick-meta":"","header-main-stick-meta":"","header-below-stick-meta":"","astra-migrate-meta-layouts":"set","ast-page-background-enabled":"default","ast-page-background-meta":{"desktop":{"background-color":"var(--ast-global-color-4)","background-image":"","background-repeat":"repeat","background-position":"center center","background-size":"auto","background-attachment":"scroll","background-type":"","background-media":"","overlay-type":"","overlay-color":"","overlay-opacity":"","overlay-gradient":""},"tablet":{"background-color":"","background-image":"","background-repeat":"repeat","background-position":"center center","background-size":"auto","background-attachment":"scroll","background-type":"","background-media":"","overlay-type":"","overlay-color":"","overlay-opacity":"","overlay-gradient":""},"mobile":{"background-color":"","background-image":"","background-repeat":"repeat","background-position":"center center","background-size":"auto","background-attachment":"scroll","background-type":"","background-media":"","overlay-type":"","overlay-color":"","overlay-opacity":"","overlay-gradient":""}},"ast-content-background-meta":{"desktop":{"background-color":"var(--ast-global-color-5)","background-image":"","background-repeat":"repeat","background-position":"center center","background-size":"auto","background-attachment":"scroll","background-type":"","background-media":"","overlay-type":"","overlay-color":"","overlay-opacity":"","overlay-gradient":""},"tablet":{"background-color":"var(--ast-global-color-5)","background-image":"","background-repeat":"repeat","background-position":"center center","background-size":"auto","background-attachment":"scroll","background-type":"","background-media":"","overlay-type":"","overlay-color":"","overlay-opacity":"","overlay-gradient":""},"mobile":{"background-color":"var(--ast-global-color-5)","background-image":"","background-repeat":"repeat","background-position":"center center","background-size":"auto","background-attachment":"scroll","background-type":"","background-media":"","overlay-type":"","overlay-color":"","overlay-opacity":"","overlay-gradient":""}},"footnotes":""},"class_list":["post-14","page","type-page","status-publish","hentry"],"_links":{"self":[{"href":"https:\/\/www.idearius.com\/es\/wp-json\/wp\/v2\/pages\/14","targetHints":{"allow":["GET"]}}],"collection":[{"href":"https:\/\/www.idearius.com\/es\/wp-json\/wp\/v2\/pages"}],"about":[{"href":"https:\/\/www.idearius.com\/es\/wp-json\/wp\/v2\/types\/page"}],"author":[{"embeddable":true,"href":"https:\/\/www.idearius.com\/es\/wp-json\/wp\/v2\/users\/1"}],"replies":[{"embeddable":true,"href":"https:\/\/www.idearius.com\/es\/wp-json\/wp\/v2\/comments?post=14"}],"version-history":[{"count":25,"href":"https:\/\/www.idearius.com\/es\/wp-json\/wp\/v2\/pages\/14\/revisions"}],"predecessor-version":[{"id":5512,"href":"https:\/\/www.idearius.com\/es\/wp-json\/wp\/v2\/pages\/14\/revisions\/5512"}],"wp:attachment":[{"href":"https:\/\/www.idearius.com\/es\/wp-json\/wp\/v2\/media?parent=14"}],"curies":[{"name":"wp","href":"https:\/\/api.w.org\/{rel}","templated":true}]}}