{"id":1471,"date":"2013-06-27T23:47:10","date_gmt":"2013-06-28T02:47:10","guid":{"rendered":"http:\/\/www.idearius.com\/es\/ayuda\/que-es-un-tipo-de-cuenta-de-correo-imap-cuando-debo-usarla\/"},"modified":"2021-07-24T03:58:07","modified_gmt":"2021-07-24T06:58:07","slug":"que-es-un-tipo-de-cuenta-de-correo-imap-cuando-debo-usarla","status":"publish","type":"page","link":"https:\/\/www.idearius.com\/es\/ayuda\/que-es-un-tipo-de-cuenta-de-correo-imap-cuando-debo-usarla\/","title":{"rendered":"\u00bfQu\u00e9 es un tipo de cuenta de correo IMAP? \u00bfCu\u00e1ndo debo usarla?"},"content":{"rendered":"\n<div class=\"wp-block-columns is-layout-flex wp-container-core-columns-is-layout-28f84493 wp-block-columns-is-layout-flex\">\n<div class=\"wp-block-column is-layout-flow wp-block-column-is-layout-flow\" style=\"flex-basis:66.66%\">\n<h2 class=\"wp-block-heading\">Qu\u00e9 es y cu\u00e1ndo usar IMAP<\/h2>\n\n\n\n<p>Nuestros <a href=\"index.php?page_id=67\">servicios de correo electr\u00f3nico<\/a> permiten conexiones de tipo POP3 e IMAP.<\/p>\n\n\n\n<p><strong>Con IMAP los mensajes no se guardan en la computadora o dispositivo m\u00f3vil<\/strong> que usamos para verlos o crearlos. Siempre siguen en el servidor (como cuando usamos sistemas de correo web como Gmail o Hotmail), a\u00fan cuando usemos programas de correo cl\u00e1sicos como <a href=\"index.php?p=28\">Thunderbird<\/a>, Mac Mail, Microsoft Outlook, u otro que pueda traer nuestro dispositivo m\u00f3vil.<\/p>\n\n\n\n<p>Al configurar el programa de correo debemos seleccionar \u00abIMAP\u00bb como tipo de cuenta de correo, y as\u00ed <strong>siempre tendremos todos los mensajes a mano, sin importar qu\u00e9 equipo estemos usando<\/strong>.<\/p>\n\n\n\n<p>IMAP es recomendado en estas situaciones:<\/p>\n\n\n\n<ul class=\"wp-block-list\"><li>conexiones a Internet r\u00e1pidas<\/li><li>casillas de correo electr\u00f3nico con amplia capacidad<\/li><li>para leer y escribir mensajes desde distintas computadoras o dispositivos m\u00f3viles (como tel\u00e9fonos o tabletas) indistintamente<\/li><li>para no dejar sus mensajes expuestos 24 horas a ataques de hackers<\/li><\/ul>\n\n\n\n<h2 class=\"wp-block-heading\">Servidores entrante y saliente<\/h2>\n\n\n\n<p><strong>En nuestros <a href=\"index.php?page_id=67\">servidores<\/a><\/strong> el nombre del servidor de correo entrante (IMAP) y el del servidor de correo saliente (SMTP) es el mismo: <code>mail.sudominio.com<\/code>. S\u00f3lo deber\u00e1 cambiar <em>sudominio.com<\/em> por el que corresponda en su caso: por ejemplo, <em>idearius.com<\/em>.<\/p>\n\n\n\n<p>Para nuestros clientes que tambi\u00e9n usan servicios de terceros, el nombre del servidor para Google y Microsoft es distinto en cada caso. Estos son los <strong>nombres de servidor para Gmail, Google Apps, G Suite, Hotmail.com, Live.com, Outlook.com y Office 365<\/strong>:<\/p>\n\n\n\n<ul class=\"wp-block-list\"><li>Entrante Google: <code>imap.gmail.com<\/code><\/li><li>Saliente Google: <code>smtp.gmail.com<\/code><\/li><li>Entrante Outlook.com: <code>imap-mail.outlook.com<\/code><\/li><li>Saliente Outlook.com: <code>smtp-mail.outlook.com<\/code><\/li><li>Entrante Office 365: <code>outlook.office365.com<\/code><\/li><li>Saliente Office 365: <code>smtp.office365.com<\/code><\/li><\/ul>\n\n\n\n<h2 class=\"wp-block-heading\">Puertos entrante y saliente para IMAP<\/h2>\n\n\n\n<p>Los puertos que usamos y que son est\u00e1ndar en los sistemas de correo m\u00e1s difundidos son \u00e9stos:<\/p>\n\n\n\n<ul class=\"wp-block-list\"><li>IMAP: <code>993<\/code> (seguro) o <code>143<\/code> (inseguro)<\/li><li>SMTP: <code>587<\/code> (seguro) o <code>465<\/code> &#8211; para sistemas viejos es normal el <code>25<\/code> (inseguro)<\/li><\/ul>\n\n\n\n<p><strong>Prefiera siempre las conexiones seguras que usan TLS\/SSL<\/strong>, ya que cifran la informaci\u00f3n mientras se transmite entre el servidor de correo y su equipo, sea a trav\u00e9s de Internet o de redes locales. Da privacidad a sus comunicaciones y minimiza los <a href=\"index.php?p=3467\">riesgos de intrusiones<\/a>.<\/p>\n\n\n\n<h2 class=\"wp-block-heading\">POP3: alternativa a IMAP para mayor privacidad<\/h2>\n\n\n\n<p>Tambi\u00e9n puede configurar su programa de correo para que descargue y retire todos los mensajes del servidor (guardando correos s\u00f3lo en su equipo), configurando la cuenta como <a href=\"?page_id=1265\">POP3<\/a> en vez de IMAP.<\/p>\n\n\n\n<p><strong>Le facilitar\u00e1 usar el correo con conexiones a Internet lentas o intermitentes, casillas de correo electr\u00f3nico con poca o colmada capacidad, y le dar\u00e1 m\u00e1s privacidad.<\/strong><\/p>\n\n\n\n<p><a href=\"?page_id=1265\">Acceda aqu\u00ed por m\u00e1s informaci\u00f3n sobre las configuraciones para POP3 ?<\/a><\/p>\n<\/div>\n\n\n\n<div class=\"wp-block-column is-layout-flow wp-block-column-is-layout-flow\" style=\"flex-basis:33.33%\">\n<div class=\"wp-block-group is-layout-flow wp-block-group-is-layout-flow\"><div class=\"wp-block-group__inner-container\">\n<div class=\"wp-block-columns has-background is-layout-flex wp-container-core-columns-is-layout-28f84493 wp-block-columns-is-layout-flex\" style=\"background-color:#ebebeb\">\n<div class=\"wp-block-column is-layout-flow wp-block-column-is-layout-flow\">\n<p><i class=\"fa fa-ambulance\" style=\"float: left; font-size: 50px; margin-right: .2em;\" aria-hidden=\"true\"><\/i>Obtenga ayuda en su empresa con rapidez.<\/p>\n\n\n\n<p><a href=\"index.php?page_id=1294\">Asistencia remota para todo el personal, est\u00e9 donde est\u00e9.<\/a><\/p>\n<\/div>\n<\/div>\n<\/div><\/div>\n\n\n\n<p class=\"has-text-align-center\"><a class=\"sendbutton\" href=\"index.php?page_id=1294\">Conozca nuestros servicios de soporte<\/a><\/p>\n\n\n\n<p class=\"has-text-align-center\"><a href=\"index.php?page_id=67\">\u00bfNecesita mejor correo electr\u00f3nico empresarial?<\/a><\/p>\n<\/div>\n<\/div>\n","protected":false},"excerpt":{"rendered":"<p>Qu\u00e9 es y cu\u00e1ndo usar IMAP Nuestros servicios de correo electr\u00f3nico permiten conexiones de tipo POP3 e IMAP. Con IMAP los mensajes no se guardan en la computadora o dispositivo m\u00f3vil que usamos para verlos o crearlos. Siempre siguen en el servidor (como cuando usamos sistemas de correo web como Gmail o Hotmail), a\u00fan cuando [&hellip;]<\/p>\n","protected":false},"author":1,"featured_media":0,"parent":494,"menu_order":0,"comment_status":"closed","ping_status":"open","template":"","meta":{"_lmt_disableupdate":"","_lmt_disable":"","site-sidebar-layout":"default","site-content-layout":"default","ast-site-content-layout":"default","site-content-style":"default","site-sidebar-style":"default","ast-global-header-display":"","ast-banner-title-visibility":"","ast-main-header-display":"","ast-hfb-above-header-display":"","ast-hfb-below-header-display":"","ast-hfb-mobile-header-display":"","site-post-title":"","ast-breadcrumbs-content":"","ast-featured-img":"","footer-sml-layout":"","ast-disable-related-posts":"","theme-transparent-header-meta":"default","adv-header-id-meta":"","stick-header-meta":"","header-above-stick-meta":"","header-main-stick-meta":"","header-below-stick-meta":"","astra-migrate-meta-layouts":"default","ast-page-background-enabled":"default","ast-page-background-meta":{"desktop":{"background-color":"var(--ast-global-color-4)","background-image":"","background-repeat":"repeat","background-position":"center center","background-size":"auto","background-attachment":"scroll","background-type":"","background-media":"","overlay-type":"","overlay-color":"","overlay-opacity":"","overlay-gradient":""},"tablet":{"background-color":"","background-image":"","background-repeat":"repeat","background-position":"center center","background-size":"auto","background-attachment":"scroll","background-type":"","background-media":"","overlay-type":"","overlay-color":"","overlay-opacity":"","overlay-gradient":""},"mobile":{"background-color":"","background-image":"","background-repeat":"repeat","background-position":"center center","background-size":"auto","background-attachment":"scroll","background-type":"","background-media":"","overlay-type":"","overlay-color":"","overlay-opacity":"","overlay-gradient":""}},"ast-content-background-meta":{"desktop":{"background-color":"var(--ast-global-color-5)","background-image":"","background-repeat":"repeat","background-position":"center center","background-size":"auto","background-attachment":"scroll","background-type":"","background-media":"","overlay-type":"","overlay-color":"","overlay-opacity":"","overlay-gradient":""},"tablet":{"background-color":"var(--ast-global-color-5)","background-image":"","background-repeat":"repeat","background-position":"center center","background-size":"auto","background-attachment":"scroll","background-type":"","background-media":"","overlay-type":"","overlay-color":"","overlay-opacity":"","overlay-gradient":""},"mobile":{"background-color":"var(--ast-global-color-5)","background-image":"","background-repeat":"repeat","background-position":"center center","background-size":"auto","background-attachment":"scroll","background-type":"","background-media":"","overlay-type":"","overlay-color":"","overlay-opacity":"","overlay-gradient":""}},"footnotes":""},"class_list":["post-1471","page","type-page","status-publish","hentry"],"_links":{"self":[{"href":"https:\/\/www.idearius.com\/es\/wp-json\/wp\/v2\/pages\/1471","targetHints":{"allow":["GET"]}}],"collection":[{"href":"https:\/\/www.idearius.com\/es\/wp-json\/wp\/v2\/pages"}],"about":[{"href":"https:\/\/www.idearius.com\/es\/wp-json\/wp\/v2\/types\/page"}],"author":[{"embeddable":true,"href":"https:\/\/www.idearius.com\/es\/wp-json\/wp\/v2\/users\/1"}],"replies":[{"embeddable":true,"href":"https:\/\/www.idearius.com\/es\/wp-json\/wp\/v2\/comments?post=1471"}],"version-history":[{"count":10,"href":"https:\/\/www.idearius.com\/es\/wp-json\/wp\/v2\/pages\/1471\/revisions"}],"predecessor-version":[{"id":4581,"href":"https:\/\/www.idearius.com\/es\/wp-json\/wp\/v2\/pages\/1471\/revisions\/4581"}],"up":[{"embeddable":true,"href":"https:\/\/www.idearius.com\/es\/wp-json\/wp\/v2\/pages\/494"}],"wp:attachment":[{"href":"https:\/\/www.idearius.com\/es\/wp-json\/wp\/v2\/media?parent=1471"}],"curies":[{"name":"wp","href":"https:\/\/api.w.org\/{rel}","templated":true}]}}