{"id":15,"date":"2008-07-14T20:52:13","date_gmt":"2008-07-14T23:52:13","guid":{"rendered":"http:\/\/www.idearius.com\/es\/?page_id=15"},"modified":"2025-02-24T17:10:02","modified_gmt":"2025-02-24T20:10:02","slug":"inicio","status":"publish","type":"page","link":"https:\/\/www.idearius.com\/es\/inicio\/","title":{"rendered":"Inicio"},"content":{"rendered":"\n<div class=\"wp-block-columns are-vertically-aligned-center bg-grc is-layout-flex wp-container-core-columns-is-layout-28f84493 wp-block-columns-is-layout-flex\">\n<div class=\"wp-block-column is-vertically-aligned-center is-layout-flow wp-block-column-is-layout-flow\" style=\"flex-basis:50%\">\n<p class=\"google-search-h has-small-font-size\">B\u00fasqueda en google.com:<\/p>\n\n\n\n<form id=\"google-search\" action=\"https:\/\/www.google.com\/search\" method=\"get\"><input maxlength=\"255\" name=\"q\" type=\"text\"><input type=\"submit\" value=\"Buscar\"><input style=\"display: none;\" name=\"sitesearch\" type=\"radio\" value=\"\"><input style=\"display: none;\" checked=\"checked\" name=\"sitesearch\" type=\"radio\" value=\"\"><\/form>\n<\/div>\n\n\n\n<div class=\"wp-block-column is-vertically-aligned-center is-layout-flow wp-block-column-is-layout-flow\" style=\"flex-basis:50%\">\n<p><a href=\"https:\/\/accounts.google.com\/ServiceLogin?service=mail\">Gmail<\/a> \u00b7 <a href=\"https:\/\/www.hotmail.com\/\">Hotmail<\/a> \u00b7 <a href=\"https:\/\/webmail.montevideo.com.uy\/\">Montevideo<\/a> \u00b7 <a title=\"Correo Adinet \/ Vera\" href=\"https:\/\/correo.vera.com.uy\/\">Vera<\/a> \u00b7 <a style=\"padding: .2em .5em; color: #fff; background-color: #09d261; text-shadow: none;\" title=\"WhatsApp web\" href=\"https:\/\/web.whatsapp.com\/\">WhatsApp<\/a><br><a href=\"https:\/\/www.online-translator.com\/\">Traductor<\/a> \u00b7 <a title=\"Diccionario de la Real Academia Espa\u00f1ola\" href=\"https:\/\/lema.rae.es\/drae\/\">Diccionario<\/a> \u00b7 <a title=\"Wikipedia\" href=\"https:\/\/es.wikipedia.org\/\">Enciclopedia<\/a><br><a title=\"Google Maps\" href=\"https:\/\/www.google.com\/maps\">Mapas<\/a> \u00b7 <a title=\"Here Maps\" href=\"https:\/\/wego.here.com\/uruguay\/montevideo\/city-town-village\/\">Direcciones<\/a> \u00b7 <a style=\"white-space: nowrap; background-color: #ffff99;\" title=\"Waze\" href=\"https:\/\/www.waze.com\/livemap?zoom=14&amp;lat=-34.90111&amp;lon=-56.16453\">Tr\u00e1nsito<\/a> \u00b7 <a title=\"Mapa interactivo de la IMM\" href=\"https:\/\/www.montevideo.gub.uy\/aplicacion\/como-ir\">Buses<\/a><\/p>\n<\/div>\n<\/div>\n\n\n\n<div class=\"wp-block-columns is-layout-flex wp-container-core-columns-is-layout-28f84493 wp-block-columns-is-layout-flex\">\n<div class=\"wp-block-column is-layout-flow wp-block-column-is-layout-flow\" style=\"flex-basis:25%\">\n<h4 class=\"wp-block-heading\">Noticias<\/h4>\n\n\n\n<p><a title=\"Diario El Observador\" href=\"https:\/\/www.elobservador.com.uy\/\">El Observador<\/a> \u00b7 <a title=\"Diario El Pa\u00eds\" href=\"https:\/\/www.elpais.com.uy\/\">El Pa\u00eds<\/a> \u00b7<br><span style=\"white-space: nowrap;\"><a title=\"Radio El Espectador\" href=\"https:\/\/www.espectador.com\/\">Espectador<\/a> \u00b7 <a title=\"Radio Sarand\u00ed 690\" href=\"https:\/\/www.sarandi690.com.uy\/\">Sarand\u00ed<\/a> \u00b7 <a href=\"https:\/\/www.180.com.uy\/\">180<\/a> \u00b7<\/span> <a title=\"TV Telemundo\" href=\"https:\/\/www.teledoce.com\/telemundo\/\">Teledoce<\/a> \u00b7 <a title=\"TV Subrayado\" href=\"https:\/\/www.subrayado.com.uy\/\">Subrayado<\/a> \u00b7 <span style=\"white-space: nowrap;\"><a title=\"TV BBC (en espa\u00f1ol)\" href=\"https:\/\/www.bbc.com\/mundo\">BBC<\/a> \u00b7 <a title=\"TV Euronews (en ingl\u00e9s)\" href=\"https:\/\/es.euronews.com\/\">Euronews<\/a><\/span><\/p>\n\n\n\n<h4 class=\"wp-block-heading\">Telefon\u00eda y Correo<\/h4>\n\n\n\n<p><a title=\"Consultas de gu\u00eda por nombre, direcci\u00f3n y n\u00famero\" href=\"https:\/\/aplicaciones.antel.com.uy\/ConsultaGuia\/form\/consulta.xhtml\">Consultas de gu\u00eda<\/a> \u00b7 <a style=\"white-space: nowrap;\" title=\"Caracter\u00edsticas telef\u00f3nicas por pa\u00eds\" href=\"https:\/\/es.wikipedia.org\/wiki\/Anexo:Prefijos_telef%C3%B3nicos_mundiales\">Caracter\u00edsticas por pa\u00eds<\/a> \u00b7 <a style=\"white-space: nowrap;\" title=\"C\u00f3digos postales de Uruguay\" href=\"https:\/\/www.correo.com.uy\/codigospostales\">C\u00f3digos postales<\/a><\/p>\n\n\n\n<h4 class=\"wp-block-heading\">Terminales<\/h4>\n\n\n\n<p><a href=\"https:\/\/www.aeropuertodecarrasco.com.uy\/\" style=\"white-space: nowrap; background-color: #ffff99;\">Aeropuerto<\/a> \u00b7 <a href=\"https:\/\/www.buquebus.com\/Portal\/BqbARG\/arribosypartidas\">Puerto<\/a> \u00b7 <a title=\"Arribos y partidas de la terminal de Tres Cruces\" href=\"https:\/\/www.trescruces.com.uy\/horarios-destinos\/\">Tres Cruces<\/a><\/p>\n<\/div>\n\n\n\n<div class=\"wp-block-column is-layout-flow wp-block-column-is-layout-flow\" style=\"flex-basis:25%\">\n<h4 class=\"wp-block-heading\">Finanzas<\/h4>\n\n\n\n<p><a title=\"BROU\" href=\"https:\/\/www.brou.com.uy\/\">BROU<\/a> \u00b7 <a title=\"\" href=\"https:\/\/www.bbva.com.uy\/\">BBVA<\/a> \u00b7 <a title=\"\" href=\"https:\/\/www.hsbc.com.uy\/\">HSBC<\/a> \u00b7 <a title=\"\" href=\"https:\/\/www.itau.com.uy\/\">Ita\u00fa<\/a> \u00b7 <a title=\"\" href=\"https:\/\/www.santander.com.uy\/\">Santander<\/a> \u00b7 <a title=\"\" href=\"https:\/\/www.scotiabank.com.uy\/\">Scotiabank<\/a> \u00b7 <a title=\"Banco Central del Uruguay\" href=\"https:\/\/www.bcu.gub.uy\/\">BCU<\/a> \u00b7 <a title=\"\" href=\"http:\/\/www.gales.com.uy\/\">Gales<\/a> \u00b7 <a title=\"\" href=\"https:\/\/www.indumex.com\/\">Indumex<\/a> \u00b7 <a title=\"\" href=\"http:\/\/www.lafavorita.com.uy\/\">La Favorita<\/a> \u00b7 <a style=\"white-space: nowrap; background-color: #ffff99;\" href=\"https:\/\/www.gub.uy\/instituto-nacional-estadistica\/datos-y-estadisticas\/estadisticas\/series-historicas-ur-ura-coeficiente-alquileres\">UR<\/a> \u00b7 <a style=\"white-space: nowrap; background-color: #ffff99;\" href=\"https:\/\/www.gub.uy\/instituto-nacional-estadistica\/unidad-indexada\">UI<\/a><\/p>\n\n\n\n<h4 class=\"wp-block-heading\">Facturas, Tributos y Aportes<\/h4>\n\n\n\n<p><a href=\"https:\/\/www.ute.com.uy\/node\/577\">UTE<\/a> \u00b7 <a href=\"http:\/\/facturas.ose.com.uy\/SGCv10WebClient\/inicio.faces\">OSE<\/a> \u00b7 <a href=\"http:\/\/www.montevideogas.com.uy\/mvdec\/alogin.aspx\">Gas<\/a> \u00b7 <a href=\"https:\/\/www.antel.com.uy\/tramites-en-linea\" style=\"white-space: nowrap; background-color: #ffff99;\">Antel<\/a> \u00b7 <a href=\"https:\/\/www.movistar.com.uy\/factura-electronica\/\">Movistar<\/a> \u00b7 <a href=\"https:\/\/miclaro.claro.com.uy\/\">Claro<\/a> \u00b7 <a href=\"https:\/\/tramites.montevideo.gub.uy\/categoria-tramite\/tributos\">Montevideo<\/a> \u00b7 <a href=\"https:\/\/www.maldonado.gub.uy\/portal-tributario\">Maldonado<\/a> \u00b7 <a style=\"white-space: nowrap; background-color: #ffff99;\" href=\"https:\/\/servicios.dgi.gub.uy\/serviciosenlinea\/impuesto-primaria\/dgi--servicios-en-linea--primaria-consulte-su-deuda\">Primaria<\/a> \u00b7 <a href=\"http:\/\/sede.catastro.gub.uy\/Sede\/\">Catastro<\/a> \u00b7 <a href=\"https:\/\/www.sucive.gub.uy\/\">SUCIVE<\/a><\/p>\n\n\n\n<p><a href=\"https:\/\/www.dgi.gub.uy\/\">DGI<\/a> \u00b7 <a href=\"https:\/\/www.bps.gub.uy\/\">BPS<\/a> \u00b7 <a href=\"https:\/\/www.gub.uy\/ministerio-trabajo-seguridad-social\/\">MTSS<\/a> \u00b7 <a title=\"Fondo de Cesant\u00eda y Retiro\" href=\"https:\/\/www.focer.org.uy\/\">FOCER<\/a><\/p>\n\n\n\n<h4 class=\"wp-block-heading\">Consultas Legales<\/h4>\n\n\n\n<p><a title=\"Leyes y Decretos en IMPO\" href=\"https:\/\/www.impo.com.uy\/bases\">Leyes<\/a> \u00b7 <a href=\"https:\/\/www.gub.uy\/presidencia\/institucional\/normativa\">Decretos<\/a> \u00b7 <a href=\"http:\/\/bjn.poderjudicial.gub.uy\/BJNPUBLICA\/busquedaSimple.seam\">Jurisprudencia<\/a> \u00b7 <a href=\"http:\/\/www.expedientes.poderjudicial.gub.uy\/\">Expedientes judiciales<\/a><\/p>\n<\/div>\n\n\n\n<div class=\"wp-block-column is-layout-flow wp-block-column-is-layout-flow\" style=\"flex-basis:50%\">\n<h4 class=\"wp-block-heading\">El Tiempo<\/h4>\n\n\n\n<p><a style=\"white-space: nowrap; background-color: #ffff99;\" href=\"https:\/\/www.clima.com\/uruguay\/montevideo\/montevideo\">Montevideo<\/a> \u00b7 <a href=\"https:\/\/www.clima.com\/uruguay\/maldonado\/maldonado\">Maldonado<\/a> \u00b7 <a href=\"https:\/\/www.clima.com\/uruguay\/colonia\/colonia-del-sacramento\">Colonia<\/a> \u00b7 <a href=\"https:\/\/www.clima.com\/uruguay\/salto\/salto\">Salto<\/a> \u00b7 <a href=\"https:\/\/www.clima.com\/uruguay\/rivera\/rivera\">Rivera<\/a><br><a href=\"https:\/\/www.clima.com\/argentina\">Argentina<\/a> \u00b7 <a href=\"https:\/\/www.clima.com\/brasil\">Brasil<\/a> \u00b7 <a href=\"https:\/\/www.clima.com\/paraguay\">Paraguay<\/a> \u00b7 <a title=\"Clic para otros pa\u00edses\" href=\"https:\/\/www.clima.com\/el-mundo\">Mundo<\/a><\/p>\n\n\n\n<h4 class=\"wp-block-heading\">Entretenimiento<\/h4>\n\n\n\n<p><a href=\"https:\/\/www.youtube.com\/\">YouTube<\/a> \u00b7 <a href=\"https:\/\/www.radios.com.uy\/\">Radios Uruguayas<\/a> \u00b7 <a href=\"https:\/\/tunein.com\/radio\/home\/\">Radios Mundiales<\/a><br><a href=\"https:\/\/www.facebook.com\/\">Facebook<\/a> \u00b7 <a href=\"https:\/\/www.linkedin.com\/\">LinkedIn<\/a> \u00b7 <a href=\"https:\/\/x.com\/\">X (Twitter)<\/a> \u00b7 <a href=\"https:\/\/www.pinterest.es\/pinterest\/\">Pinterest<\/a><br><a title=\"Pel\u00edculas en los cines Movie\" href=\"https:\/\/www.movie.com.uy\/\">Cine<\/a> \u00b7 <a href=\"https:\/\/montevideo.gub.uy\/tipo\/area-tematica\/cultura-y-tiempo-libre\">Espect\u00e1culos<\/a> \u00b7 <a href=\"https:\/\/www.futbol.com.uy\/\">F\u00fatbol<\/a> \u00b7 <a title=\"Loter\u00eda\" href=\"https:\/\/www.loteria.gub.uy\/\">Loter\u00eda<\/a> \u00b7 <a style=\"background-color: #ffff99;\" title=\"5 de Oro, Quiniela, T\u00f3mbola, Supermatch\" href=\"https:\/\/www.labanca.com.uy\/\">5 de Oro<\/a> \u00b7 <a href=\"https:\/\/www.univision.com\/entretenimiento\/horoscopos\">Hor\u00f3scopos<\/a><\/p>\n\n\n\n<p class=\"has-text-align-center alerta has-ast-global-color-4-color has-vivid-red-background-color has-text-color has-background\"><strong><a href=\"https:\/\/wp.me\/pagsuC-ihr\">AnyDesk hackeado<\/a><\/strong> Si lo tiene y no lo usa, recomendamos borrarlo y cesar su uso temporalmente.<\/p>\n\n\n\n<div class=\"inherit-container-width wp-block-group bg-cel is-layout-constrained wp-block-group-is-layout-constrained\"><div class=\"wp-block-group__inner-container\">\n<h4 class=\"wp-block-heading has-ast-global-color-5-color has-text-color\">Destacado en el blog:<\/h4>\n\n\n\n<p><a href=\"https:\/\/www.idearius.com\/es\/blog\/preguntas-y-respuestas-rapidas-sobre-google-ads-para-pymes\/\">Preguntas y respuestas r\u00e1pidas sobre Google Ads<\/a><br><a href=\"https:\/\/www.idearius.com\/es\/blog\/5-recomendaciones-de-ciberseguridad-para-compartir\/\">5 recomendaciones de ciberseguridad para compartir<\/a><br><a href=\"https:\/\/www.idearius.com\/es\/blog\/cuales-son-los-errores-mas-comunes-al-respaldar-datos-de-computadoras\/\">Los errores m\u00e1s comunes al respaldar datos de computadoras<\/a><br><a href=\"https:\/\/www.idearius.com\/es\/blog\/las-mejores-recomendaciones-para-participar-de-videoconferencias-exitosas\/\">Recomendaciones para participar de videoconferencias<\/a><\/p>\n<\/div><\/div>\n<\/div>\n<\/div>\n\n\n\n<p class=\"has-text-align-center\"><a style=\"font-weight: bold;\" href=\"?p=3151\">Pedido de equipos e insumos<\/a> | Defina esta p\u00e1gina como su p\u00e1gina de inicio en 4 pasos: <a title=\"Instrucciones para Mozilla Firefox\" href=\"https:\/\/www.idearius.com\/es\/index.php?p=9\">Firefox<\/a>, <a title=\"Instrucciones para Microsoft Internet Explorer\" href=\"https:\/\/www.idearius.com\/es\/index.php?p=5\">Edge<\/a>, <a title=\"Instrucciones para Apple Safari\" href=\"https:\/\/www.idearius.com\/es\/index.php?p=1598\">Safari<\/a>.<\/p>\n","protected":false},"excerpt":{"rendered":"<p>P\u00e1gina con accesos pr\u00e1cticos para cargar al comenzar el d\u00eda en las empresas de Uruguay: enlaces a bancos, impuestos, servicios p\u00fablicos, terminales de transporte, tel\u00e9fonos y c\u00f3digos postales, correo, clima. Incluye tambi\u00e9n alertas de seguridad por amenazas recientes en Internet y enlaces a art\u00edculos sobre productividad y temas afines.<\/p>\n","protected":false},"author":1,"featured_media":0,"parent":0,"menu_order":0,"comment_status":"closed","ping_status":"closed","template":"","meta":{"_lmt_disableupdate":"","_lmt_disable":"","site-sidebar-layout":"default","site-content-layout":"default","ast-site-content-layout":"default","site-content-style":"default","site-sidebar-style":"default","ast-global-header-display":"","ast-banner-title-visibility":"","ast-main-header-display":"","ast-hfb-above-header-display":"","ast-hfb-below-header-display":"","ast-hfb-mobile-header-display":"","site-post-title":"","ast-breadcrumbs-content":"","ast-featured-img":"","footer-sml-layout":"","ast-disable-related-posts":"","theme-transparent-header-meta":"default","adv-header-id-meta":"","stick-header-meta":"","header-above-stick-meta":"","header-main-stick-meta":"","header-below-stick-meta":"","astra-migrate-meta-layouts":"set","ast-page-background-enabled":"default","ast-page-background-meta":{"desktop":{"background-color":"var(--ast-global-color-4)","background-image":"","background-repeat":"repeat","background-position":"center center","background-size":"auto","background-attachment":"scroll","background-type":"","background-media":"","overlay-type":"","overlay-color":"","overlay-opacity":"","overlay-gradient":""},"tablet":{"background-color":"","background-image":"","background-repeat":"repeat","background-position":"center center","background-size":"auto","background-attachment":"scroll","background-type":"","background-media":"","overlay-type":"","overlay-color":"","overlay-opacity":"","overlay-gradient":""},"mobile":{"background-color":"","background-image":"","background-repeat":"repeat","background-position":"center center","background-size":"auto","background-attachment":"scroll","background-type":"","background-media":"","overlay-type":"","overlay-color":"","overlay-opacity":"","overlay-gradient":""}},"ast-content-background-meta":{"desktop":{"background-color":"var(--ast-global-color-5)","background-image":"","background-repeat":"repeat","background-position":"center center","background-size":"auto","background-attachment":"scroll","background-type":"","background-media":"","overlay-type":"","overlay-color":"","overlay-opacity":"","overlay-gradient":""},"tablet":{"background-color":"var(--ast-global-color-5)","background-image":"","background-repeat":"repeat","background-position":"center center","background-size":"auto","background-attachment":"scroll","background-type":"","background-media":"","overlay-type":"","overlay-color":"","overlay-opacity":"","overlay-gradient":""},"mobile":{"background-color":"var(--ast-global-color-5)","background-image":"","background-repeat":"repeat","background-position":"center center","background-size":"auto","background-attachment":"scroll","background-type":"","background-media":"","overlay-type":"","overlay-color":"","overlay-opacity":"","overlay-gradient":""}},"footnotes":""},"class_list":["post-15","page","type-page","status-publish","hentry"],"_links":{"self":[{"href":"https:\/\/www.idearius.com\/es\/wp-json\/wp\/v2\/pages\/15","targetHints":{"allow":["GET"]}}],"collection":[{"href":"https:\/\/www.idearius.com\/es\/wp-json\/wp\/v2\/pages"}],"about":[{"href":"https:\/\/www.idearius.com\/es\/wp-json\/wp\/v2\/types\/page"}],"author":[{"embeddable":true,"href":"https:\/\/www.idearius.com\/es\/wp-json\/wp\/v2\/users\/1"}],"replies":[{"embeddable":true,"href":"https:\/\/www.idearius.com\/es\/wp-json\/wp\/v2\/comments?post=15"}],"version-history":[{"count":42,"href":"https:\/\/www.idearius.com\/es\/wp-json\/wp\/v2\/pages\/15\/revisions"}],"predecessor-version":[{"id":5435,"href":"https:\/\/www.idearius.com\/es\/wp-json\/wp\/v2\/pages\/15\/revisions\/5435"}],"wp:attachment":[{"href":"https:\/\/www.idearius.com\/es\/wp-json\/wp\/v2\/media?parent=15"}],"curies":[{"name":"wp","href":"https:\/\/api.w.org\/{rel}","templated":true}]}}