{"id":157,"date":"2008-11-08T12:02:09","date_gmt":"2008-11-08T14:02:09","guid":{"rendered":"http:\/\/www.idearius.com\/es\/?page_id=157"},"modified":"2022-04-05T11:55:26","modified_gmt":"2022-04-05T14:55:26","slug":"rollups","status":"publish","type":"page","link":"https:\/\/www.idearius.com\/es\/diseno-grafico\/rollups\/","title":{"rendered":"Rollups"},"content":{"rendered":"\n<div class=\"wp-block-columns is-layout-flex wp-container-core-columns-is-layout-28f84493 wp-block-columns-is-layout-flex\">\n<div class=\"wp-block-column is-layout-flow wp-block-column-is-layout-flow\" style=\"flex-basis:75%\">\n<p><strong>Carteles enrollables personalizados para que destaque en su pr\u00f3ximo evento y comunique mejor nuevos servicios<\/strong>. Impreso en gran tama\u00f1o, con materiales de alta calidad y colores vibrantes, su mensaje siempre destacar\u00e1 entre la multitud.<\/p>\n\n\n\n<p>Los carteles rollup son de traslado e instalaci\u00f3n sencillos, vienen con sostenes telesc\u00f3picos y est\u00e1n disponibles en una amplia gama de anchos. Cuando no est\u00e1n en uso, sus gr\u00e1ficos est\u00e1n protegidos por estar enrollados en una base de aluminio durable.<\/p>\n\n\n\n<div class=\"wp-block-image\"><figure class=\"aligncenter\"><img loading=\"lazy\" decoding=\"async\" width=\"600\" height=\"500\" src=\"https:\/\/www.idearius.com\/es\/wp-content\/uploads\/client-rollups.png\" alt=\"client-rollups\" class=\"wp-image-2008\" srcset=\"https:\/\/www.idearius.com\/es\/wp-content\/uploads\/client-rollups.png 600w, https:\/\/www.idearius.com\/es\/wp-content\/uploads\/client-rollups-300x250.png 300w, https:\/\/www.idearius.com\/es\/wp-content\/uploads\/client-rollups-220x183.png 220w, https:\/\/www.idearius.com\/es\/wp-content\/uploads\/client-rollups-187x156.png 187w, https:\/\/www.idearius.com\/es\/wp-content\/uploads\/client-rollups-453x378.png 453w\" sizes=\"auto, (max-width: 600px) 100vw, 600px\" \/><\/figure><\/div>\n<\/div>\n\n\n\n<div class=\"wp-block-column is-layout-flow wp-block-column-is-layout-flow\" style=\"flex-basis:25%\">\n<p><a class=\"sendbutton\" href=\"index.php?page_id=2\">Cons\u00faltenos aqu\u00ed<\/a><\/p>\n\n\n\n<h4 class=\"wp-block-heading\">Otros servicios de dise\u00f1o gr\u00e1fico para empresas:<\/h4>\n\n\n\n<ul class=\"wp-block-list\"><li><a href=\"index.php?page_id=73\">logotipos<\/a><\/li><li><a href=\"index.php?page_id=53\">tarjetas personales<\/a><\/li><li><a href=\"index.php?page_id=52\">carteles<\/a><\/li><li><a href=\"index.php?page_id=51\">paneles<\/a><\/li><li><a href=\"index.php?page_id=282\">presentaciones<\/a><\/li><li><a href=\"index.php?page_id=54\">volantes y folletos<\/a><\/li><\/ul>\n<\/div>\n<\/div>\n","protected":false},"excerpt":{"rendered":"<p>Carteles enrollables personalizados para que destaque en su pr\u00f3ximo evento y comunique mejor nuevos servicios. Impreso en gran tama\u00f1o, con materiales de alta calidad y colores vibrantes, su mensaje siempre destacar\u00e1 entre la multitud. Los carteles rollup son de traslado e instalaci\u00f3n sencillos, vienen con sostenes telesc\u00f3picos y est\u00e1n disponibles en una amplia gama de [&hellip;]<\/p>\n","protected":false},"author":1,"featured_media":0,"parent":13,"menu_order":0,"comment_status":"closed","ping_status":"closed","template":"","meta":{"_lmt_disableupdate":"","_lmt_disable":"","site-sidebar-layout":"default","site-content-layout":"default","ast-site-content-layout":"default","site-content-style":"default","site-sidebar-style":"default","ast-global-header-display":"","ast-banner-title-visibility":"","ast-main-header-display":"","ast-hfb-above-header-display":"","ast-hfb-below-header-display":"","ast-hfb-mobile-header-display":"","site-post-title":"","ast-breadcrumbs-content":"","ast-featured-img":"","footer-sml-layout":"","ast-disable-related-posts":"","theme-transparent-header-meta":"default","adv-header-id-meta":"","stick-header-meta":"","header-above-stick-meta":"","header-main-stick-meta":"","header-below-stick-meta":"","astra-migrate-meta-layouts":"default","ast-page-background-enabled":"default","ast-page-background-meta":{"desktop":{"background-color":"var(--ast-global-color-4)","background-image":"","background-repeat":"repeat","background-position":"center center","background-size":"auto","background-attachment":"scroll","background-type":"","background-media":"","overlay-type":"","overlay-color":"","overlay-opacity":"","overlay-gradient":""},"tablet":{"background-color":"","background-image":"","background-repeat":"repeat","background-position":"center center","background-size":"auto","background-attachment":"scroll","background-type":"","background-media":"","overlay-type":"","overlay-color":"","overlay-opacity":"","overlay-gradient":""},"mobile":{"background-color":"","background-image":"","background-repeat":"repeat","background-position":"center center","background-size":"auto","background-attachment":"scroll","background-type":"","background-media":"","overlay-type":"","overlay-color":"","overlay-opacity":"","overlay-gradient":""}},"ast-content-background-meta":{"desktop":{"background-color":"var(--ast-global-color-5)","background-image":"","background-repeat":"repeat","background-position":"center center","background-size":"auto","background-attachment":"scroll","background-type":"","background-media":"","overlay-type":"","overlay-color":"","overlay-opacity":"","overlay-gradient":""},"tablet":{"background-color":"var(--ast-global-color-5)","background-image":"","background-repeat":"repeat","background-position":"center center","background-size":"auto","background-attachment":"scroll","background-type":"","background-media":"","overlay-type":"","overlay-color":"","overlay-opacity":"","overlay-gradient":""},"mobile":{"background-color":"var(--ast-global-color-5)","background-image":"","background-repeat":"repeat","background-position":"center center","background-size":"auto","background-attachment":"scroll","background-type":"","background-media":"","overlay-type":"","overlay-color":"","overlay-opacity":"","overlay-gradient":""}},"footnotes":""},"class_list":["post-157","page","type-page","status-publish","hentry"],"_links":{"self":[{"href":"https:\/\/www.idearius.com\/es\/wp-json\/wp\/v2\/pages\/157","targetHints":{"allow":["GET"]}}],"collection":[{"href":"https:\/\/www.idearius.com\/es\/wp-json\/wp\/v2\/pages"}],"about":[{"href":"https:\/\/www.idearius.com\/es\/wp-json\/wp\/v2\/types\/page"}],"author":[{"embeddable":true,"href":"https:\/\/www.idearius.com\/es\/wp-json\/wp\/v2\/users\/1"}],"replies":[{"embeddable":true,"href":"https:\/\/www.idearius.com\/es\/wp-json\/wp\/v2\/comments?post=157"}],"version-history":[{"count":23,"href":"https:\/\/www.idearius.com\/es\/wp-json\/wp\/v2\/pages\/157\/revisions"}],"predecessor-version":[{"id":4746,"href":"https:\/\/www.idearius.com\/es\/wp-json\/wp\/v2\/pages\/157\/revisions\/4746"}],"up":[{"embeddable":true,"href":"https:\/\/www.idearius.com\/es\/wp-json\/wp\/v2\/pages\/13"}],"wp:attachment":[{"href":"https:\/\/www.idearius.com\/es\/wp-json\/wp\/v2\/media?parent=157"}],"curies":[{"name":"wp","href":"https:\/\/api.w.org\/{rel}","templated":true}]}}