{"id":16,"date":"2008-05-26T23:52:37","date_gmt":"2008-05-27T02:52:37","guid":{"rendered":"http:\/\/www.idearius.com\/es\/?page_id=16"},"modified":"2025-07-28T10:20:16","modified_gmt":"2025-07-28T13:20:16","slug":"trabajo-para-circulo-militar-general-artigas","status":"publish","type":"page","link":"https:\/\/www.idearius.com\/es\/internet\/trabajo-para-circulo-militar-general-artigas\/","title":{"rendered":"Trabajo para C\u00edrculo Militar \u00abGeneral Artigas\u00bb"},"content":{"rendered":"\n<div class=\"wp-block-columns is-layout-flex wp-container-core-columns-is-layout-28f84493 wp-block-columns-is-layout-flex\">\n<div class=\"wp-block-column is-layout-flow wp-block-column-is-layout-flow\" style=\"flex-basis:66.66%\">\n<p>C\u00edrculo Militar General Artigas, Montevideo, Uruguay (2001-2002).<\/p>\n\n\n\n<p>Construimos un sitio web institucional para el C\u00edrculo Militar y la Biblioteca Artiguista, la mayor referencia de la vida y obra del Pr\u00f3cer de los Orientales, el General Jos\u00e9 Gervasio Artigas, que fue el <strong>primer sitio web dedicado a Artigas<\/strong>.<\/p>\n\n\n\n<p>La primer etapa de desarrollo incluy\u00f3 la planificaci\u00f3n para publicar cientos de libros hist\u00f3ricos de la Biblioteca Nacional y coleccionistas privados.<\/p>\n\n\n\n<p>En setiembre de 2004, en el concurso \u00abPericom.uy\u00bb para seleccionar el mejor sitio web de Uruguay (organizado por la compa\u00f1\u00eda uruguaya estatal de telecomunicaciones <a href=\"https:\/\/www.antel.com.uy\/\">ANTEL<\/a>) la Biblioteca Artiguista gan\u00f3 el <a href=\"https:\/\/web.archive.org\/web\/20080530134405\/http:\/\/www.antel.com.uy:80\/portal\/hgxpp001.aspx?2,367,353,O,S,0,PAG;CONC;962;3;D;4526;1;PAG;MNU;E;106;9;MNU;,\"><strong>primer premio en la categor\u00eda Educaci\u00f3n<\/strong><\/a>.<\/p>\n<\/div>\n\n\n\n<div class=\"wp-block-column is-layout-flow wp-block-column-is-layout-flow\" style=\"flex-basis:33.33%\">\n<figure class=\"wp-block-image aligncenter\"><img loading=\"lazy\" decoding=\"async\" width=\"300\" height=\"250\" src=\"http:\/\/www.idearius.com\/es\/wp-content\/uploads\/client-web-artigas.jpg\" alt=\"Desarrollo web para artigas.org.uy\" class=\"wp-image-18\" title=\"Desarrollo web para artigas.org.uy\"\/><\/figure>\n<\/div>\n<\/div>\n","protected":false},"excerpt":{"rendered":"<p>C\u00edrculo Militar General Artigas, Montevideo, Uruguay (2001-2002). Construimos un sitio web institucional para el C\u00edrculo Militar y la Biblioteca Artiguista, la mayor referencia de la vida y obra del Pr\u00f3cer de los Orientales, el General Jos\u00e9 Gervasio Artigas, que fue el primer sitio web dedicado a Artigas. La primer etapa de desarrollo incluy\u00f3 la planificaci\u00f3n [&hellip;]<\/p>\n","protected":false},"author":1,"featured_media":0,"parent":8,"menu_order":0,"comment_status":"closed","ping_status":"open","template":"","meta":{"_lmt_disableupdate":"","_lmt_disable":"","site-sidebar-layout":"default","site-content-layout":"","ast-site-content-layout":"default","site-content-style":"default","site-sidebar-style":"default","ast-global-header-display":"","ast-banner-title-visibility":"","ast-main-header-display":"","ast-hfb-above-header-display":"","ast-hfb-below-header-display":"","ast-hfb-mobile-header-display":"","site-post-title":"","ast-breadcrumbs-content":"","ast-featured-img":"","footer-sml-layout":"","ast-disable-related-posts":"","theme-transparent-header-meta":"","adv-header-id-meta":"","stick-header-meta":"","header-above-stick-meta":"","header-main-stick-meta":"","header-below-stick-meta":"","astra-migrate-meta-layouts":"set","ast-page-background-enabled":"default","ast-page-background-meta":{"desktop":{"background-color":"var(--ast-global-color-4)","background-image":"","background-repeat":"repeat","background-position":"center center","background-size":"auto","background-attachment":"scroll","background-type":"","background-media":"","overlay-type":"","overlay-color":"","overlay-opacity":"","overlay-gradient":""},"tablet":{"background-color":"","background-image":"","background-repeat":"repeat","background-position":"center center","background-size":"auto","background-attachment":"scroll","background-type":"","background-media":"","overlay-type":"","overlay-color":"","overlay-opacity":"","overlay-gradient":""},"mobile":{"background-color":"","background-image":"","background-repeat":"repeat","background-position":"center center","background-size":"auto","background-attachment":"scroll","background-type":"","background-media":"","overlay-type":"","overlay-color":"","overlay-opacity":"","overlay-gradient":""}},"ast-content-background-meta":{"desktop":{"background-color":"var(--ast-global-color-5)","background-image":"","background-repeat":"repeat","background-position":"center center","background-size":"auto","background-attachment":"scroll","background-type":"","background-media":"","overlay-type":"","overlay-color":"","overlay-opacity":"","overlay-gradient":""},"tablet":{"background-color":"var(--ast-global-color-5)","background-image":"","background-repeat":"repeat","background-position":"center center","background-size":"auto","background-attachment":"scroll","background-type":"","background-media":"","overlay-type":"","overlay-color":"","overlay-opacity":"","overlay-gradient":""},"mobile":{"background-color":"var(--ast-global-color-5)","background-image":"","background-repeat":"repeat","background-position":"center center","background-size":"auto","background-attachment":"scroll","background-type":"","background-media":"","overlay-type":"","overlay-color":"","overlay-opacity":"","overlay-gradient":""}},"footnotes":""},"class_list":["post-16","page","type-page","status-publish","hentry"],"_links":{"self":[{"href":"https:\/\/www.idearius.com\/es\/wp-json\/wp\/v2\/pages\/16","targetHints":{"allow":["GET"]}}],"collection":[{"href":"https:\/\/www.idearius.com\/es\/wp-json\/wp\/v2\/pages"}],"about":[{"href":"https:\/\/www.idearius.com\/es\/wp-json\/wp\/v2\/types\/page"}],"author":[{"embeddable":true,"href":"https:\/\/www.idearius.com\/es\/wp-json\/wp\/v2\/users\/1"}],"replies":[{"embeddable":true,"href":"https:\/\/www.idearius.com\/es\/wp-json\/wp\/v2\/comments?post=16"}],"version-history":[{"count":7,"href":"https:\/\/www.idearius.com\/es\/wp-json\/wp\/v2\/pages\/16\/revisions"}],"predecessor-version":[{"id":5462,"href":"https:\/\/www.idearius.com\/es\/wp-json\/wp\/v2\/pages\/16\/revisions\/5462"}],"up":[{"embeddable":true,"href":"https:\/\/www.idearius.com\/es\/wp-json\/wp\/v2\/pages\/8"}],"wp:attachment":[{"href":"https:\/\/www.idearius.com\/es\/wp-json\/wp\/v2\/media?parent=16"}],"curies":[{"name":"wp","href":"https:\/\/api.w.org\/{rel}","templated":true}]}}