{"id":19,"date":"2008-05-26T23:59:57","date_gmt":"2008-05-27T02:59:57","guid":{"rendered":"http:\/\/www.idearius.com\/es\/?page_id=19"},"modified":"2025-07-28T09:44:21","modified_gmt":"2025-07-28T12:44:21","slug":"trabajo-para-direccion-general-de-casinos-del-estado","status":"publish","type":"page","link":"https:\/\/www.idearius.com\/es\/internet\/trabajo-para-direccion-general-de-casinos-del-estado\/","title":{"rendered":"Trabajo para Direcci\u00f3n General de Casinos del Estado"},"content":{"rendered":"\n<div class=\"wp-block-columns is-layout-flex wp-container-core-columns-is-layout-28f84493 wp-block-columns-is-layout-flex\">\n<div class=\"wp-block-column is-layout-flow wp-block-column-is-layout-flow\" style=\"flex-basis:66.66%\">\n<h2 class=\"wp-block-heading\">Web institucional<\/h2>\n\n\n\n<p>Direcci\u00f3n General de Casinos, Ministerio de Econom\u00eda y Finanzas. Montevideo, Uruguay (2004-2010).<\/p>\n\n\n\n<p><strong>Primer sitio web de la DGC<\/strong>, para realzar la imagen institucional reflejando una marcada expansi\u00f3n en el volumen de sus operaciones y en la calidad de sus servicios.<\/p>\n\n\n\n<p>Regularmente, se publicaba informaci\u00f3n sobre llamados para el ingreso de personal calificado.<br><\/p>\n<\/div>\n\n\n\n<div class=\"wp-block-column is-layout-flow wp-block-column-is-layout-flow\" style=\"flex-basis:33.33%\">\n<figure class=\"wp-block-image aligncenter\"><img loading=\"lazy\" decoding=\"async\" width=\"300\" height=\"187\" src=\"http:\/\/www.idearius.com\/es\/wp-content\/uploads\/client-web-dgc.jpg\" alt=\"Desarrollo web para la Direcci\u00f3n General de Casinos del Estado\" class=\"wp-image-20\" title=\"Desarrollo web para la Direcci\u00f3n General de Casinos del Estado\"\/><\/figure>\n<\/div>\n<\/div>\n\n\n\n<div class=\"wp-block-columns is-layout-flex wp-container-core-columns-is-layout-28f84493 wp-block-columns-is-layout-flex\">\n<div class=\"wp-block-column is-layout-flow wp-block-column-is-layout-flow\" style=\"flex-basis:66.66%\">\n<h2 class=\"wp-block-heading\">Web para la licitaci\u00f3n p\u00fablica internacional del Hip\u00f3dromo Nacional de Maro\u00f1as<\/h2>\n\n\n\n<p>Direcci\u00f3n General de Casinos. Ministerio de Econom\u00eda y Finanzas. Montevideo, Uruguay (1999, 2001).<\/p>\n\n\n\n<p>Brindaba textos licitatorios en espa\u00f1ol e ingl\u00e9s e informaci\u00f3n complementaria para posibles oferentes en la Licitaci\u00f3n P\u00fablica Internacional del Hip\u00f3dromo Nacional de Maro\u00f1as.<\/p>\n\n\n\n<p>Fue el <strong>primer sitio Web en Uruguay para una licitaci\u00f3n p\u00fablica internacional<\/strong>.<br><\/p>\n<\/div>\n\n\n\n<div class=\"wp-block-column is-layout-flow wp-block-column-is-layout-flow\" style=\"flex-basis:33.33%\">\n<figure class=\"wp-block-image aligncenter\"><img loading=\"lazy\" decoding=\"async\" width=\"300\" height=\"220\" src=\"http:\/\/www.idearius.com\/es\/wp-content\/uploads\/client-web-dgc-licitacion-maronas.jpg\" alt=\"Desarrollo web para la Direcci\u00f3n General de Casinos del Estado (Hip\u00f3dromo Nacional de Maro\u00f1as)\" class=\"wp-image-21\" title=\"Desarrollo web para la Direcci\u00f3n General de Casinos del Estado (Hip\u00f3dromo Nacional de Maro\u00f1as)\"\/><\/figure>\n<\/div>\n<\/div>\n","protected":false},"excerpt":{"rendered":"<p>Web institucional Direcci\u00f3n General de Casinos, Ministerio de Econom\u00eda y Finanzas. Montevideo, Uruguay (2004-2010). Primer sitio web de la DGC, para realzar la imagen institucional reflejando una marcada expansi\u00f3n en el volumen de sus operaciones y en la calidad de sus servicios. Regularmente, se publicaba informaci\u00f3n sobre llamados para el ingreso de personal calificado. Web [&hellip;]<\/p>\n","protected":false},"author":1,"featured_media":0,"parent":8,"menu_order":0,"comment_status":"closed","ping_status":"open","template":"","meta":{"_lmt_disableupdate":"","_lmt_disable":"","site-sidebar-layout":"default","site-content-layout":"","ast-site-content-layout":"default","site-content-style":"default","site-sidebar-style":"default","ast-global-header-display":"","ast-banner-title-visibility":"","ast-main-header-display":"","ast-hfb-above-header-display":"","ast-hfb-below-header-display":"","ast-hfb-mobile-header-display":"","site-post-title":"","ast-breadcrumbs-content":"","ast-featured-img":"","footer-sml-layout":"","ast-disable-related-posts":"","theme-transparent-header-meta":"","adv-header-id-meta":"","stick-header-meta":"","header-above-stick-meta":"","header-main-stick-meta":"","header-below-stick-meta":"","astra-migrate-meta-layouts":"set","ast-page-background-enabled":"default","ast-page-background-meta":{"desktop":{"background-color":"var(--ast-global-color-4)","background-image":"","background-repeat":"repeat","background-position":"center center","background-size":"auto","background-attachment":"scroll","background-type":"","background-media":"","overlay-type":"","overlay-color":"","overlay-opacity":"","overlay-gradient":""},"tablet":{"background-color":"","background-image":"","background-repeat":"repeat","background-position":"center center","background-size":"auto","background-attachment":"scroll","background-type":"","background-media":"","overlay-type":"","overlay-color":"","overlay-opacity":"","overlay-gradient":""},"mobile":{"background-color":"","background-image":"","background-repeat":"repeat","background-position":"center center","background-size":"auto","background-attachment":"scroll","background-type":"","background-media":"","overlay-type":"","overlay-color":"","overlay-opacity":"","overlay-gradient":""}},"ast-content-background-meta":{"desktop":{"background-color":"var(--ast-global-color-5)","background-image":"","background-repeat":"repeat","background-position":"center center","background-size":"auto","background-attachment":"scroll","background-type":"","background-media":"","overlay-type":"","overlay-color":"","overlay-opacity":"","overlay-gradient":""},"tablet":{"background-color":"var(--ast-global-color-5)","background-image":"","background-repeat":"repeat","background-position":"center center","background-size":"auto","background-attachment":"scroll","background-type":"","background-media":"","overlay-type":"","overlay-color":"","overlay-opacity":"","overlay-gradient":""},"mobile":{"background-color":"var(--ast-global-color-5)","background-image":"","background-repeat":"repeat","background-position":"center center","background-size":"auto","background-attachment":"scroll","background-type":"","background-media":"","overlay-type":"","overlay-color":"","overlay-opacity":"","overlay-gradient":""}},"footnotes":""},"class_list":["post-19","page","type-page","status-publish","hentry"],"_links":{"self":[{"href":"https:\/\/www.idearius.com\/es\/wp-json\/wp\/v2\/pages\/19","targetHints":{"allow":["GET"]}}],"collection":[{"href":"https:\/\/www.idearius.com\/es\/wp-json\/wp\/v2\/pages"}],"about":[{"href":"https:\/\/www.idearius.com\/es\/wp-json\/wp\/v2\/types\/page"}],"author":[{"embeddable":true,"href":"https:\/\/www.idearius.com\/es\/wp-json\/wp\/v2\/users\/1"}],"replies":[{"embeddable":true,"href":"https:\/\/www.idearius.com\/es\/wp-json\/wp\/v2\/comments?post=19"}],"version-history":[{"count":5,"href":"https:\/\/www.idearius.com\/es\/wp-json\/wp\/v2\/pages\/19\/revisions"}],"predecessor-version":[{"id":5451,"href":"https:\/\/www.idearius.com\/es\/wp-json\/wp\/v2\/pages\/19\/revisions\/5451"}],"up":[{"embeddable":true,"href":"https:\/\/www.idearius.com\/es\/wp-json\/wp\/v2\/pages\/8"}],"wp:attachment":[{"href":"https:\/\/www.idearius.com\/es\/wp-json\/wp\/v2\/media?parent=19"}],"curies":[{"name":"wp","href":"https:\/\/api.w.org\/{rel}","templated":true}]}}