{"id":2032,"date":"2016-03-15T16:38:12","date_gmt":"2016-03-15T19:38:12","guid":{"rendered":"http:\/\/www.idearius.com\/es\/?page_id=2032"},"modified":"2025-07-28T09:56:29","modified_gmt":"2025-07-28T12:56:29","slug":"trabajo-para-multicar-rent-a-car","status":"publish","type":"page","link":"https:\/\/www.idearius.com\/es\/internet\/trabajo-para-multicar-rent-a-car\/","title":{"rendered":"Trabajo para Multicar Rent-A-Car"},"content":{"rendered":"\n<div class=\"wp-block-columns is-layout-flex wp-container-core-columns-is-layout-28f84493 wp-block-columns-is-layout-flex\">\n<div class=\"wp-block-column is-layout-flow wp-block-column-is-layout-flow\" style=\"flex-basis:66.66%\">\n<p>Multicar Rent-A-Car, Montevideo, Uruguay (1999-2015).<\/p>\n\n\n\n<p>Buscaba liderar la categor\u00eda de alquiler de autos en la Web, uniformizar criterios entre agencias y reducir costos en un campo altamente competitivo.<\/p>\n\n\n\n<p>La mayor empresa del ramo en Uruguay, pionera en Internet (1997), reformul\u00f3 esfuerzos con servicios de valor agregado en la Web. Tuvo crecimientos anuales en su tr\u00e1fico de m\u00e1s del 100%, super\u00f3 el mill\u00f3n de visitas y cont\u00f3 con decenas de miles de d\u00f3lares en reservas mensuales.<\/p>\n\n\n\n<p>Se trabaj\u00f3 permanentemente el posicionamiento en buscadores (SEO), se cre\u00f3 y administr\u00f3 la p\u00e1gina en Facebook y Twitter, y se crearon plantillas para correo electr\u00f3nico, fax y documentos ISO-9001, carteles, instructivos, gu\u00edas r\u00e1pidas y pol\u00edticas.<\/p>\n\n\n\n<p>Tambi\u00e9n se brindaron servicios de administraci\u00f3n de redes, soporte t\u00e9cnico y asesoramiento para la red segura que interconecta las agencias distribuidas en todo Uruguay.<br><\/p>\n<\/div>\n\n\n\n<div class=\"wp-block-column is-layout-flow wp-block-column-is-layout-flow\" style=\"flex-basis:33.33%\">\n<figure class=\"wp-block-image aligncenter\"><img loading=\"lazy\" decoding=\"async\" width=\"300\" height=\"234\" src=\"http:\/\/www.idearius.com\/es\/wp-content\/uploads\/client-web-multicar-300x234.png\" alt=\"Desarrollo web para Multicar Rent-A-Car\" class=\"wp-image-2047\" srcset=\"https:\/\/www.idearius.com\/es\/wp-content\/uploads\/client-web-multicar-300x234.png 300w, https:\/\/www.idearius.com\/es\/wp-content\/uploads\/client-web-multicar-768x599.png 768w, https:\/\/www.idearius.com\/es\/wp-content\/uploads\/client-web-multicar-220x172.png 220w, https:\/\/www.idearius.com\/es\/wp-content\/uploads\/client-web-multicar-187x146.png 187w, https:\/\/www.idearius.com\/es\/wp-content\/uploads\/client-web-multicar-453x353.png 453w, https:\/\/www.idearius.com\/es\/wp-content\/uploads\/client-web-multicar.png 1000w\" sizes=\"auto, (max-width: 300px) 100vw, 300px\" \/><\/figure>\n<\/div>\n<\/div>\n","protected":false},"excerpt":{"rendered":"<p>Multicar Rent-A-Car, Montevideo, Uruguay (1999-2015). Buscaba liderar la categor\u00eda de alquiler de autos en la Web, uniformizar criterios entre agencias y reducir costos en un campo altamente competitivo. La mayor empresa del ramo en Uruguay, pionera en Internet (1997), reformul\u00f3 esfuerzos con servicios de valor agregado en la Web. Tuvo crecimientos anuales en su tr\u00e1fico [&hellip;]<\/p>\n","protected":false},"author":1,"featured_media":0,"parent":8,"menu_order":0,"comment_status":"closed","ping_status":"closed","template":"","meta":{"_lmt_disableupdate":"","_lmt_disable":"","site-sidebar-layout":"default","site-content-layout":"","ast-site-content-layout":"default","site-content-style":"default","site-sidebar-style":"default","ast-global-header-display":"","ast-banner-title-visibility":"","ast-main-header-display":"","ast-hfb-above-header-display":"","ast-hfb-below-header-display":"","ast-hfb-mobile-header-display":"","site-post-title":"","ast-breadcrumbs-content":"","ast-featured-img":"","footer-sml-layout":"","ast-disable-related-posts":"","theme-transparent-header-meta":"","adv-header-id-meta":"","stick-header-meta":"","header-above-stick-meta":"","header-main-stick-meta":"","header-below-stick-meta":"","astra-migrate-meta-layouts":"set","ast-page-background-enabled":"default","ast-page-background-meta":{"desktop":{"background-color":"var(--ast-global-color-4)","background-image":"","background-repeat":"repeat","background-position":"center center","background-size":"auto","background-attachment":"scroll","background-type":"","background-media":"","overlay-type":"","overlay-color":"","overlay-opacity":"","overlay-gradient":""},"tablet":{"background-color":"","background-image":"","background-repeat":"repeat","background-position":"center center","background-size":"auto","background-attachment":"scroll","background-type":"","background-media":"","overlay-type":"","overlay-color":"","overlay-opacity":"","overlay-gradient":""},"mobile":{"background-color":"","background-image":"","background-repeat":"repeat","background-position":"center center","background-size":"auto","background-attachment":"scroll","background-type":"","background-media":"","overlay-type":"","overlay-color":"","overlay-opacity":"","overlay-gradient":""}},"ast-content-background-meta":{"desktop":{"background-color":"var(--ast-global-color-5)","background-image":"","background-repeat":"repeat","background-position":"center center","background-size":"auto","background-attachment":"scroll","background-type":"","background-media":"","overlay-type":"","overlay-color":"","overlay-opacity":"","overlay-gradient":""},"tablet":{"background-color":"var(--ast-global-color-5)","background-image":"","background-repeat":"repeat","background-position":"center center","background-size":"auto","background-attachment":"scroll","background-type":"","background-media":"","overlay-type":"","overlay-color":"","overlay-opacity":"","overlay-gradient":""},"mobile":{"background-color":"var(--ast-global-color-5)","background-image":"","background-repeat":"repeat","background-position":"center center","background-size":"auto","background-attachment":"scroll","background-type":"","background-media":"","overlay-type":"","overlay-color":"","overlay-opacity":"","overlay-gradient":""}},"footnotes":""},"class_list":["post-2032","page","type-page","status-publish","hentry"],"_links":{"self":[{"href":"https:\/\/www.idearius.com\/es\/wp-json\/wp\/v2\/pages\/2032","targetHints":{"allow":["GET"]}}],"collection":[{"href":"https:\/\/www.idearius.com\/es\/wp-json\/wp\/v2\/pages"}],"about":[{"href":"https:\/\/www.idearius.com\/es\/wp-json\/wp\/v2\/types\/page"}],"author":[{"embeddable":true,"href":"https:\/\/www.idearius.com\/es\/wp-json\/wp\/v2\/users\/1"}],"replies":[{"embeddable":true,"href":"https:\/\/www.idearius.com\/es\/wp-json\/wp\/v2\/comments?post=2032"}],"version-history":[{"count":5,"href":"https:\/\/www.idearius.com\/es\/wp-json\/wp\/v2\/pages\/2032\/revisions"}],"predecessor-version":[{"id":5455,"href":"https:\/\/www.idearius.com\/es\/wp-json\/wp\/v2\/pages\/2032\/revisions\/5455"}],"up":[{"embeddable":true,"href":"https:\/\/www.idearius.com\/es\/wp-json\/wp\/v2\/pages\/8"}],"wp:attachment":[{"href":"https:\/\/www.idearius.com\/es\/wp-json\/wp\/v2\/media?parent=2032"}],"curies":[{"name":"wp","href":"https:\/\/api.w.org\/{rel}","templated":true}]}}