{"id":2144,"date":"2016-05-31T19:30:33","date_gmt":"2016-05-31T22:30:33","guid":{"rendered":"http:\/\/www.idearius.com\/es\/?page_id=2144"},"modified":"2022-04-05T12:29:57","modified_gmt":"2022-04-05T15:29:57","slug":"dominios","status":"publish","type":"page","link":"https:\/\/www.idearius.com\/es\/internet\/dominios\/","title":{"rendered":"Dominios de Internet"},"content":{"rendered":"\n<div class=\"wp-block-columns is-layout-flex wp-container-core-columns-is-layout-28f84493 wp-block-columns-is-layout-flex\">\n<div class=\"wp-block-column is-layout-flow wp-block-column-is-layout-flow\" style=\"flex-basis:66.66%\">\n<p>Compra, renovaci\u00f3n, alquiler, reserva, configuraci\u00f3n, administraci\u00f3n y monitoreo de dominios en Internet en cualquier pa\u00eds: Australia, Bolivia, Chile, Colombia, Espa\u00f1a, Estados Unidos, M\u00e9xico, Paraguay, Uruguay.<\/p>\n\n\n\n<p><strong>Le ayudamos a obtener el mayor rendimiento de su inversi\u00f3n en dominios web.<\/strong><\/p>\n\n\n\n<h2 class=\"wp-block-heading\">\u00bfPara qu\u00e9 contrar\u00eda una empresa para registrar y configurar mis dominios?<\/h2>\n\n\n\n<p>Contratar a idearius para la contrataci\u00f3n y gesti\u00f3n de dominios tiene ventajas:<\/p>\n\n\n\n<div class=\"wp-block-columns is-layout-flex wp-container-core-columns-is-layout-28f84493 wp-block-columns-is-layout-flex\">\n<div class=\"wp-block-column is-layout-flow wp-block-column-is-layout-flow\">\n<ol class=\"wp-block-list\"><li><strong>Facilidad<\/strong>: obtiene una soluci\u00f3n comprensiva que no le obliga a aprender sobre procedimientos o tecnolog\u00edas nuevas y en permanente actualizaci\u00f3n.<\/li><li><strong>Rapidez<\/strong>: ya conocemos los procedimientos y configuraciones, con dominios activos en pocas horas.<\/li><li><strong>Seguridad<\/strong>: evitamos riesgos en la elecci\u00f3n comercial de dominios y en la de proveedores poco confiables o con limitaciones t\u00e9cnicas.<\/li><\/ol>\n<\/div>\n\n\n\n<div class=\"wp-block-column is-layout-flow wp-block-column-is-layout-flow\">\n<ol class=\"wp-block-list\" start=\"4\"><li><strong>Tranquilidad<\/strong>: evitamos fallos por vencimientos inesperados y hacemos el seguimiento de todos sus dominios e incluso de los de su competencia.<\/li><li><strong>Estrategia<\/strong>: su nombre de dominio determina c\u00f3mo le encontrar\u00e1n en l\u00ednea, impacta en sus ventas y en los gastos de promoci\u00f3n; en idearius consideramos esto al recomendar, comprar, alquilar, dar de baja y migrar dominios.<\/li><li><strong>Tiempo<\/strong>: le liberamos para que pueda dedicar su tiempo a su negocio.<\/li><\/ol>\n<\/div>\n<\/div>\n<\/div>\n\n\n\n<div class=\"wp-block-column is-layout-flow wp-block-column-is-layout-flow\" style=\"flex-basis:33.33%\">\n<div style=\"position:relative;\">\n<div class=\"precio-circulo\"><span class=\"desde\">Desde<\/span> <span class=\"precio\"><span class=\"moneda\">USD<\/span> 25<\/span> <span class=\"periodo\">por a\u00f1o<\/span><\/div><i class=\"fa fa-globe\" aria-hidden=\"true\" style=\"display:block;font-size:250px;text-align:center;\"><\/i>\n<\/div>\n\n\n\n<p class=\"has-text-align-center\"><a class=\"sendbutton\" href=\"?page_id=2\">Cons\u00faltenos aqu\u00ed<\/a><\/p>\n\n\n\n<p class=\"has-text-align-center\"><strong>Contar con el mejor asesoramiento para elegir el dominio correcto es clave para su \u00e9xito.<\/strong><\/p>\n<\/div>\n<\/div>\n\n\n\n<div class=\"wp-block-columns is-layout-flex wp-container-core-columns-is-layout-28f84493 wp-block-columns-is-layout-flex\">\n<div class=\"wp-block-column is-layout-flow wp-block-column-is-layout-flow\" style=\"flex-basis:66.66%\">\n<h2 class=\"wp-block-heading\">Preguntas que debe hacerse al elegir un nombre de dominio:<\/h2>\n\n\n\n<ul class=\"wp-block-list\"><li>\u00bfPuedo registrarlo y gestionarlo yo?<\/li><li>\u00bfTengo el tiempo necesario?<\/li><li>\u00bfEn qu\u00e9 pa\u00eds conviene m\u00e1s registrarlo?<\/li><li>\u00bfConviene tener varios?<\/li><li>\u00bfMi dominio estar\u00e1 libre de problemas legales?<\/li><li>\u00bfAyuda en la difusi\u00f3n de mi marca?<\/li><li>\u00bfColabora con mi estrategia publicitaria en Internet?<\/li><li>\u00bfEst\u00e1 alineado con mi presencia en las redes sociales?<\/li><li>\u00bfAyuda a mis comunicaciones diarias?<\/li><li>\u00bfEs f\u00e1cil de recordar?<\/li><li>\u00bfEs f\u00e1cil de escribir?<\/li><li>\u00bfUn dominio afecta la visibilidad (posicionamiento) de mi sitio web en Google?<\/li><\/ul>\n<\/div>\n\n\n\n<div class=\"wp-block-column has-background is-layout-flow wp-block-column-is-layout-flow\" style=\"background-color:#ebebeb;flex-basis:33.33%\">\n<div class=\"inherit-container-width wp-block-group is-layout-constrained wp-block-group-is-layout-constrained\"><div class=\"wp-block-group__inner-container\">\n<h3 class=\"has-text-align-center wp-block-heading\">\u00bfPuedo comprar yo mis dominios?<\/h3>\n\n\n\n<p>\u00a1Claro! Hay distintas empresas que operan con dominios a nivel local e internacional donde puede registrar el o los dominios de Internet que desee.<\/p>\n\n\n\n<p>Podemos recomendarle proveedores en cada caso, y hacer las configuraciones necesarias por usted luego del registro.<\/p>\n<\/div><\/div>\n<\/div>\n<\/div>\n\n\n\n<h2 class=\"wp-block-heading\">Dominios perif\u00e9ricos o secundarios<\/h2>\n\n\n\n<p>\u00bfSirve contratar m\u00e1s de un dominio? Por lo general s\u00ed. <strong>Con frecuencia recomendamos la contrataci\u00f3n de dominios adicionales al principal, ya que colaboran en la captaci\u00f3n de clientes para su embudo de ventas.<\/strong><\/p>\n\n\n\n<div class=\"wp-block-columns is-layout-flex wp-container-core-columns-is-layout-28f84493 wp-block-columns-is-layout-flex\">\n<div class=\"wp-block-column is-layout-flow wp-block-column-is-layout-flow\" style=\"flex-basis:66.66%\">\n<h3 class=\"wp-block-heading\">Ventajas de contratar dominios adicionales para un sitio web:<\/h3>\n\n\n\n<ol class=\"wp-block-list\"><li>prever errores de escritura comunes<\/li><li>prever fallas de recordaci\u00f3n ante nombres complejos<\/li><li>proteger marcas o productos importantes para la empresa<\/li><li>facilitar el posicionamiento en buscadores<\/li><li>bloquear palabras clave potencialmente \u00fatiles para la competencia<\/li><li>optimizar mensajes de Twitter o mensajes publicitarios con dominios m\u00e1s breves<\/li><\/ol>\n<\/div>\n\n\n\n<div class=\"wp-block-column is-layout-flow wp-block-column-is-layout-flow\" style=\"flex-basis:33.33%\">\n<svg xmlns=\"http:\/\/www.w3.org\/2000\/svg\" viewBox=\"0 0 576 512\" width=\"250px\" style=\"display:block;margin-right:auto; margin-left:auto; fill:var(--ast-global-color-3);\"><path d=\"M3.853 22.87C10.47 8.904 24.54 0 40 0H472C487.5 0 501.5 8.904 508.1 22.87C514.8 36.84 512.7 53.37 502.1 65.33L396.4 195.6C316.2 212.1 255.1 283 255.1 368C255.1 395.4 262.3 421.4 273.5 444.5C271.8 443.7 270.3 442.7 268.8 441.6L204.8 393.6C196.7 387.6 192 378.1 192 368V288.9L9.042 65.33C-.745 53.37-2.765 36.84 3.854 22.87H3.853zM576 368C576 447.5 511.5 512 432 512C352.5 512 287.1 447.5 287.1 368C287.1 288.5 352.5 224 432 224C511.5 224 576 288.5 576 368zM413 331.1C418.1 329.3 425.6 327.9 431.8 328C439.1 328.1 448.9 329.8 458.1 332.1C466.7 334.2 475.4 328.1 477.5 320.4C479.7 311.8 474.4 303.2 465.9 301C460.3 299.6 454.3 298.3 448 297.4V288C448 279.2 440.8 272 432 272C423.2 272 416 279.2 416 288V297.5C409.9 298.7 403.7 300.7 397.1 303.8C386.1 310.1 374.9 322.2 376.1 341C377.1 357 387.8 366.4 397.7 371.7C406.6 376.4 417.5 379.5 426.3 381.1L428.1 382.5C438.3 385.4 445.1 387.7 451.2 390.8C455.8 393.5 455.1 395.1 455.1 396.5C456.1 398.9 455.5 400.2 454.1 401C454.3 401.1 453.2 403.2 450.1 404.4C446.3 406.9 439.2 408.2 432.5 407.1C422.1 407.7 414 404.8 402.6 401.2C400.7 400.6 398.8 400 396.8 399.4C388.3 396.8 379.3 401.5 376.7 409.9C374.1 418.3 378.8 427.3 387.2 429.9C388.9 430.4 390.5 430.1 392.3 431.5C399.3 433.8 407.4 436.4 416 438.1V449.5C416 458.4 423.2 465.5 432 465.5C440.8 465.5 448 458.4 448 449.5V438.7C454.2 437.6 460.5 435.6 466.3 432.5C478.3 425.9 488.5 413.8 487.1 395.5C487.5 379.4 477.7 369.3 467.5 363.3C458.1 357.7 446.2 354.4 436.9 351.7L436.8 351.7C426.3 348.7 418.5 346.5 412.9 343.5C408.1 340.9 408.1 339.5 408.1 339.1L408.1 338.1C407.9 337 408.4 336.1 408.8 335.4C409.4 334.5 410.6 333.3 413 331.1L413 331.1z\"\/><\/svg>\n<\/div>\n<\/div>\n\n\n\n<p class=\"has-text-align-center\">Puede registrar dominios adicionales en cualquier momento, respondiendo a necesidades o patrones de uso que se detecten.<\/p>\n\n\n\n<div class=\"wp-block-columns is-layout-flex wp-container-core-columns-is-layout-28f84493 wp-block-columns-is-layout-flex\">\n<div class=\"wp-block-column is-layout-flow wp-block-column-is-layout-flow\">\n<figure class=\"wp-block-embed is-type-wp-embed is-provider-idearius wp-block-embed-idearius\"><div class=\"wp-block-embed__wrapper\">\n<blockquote class=\"wp-embedded-content\" data-secret=\"ZdGjtQUK29\"><a href=\"https:\/\/www.idearius.com\/es\/ayuda\/puedo-tener-varios-dominios-en-un-mismo-sitio-web\/\">\u00bfPuedo tener varios dominios en un mismo sitio web?<\/a><\/blockquote><iframe loading=\"lazy\" class=\"wp-embedded-content\" sandbox=\"allow-scripts\" security=\"restricted\" style=\"position: absolute; clip: rect(1px, 1px, 1px, 1px);\" title=\"\u00ab\u00bfPuedo tener varios dominios en un mismo sitio web?\u00bb \u2014 idearius\" src=\"https:\/\/www.idearius.com\/es\/ayuda\/puedo-tener-varios-dominios-en-un-mismo-sitio-web\/embed\/#?secret=9Todvmn6gv#?secret=ZdGjtQUK29\" data-secret=\"ZdGjtQUK29\" width=\"500\" height=\"282\" frameborder=\"0\" marginwidth=\"0\" marginheight=\"0\" scrolling=\"no\"><\/iframe>\n<\/div><\/figure>\n<\/div>\n\n\n\n<div class=\"wp-block-column is-layout-flow wp-block-column-is-layout-flow\">\n<figure class=\"wp-block-embed is-type-wp-embed is-provider-idearius wp-block-embed-idearius\"><div class=\"wp-block-embed__wrapper\">\n<blockquote class=\"wp-embedded-content\" data-secret=\"bMDZEUdWtV\"><a href=\"https:\/\/www.idearius.com\/es\/ayuda\/que-diferencia-hay-entre-subdominios-dominios-agregados-y-dominios-aparcados\/\">Qu\u00e9 diferencia hay entre subdominios, dominios agregados y dominios aparcados?<\/a><\/blockquote><iframe loading=\"lazy\" class=\"wp-embedded-content\" sandbox=\"allow-scripts\" security=\"restricted\" style=\"position: absolute; clip: rect(1px, 1px, 1px, 1px);\" title=\"\u00abQu\u00e9 diferencia hay entre subdominios, dominios agregados y dominios aparcados?\u00bb \u2014 idearius\" src=\"https:\/\/www.idearius.com\/es\/ayuda\/que-diferencia-hay-entre-subdominios-dominios-agregados-y-dominios-aparcados\/embed\/#?secret=CnDXUbsbmT#?secret=bMDZEUdWtV\" data-secret=\"bMDZEUdWtV\" width=\"500\" height=\"282\" frameborder=\"0\" marginwidth=\"0\" marginheight=\"0\" scrolling=\"no\"><\/iframe>\n<\/div><\/figure>\n<\/div>\n<\/div>\n","protected":false},"excerpt":{"rendered":"<p>Compra, renovaci\u00f3n, alquiler, reserva, configuraci\u00f3n, administraci\u00f3n y monitoreo de dominios en Internet en cualquier pa\u00eds: Australia, Bolivia, Chile, Colombia, Espa\u00f1a, Estados Unidos, M\u00e9xico, Paraguay, Uruguay. Le ayudamos a obtener el mayor rendimiento de su inversi\u00f3n en dominios web. \u00bfPara qu\u00e9 contrar\u00eda una empresa para registrar y configurar mis dominios? Contratar a idearius para la contrataci\u00f3n [&hellip;]<\/p>\n","protected":false},"author":1,"featured_media":0,"parent":8,"menu_order":0,"comment_status":"closed","ping_status":"closed","template":"","meta":{"_lmt_disableupdate":"","_lmt_disable":"","site-sidebar-layout":"default","site-content-layout":"default","ast-site-content-layout":"default","site-content-style":"default","site-sidebar-style":"default","ast-global-header-display":"","ast-banner-title-visibility":"","ast-main-header-display":"","ast-hfb-above-header-display":"","ast-hfb-below-header-display":"","ast-hfb-mobile-header-display":"","site-post-title":"","ast-breadcrumbs-content":"","ast-featured-img":"","footer-sml-layout":"","ast-disable-related-posts":"","theme-transparent-header-meta":"default","adv-header-id-meta":"","stick-header-meta":"","header-above-stick-meta":"","header-main-stick-meta":"","header-below-stick-meta":"","astra-migrate-meta-layouts":"default","ast-page-background-enabled":"default","ast-page-background-meta":{"desktop":{"background-color":"var(--ast-global-color-4)","background-image":"","background-repeat":"repeat","background-position":"center center","background-size":"auto","background-attachment":"scroll","background-type":"","background-media":"","overlay-type":"","overlay-color":"","overlay-opacity":"","overlay-gradient":""},"tablet":{"background-color":"","background-image":"","background-repeat":"repeat","background-position":"center center","background-size":"auto","background-attachment":"scroll","background-type":"","background-media":"","overlay-type":"","overlay-color":"","overlay-opacity":"","overlay-gradient":""},"mobile":{"background-color":"","background-image":"","background-repeat":"repeat","background-position":"center center","background-size":"auto","background-attachment":"scroll","background-type":"","background-media":"","overlay-type":"","overlay-color":"","overlay-opacity":"","overlay-gradient":""}},"ast-content-background-meta":{"desktop":{"background-color":"var(--ast-global-color-5)","background-image":"","background-repeat":"repeat","background-position":"center center","background-size":"auto","background-attachment":"scroll","background-type":"","background-media":"","overlay-type":"","overlay-color":"","overlay-opacity":"","overlay-gradient":""},"tablet":{"background-color":"var(--ast-global-color-5)","background-image":"","background-repeat":"repeat","background-position":"center center","background-size":"auto","background-attachment":"scroll","background-type":"","background-media":"","overlay-type":"","overlay-color":"","overlay-opacity":"","overlay-gradient":""},"mobile":{"background-color":"var(--ast-global-color-5)","background-image":"","background-repeat":"repeat","background-position":"center center","background-size":"auto","background-attachment":"scroll","background-type":"","background-media":"","overlay-type":"","overlay-color":"","overlay-opacity":"","overlay-gradient":""}},"footnotes":""},"class_list":["post-2144","page","type-page","status-publish","hentry"],"_links":{"self":[{"href":"https:\/\/www.idearius.com\/es\/wp-json\/wp\/v2\/pages\/2144","targetHints":{"allow":["GET"]}}],"collection":[{"href":"https:\/\/www.idearius.com\/es\/wp-json\/wp\/v2\/pages"}],"about":[{"href":"https:\/\/www.idearius.com\/es\/wp-json\/wp\/v2\/types\/page"}],"author":[{"embeddable":true,"href":"https:\/\/www.idearius.com\/es\/wp-json\/wp\/v2\/users\/1"}],"replies":[{"embeddable":true,"href":"https:\/\/www.idearius.com\/es\/wp-json\/wp\/v2\/comments?post=2144"}],"version-history":[{"count":18,"href":"https:\/\/www.idearius.com\/es\/wp-json\/wp\/v2\/pages\/2144\/revisions"}],"predecessor-version":[{"id":4752,"href":"https:\/\/www.idearius.com\/es\/wp-json\/wp\/v2\/pages\/2144\/revisions\/4752"}],"up":[{"embeddable":true,"href":"https:\/\/www.idearius.com\/es\/wp-json\/wp\/v2\/pages\/8"}],"wp:attachment":[{"href":"https:\/\/www.idearius.com\/es\/wp-json\/wp\/v2\/media?parent=2144"}],"curies":[{"name":"wp","href":"https:\/\/api.w.org\/{rel}","templated":true}]}}