{"id":2145,"date":"2016-05-31T19:30:38","date_gmt":"2016-05-31T22:30:38","guid":{"rendered":"http:\/\/www.idearius.com\/es\/?page_id=2145"},"modified":"2022-06-24T23:40:02","modified_gmt":"2022-06-25T02:40:02","slug":"dominio-en-venta","status":"publish","type":"page","link":"https:\/\/www.idearius.com\/es\/internet\/dominio-en-venta\/","title":{"rendered":"Dominio en oferta"},"content":{"rendered":"\n<div class=\"wp-block-columns is-layout-flex wp-container-core-columns-is-layout-28f84493 wp-block-columns-is-layout-flex\">\n<div class=\"wp-block-column is-layout-flow wp-block-column-is-layout-flow\">\n<h3 class=\"wp-block-heading\">\u00a1El dominio que ingres\u00f3 est\u00e1 en venta o alquiler!<\/h3>\n\n\n\n<p>Si desea comprarlo o alquilarlo, <a href=\"index.php?page_id=2\">cont\u00e1ctenos<\/a> con su oferta.<\/p>\n\n\n\n<p class=\"has-small-font-size\">IDEARIUS no registra u ofrece a la venta a sabiendas nombres de dominio que son marcas registradas.<\/p>\n\n\n\n<p class=\"has-small-font-size\">Si usted o su organizaci\u00f3n posee cualquier marca registrada relacionada con un nombre de dominio que IDEARIUS ha registrado, o si usted representa o sabe de tal organizaci\u00f3n, por favor inf\u00f3rmenos tan pronto como sea posible.<\/p>\n\n\n\n<p class=\"has-small-font-size\">IDEARIUS no ser\u00e1 responsable ante el propietario de cualquier marca o derecho previo ni ante ning\u00fan agente actuando para dichas personas por cualquier p\u00e9rdida directa, indirecta o consecuente sufrida como consecuencia de su falta de notificaci\u00f3n de la reclamaci\u00f3n alegada o real, o por cualquier p\u00e9rdida que surja como consecuencia del registro, uso, oferta a la venta y\/o venta de dicho nombre de dominio por IDEARIUS.<\/p>\n<\/div>\n\n\n\n<div class=\"wp-block-column is-layout-flow wp-block-column-is-layout-flow\">\n<h3 class=\"wp-block-heading\">The domain name you entered is for sale or rent!<\/h3>\n\n\n\n<p>If you wish to buy it or rent it, <a href=\"https:\/\/www.idearius.com\/en\/contact\/\">contact us<\/a> with your offer.<\/p>\n\n\n\n<p class=\"has-small-font-size\">IDEARIUS does not knowingly register or offer for sale domain names which are registered trade marks.<\/p>\n\n\n\n<p class=\"has-small-font-size\">If you or your organization own any registered trade mark relating to a domain name that IDEARIUS has registered, or if you represent or know of any such organization, please inform us as soon as possible.<\/p>\n\n\n\n<p class=\"has-small-font-size\">IDEARIUS shall not be liable to the owner of any trade mark or prior right nor to any agent acting for such persons for any direct, indirect or consequential losses suffered as a result of your failure to notify it of your alleged or actual claim, or for any losses arising as a result of registration, use, offer for sale and\/or sale of the said domain name by IDEARIUS.<\/p>\n<\/div>\n<\/div>\n","protected":false},"excerpt":{"rendered":"<p>\u00a1El dominio que ingres\u00f3 est\u00e1 en venta o alquiler! Si desea comprarlo o alquilarlo, cont\u00e1ctenos con su oferta. IDEARIUS no registra u ofrece a la venta a sabiendas nombres de dominio que son marcas registradas. Si usted o su organizaci\u00f3n posee cualquier marca registrada relacionada con un nombre de dominio que IDEARIUS ha registrado, o [&hellip;]<\/p>\n","protected":false},"author":1,"featured_media":0,"parent":8,"menu_order":0,"comment_status":"closed","ping_status":"closed","template":"","meta":{"_lmt_disableupdate":"","_lmt_disable":"","site-sidebar-layout":"default","site-content-layout":"","ast-site-content-layout":"default","site-content-style":"default","site-sidebar-style":"default","ast-global-header-display":"","ast-banner-title-visibility":"","ast-main-header-display":"","ast-hfb-above-header-display":"","ast-hfb-below-header-display":"","ast-hfb-mobile-header-display":"","site-post-title":"","ast-breadcrumbs-content":"","ast-featured-img":"","footer-sml-layout":"","ast-disable-related-posts":"","theme-transparent-header-meta":"","adv-header-id-meta":"","stick-header-meta":"","header-above-stick-meta":"","header-main-stick-meta":"","header-below-stick-meta":"","astra-migrate-meta-layouts":"default","ast-page-background-enabled":"default","ast-page-background-meta":{"desktop":{"background-color":"var(--ast-global-color-4)","background-image":"","background-repeat":"repeat","background-position":"center center","background-size":"auto","background-attachment":"scroll","background-type":"","background-media":"","overlay-type":"","overlay-color":"","overlay-opacity":"","overlay-gradient":""},"tablet":{"background-color":"","background-image":"","background-repeat":"repeat","background-position":"center center","background-size":"auto","background-attachment":"scroll","background-type":"","background-media":"","overlay-type":"","overlay-color":"","overlay-opacity":"","overlay-gradient":""},"mobile":{"background-color":"","background-image":"","background-repeat":"repeat","background-position":"center center","background-size":"auto","background-attachment":"scroll","background-type":"","background-media":"","overlay-type":"","overlay-color":"","overlay-opacity":"","overlay-gradient":""}},"ast-content-background-meta":{"desktop":{"background-color":"var(--ast-global-color-5)","background-image":"","background-repeat":"repeat","background-position":"center center","background-size":"auto","background-attachment":"scroll","background-type":"","background-media":"","overlay-type":"","overlay-color":"","overlay-opacity":"","overlay-gradient":""},"tablet":{"background-color":"var(--ast-global-color-5)","background-image":"","background-repeat":"repeat","background-position":"center center","background-size":"auto","background-attachment":"scroll","background-type":"","background-media":"","overlay-type":"","overlay-color":"","overlay-opacity":"","overlay-gradient":""},"mobile":{"background-color":"var(--ast-global-color-5)","background-image":"","background-repeat":"repeat","background-position":"center center","background-size":"auto","background-attachment":"scroll","background-type":"","background-media":"","overlay-type":"","overlay-color":"","overlay-opacity":"","overlay-gradient":""}},"footnotes":""},"class_list":["post-2145","page","type-page","status-publish","hentry"],"_links":{"self":[{"href":"https:\/\/www.idearius.com\/es\/wp-json\/wp\/v2\/pages\/2145","targetHints":{"allow":["GET"]}}],"collection":[{"href":"https:\/\/www.idearius.com\/es\/wp-json\/wp\/v2\/pages"}],"about":[{"href":"https:\/\/www.idearius.com\/es\/wp-json\/wp\/v2\/types\/page"}],"author":[{"embeddable":true,"href":"https:\/\/www.idearius.com\/es\/wp-json\/wp\/v2\/users\/1"}],"replies":[{"embeddable":true,"href":"https:\/\/www.idearius.com\/es\/wp-json\/wp\/v2\/comments?post=2145"}],"version-history":[{"count":4,"href":"https:\/\/www.idearius.com\/es\/wp-json\/wp\/v2\/pages\/2145\/revisions"}],"predecessor-version":[{"id":4892,"href":"https:\/\/www.idearius.com\/es\/wp-json\/wp\/v2\/pages\/2145\/revisions\/4892"}],"up":[{"embeddable":true,"href":"https:\/\/www.idearius.com\/es\/wp-json\/wp\/v2\/pages\/8"}],"wp:attachment":[{"href":"https:\/\/www.idearius.com\/es\/wp-json\/wp\/v2\/media?parent=2145"}],"curies":[{"name":"wp","href":"https:\/\/api.w.org\/{rel}","templated":true}]}}