{"id":2219,"date":"2016-08-12T23:41:12","date_gmt":"2016-08-13T02:41:12","guid":{"rendered":"http:\/\/www.idearius.com\/es\/?page_id=2219"},"modified":"2024-10-26T02:41:26","modified_gmt":"2024-10-26T05:41:26","slug":"seguridad-wordpress","status":"publish","type":"page","link":"https:\/\/www.idearius.com\/es\/internet\/seguridad-wordpress\/","title":{"rendered":"Seguridad para WordPress"},"content":{"rendered":"\n<div class=\"wp-block-columns is-layout-flex wp-container-core-columns-is-layout-28f84493 wp-block-columns-is-layout-flex\">\n<div class=\"wp-block-column is-layout-flow wp-block-column-is-layout-flow\" style=\"flex-basis:66.66%\">\n<p><strong>Protecci\u00f3n de sitios web basados en WordPress<\/strong>, con actualizaciones diarias, sistemas de respaldo remoto y monitoreo continuo. Con soluciones 100% administradas, puede concentrarse en lo que hace mejor, confiando en idearius para mantener su infraestructura web operativa.<\/p>\n\n\n\n<blockquote class=\"wp-block-quote is-layout-flow wp-block-quote-is-layout-flow\">\n<p><strong>Es m\u00e1s f\u00e1cil impedir que pirateen un sitio que recuperarse de un ataque<\/strong>.<\/p>\n<cite>Google &#8211; Reporte de spam web 2020<\/cite><\/blockquote>\n\n\n\n<p class=\"has-text-align-center\"><a class=\"sendbutton\" href=\"index.php?page_id=2\">Solicite una evaluaci\u00f3n de seguridad<\/a><\/p>\n\n\n\n<div style=\"height:50px\" aria-hidden=\"true\" class=\"wp-block-spacer\"><\/div>\n<\/div>\n\n\n\n<div class=\"wp-block-column is-layout-flow wp-block-column-is-layout-flow\" style=\"flex-basis:33.33%\">\n<div style=\"position:relative;\">\n<div class=\"precio-circulo\"><span class=\"desde\">Desde<\/span> <span class=\"precio\"><span class=\"moneda\">USD<\/span> 60<\/span> <span class=\"periodo\">por mes<\/span><\/div><i class=\"fa fa-wordpress\" aria-hidden=\"true\" style=\"display:block;font-size:250px;text-align:center;\"><\/i>\n<\/div>\n\n\n\n<p class=\"has-text-align-center\"><strong>\u00bfHackearon su web? \u00bfNo puede acceder? <a href=\"index.php?page_id=2\">Cont\u00e1ctenos<\/a><\/strong><\/p>\n<\/div>\n<\/div>\n\n\n\n<div style=\"height:50px\" aria-hidden=\"true\" class=\"wp-block-spacer\"><\/div>\n\n\n\n<h2 class=\"wp-block-heading has-text-align-center\">Aplicamos las mejores pr\u00e1cticas para la mejor seguridad de sus datos y sistemas<\/h2>\n\n\n\n<div class=\"wp-block-columns is-layout-flex wp-container-core-columns-is-layout-28f84493 wp-block-columns-is-layout-flex\">\n<div class=\"wp-block-column is-layout-flow wp-block-column-is-layout-flow\">\n<ul class=\"wp-block-list\">\n<li><strong>Bloqueo de tr\u00e1fico sospechoso<\/strong> para proteger de ataques de hackers y programas automatizados.<\/li>\n\n\n\n<li><strong>Monitoreo constante<\/strong> de ataques para reducir los tiempos de reacci\u00f3n cuando debemos intervenir.<\/li>\n\n\n\n<li><strong>Revisiones de cambios<\/strong> en el c\u00f3digo de archivos (fuera de horarios pico para no afectar el rendimiento), para detectar peligros y restaurar los archivos afectados con seguridad.<\/li>\n\n\n\n<li><strong>Protecci\u00f3n contra ataques de fuerza bruta<\/strong> (repetidos intentos de dar con una contrase\u00f1a, nombre de usuario, o p\u00e1gina web oculta hasta dar con la combinaci\u00f3n correcta) con bloqueo de conexiones atacantes.<\/li>\n<\/ul>\n<\/div>\n\n\n\n<div class=\"wp-block-column is-layout-flow wp-block-column-is-layout-flow\">\n<ul class=\"wp-block-list\">\n<li><strong>Forzado del uso de contrase\u00f1as complejas<\/strong> (opcional) para administradores o para todos los usuarios del sitio web, para dificultar que puedan ser adivinadas.<\/li>\n\n\n\n<li><strong>Bloqueo de acceso desde determinados pa\u00edses<\/strong> (opcional), para conservar ancho de banda y reducir las posibilidades de acceso a atacantes extranjeros.<\/li>\n\n\n\n<li><strong>Restricci\u00f3n de permisos en archivos y carpetas<\/strong>, para evitar que puedan ser modificados para alojar c\u00f3digo no deseado.<\/li>\n\n\n\n<li>Configuraci\u00f3n de <strong>certificados SSL<\/strong> (los que el hosting brinde o los comprados por cada cliente) para conexiones seguras https entre los usuarios y el sitio web.<\/li>\n<\/ul>\n<\/div>\n<\/div>\n\n\n\n<div style=\"height:50px\" aria-hidden=\"true\" class=\"wp-block-spacer\"><\/div>\n\n\n\n<div class=\"inherit-container-width wp-block-group has-ast-global-color-4-background-color has-background is-layout-constrained wp-block-group-is-layout-constrained\"><div class=\"wp-block-group__inner-container\">\n<h2 class=\"wp-block-heading has-text-align-center\">\u00bfPor qu\u00e9 alguien atacar\u00eda mi web?<\/h2>\n\n\n\n<div class=\"wp-block-columns is-layout-flex wp-container-core-columns-is-layout-28f84493 wp-block-columns-is-layout-flex\">\n<div class=\"wp-block-column is-layout-flow wp-block-column-is-layout-flow\">\n<p class=\"has-ast-global-color-4-background-color has-background\">La mayor\u00eda de los hackers no buscan robar informaci\u00f3n, sino enviar spam y colocar avisos a escala, que es muy costoso. Los ataques son en masa y autom\u00e1ticos, no manuales, y perjudican a las webs leg\u00edtimas de varios modos:<\/p>\n\n\n\n<p class=\"has-ast-global-color-4-background-color has-background\"><strong>Google penaliza las webs que env\u00edan spam, que enlazan a webs ilegales o que contienen c\u00f3digo da\u00f1ino<\/strong>, haciendo que pierdan visibilidad en los resultados y dinero en esfuerzos adicionales de marketing.<\/p>\n\n\n\n<p class=\"has-ast-global-color-4-background-color has-background\"><strong>Los proveedores de correo agregan a listas negras los dominios que env\u00edan spam<\/strong>, bloqueando mensajes comerciales a\u00fan luego de solucionadas las infecciones.<\/p>\n<\/div>\n\n\n\n<div class=\"wp-block-column is-layout-flow wp-block-column-is-layout-flow\">\n<figure class=\"wp-block-image aligncenter size-full\"><img loading=\"lazy\" decoding=\"async\" width=\"565\" height=\"296\" src=\"https:\/\/www.idearius.com\/es\/wp-content\/uploads\/img-advertencia-safebrowsing-01.png\" alt=\"\" class=\"wp-image-4723\" srcset=\"https:\/\/www.idearius.com\/es\/wp-content\/uploads\/img-advertencia-safebrowsing-01.png 565w, https:\/\/www.idearius.com\/es\/wp-content\/uploads\/img-advertencia-safebrowsing-01-300x157.png 300w\" sizes=\"auto, (max-width: 565px) 100vw, 565px\" \/><\/figure>\n\n\n\n<p class=\"has-text-align-center\">\u00a1Una de las desventajas de ser la plataforma de sitios web m\u00e1s utilizada es que <strong>WordPress es el blanco preferido de los hackers<\/strong>!<\/p>\n<\/div>\n<\/div>\n<\/div><\/div>\n\n\n\n<div style=\"height:50px\" aria-hidden=\"true\" class=\"wp-block-spacer\"><\/div>\n\n\n\n<div class=\"wp-block-columns is-layout-flex wp-container-core-columns-is-layout-28f84493 wp-block-columns-is-layout-flex\">\n<div class=\"wp-block-column is-layout-flow wp-block-column-is-layout-flow\">\n<h2 class=\"wp-block-heading\">8 claves sobre la seguridad en WordPress:<\/h2>\n\n\n\n<ol class=\"wp-block-list\">\n<li>Informarse sobre seguridad web es el primer paso para iniciar el cambio.<\/li>\n\n\n\n<li>Los riesgos pueden reducirse, no eliminarse; no hay soluciones m\u00e1gicas.<\/li>\n\n\n\n<li>El eslab\u00f3n m\u00e1s d\u00e9bil de la cadena de seguridad somos los usuarios.<\/li>\n\n\n\n<li>Cada d\u00eda se descubren y reparan nuevas vulnerabilidades: WordPress debe estar actualizado.<\/li>\n\n\n\n<li>Los temas y complementos para WordPress deben ser de fuentes confiables.<\/li>\n\n\n\n<li>El servidor donde aloja su sitio web es tan importante como el software que compone su sitio web.<\/li>\n\n\n\n<li>Los respaldos son su \u00fanico recurso si todo lo dem\u00e1s falla. \u00bfTiene uno reciente?<\/li>\n\n\n\n<li><b>La seguridad en la Web implica personas, procesos y tecnolog\u00eda. No puede descuidar un \u00e1rea sin poner en riesgo a las otras.<\/b><\/li>\n<\/ol>\n\n\n\n<p><\/p>\n<\/div>\n\n\n\n<div class=\"wp-block-column is-vertically-aligned-center has-ast-global-color-4-background-color has-background is-layout-flow wp-block-column-is-layout-flow\">\n<h3 class=\"wp-block-heading has-text-align-center has-ast-global-color-4-background-color has-background\">\u00bfUsa Joomla o Drupal?<\/h3>\n\n\n\n<p class=\"has-text-align-center has-ast-global-color-4-background-color has-background\">Realizamos la <strong>migraci\u00f3n a WordPress<\/strong> de sitios web que a\u00fan utilizan Joomla y Drupal.<\/p>\n\n\n\n<p class=\"has-background has-text-align-center has-ast-global-color-4-background-color\"><i class=\"fa fa-joomla\" style=\"font-size: 100px;\" aria-hidden=\"true\"><\/i> &nbsp; <i class=\"fa fa-drupal\" style=\"font-size: 100px;\" aria-hidden=\"true\"><\/i><\/p>\n\n\n\n<p class=\"has-text-align-center has-ast-global-color-4-background-color has-background\"><a href=\"index.php?page_id=2\">Solicite m\u00e1s informaci\u00f3n sobre migraciones<\/a><\/p>\n<\/div>\n<\/div>\n\n\n\n<div style=\"height:50px\" aria-hidden=\"true\" class=\"wp-block-spacer\"><\/div>\n\n\n\n<div class=\"wp-block-columns is-layout-flex wp-container-core-columns-is-layout-28f84493 wp-block-columns-is-layout-flex\">\n<div class=\"wp-block-column is-layout-flow wp-block-column-is-layout-flow\">\n<h2 class=\"wp-block-heading\">Alcance<\/h2>\n\n\n\n<p>Un sitio web tiene m\u00faltiples componentes que interact\u00faan: <strong>textos e im\u00e1genes<\/strong> se apoyan en un sistema <strong>administrador de contenidos<\/strong> con muchas subpartes y complementos opcionales (WordPress) que facilita y potencia su gesti\u00f3n, y \u00e9ste un el <strong>servidor web<\/strong> (con software y hardware espec\u00edficos) conectado a Internet en un centro de datos.<\/p>\n\n\n\n<p><strong>Nuestros servicios de mantenimiento para WordPress se centran en esa capa intermedia del administrador de contenidos.<\/strong><\/p>\n\n\n\n<p>No cubren la carga o edici\u00f3n de contenidos, <a href=\"?p=8\">dise\u00f1o web<\/a> o <a href=\"?p=13\">dise\u00f1o gr\u00e1fico<\/a>, optimizaciones de SEO o usabilidad, ni programaci\u00f3n para actualizar temas o complementos; tambi\u00e9n se diferencian de los <a href=\"?p=114\">servicios de hosting<\/a>. Estos servicios podemos proveerlos de forma independiente a los de mantenimiento y seguridad de WordPress.<\/p>\n<\/div>\n\n\n\n<div class=\"wp-block-column is-layout-flow wp-block-column-is-layout-flow\">\n<svg width=\"100%\" viewBox=\"0 0 680 454\" xmlns=\"http:\/\/www.w3.org\/2000\/svg\" xmlns:xlink=\"http:\/\/www.w3.org\/1999\/xlink\" overflow=\"hidden\"><defs><clipPath id=\"clip0\"><rect x=\"0\" y=\"0\" width=\"680\" height=\"454\"><\/rect><\/clipPath><\/defs><g clip-path=\"url(#clip0)\"><rect x=\"0\" y=\"0\" width=\"680\" height=\"453.722\" fill=\"#FFFFFF\"><\/rect><path d=\"M465.5 274.937C469.642 274.937 473 280.68 473 287.763L473 339.234C473 346.318 476.358 352.06 480.5 352.06 476.358 352.06 473 357.802 473 364.886L473 416.357C473 423.44 469.642 429.183 465.5 429.183\" stroke=\"#000000\" stroke-width=\"0.99951\" stroke-linejoin=\"round\" stroke-miterlimit=\"10\" fill=\"none\" fill-rule=\"evenodd\"><\/path><text font-family=\"Calibri,Calibri_MSFontService,sans-serif\" font-weight=\"400\" font-size=\"13\" transform=\"matrix(1 0 0 1.00159 490.193 355)\">Alojamiento web (hosting)<\/text><rect x=\"20.5\" y=\"231.869\" width=\"430\" height=\"29.0463\" stroke=\"#000000\" stroke-width=\"0.99951\" stroke-miterlimit=\"8\" fill=\"#21759B\"><\/rect><text fill=\"#FFFFFF\" font-family=\"Calibri,Calibri_MSFontService,sans-serif\" font-weight=\"400\" font-size=\"16\" transform=\"matrix(1 0 0 1.00159 136.72 251)\">WordPress (funciones b\u00e1sicas)<\/text><rect x=\"20.5\" y=\"358.07\" width=\"430\" height=\"30.0478\" stroke=\"#000000\" stroke-width=\"0.99951\" stroke-miterlimit=\"8\" fill=\"#FF8A1D\"><\/rect><text fill=\"#FFFFFF\" font-family=\"Calibri,Calibri_MSFontService,sans-serif\" font-weight=\"400\" font-size=\"16\" transform=\"matrix(1 0 0 1.00159 176.817 378)\">Sistema operativo<\/text><rect x=\"20.5\" y=\"316.003\" width=\"430\" height=\"30.0478\" stroke=\"#000000\" stroke-width=\"0.99951\" stroke-miterlimit=\"8\" fill=\"#FF8A1D\"><\/rect><text fill=\"#FFFFFF\" font-family=\"Calibri,Calibri_MSFontService,sans-serif\" font-weight=\"400\" font-size=\"16\" transform=\"matrix(1 0 0 1.00159 157.033 336)\">Servidor web (software)<\/text><rect x=\"20.5\" y=\"273.936\" width=\"240\" height=\"30.0478\" stroke=\"#000000\" stroke-width=\"0.99951\" stroke-miterlimit=\"8\" fill=\"#FF8A1D\"><\/rect><text fill=\"#FFFFFF\" font-family=\"Calibri,Calibri_MSFontService,sans-serif\" font-weight=\"400\" font-size=\"16\" transform=\"matrix(1 0 0 1.00159 55.8826 294)\">Servidor de base de datos<\/text><rect x=\"267.5\" y=\"273.936\" width=\"183\" height=\"30.0478\" stroke=\"#000000\" stroke-width=\"0.99951\" stroke-miterlimit=\"8\" fill=\"#FF8A1D\"><\/rect><text fill=\"#FFFFFF\" font-family=\"Calibri,Calibri_MSFontService,sans-serif\" font-weight=\"400\" font-size=\"16\" transform=\"matrix(1 0 0 1.00159 302.748 294)\">Int\u00e9rpretes (PHP)<\/text><rect x=\"20.5\" y=\"188.8\" width=\"430\" height=\"30.0478\" stroke=\"#000000\" stroke-width=\"0.99951\" stroke-miterlimit=\"8\" fill=\"#21759B\"><\/rect><text fill=\"#FFFFFF\" font-family=\"Calibri,Calibri_MSFontService,sans-serif\" font-weight=\"400\" font-size=\"16\" transform=\"matrix(1 0 0 1.00159 109.263 209)\">Complementos (funciones adicionales)<\/text><rect x=\"20.5\" y=\"146.733\" width=\"430\" height=\"30.0478\" stroke=\"#000000\" stroke-width=\"0.99951\" stroke-miterlimit=\"8\" fill=\"#21759B\"><\/rect><text fill=\"#FFFFFF\" font-family=\"Calibri,Calibri_MSFontService,sans-serif\" font-weight=\"400\" font-size=\"16\" transform=\"matrix(1 0 0 1.00159 169.21 167)\">Temas (dise\u00f1o base)<\/text><rect x=\"20.5\" y=\"106.67\" width=\"430\" height=\"30.0478\" stroke=\"#000000\" stroke-width=\"0.99951\" stroke-miterlimit=\"8\" stroke-dasharray=\"3.99804 2.99853\" fill=\"none\"><\/rect><text font-family=\"Calibri,Calibri_MSFontService,sans-serif\" font-weight=\"400\" font-size=\"16\" transform=\"matrix(1 0 0 1.00159 105.795 126)\">Temas derivados (dise\u00f1o personalizado)<\/text><rect x=\"20.5\" y=\"399.135\" width=\"430\" height=\"29.0463\" stroke=\"#000000\" stroke-width=\"0.99951\" stroke-miterlimit=\"8\" fill=\"#FF8A1D\"><\/rect><text fill=\"#FFFFFF\" font-family=\"Calibri,Calibri_MSFontService,sans-serif\" font-weight=\"400\" font-size=\"16\" transform=\"matrix(1 0 0 1.00159 170.4 419)\">Servidor (hardware)<\/text><rect x=\"20.5\" y=\"66.6059\" width=\"430\" height=\"30.0478\" stroke=\"#000000\" stroke-width=\"0.99951\" stroke-miterlimit=\"8\" stroke-dasharray=\"3.99804 2.99853\" fill=\"none\"><\/rect><text font-family=\"Calibri,Calibri_MSFontService,sans-serif\" font-weight=\"400\" font-size=\"16\" transform=\"matrix(1 0 0 1.00159 124.149 86)\">Contenido (textos, im\u00e1genes, etc.)<\/text><path d=\"M466.5 148.737C470.642 148.737 474 152.978 474 158.21L474 196.354C474 201.586 477.358 205.827 481.5 205.827 477.358 205.827 474 210.069 474 215.301L474 253.445C474 258.677 470.642 262.918 466.5 262.918\" stroke=\"#000000\" stroke-width=\"0.99951\" stroke-linejoin=\"round\" stroke-miterlimit=\"10\" fill=\"none\" fill-rule=\"evenodd\"><\/path><text font-family=\"Calibri,Calibri_MSFontService,sans-serif\" font-weight=\"700\" font-size=\"13\" transform=\"matrix(1 0 0 1.00159 490.193 189)\">Mantenimiento WordPress: <tspan font-weight=\"400\" font-size=\"13\" x=\"0\" y=\"15.9745\">Seguridad, funcionalidades, <\/tspan><tspan font-weight=\"400\" font-size=\"13\" x=\"0\" y=\"31.9491\">velocidad, respaldos, monitoreo, <\/tspan><tspan font-weight=\"400\" font-size=\"13\" x=\"0\" y=\"47.9236\">asesoramiento.<\/tspan><\/text><path d=\"M466.5 65.6043C470.642 65.6043 474 68.4257 474 71.906L474 94.8593C474 98.3396 477.358 101.161 481.5 101.161 477.358 101.161 474 103.982 474 107.463L474 130.416C474 133.896 470.642 136.717 466.5 136.717\" stroke=\"#000000\" stroke-width=\"0.99951\" stroke-linejoin=\"round\" stroke-miterlimit=\"10\" fill=\"none\" fill-rule=\"evenodd\"><\/path><text font-family=\"Calibri,Calibri_MSFontService,sans-serif\" font-weight=\"400\" font-size=\"13\" transform=\"matrix(1 0 0 1.00159 490.193 105)\">Dise\u00f1o y edici\u00f3n del sitio web<\/text><rect x=\"20.5\" y=\"26.5422\" width=\"430\" height=\"29.0463\" stroke=\"#000000\" stroke-width=\"0.99951\" stroke-miterlimit=\"8\" stroke-dasharray=\"3.99804 2.99853\" fill=\"none\"><\/rect><text font-family=\"Calibri,Calibri_MSFontService,sans-serif\" font-weight=\"400\" font-size=\"16\" transform=\"matrix(1 0 0 1.00159 105.591 46)\">Gesti\u00f3n de tienda, cursos, suscripciones<\/text><path d=\"M465.5 25.5407C469.642 25.5407 473 28.362 473 31.8423L473 34.7637C473 38.244 476.358 41.0653 480.5 41.0653 476.358 41.0653 473 43.8867 473 47.3669L473 50.2884C473 53.7687 469.642 56.59 465.5 56.59\" stroke=\"#000000\" stroke-width=\"0.99951\" stroke-linejoin=\"round\" stroke-miterlimit=\"10\" fill=\"none\" fill-rule=\"evenodd\"><\/path><text font-family=\"Calibri,Calibri_MSFontService,sans-serif\" font-weight=\"400\" font-size=\"13\" transform=\"matrix(1 0 0 1.00159 490.026 45)\">Administraci\u00f3n y atenci\u00f3n<\/text><\/g><\/svg>\n<\/div>\n<\/div>\n\n\n\n<p><strong>Todos los planes otorgan prioridad y precio bonificado en cursos de capacitaci\u00f3n y por los trabajos de edici\u00f3n, dise\u00f1o o desarrollo que se soliciten<\/strong> \ud83d\ude0e<\/p>\n\n\n\n<p class=\"has-text-align-center\"><a class=\"sendbutton\" href=\"index.php?page_id=2\">Solicite una evaluaci\u00f3n<\/a><\/p>\n\n\n\n<div style=\"height:50px\" aria-hidden=\"true\" class=\"wp-block-spacer\"><\/div>\n\n\n\n<h3 class=\"wp-block-heading\">Recomendamos leer:<\/h3>\n\n\n\n<ul class=\"wp-block-list\">\n<li><a href=\"?p=3467\">\u00bfPor qu\u00e9 alguien atacar\u00eda mi sitio web?<\/a><\/li>\n\n\n\n<li><a href=\"?p=3338\">\u00bfEs seguro usar WordPress?<\/a><\/li>\n\n\n\n<li><a href=\"?p=2110\">Reporte Sucuri sobre sitios web hackeados<\/a><\/li>\n\n\n\n<li><a href=\"?p=2328\">Filtran 400 millones de cuentas de usuarios de sitio web para adultos<\/a><\/li>\n<\/ul>\n\n\n\n<p><\/p>\n","protected":false},"excerpt":{"rendered":"<p>Protecci\u00f3n de sitios web basados en WordPress, con actualizaciones diarias, sistemas de respaldo remoto y monitoreo continuo. Con soluciones 100% administradas, puede concentrarse en lo que hace mejor, confiando en idearius para mantener su infraestructura web operativa. Es m\u00e1s f\u00e1cil impedir que pirateen un sitio que recuperarse de un ataque. Solicite una evaluaci\u00f3n de seguridad [&hellip;]<\/p>\n","protected":false},"author":1,"featured_media":0,"parent":8,"menu_order":0,"comment_status":"closed","ping_status":"closed","template":"","meta":{"_lmt_disableupdate":"","_lmt_disable":"","site-sidebar-layout":"default","site-content-layout":"default","ast-site-content-layout":"default","site-content-style":"default","site-sidebar-style":"default","ast-global-header-display":"","ast-banner-title-visibility":"","ast-main-header-display":"","ast-hfb-above-header-display":"","ast-hfb-below-header-display":"","ast-hfb-mobile-header-display":"","site-post-title":"","ast-breadcrumbs-content":"","ast-featured-img":"","footer-sml-layout":"","ast-disable-related-posts":"","theme-transparent-header-meta":"default","adv-header-id-meta":"","stick-header-meta":"","header-above-stick-meta":"","header-main-stick-meta":"","header-below-stick-meta":"","astra-migrate-meta-layouts":"set","ast-page-background-enabled":"default","ast-page-background-meta":{"desktop":{"background-color":"var(--ast-global-color-4)","background-image":"","background-repeat":"repeat","background-position":"center center","background-size":"auto","background-attachment":"scroll","background-type":"","background-media":"","overlay-type":"","overlay-color":"","overlay-opacity":"","overlay-gradient":""},"tablet":{"background-color":"","background-image":"","background-repeat":"repeat","background-position":"center center","background-size":"auto","background-attachment":"scroll","background-type":"","background-media":"","overlay-type":"","overlay-color":"","overlay-opacity":"","overlay-gradient":""},"mobile":{"background-color":"","background-image":"","background-repeat":"repeat","background-position":"center center","background-size":"auto","background-attachment":"scroll","background-type":"","background-media":"","overlay-type":"","overlay-color":"","overlay-opacity":"","overlay-gradient":""}},"ast-content-background-meta":{"desktop":{"background-color":"var(--ast-global-color-5)","background-image":"","background-repeat":"repeat","background-position":"center center","background-size":"auto","background-attachment":"scroll","background-type":"","background-media":"","overlay-type":"","overlay-color":"","overlay-opacity":"","overlay-gradient":""},"tablet":{"background-color":"var(--ast-global-color-5)","background-image":"","background-repeat":"repeat","background-position":"center center","background-size":"auto","background-attachment":"scroll","background-type":"","background-media":"","overlay-type":"","overlay-color":"","overlay-opacity":"","overlay-gradient":""},"mobile":{"background-color":"var(--ast-global-color-5)","background-image":"","background-repeat":"repeat","background-position":"center center","background-size":"auto","background-attachment":"scroll","background-type":"","background-media":"","overlay-type":"","overlay-color":"","overlay-opacity":"","overlay-gradient":""}},"footnotes":""},"class_list":["post-2219","page","type-page","status-publish","hentry"],"_links":{"self":[{"href":"https:\/\/www.idearius.com\/es\/wp-json\/wp\/v2\/pages\/2219","targetHints":{"allow":["GET"]}}],"collection":[{"href":"https:\/\/www.idearius.com\/es\/wp-json\/wp\/v2\/pages"}],"about":[{"href":"https:\/\/www.idearius.com\/es\/wp-json\/wp\/v2\/types\/page"}],"author":[{"embeddable":true,"href":"https:\/\/www.idearius.com\/es\/wp-json\/wp\/v2\/users\/1"}],"replies":[{"embeddable":true,"href":"https:\/\/www.idearius.com\/es\/wp-json\/wp\/v2\/comments?post=2219"}],"version-history":[{"count":33,"href":"https:\/\/www.idearius.com\/es\/wp-json\/wp\/v2\/pages\/2219\/revisions"}],"predecessor-version":[{"id":5408,"href":"https:\/\/www.idearius.com\/es\/wp-json\/wp\/v2\/pages\/2219\/revisions\/5408"}],"up":[{"embeddable":true,"href":"https:\/\/www.idearius.com\/es\/wp-json\/wp\/v2\/pages\/8"}],"wp:attachment":[{"href":"https:\/\/www.idearius.com\/es\/wp-json\/wp\/v2\/media?parent=2219"}],"curies":[{"name":"wp","href":"https:\/\/api.w.org\/{rel}","templated":true}]}}