{"id":3116,"date":"2018-06-23T20:32:33","date_gmt":"2018-06-23T23:32:33","guid":{"rendered":"http:\/\/www.idearius.com\/es\/?page_id=3116"},"modified":"2021-07-22T01:21:11","modified_gmt":"2021-07-22T04:21:11","slug":"como-migro-mis-datos-desde-otro-proveedor","status":"publish","type":"page","link":"https:\/\/www.idearius.com\/es\/ayuda\/como-migro-mis-datos-desde-otro-proveedor\/","title":{"rendered":"\u00bfC\u00f3mo migro mis datos desde otro proveedor?"},"content":{"rendered":"<p>Si tiene una cuenta de alojamiento (hosting) con otro proveedor, podemos intentar trasladar sus datos hacia nuestros sistemas. Estas migraciones se proporcionan como un servicio de cortes\u00eda y no otorgamos garant\u00edas con respecto a la posibilidad o al tiempo requerido para completarlas.<\/p>\n<p>Cada cuenta de alojamiento y proveedor es diferente, por lo que pueden corresponder cargos adicionales, en cuyo caso se lo informaremos con anticipaci\u00f3n.<\/p>\n<p>Usted acepta no realizar cambios en sus datos durante el proceso de migraci\u00f3n y es responsable de revisar la funcionalidad y precisi\u00f3n de los datos migrados en su nueva ubicaci\u00f3n.<\/p>\n","protected":false},"excerpt":{"rendered":"<p>Si tiene una cuenta de alojamiento (hosting) con otro proveedor, podemos intentar trasladar sus datos hacia nuestros sistemas. Estas migraciones se proporcionan como un servicio de cortes\u00eda y no otorgamos garant\u00edas con respecto a la posibilidad o al tiempo requerido para completarlas. Cada cuenta de alojamiento y proveedor es diferente, por lo que pueden corresponder [&hellip;]<\/p>\n","protected":false},"author":1,"featured_media":0,"parent":494,"menu_order":0,"comment_status":"closed","ping_status":"closed","template":"","meta":{"_lmt_disableupdate":"","_lmt_disable":"","site-sidebar-layout":"default","site-content-layout":"","ast-site-content-layout":"default","site-content-style":"default","site-sidebar-style":"default","ast-global-header-display":"","ast-banner-title-visibility":"","ast-main-header-display":"","ast-hfb-above-header-display":"","ast-hfb-below-header-display":"","ast-hfb-mobile-header-display":"","site-post-title":"","ast-breadcrumbs-content":"","ast-featured-img":"","footer-sml-layout":"","ast-disable-related-posts":"","theme-transparent-header-meta":"","adv-header-id-meta":"","stick-header-meta":"","header-above-stick-meta":"","header-main-stick-meta":"","header-below-stick-meta":"","astra-migrate-meta-layouts":"default","ast-page-background-enabled":"default","ast-page-background-meta":{"desktop":{"background-color":"var(--ast-global-color-4)","background-image":"","background-repeat":"repeat","background-position":"center center","background-size":"auto","background-attachment":"scroll","background-type":"","background-media":"","overlay-type":"","overlay-color":"","overlay-opacity":"","overlay-gradient":""},"tablet":{"background-color":"","background-image":"","background-repeat":"repeat","background-position":"center center","background-size":"auto","background-attachment":"scroll","background-type":"","background-media":"","overlay-type":"","overlay-color":"","overlay-opacity":"","overlay-gradient":""},"mobile":{"background-color":"","background-image":"","background-repeat":"repeat","background-position":"center center","background-size":"auto","background-attachment":"scroll","background-type":"","background-media":"","overlay-type":"","overlay-color":"","overlay-opacity":"","overlay-gradient":""}},"ast-content-background-meta":{"desktop":{"background-color":"var(--ast-global-color-5)","background-image":"","background-repeat":"repeat","background-position":"center center","background-size":"auto","background-attachment":"scroll","background-type":"","background-media":"","overlay-type":"","overlay-color":"","overlay-opacity":"","overlay-gradient":""},"tablet":{"background-color":"var(--ast-global-color-5)","background-image":"","background-repeat":"repeat","background-position":"center center","background-size":"auto","background-attachment":"scroll","background-type":"","background-media":"","overlay-type":"","overlay-color":"","overlay-opacity":"","overlay-gradient":""},"mobile":{"background-color":"var(--ast-global-color-5)","background-image":"","background-repeat":"repeat","background-position":"center center","background-size":"auto","background-attachment":"scroll","background-type":"","background-media":"","overlay-type":"","overlay-color":"","overlay-opacity":"","overlay-gradient":""}},"footnotes":""},"class_list":["post-3116","page","type-page","status-publish","hentry"],"_links":{"self":[{"href":"https:\/\/www.idearius.com\/es\/wp-json\/wp\/v2\/pages\/3116","targetHints":{"allow":["GET"]}}],"collection":[{"href":"https:\/\/www.idearius.com\/es\/wp-json\/wp\/v2\/pages"}],"about":[{"href":"https:\/\/www.idearius.com\/es\/wp-json\/wp\/v2\/types\/page"}],"author":[{"embeddable":true,"href":"https:\/\/www.idearius.com\/es\/wp-json\/wp\/v2\/users\/1"}],"replies":[{"embeddable":true,"href":"https:\/\/www.idearius.com\/es\/wp-json\/wp\/v2\/comments?post=3116"}],"version-history":[{"count":1,"href":"https:\/\/www.idearius.com\/es\/wp-json\/wp\/v2\/pages\/3116\/revisions"}],"predecessor-version":[{"id":3415,"href":"https:\/\/www.idearius.com\/es\/wp-json\/wp\/v2\/pages\/3116\/revisions\/3415"}],"up":[{"embeddable":true,"href":"https:\/\/www.idearius.com\/es\/wp-json\/wp\/v2\/pages\/494"}],"wp:attachment":[{"href":"https:\/\/www.idearius.com\/es\/wp-json\/wp\/v2\/media?parent=3116"}],"curies":[{"name":"wp","href":"https:\/\/api.w.org\/{rel}","templated":true}]}}