{"id":3117,"date":"2018-08-01T15:07:11","date_gmt":"2018-08-01T18:07:11","guid":{"rendered":"http:\/\/www.idearius.com\/es\/?page_id=3117"},"modified":"2021-07-22T01:21:10","modified_gmt":"2021-07-22T04:21:10","slug":"como-filtrar-el-correo-no-deseado-con-thunderbird","status":"publish","type":"page","link":"https:\/\/www.idearius.com\/es\/ayuda\/como-filtrar-el-correo-no-deseado-con-thunderbird\/","title":{"rendered":"C\u00f3mo filtrar el correo no deseado con Thunderbird"},"content":{"rendered":"<p><img loading=\"lazy\" decoding=\"async\" src=\"https:\/\/www.idearius.com\/es\/wp-content\/uploads\/foto-spam-lata-300x240.jpg\" alt=\"\" width=\"300\" height=\"240\" class=\"alignright size-medium wp-image-3440\" srcset=\"https:\/\/www.idearius.com\/es\/wp-content\/uploads\/foto-spam-lata-300x240.jpg 300w, https:\/\/www.idearius.com\/es\/wp-content\/uploads\/foto-spam-lata-220x176.jpg 220w, https:\/\/www.idearius.com\/es\/wp-content\/uploads\/foto-spam-lata-187x150.jpg 187w, https:\/\/www.idearius.com\/es\/wp-content\/uploads\/foto-spam-lata-453x362.jpg 453w, https:\/\/www.idearius.com\/es\/wp-content\/uploads\/foto-spam-lata.jpg 580w\" sizes=\"auto, (max-width: 300px) 100vw, 300px\" \/><strong>Controlar los mensajes de correo electr\u00f3nico que recibimos es vital. Los mensajes no deseados, adem\u00e1s de ser molestos, pueden ser peligrosos<\/strong> ya que suelen contener <a href=\"?p=381\">software malicioso (malware)<\/a> y enlaces a contenido fraudulento (phishing).<\/p>\n<p>De una forma u otra siempre cuestan tiempo y dinero.<\/p>\n<p>Para protegernos frente los correos electr\u00f3nicos no deseados (tambi\u00e9n llamados \u00abcorreo basura\u00bb o \u00abspam\u00bb), <a href=\"https:\/\/www.thunderbird.net\/\">Thunderbird<\/a> utiliza un filtro adaptativo que aprende de sus acciones al marcar qu\u00e9 mensajes recibidos son deseados y cu\u00e1les no.<\/p>\n<h2>Activaci\u00f3n de los controles antispam<\/h2>\n<p>Los controles antispam est\u00e1n desactivados de forma predeterminada. Para activarlos siga estos pasos:<\/p>\n<ol>\n<li>men\u00fa <strong>Herramientas<\/strong><\/li>\n<li>opci\u00f3n <strong>Opciones<\/strong><\/li>\n<li>secci\u00f3n <strong>Seguridad<\/strong><\/li>\n<li>pesta\u00f1a <strong>Correo no deseado<\/strong><\/li>\n<li>casilla <strong>Activar el registro del filtro adaptativo de correo basura<\/strong><\/li>\n<li>bot\u00f3n <strong>Aceptar<\/strong><\/li>\n<\/ol>\n<p><img loading=\"lazy\" decoding=\"async\" src=\"https:\/\/www.idearius.com\/es\/wp-content\/uploads\/img-tb52-herramientas.png\" alt=\"\" width=\"720\" height=\"434\" class=\"aligncenter size-full wp-image-3431\" srcset=\"https:\/\/www.idearius.com\/es\/wp-content\/uploads\/img-tb52-herramientas.png 720w, https:\/\/www.idearius.com\/es\/wp-content\/uploads\/img-tb52-herramientas-300x181.png 300w, https:\/\/www.idearius.com\/es\/wp-content\/uploads\/img-tb52-herramientas-220x133.png 220w, https:\/\/www.idearius.com\/es\/wp-content\/uploads\/img-tb52-herramientas-187x113.png 187w, https:\/\/www.idearius.com\/es\/wp-content\/uploads\/img-tb52-herramientas-453x273.png 453w\" sizes=\"auto, (max-width: 720px) 100vw, 720px\" \/><\/p>\n<p><img loading=\"lazy\" decoding=\"async\" src=\"https:\/\/www.idearius.com\/es\/wp-content\/uploads\/img-tb52-opciones-seguridad-correonodeseado.png\" alt=\"\" width=\"744\" height=\"541\" class=\"aligncenter size-full wp-image-3432\" srcset=\"https:\/\/www.idearius.com\/es\/wp-content\/uploads\/img-tb52-opciones-seguridad-correonodeseado.png 744w, https:\/\/www.idearius.com\/es\/wp-content\/uploads\/img-tb52-opciones-seguridad-correonodeseado-300x218.png 300w, https:\/\/www.idearius.com\/es\/wp-content\/uploads\/img-tb52-opciones-seguridad-correonodeseado-220x160.png 220w, https:\/\/www.idearius.com\/es\/wp-content\/uploads\/img-tb52-opciones-seguridad-correonodeseado-187x136.png 187w, https:\/\/www.idearius.com\/es\/wp-content\/uploads\/img-tb52-opciones-seguridad-correonodeseado-453x329.png 453w\" sizes=\"auto, (max-width: 744px) 100vw, 744px\" \/><\/p>\n<h2>Personalizaci\u00f3n del sistema antispam<\/h2>\n<p>Hecho esto, cada vez que reciba un mensaje de correo electr\u00f3nico no deseado, si Thunderbird no lo detect\u00f3 autom\u00e1ticamente, podr\u00e1 marcarlo como tal y <strong>mejorar\u00e1 los filtros antispam de Thunderbird seg\u00fan sus preferencias personales<\/strong>.<\/p>\n<p>Si Thunderbird confundiera un mensaje leg\u00edtimo (puede pasar sobre todo al principio), podr\u00e1 desmarcarlo con un solo clic y el mensaje volver\u00e1 a la carpeta Bandeja de entrada.<\/p>\n<p>Aqu\u00ed se ve d\u00f3nde puede marcar o desmarcar un mensaje como correo no deseado:<\/p>\n<p><img decoding=\"async\" src=\"https:\/\/www.idearius.com\/es\/wp-content\/uploads\/img-tb52-mensaje-marcarnodeseado-1024x576.png\" alt=\"\" width=\"100%\" class=\"aligncenter size-large wp-image-3433\" srcset=\"https:\/\/www.idearius.com\/es\/wp-content\/uploads\/img-tb52-mensaje-marcarnodeseado-1024x576.png 1024w, https:\/\/www.idearius.com\/es\/wp-content\/uploads\/img-tb52-mensaje-marcarnodeseado-300x169.png 300w, https:\/\/www.idearius.com\/es\/wp-content\/uploads\/img-tb52-mensaje-marcarnodeseado-768x432.png 768w, https:\/\/www.idearius.com\/es\/wp-content\/uploads\/img-tb52-mensaje-marcarnodeseado-220x124.png 220w, https:\/\/www.idearius.com\/es\/wp-content\/uploads\/img-tb52-mensaje-marcarnodeseado-187x105.png 187w, https:\/\/www.idearius.com\/es\/wp-content\/uploads\/img-tb52-mensaje-marcarnodeseado-453x255.png 453w, https:\/\/www.idearius.com\/es\/wp-content\/uploads\/img-tb52-mensaje-marcarnodeseado.png 1366w\" sizes=\"(max-width: 1024px) 100vw, 1024px\" \/><\/p>\n<p><img decoding=\"async\" src=\"https:\/\/www.idearius.com\/es\/wp-content\/uploads\/img-tb52-mensaje-nodeseado-1024x576.png\" alt=\"\" width=\"100%\" class=\"aligncenter size-large wp-image-3434\" srcset=\"https:\/\/www.idearius.com\/es\/wp-content\/uploads\/img-tb52-mensaje-nodeseado-1024x576.png 1024w, https:\/\/www.idearius.com\/es\/wp-content\/uploads\/img-tb52-mensaje-nodeseado-300x169.png 300w, https:\/\/www.idearius.com\/es\/wp-content\/uploads\/img-tb52-mensaje-nodeseado-768x432.png 768w, https:\/\/www.idearius.com\/es\/wp-content\/uploads\/img-tb52-mensaje-nodeseado-220x124.png 220w, https:\/\/www.idearius.com\/es\/wp-content\/uploads\/img-tb52-mensaje-nodeseado-187x105.png 187w, https:\/\/www.idearius.com\/es\/wp-content\/uploads\/img-tb52-mensaje-nodeseado-453x255.png 453w, https:\/\/www.idearius.com\/es\/wp-content\/uploads\/img-tb52-mensaje-nodeseado.png 1366w\" sizes=\"(max-width: 1024px) 100vw, 1024px\" \/><\/p>\n<p><strong>Cuantos m\u00e1s mensajes marque, mejor ser\u00e1 el filtrado de Thunderbird, que luego guardar\u00e1 autom\u00e1ticamente en la carpeta de correo basura todos los mensajes que detecte.<\/strong><\/p>\n<p>Tenga en cuenta que llevar manualmente un mensaje a esa carpeta no se traduce en aprendizaje del sistema antispam.<\/p>\n<h3>Recomendamos leer:<\/h3>\n<ul>\n<li><a href=\"index.php?page_id=1287\">\u00bfQu\u00e9 se considera spam?<\/a><\/li>\n<li><a href=\"?p=28\">Por qu\u00e9 usar Mozilla Thunderbird para leer el correo (primera parte)<\/a><\/li>\n<li><a href=\"?p=75\">Por qu\u00e9 usar Mozilla Thunderbird para leer el correo (segunda parte)<\/a><\/li>\n<li><a href=\"?p=76\">Por qu\u00e9 usar Mozilla Thunderbird para leer el correo (tercera parte)<\/a><\/li>\n<\/ul>\n","protected":false},"excerpt":{"rendered":"<p>Controlar los mensajes de correo electr\u00f3nico que recibimos es vital. Los mensajes no deseados, adem\u00e1s de ser molestos, pueden ser peligrosos ya que suelen contener software malicioso (malware) y enlaces a contenido fraudulento (phishing). De una forma u otra siempre cuestan tiempo y dinero. Para protegernos frente los correos electr\u00f3nicos no deseados (tambi\u00e9n llamados \u00abcorreo [&hellip;]<\/p>\n","protected":false},"author":1,"featured_media":0,"parent":494,"menu_order":0,"comment_status":"closed","ping_status":"closed","template":"","meta":{"_lmt_disableupdate":"","_lmt_disable":"","site-sidebar-layout":"default","site-content-layout":"","ast-site-content-layout":"default","site-content-style":"default","site-sidebar-style":"default","ast-global-header-display":"","ast-banner-title-visibility":"","ast-main-header-display":"","ast-hfb-above-header-display":"","ast-hfb-below-header-display":"","ast-hfb-mobile-header-display":"","site-post-title":"","ast-breadcrumbs-content":"","ast-featured-img":"","footer-sml-layout":"","ast-disable-related-posts":"","theme-transparent-header-meta":"","adv-header-id-meta":"","stick-header-meta":"","header-above-stick-meta":"","header-main-stick-meta":"","header-below-stick-meta":"","astra-migrate-meta-layouts":"default","ast-page-background-enabled":"default","ast-page-background-meta":{"desktop":{"background-color":"var(--ast-global-color-4)","background-image":"","background-repeat":"repeat","background-position":"center center","background-size":"auto","background-attachment":"scroll","background-type":"","background-media":"","overlay-type":"","overlay-color":"","overlay-opacity":"","overlay-gradient":""},"tablet":{"background-color":"","background-image":"","background-repeat":"repeat","background-position":"center center","background-size":"auto","background-attachment":"scroll","background-type":"","background-media":"","overlay-type":"","overlay-color":"","overlay-opacity":"","overlay-gradient":""},"mobile":{"background-color":"","background-image":"","background-repeat":"repeat","background-position":"center center","background-size":"auto","background-attachment":"scroll","background-type":"","background-media":"","overlay-type":"","overlay-color":"","overlay-opacity":"","overlay-gradient":""}},"ast-content-background-meta":{"desktop":{"background-color":"var(--ast-global-color-5)","background-image":"","background-repeat":"repeat","background-position":"center center","background-size":"auto","background-attachment":"scroll","background-type":"","background-media":"","overlay-type":"","overlay-color":"","overlay-opacity":"","overlay-gradient":""},"tablet":{"background-color":"var(--ast-global-color-5)","background-image":"","background-repeat":"repeat","background-position":"center center","background-size":"auto","background-attachment":"scroll","background-type":"","background-media":"","overlay-type":"","overlay-color":"","overlay-opacity":"","overlay-gradient":""},"mobile":{"background-color":"var(--ast-global-color-5)","background-image":"","background-repeat":"repeat","background-position":"center center","background-size":"auto","background-attachment":"scroll","background-type":"","background-media":"","overlay-type":"","overlay-color":"","overlay-opacity":"","overlay-gradient":""}},"footnotes":""},"class_list":["post-3117","page","type-page","status-publish","hentry"],"_links":{"self":[{"href":"https:\/\/www.idearius.com\/es\/wp-json\/wp\/v2\/pages\/3117","targetHints":{"allow":["GET"]}}],"collection":[{"href":"https:\/\/www.idearius.com\/es\/wp-json\/wp\/v2\/pages"}],"about":[{"href":"https:\/\/www.idearius.com\/es\/wp-json\/wp\/v2\/types\/page"}],"author":[{"embeddable":true,"href":"https:\/\/www.idearius.com\/es\/wp-json\/wp\/v2\/users\/1"}],"replies":[{"embeddable":true,"href":"https:\/\/www.idearius.com\/es\/wp-json\/wp\/v2\/comments?post=3117"}],"version-history":[{"count":15,"href":"https:\/\/www.idearius.com\/es\/wp-json\/wp\/v2\/pages\/3117\/revisions"}],"predecessor-version":[{"id":3450,"href":"https:\/\/www.idearius.com\/es\/wp-json\/wp\/v2\/pages\/3117\/revisions\/3450"}],"up":[{"embeddable":true,"href":"https:\/\/www.idearius.com\/es\/wp-json\/wp\/v2\/pages\/494"}],"wp:attachment":[{"href":"https:\/\/www.idearius.com\/es\/wp-json\/wp\/v2\/media?parent=3117"}],"curies":[{"name":"wp","href":"https:\/\/api.w.org\/{rel}","templated":true}]}}