{"id":3118,"date":"2022-04-11T15:42:26","date_gmt":"2022-04-11T18:42:26","guid":{"rendered":"http:\/\/www.idearius.com\/es\/?page_id=3118"},"modified":"2022-04-11T15:53:56","modified_gmt":"2022-04-11T18:53:56","slug":"como-se-cuenta-el-espacio-usado-en-una-cuenta-de-hosting","status":"publish","type":"page","link":"https:\/\/www.idearius.com\/es\/ayuda\/como-se-cuenta-el-espacio-usado-en-una-cuenta-de-hosting\/","title":{"rendered":"\u00bfC\u00f3mo se cuenta el espacio usado en una cuenta de hosting?"},"content":{"rendered":"\n<div class=\"wp-block-columns is-layout-flex wp-container-core-columns-is-layout-28f84493 wp-block-columns-is-layout-flex\">\n<div class=\"wp-block-column is-layout-flow wp-block-column-is-layout-flow\" style=\"flex-basis:66.66%\">\n<p>Todos los archivos que est\u00e9n en la cuenta de alojamiento (hosting) de un cliente en el servidor se suman al contabilizar el espacio usado. Entre otros:<\/p>\n\n\n\n<ul class=\"wp-block-list\"><li>archivos del gestor de contenidos (WordPress, Drupal u otro), <\/li><li>plugins (que dan funcionalidades espec\u00edficas, como WooCommerce), <\/li><li>temas (archivos que dan estructura b\u00e1sica para el dise\u00f1o del sitio web), <\/li><li>adjuntos a las publicaciones (como im\u00e1genes, videos, documentos), <\/li><li>archivos de registro de estad\u00edsticas de accesos al sitio web y de posibles fallos (llamados <em>logs<\/em>), <\/li><li>archivos de configuraci\u00f3n (como el .htaccess), <\/li><li>bases de datos, <\/li><li>respaldos que usted haga (no se cuentan los respaldos autom\u00e1ticos hechos a nivel del servidor), <\/li><li>correos (<a href=\"?p=847\">incluyendo el spam y lo que est\u00e9 de la Papelera<\/a>).<\/li><\/ul>\n\n\n\n<p>Cuando una cuenta comienza a saturarse nuestros sistemas nos avisan y, dependiendo del caso, activamos protocolos de limpieza y\/o contactamos a los clientes para ofrecerles la opci\u00f3n de hacer lugar borrando archivos innecesarios o ampliar la capacidad contratada en el servidor web.<\/p>\n\n\n\n<p>Cuando prefieren ampliar la capacidad de su cuenta de <a href=\"?p=114\">alojamiento web<\/a>, el nuevo precio anual se prorratea por los d\u00edas restantes hasta la renovaci\u00f3n, y se descuenta el monto ya pagado. De esa forma cada cliente paga s\u00f3lo por lo que efectivamente utiliza.<\/p>\n<\/div>\n\n\n\n<div class=\"wp-block-column is-vertically-aligned-top is-layout-flow wp-block-column-is-layout-flow\" style=\"flex-basis:33.33%\">\n<figure class=\"wp-block-image size-full\"><img loading=\"lazy\" decoding=\"async\" width=\"475\" height=\"818\" src=\"https:\/\/www.idearius.com\/es\/wp-content\/uploads\/img-cpanel-espacio-01.png\" alt=\"\" class=\"wp-image-4777\" srcset=\"https:\/\/www.idearius.com\/es\/wp-content\/uploads\/img-cpanel-espacio-01.png 475w, https:\/\/www.idearius.com\/es\/wp-content\/uploads\/img-cpanel-espacio-01-174x300.png 174w\" sizes=\"auto, (max-width: 475px) 100vw, 475px\" \/><figcaption>Ejemplo de espacio ocupado por archivos en una cuenta de hosting de cPanel con WordPress.<\/figcaption><\/figure>\n<\/div>\n<\/div>\n","protected":false},"excerpt":{"rendered":"<p>Todos los archivos que est\u00e9n en la cuenta de alojamiento (hosting) de un cliente en el servidor se suman al contabilizar el espacio usado. Entre otros: archivos del gestor de contenidos (WordPress, Drupal u otro), plugins (que dan funcionalidades espec\u00edficas, como WooCommerce), temas (archivos que dan estructura b\u00e1sica para el dise\u00f1o del sitio web), adjuntos [&hellip;]<\/p>\n","protected":false},"author":1,"featured_media":0,"parent":494,"menu_order":0,"comment_status":"closed","ping_status":"closed","template":"","meta":{"_lmt_disableupdate":"","_lmt_disable":"","site-sidebar-layout":"default","site-content-layout":"","ast-site-content-layout":"default","site-content-style":"default","site-sidebar-style":"default","ast-global-header-display":"","ast-banner-title-visibility":"","ast-main-header-display":"","ast-hfb-above-header-display":"","ast-hfb-below-header-display":"","ast-hfb-mobile-header-display":"","site-post-title":"","ast-breadcrumbs-content":"","ast-featured-img":"","footer-sml-layout":"","ast-disable-related-posts":"","theme-transparent-header-meta":"","adv-header-id-meta":"","stick-header-meta":"","header-above-stick-meta":"","header-main-stick-meta":"","header-below-stick-meta":"","astra-migrate-meta-layouts":"default","ast-page-background-enabled":"default","ast-page-background-meta":{"desktop":{"background-color":"var(--ast-global-color-4)","background-image":"","background-repeat":"repeat","background-position":"center center","background-size":"auto","background-attachment":"scroll","background-type":"","background-media":"","overlay-type":"","overlay-color":"","overlay-opacity":"","overlay-gradient":""},"tablet":{"background-color":"","background-image":"","background-repeat":"repeat","background-position":"center center","background-size":"auto","background-attachment":"scroll","background-type":"","background-media":"","overlay-type":"","overlay-color":"","overlay-opacity":"","overlay-gradient":""},"mobile":{"background-color":"","background-image":"","background-repeat":"repeat","background-position":"center center","background-size":"auto","background-attachment":"scroll","background-type":"","background-media":"","overlay-type":"","overlay-color":"","overlay-opacity":"","overlay-gradient":""}},"ast-content-background-meta":{"desktop":{"background-color":"var(--ast-global-color-5)","background-image":"","background-repeat":"repeat","background-position":"center center","background-size":"auto","background-attachment":"scroll","background-type":"","background-media":"","overlay-type":"","overlay-color":"","overlay-opacity":"","overlay-gradient":""},"tablet":{"background-color":"var(--ast-global-color-5)","background-image":"","background-repeat":"repeat","background-position":"center center","background-size":"auto","background-attachment":"scroll","background-type":"","background-media":"","overlay-type":"","overlay-color":"","overlay-opacity":"","overlay-gradient":""},"mobile":{"background-color":"var(--ast-global-color-5)","background-image":"","background-repeat":"repeat","background-position":"center center","background-size":"auto","background-attachment":"scroll","background-type":"","background-media":"","overlay-type":"","overlay-color":"","overlay-opacity":"","overlay-gradient":""}},"footnotes":""},"class_list":["post-3118","page","type-page","status-publish","hentry"],"_links":{"self":[{"href":"https:\/\/www.idearius.com\/es\/wp-json\/wp\/v2\/pages\/3118","targetHints":{"allow":["GET"]}}],"collection":[{"href":"https:\/\/www.idearius.com\/es\/wp-json\/wp\/v2\/pages"}],"about":[{"href":"https:\/\/www.idearius.com\/es\/wp-json\/wp\/v2\/types\/page"}],"author":[{"embeddable":true,"href":"https:\/\/www.idearius.com\/es\/wp-json\/wp\/v2\/users\/1"}],"replies":[{"embeddable":true,"href":"https:\/\/www.idearius.com\/es\/wp-json\/wp\/v2\/comments?post=3118"}],"version-history":[{"count":18,"href":"https:\/\/www.idearius.com\/es\/wp-json\/wp\/v2\/pages\/3118\/revisions"}],"predecessor-version":[{"id":4782,"href":"https:\/\/www.idearius.com\/es\/wp-json\/wp\/v2\/pages\/3118\/revisions\/4782"}],"up":[{"embeddable":true,"href":"https:\/\/www.idearius.com\/es\/wp-json\/wp\/v2\/pages\/494"}],"wp:attachment":[{"href":"https:\/\/www.idearius.com\/es\/wp-json\/wp\/v2\/media?parent=3118"}],"curies":[{"name":"wp","href":"https:\/\/api.w.org\/{rel}","templated":true}]}}