{"id":3121,"date":"2023-01-31T10:39:57","date_gmt":"2023-01-31T13:39:57","guid":{"rendered":"http:\/\/www.idearius.com\/es\/?page_id=3121"},"modified":"2023-02-02T16:54:56","modified_gmt":"2023-02-02T19:54:56","slug":"como-cambiar-los-servidores-de-nombre-nameservers-de-un-dominio-registrado-en-antel","status":"publish","type":"page","link":"https:\/\/www.idearius.com\/es\/ayuda\/como-cambiar-los-servidores-de-nombre-nameservers-de-un-dominio-registrado-en-antel\/","title":{"rendered":"C\u00f3mo cambiar los servidores de nombre (nameservers) de un dominio registrado en ANTEL"},"content":{"rendered":"\n<h2 class=\"wp-block-heading\">Edite los servidores de nombre en 15 pasos<\/h2>\n\n\n\n<ol class=\"wp-block-list\" type=\"1\">\n<li>Acceda a <a href=\"https:\/\/nic.com.uy\/\">https:\/\/nic.com.uy\/<\/a> desde una computadora (la p\u00e1gina no est\u00e1 optimizada para dispositivos m\u00f3viles, por lo que es dif\u00edcil usarla desde estos).<\/li>\n\n\n\n<li>Clic en \u00ab<strong>Iniciar Sesi\u00f3n<\/strong>\u00ab.<\/li>\n\n\n\n<li>Ingrese su usuario y contrase\u00f1a de ANTEL y d\u00e9 clic en \u00ab<strong>Ingresar<\/strong>\u00ab. Si no recuerda su contrase\u00f1a, pruebe acceder a \u00ab\u00bfOlvidaste clave?\u00bb y siga las instrucciones que le proveer\u00e1n. Si tampoco recuerda su nombre de usuario, deber\u00e1 ir a una oficina comercial de ANTEL con su c\u00e9dula de identidad para gestionar el acceso all\u00ed.<\/li>\n\n\n\n<li>Clic en \u00ab<strong>Mis dominios<\/strong>\u00bb en el men\u00fa superior, o en \u00abDominios registrados\u00bb en la secci\u00f3n \u00abResumen\u00bb. Se listar\u00e1n los dominios a su nombre.<\/li>\n\n\n\n<li>Clic en el dominio en el que desee hacer los cambios.<\/li>\n\n\n\n<li>Clic en \u00ab<strong>Editar<\/strong>\u00bb en la secci\u00f3n \u00abConfiguraci\u00f3n de servidores de nombre\u00bb, a la derecha del primer Nameserver que modificar\u00e1 (se abrir\u00e1 un cuadro para que haga la modificaci\u00f3n).<\/li>\n\n\n\n<li>En el campo \u00ab<strong>Nombre<\/strong>\u00bb ingrese ns1.onelar.com (o el servidor de nombres que le indiquemos).<\/li>\n\n\n\n<li>Clic en el bot\u00f3n \u00ab<strong>Editar nameserver<\/strong>\u00ab.<\/li>\n\n\n\n<li>El sistema reportar\u00e1 \u00abEl servidor de nombres se actualiz\u00f3 correctamente\u00bb.<\/li>\n\n\n\n<li>Clic en \u00ab<strong>Editar<\/strong>\u00bb en la secci\u00f3n \u00abConfiguraci\u00f3n de servidores de nombre\u00bb, a la derecha del segundo Nameserver que modificar\u00e1 (se abrir\u00e1 un cuadro para que haga la modificaci\u00f3n).<\/li>\n\n\n\n<li>En el campo \u00ab<strong>Nombre<\/strong>\u00bb ingrese ns2.onelar.com (o el servidor de nombres que le indiquemos).<\/li>\n\n\n\n<li>Clic en el bot\u00f3n \u00ab<strong>Editar nameserver<\/strong>\u00ab.<\/li>\n\n\n\n<li>El sistema reportar\u00e1 \u00abEl servidor de nombres se actualiz\u00f3 correctamente\u00bb.<\/li>\n\n\n\n<li>Si ten\u00eda otros servidores de nombres ya configurados, a la derecha de \u00abEditar\u00bb aparecer\u00e1 la opci\u00f3n para eliminar los anteriores. D\u00e9 clic en \u00ab<strong>Eliminar<\/strong>\u00bb en los servidores de nombres que no usar\u00e1. Deben quedar los servidores de nombres reci\u00e9n ingresados.<\/li>\n\n\n\n<li>Clic en \u00ab<strong>Cerrar sesi\u00f3n<\/strong>\u00ab.<\/li>\n<\/ol>\n\n\n\n<h2 class=\"wp-block-heading\">Ayudas visuales<\/h2>\n\n\n\n<figure class=\"wp-block-image aligncenter size-full\"><a href=\"https:\/\/www.idearius.com\/es\/wp-content\/uploads\/img-nic-antel-01-resumen.png\"><img loading=\"lazy\" decoding=\"async\" width=\"1262\" height=\"454\" src=\"https:\/\/www.idearius.com\/es\/wp-content\/uploads\/img-nic-antel-01-resumen.png\" alt=\"\" class=\"wp-image-5000\" srcset=\"https:\/\/www.idearius.com\/es\/wp-content\/uploads\/img-nic-antel-01-resumen.png 1262w, https:\/\/www.idearius.com\/es\/wp-content\/uploads\/img-nic-antel-01-resumen-300x108.png 300w, https:\/\/www.idearius.com\/es\/wp-content\/uploads\/img-nic-antel-01-resumen-1024x368.png 1024w, https:\/\/www.idearius.com\/es\/wp-content\/uploads\/img-nic-antel-01-resumen-768x276.png 768w\" sizes=\"auto, (max-width: 1262px) 100vw, 1262px\" \/><\/a><figcaption class=\"wp-element-caption\">Paso 4<\/figcaption><\/figure>\n\n\n\n<figure class=\"wp-block-gallery aligncenter has-nested-images columns-4 wp-block-gallery-1 is-layout-flex wp-block-gallery-is-layout-flex\">\n<figure class=\"wp-block-image size-large\"><a href=\"https:\/\/www.idearius.com\/es\/wp-content\/uploads\/img-nic-antel-02-listado.png\"><img loading=\"lazy\" decoding=\"async\" width=\"600\" height=\"540\" data-id=\"5001\" src=\"https:\/\/www.idearius.com\/es\/wp-content\/uploads\/img-nic-antel-02-listado.png\" alt=\"\" class=\"wp-image-5001\" srcset=\"https:\/\/www.idearius.com\/es\/wp-content\/uploads\/img-nic-antel-02-listado.png 600w, https:\/\/www.idearius.com\/es\/wp-content\/uploads\/img-nic-antel-02-listado-300x270.png 300w\" sizes=\"auto, (max-width: 600px) 100vw, 600px\" \/><\/a><figcaption class=\"wp-element-caption\">Paso 5<\/figcaption><\/figure>\n\n\n\n<figure class=\"wp-block-image size-large\"><a href=\"https:\/\/www.idearius.com\/es\/wp-content\/uploads\/img-nic-antel-03-detalle.png\"><img loading=\"lazy\" decoding=\"async\" width=\"600\" height=\"621\" data-id=\"5002\" src=\"https:\/\/www.idearius.com\/es\/wp-content\/uploads\/img-nic-antel-03-detalle.png\" alt=\"\" class=\"wp-image-5002\" srcset=\"https:\/\/www.idearius.com\/es\/wp-content\/uploads\/img-nic-antel-03-detalle.png 600w, https:\/\/www.idearius.com\/es\/wp-content\/uploads\/img-nic-antel-03-detalle-290x300.png 290w\" sizes=\"auto, (max-width: 600px) 100vw, 600px\" \/><\/a><figcaption class=\"wp-element-caption\">Paso 6<\/figcaption><\/figure>\n\n\n\n<figure class=\"wp-block-image size-large\"><a href=\"https:\/\/www.idearius.com\/es\/wp-content\/uploads\/img-nic-antel-04-editar-ns.png\"><img loading=\"lazy\" decoding=\"async\" width=\"579\" height=\"271\" data-id=\"5003\" src=\"https:\/\/www.idearius.com\/es\/wp-content\/uploads\/img-nic-antel-04-editar-ns.png\" alt=\"\" class=\"wp-image-5003\" srcset=\"https:\/\/www.idearius.com\/es\/wp-content\/uploads\/img-nic-antel-04-editar-ns.png 579w, https:\/\/www.idearius.com\/es\/wp-content\/uploads\/img-nic-antel-04-editar-ns-300x140.png 300w\" sizes=\"auto, (max-width: 579px) 100vw, 579px\" \/><\/a><figcaption class=\"wp-element-caption\">Paso 7<\/figcaption><\/figure>\n\n\n\n<figure class=\"wp-block-image size-large\"><a href=\"https:\/\/www.idearius.com\/es\/wp-content\/uploads\/img-nic-antel-05-ns-cambiado.png\"><img loading=\"lazy\" decoding=\"async\" width=\"600\" height=\"319\" data-id=\"5004\" src=\"https:\/\/www.idearius.com\/es\/wp-content\/uploads\/img-nic-antel-05-ns-cambiado.png\" alt=\"\" class=\"wp-image-5004\" srcset=\"https:\/\/www.idearius.com\/es\/wp-content\/uploads\/img-nic-antel-05-ns-cambiado.png 600w, https:\/\/www.idearius.com\/es\/wp-content\/uploads\/img-nic-antel-05-ns-cambiado-300x160.png 300w\" sizes=\"auto, (max-width: 600px) 100vw, 600px\" \/><\/a><figcaption class=\"wp-element-caption\">Paso 9<\/figcaption><\/figure>\n<\/figure>\n\n\n\n<p class=\"has-ast-global-color-5-color has-ast-global-color-0-background-color has-text-color has-background\">En 1 a 24 horas (te\u00f3ricamente hasta 48 horas) los servidores de nombres se propagar\u00e1n por Internet y su dominio llevar\u00e1 correctamente a nuestros servidores.<br>Por lo general, para quienes est\u00e1n en Uruguay los cambios se notan en menos de 2 horas.<\/p>\n\n\n\n<h2 class=\"wp-block-heading\">C\u00f3mo cambiar el Contacto T\u00e9cnico en dominios registrados en ANTEL<\/h2>\n\n\n\n<p>Si no pudiera editar los servidores de nombres por alg\u00fan motivo, puede cambiar el \u00abContacto T\u00e9cnico\u00bb del dominio para que lo hagamos directamente.<\/p>\n\n\n\n<ol class=\"wp-block-list\">\n<li>En la secci\u00f3n <strong>Contactos<\/strong> \u203a <strong>T\u00e9cnico<\/strong>, clic en \u00ab<strong>Cambiar contacto<\/strong>\u00ab.<\/li>\n\n\n\n<li>En los campos \u00ab<strong>Email<\/strong>\u00bb y \u00ab<strong>Confirmar Email<\/strong>\u00bb ingrese la direcci\u00f3n de correo electr\u00f3nico que le proporcionaremos.<\/li>\n\n\n\n<li>Clic en el bot\u00f3n \u00ab<strong>Enviar invitaci\u00f3n<\/strong>\u00ab. El sistema nos enviar\u00e1 una invitaci\u00f3n para hacernos cargo de la gesti\u00f3n t\u00e9cnica del dominio.<\/li>\n\n\n\n<li>Luego haremos los cambios necesarios y le avisaremos.<\/li>\n<\/ol>\n\n\n\n<p>Si necesita asistencia adicional, <a href=\"https:\/\/www.idearius.com\/es\/contacto\/\">cont\u00e1ctenos aqu\u00ed<\/a>.<\/p>\n","protected":false},"excerpt":{"rendered":"<p>Edite los servidores de nombre en 15 pasos Ayudas visuales En 1 a 24 horas (te\u00f3ricamente hasta 48 horas) los servidores de nombres se propagar\u00e1n por Internet y su dominio llevar\u00e1 correctamente a nuestros servidores.Por lo general, para quienes est\u00e1n en Uruguay los cambios se notan en menos de 2 horas. C\u00f3mo cambiar el Contacto [&hellip;]<\/p>\n","protected":false},"author":1,"featured_media":0,"parent":494,"menu_order":0,"comment_status":"closed","ping_status":"closed","template":"","meta":{"_lmt_disableupdate":"","_lmt_disable":"","site-sidebar-layout":"default","site-content-layout":"","ast-site-content-layout":"default","site-content-style":"default","site-sidebar-style":"default","ast-global-header-display":"","ast-banner-title-visibility":"","ast-main-header-display":"","ast-hfb-above-header-display":"","ast-hfb-below-header-display":"","ast-hfb-mobile-header-display":"","site-post-title":"","ast-breadcrumbs-content":"","ast-featured-img":"","footer-sml-layout":"","ast-disable-related-posts":"","theme-transparent-header-meta":"","adv-header-id-meta":"","stick-header-meta":"","header-above-stick-meta":"","header-main-stick-meta":"","header-below-stick-meta":"","astra-migrate-meta-layouts":"default","ast-page-background-enabled":"default","ast-page-background-meta":{"desktop":{"background-color":"var(--ast-global-color-4)","background-image":"","background-repeat":"repeat","background-position":"center center","background-size":"auto","background-attachment":"scroll","background-type":"","background-media":"","overlay-type":"","overlay-color":"","overlay-opacity":"","overlay-gradient":""},"tablet":{"background-color":"","background-image":"","background-repeat":"repeat","background-position":"center center","background-size":"auto","background-attachment":"scroll","background-type":"","background-media":"","overlay-type":"","overlay-color":"","overlay-opacity":"","overlay-gradient":""},"mobile":{"background-color":"","background-image":"","background-repeat":"repeat","background-position":"center center","background-size":"auto","background-attachment":"scroll","background-type":"","background-media":"","overlay-type":"","overlay-color":"","overlay-opacity":"","overlay-gradient":""}},"ast-content-background-meta":{"desktop":{"background-color":"var(--ast-global-color-5)","background-image":"","background-repeat":"repeat","background-position":"center center","background-size":"auto","background-attachment":"scroll","background-type":"","background-media":"","overlay-type":"","overlay-color":"","overlay-opacity":"","overlay-gradient":""},"tablet":{"background-color":"var(--ast-global-color-5)","background-image":"","background-repeat":"repeat","background-position":"center center","background-size":"auto","background-attachment":"scroll","background-type":"","background-media":"","overlay-type":"","overlay-color":"","overlay-opacity":"","overlay-gradient":""},"mobile":{"background-color":"var(--ast-global-color-5)","background-image":"","background-repeat":"repeat","background-position":"center center","background-size":"auto","background-attachment":"scroll","background-type":"","background-media":"","overlay-type":"","overlay-color":"","overlay-opacity":"","overlay-gradient":""}},"footnotes":""},"class_list":["post-3121","page","type-page","status-publish","hentry"],"_links":{"self":[{"href":"https:\/\/www.idearius.com\/es\/wp-json\/wp\/v2\/pages\/3121","targetHints":{"allow":["GET"]}}],"collection":[{"href":"https:\/\/www.idearius.com\/es\/wp-json\/wp\/v2\/pages"}],"about":[{"href":"https:\/\/www.idearius.com\/es\/wp-json\/wp\/v2\/types\/page"}],"author":[{"embeddable":true,"href":"https:\/\/www.idearius.com\/es\/wp-json\/wp\/v2\/users\/1"}],"replies":[{"embeddable":true,"href":"https:\/\/www.idearius.com\/es\/wp-json\/wp\/v2\/comments?post=3121"}],"version-history":[{"count":5,"href":"https:\/\/www.idearius.com\/es\/wp-json\/wp\/v2\/pages\/3121\/revisions"}],"predecessor-version":[{"id":5006,"href":"https:\/\/www.idearius.com\/es\/wp-json\/wp\/v2\/pages\/3121\/revisions\/5006"}],"up":[{"embeddable":true,"href":"https:\/\/www.idearius.com\/es\/wp-json\/wp\/v2\/pages\/494"}],"wp:attachment":[{"href":"https:\/\/www.idearius.com\/es\/wp-json\/wp\/v2\/media?parent=3121"}],"curies":[{"name":"wp","href":"https:\/\/api.w.org\/{rel}","templated":true}]}}