{"id":3122,"date":"2023-03-07T14:35:08","date_gmt":"2023-03-07T17:35:08","guid":{"rendered":"http:\/\/www.idearius.com\/es\/?page_id=3122"},"modified":"2023-03-07T15:19:16","modified_gmt":"2023-03-07T18:19:16","slug":"nunca-recibira-mensajes-automaticos-desde-idearius-solicitando-su-contrasena","status":"publish","type":"page","link":"https:\/\/www.idearius.com\/es\/ayuda\/nunca-recibira-mensajes-automaticos-desde-idearius-solicitando-su-contrasena\/","title":{"rendered":"Nunca recibir\u00e1 mensajes autom\u00e1ticos desde idearius solicitando su contrase\u00f1a (phising)"},"content":{"rendered":"\n<div class=\"wp-block-columns is-layout-flex wp-container-core-columns-is-layout-28f84493 wp-block-columns-is-layout-flex\">\n<div class=\"wp-block-column is-layout-flow wp-block-column-is-layout-flow\" style=\"flex-basis:33.33%\">\n<p>Nunca recibir\u00e1 un correo electr\u00f3nico o mensaje instant\u00e1neo autom\u00e1tico desde idearius solicitando su contrase\u00f1a.<\/p>\n\n\n\n<p>Incluso <strong>ante problemas de vencimientos, bloqueos o saturaci\u00f3n de la capacidad contratada, no recibir\u00e1 una comunicaci\u00f3n gen\u00e9rica<\/strong>.<\/p>\n\n\n\n<p>Recibir\u00e1 una comunicaci\u00f3n espec\u00edfica, personalizada, con datos completos, coherentes y en espa\u00f1ol.<\/p>\n<\/div>\n\n\n\n<div class=\"wp-block-column is-layout-flow wp-block-column-is-layout-flow\" style=\"flex-basis:66.66%\">\n<figure class=\"wp-block-image aligncenter size-large\"><a href=\"https:\/\/www.idearius.com\/es\/wp-content\/uploads\/foto-hckr-01.jpg\"><img loading=\"lazy\" decoding=\"async\" width=\"1024\" height=\"512\" src=\"https:\/\/www.idearius.com\/es\/wp-content\/uploads\/foto-hckr-01-1024x512.jpg\" alt=\"\" class=\"wp-image-3841\" srcset=\"https:\/\/www.idearius.com\/es\/wp-content\/uploads\/foto-hckr-01-1024x512.jpg 1024w, https:\/\/www.idearius.com\/es\/wp-content\/uploads\/foto-hckr-01-300x150.jpg 300w, https:\/\/www.idearius.com\/es\/wp-content\/uploads\/foto-hckr-01-768x384.jpg 768w, https:\/\/www.idearius.com\/es\/wp-content\/uploads\/foto-hckr-01-220x110.jpg 220w, https:\/\/www.idearius.com\/es\/wp-content\/uploads\/foto-hckr-01-187x94.jpg 187w, https:\/\/www.idearius.com\/es\/wp-content\/uploads\/foto-hckr-01-453x227.jpg 453w, https:\/\/www.idearius.com\/es\/wp-content\/uploads\/foto-hckr-01.jpg 1200w\" sizes=\"auto, (max-width: 1024px) 100vw, 1024px\" \/><\/a><\/figure>\n<\/div>\n<\/div>\n\n\n\n<div class=\"wp-block-columns is-layout-flex wp-container-core-columns-is-layout-28f84493 wp-block-columns-is-layout-flex\">\n<div class=\"wp-block-column is-layout-flow wp-block-column-is-layout-flow\" style=\"flex-basis:33.33%\">\n<h2 class=\"wp-block-heading\">Ante cualquier duda, no hay duda:<\/h2>\n\n\n\n<ul class=\"wp-block-list\">\n<li>no d\u00e9 clic en enlaces,<\/li>\n\n\n\n<li>no abra archivos,<\/li>\n\n\n\n<li>no responda, <\/li>\n\n\n\n<li><strong><a href=\"?page_id=2\">cons\u00faltenos<\/a><\/strong>.<\/li>\n<\/ul>\n<\/div>\n\n\n\n<div class=\"wp-block-column is-layout-flow wp-block-column-is-layout-flow\" style=\"flex-basis:66.66%\">\n<h2 class=\"wp-block-heading\">Qu\u00e9 hacer si&#8230;<\/h2>\n\n\n\n<ul class=\"wp-block-list\">\n<li>Si <strong>dio clic en un enlace<\/strong> contenido en ese mensaje, inf\u00f3rmenoslo para que podamos asesorarle.<\/li>\n\n\n\n<li>Si <strong>ingres\u00f3 una contrase\u00f1a<\/strong>, y esa contrase\u00f1a es usada en alg\u00fan otro sitio web, c\u00e1mbiela por una distinta en cada uno.<\/li>\n\n\n\n<li>Si <strong>abri\u00f3 un archivo<\/strong> contenido en ese mensaje, desenchufe cualquier dispositivo de almacenamiento conectado a su equipo y corra inmediatamente un an\u00e1lisis completo y exhaustivo de malware.<\/li>\n<\/ul>\n<\/div>\n<\/div>\n\n\n\n<div class=\"wp-block-columns is-layout-flex wp-container-core-columns-is-layout-28f84493 wp-block-columns-is-layout-flex\">\n<div class=\"wp-block-column is-layout-flow wp-block-column-is-layout-flow\" style=\"flex-basis:75%\">\n<p>Para poder determinar el origen de esos mensajes, su posible peligrosidad y poder eventualmente mitigar su impacto, necesitaremos capturas de pantalla, el mensaje original (no reenviado, que eventualmente podemos extraer de su cuenta) o el c\u00f3digo completo de la Cabecera del mensaje.<\/p>\n\n\n\n<p><strong>Por favor, no borre los correos electr\u00f3nicos problem\u00e1ticos hasta que nos haya consultado.<\/strong><\/p>\n<\/div>\n\n\n\n<div class=\"wp-block-column is-layout-flow wp-block-column-is-layout-flow\" style=\"flex-basis:25%\">\n<figure class=\"wp-block-image aligncenter size-thumbnail\"><a href=\"https:\/\/www.idearius.com\/es\/wp-content\/uploads\/img-correo-spam-01.png\"><img loading=\"lazy\" decoding=\"async\" width=\"150\" height=\"150\" src=\"https:\/\/www.idearius.com\/es\/wp-content\/uploads\/img-correo-spam-01-150x150.png\" alt=\"\" class=\"wp-image-5247\"\/><\/a><\/figure>\n<\/div>\n<\/div>\n\n\n\n<p>Son intentos de <a href=\"https:\/\/es.wikipedia.org\/wiki\/Phishing\">phishing<\/a>. La atenci\u00f3n a los detalles suele ser clave para detectarlos, ya que suelen presentar varias indicaciones de su falsedad. Entre otras: ser inesperados, provenir de destinatarios no relacionados, contener archivos adjuntos, tener errores o inconsistencias en la escritura, alarmar para que tomemos acciones con urgencia.<\/p>\n\n\n\n<p>Por m\u00e1s informaci\u00f3n <a href=\"https:\/\/www.idearius.com\/es\/tag\/seguridad\/\">sobre temas relacionados a la Seguridad Inform\u00e1tica consulte aqu\u00ed<\/a>.<\/p>\n\n\n\n<div class=\"wp-block-columns has-ast-global-color-4-background-color has-background is-layout-flex wp-container-core-columns-is-layout-28f84493 wp-block-columns-is-layout-flex\">\n<div class=\"wp-block-column is-vertically-aligned-center is-layout-flow wp-block-column-is-layout-flow\">\n<p><strong>\u00bfRespalda sus datos a diario?<\/strong><br><strong>\u00bfSu red est\u00e1 segura?<\/strong><\/p>\n\n\n\n<p>Podemos asistirle para <a href=\"?page_id=14\">prevenir la p\u00e9rdida de datos y asegurar su red<\/a>.<\/p>\n<\/div>\n\n\n\n<div class=\"wp-block-column is-vertically-aligned-center is-layout-flow wp-block-column-is-layout-flow\">\n<p><a class=\"sendbutton\" href=\"?page_id=14\"><i class=\"fa fa-lock\" style=\"float:left; font-size:50px; margin-right:.2em;\" aria-hidden=\"true\"><\/i>Conozca nuestros servicios de Administraci\u00f3n de redes<\/a><\/p>\n<\/div>\n<\/div>\n","protected":false},"excerpt":{"rendered":"<p>Nunca recibir\u00e1 un correo electr\u00f3nico o mensaje instant\u00e1neo autom\u00e1tico desde idearius solicitando su contrase\u00f1a. Incluso ante problemas de vencimientos, bloqueos o saturaci\u00f3n de la capacidad contratada, no recibir\u00e1 una comunicaci\u00f3n gen\u00e9rica. Recibir\u00e1 una comunicaci\u00f3n espec\u00edfica, personalizada, con datos completos, coherentes y en espa\u00f1ol. Ante cualquier duda, no hay duda: Qu\u00e9 hacer si&#8230; Para poder determinar [&hellip;]<\/p>\n","protected":false},"author":1,"featured_media":0,"parent":494,"menu_order":0,"comment_status":"closed","ping_status":"closed","template":"","meta":{"_lmt_disableupdate":"no","_lmt_disable":"","site-sidebar-layout":"default","site-content-layout":"","ast-site-content-layout":"default","site-content-style":"default","site-sidebar-style":"default","ast-global-header-display":"","ast-banner-title-visibility":"","ast-main-header-display":"","ast-hfb-above-header-display":"","ast-hfb-below-header-display":"","ast-hfb-mobile-header-display":"","site-post-title":"","ast-breadcrumbs-content":"","ast-featured-img":"","footer-sml-layout":"","ast-disable-related-posts":"","theme-transparent-header-meta":"","adv-header-id-meta":"","stick-header-meta":"","header-above-stick-meta":"","header-main-stick-meta":"","header-below-stick-meta":"","astra-migrate-meta-layouts":"default","ast-page-background-enabled":"default","ast-page-background-meta":{"desktop":{"background-color":"var(--ast-global-color-4)","background-image":"","background-repeat":"repeat","background-position":"center center","background-size":"auto","background-attachment":"scroll","background-type":"","background-media":"","overlay-type":"","overlay-color":"","overlay-opacity":"","overlay-gradient":""},"tablet":{"background-color":"","background-image":"","background-repeat":"repeat","background-position":"center center","background-size":"auto","background-attachment":"scroll","background-type":"","background-media":"","overlay-type":"","overlay-color":"","overlay-opacity":"","overlay-gradient":""},"mobile":{"background-color":"","background-image":"","background-repeat":"repeat","background-position":"center center","background-size":"auto","background-attachment":"scroll","background-type":"","background-media":"","overlay-type":"","overlay-color":"","overlay-opacity":"","overlay-gradient":""}},"ast-content-background-meta":{"desktop":{"background-color":"var(--ast-global-color-5)","background-image":"","background-repeat":"repeat","background-position":"center center","background-size":"auto","background-attachment":"scroll","background-type":"","background-media":"","overlay-type":"","overlay-color":"","overlay-opacity":"","overlay-gradient":""},"tablet":{"background-color":"var(--ast-global-color-5)","background-image":"","background-repeat":"repeat","background-position":"center center","background-size":"auto","background-attachment":"scroll","background-type":"","background-media":"","overlay-type":"","overlay-color":"","overlay-opacity":"","overlay-gradient":""},"mobile":{"background-color":"var(--ast-global-color-5)","background-image":"","background-repeat":"repeat","background-position":"center center","background-size":"auto","background-attachment":"scroll","background-type":"","background-media":"","overlay-type":"","overlay-color":"","overlay-opacity":"","overlay-gradient":""}},"footnotes":""},"class_list":["post-3122","page","type-page","status-publish","hentry"],"_links":{"self":[{"href":"https:\/\/www.idearius.com\/es\/wp-json\/wp\/v2\/pages\/3122","targetHints":{"allow":["GET"]}}],"collection":[{"href":"https:\/\/www.idearius.com\/es\/wp-json\/wp\/v2\/pages"}],"about":[{"href":"https:\/\/www.idearius.com\/es\/wp-json\/wp\/v2\/types\/page"}],"author":[{"embeddable":true,"href":"https:\/\/www.idearius.com\/es\/wp-json\/wp\/v2\/users\/1"}],"replies":[{"embeddable":true,"href":"https:\/\/www.idearius.com\/es\/wp-json\/wp\/v2\/comments?post=3122"}],"version-history":[{"count":13,"href":"https:\/\/www.idearius.com\/es\/wp-json\/wp\/v2\/pages\/3122\/revisions"}],"predecessor-version":[{"id":5260,"href":"https:\/\/www.idearius.com\/es\/wp-json\/wp\/v2\/pages\/3122\/revisions\/5260"}],"up":[{"embeddable":true,"href":"https:\/\/www.idearius.com\/es\/wp-json\/wp\/v2\/pages\/494"}],"wp:attachment":[{"href":"https:\/\/www.idearius.com\/es\/wp-json\/wp\/v2\/media?parent=3122"}],"curies":[{"name":"wp","href":"https:\/\/api.w.org\/{rel}","templated":true}]}}