{"id":3151,"date":"2018-08-28T13:33:20","date_gmt":"2018-08-28T16:33:20","guid":{"rendered":"http:\/\/www.idearius.com\/es\/?page_id=3151"},"modified":"2021-07-22T01:21:11","modified_gmt":"2021-07-22T04:21:11","slug":"pedido-de-equipos-e-insumos","status":"publish","type":"page","link":"https:\/\/www.idearius.com\/es\/clientes\/pedido-de-equipos-e-insumos\/","title":{"rendered":"Pedido de equipos e insumos"},"content":{"rendered":"<p><strong>Formulario exclusivo para clientes de idearius.<\/strong> Si a\u00fan no es cliente de idearius, <a href=\"index.php?page_id=2\">cont\u00e1ctenos<\/a> por m\u00e1s informaci\u00f3n sobre c\u00f3mo podemos optimizar los procesos de compra de equipos e insumos inform\u00e1ticos en su empresa.<\/p>\n\n<div class=\"wpcf7 no-js\" id=\"wpcf7-f3501-o1\" lang=\"es-ES\" dir=\"ltr\" data-wpcf7-id=\"3501\">\n<div class=\"screen-reader-response\"><p role=\"status\" aria-live=\"polite\" aria-atomic=\"true\"><\/p> <ul><\/ul><\/div>\n<form action=\"\/es\/wp-json\/wp\/v2\/pages\/3151#wpcf7-f3501-o1\" method=\"post\" class=\"wpcf7-form init\" aria-label=\"Formulario de contacto\" novalidate=\"novalidate\" data-status=\"init\">\n<fieldset class=\"hidden-fields-container\"><input type=\"hidden\" name=\"_wpcf7\" value=\"3501\" \/><input type=\"hidden\" name=\"_wpcf7_version\" value=\"6.1.5\" \/><input type=\"hidden\" name=\"_wpcf7_locale\" value=\"es_ES\" \/><input type=\"hidden\" name=\"_wpcf7_unit_tag\" value=\"wpcf7-f3501-o1\" \/><input type=\"hidden\" name=\"_wpcf7_container_post\" value=\"0\" \/><input type=\"hidden\" name=\"_wpcf7_posted_data_hash\" value=\"\" \/><input type=\"hidden\" name=\"_wpcf7_recaptcha_response\" value=\"\" \/>\n<\/fieldset>\n<h2>Datos de quien solicita\n<\/h2>\n<p><label>Nombre:<br \/>\n<span class=\"wpcf7-form-control-wrap\" data-name=\"persona-solicita-nombre\"><input size=\"40\" maxlength=\"400\" class=\"wpcf7-form-control wpcf7-text wpcf7-validates-as-required\" aria-required=\"true\" aria-invalid=\"false\" value=\"\" type=\"text\" name=\"persona-solicita-nombre\" \/><\/span><\/label><br \/>\n<label>Correo electr\u00f3nico:<br \/>\n<span class=\"wpcf7-form-control-wrap\" data-name=\"persona-solicita-email\"><input size=\"40\" maxlength=\"400\" class=\"wpcf7-form-control wpcf7-email wpcf7-validates-as-required wpcf7-text wpcf7-validates-as-email\" aria-required=\"true\" aria-invalid=\"false\" value=\"\" type=\"email\" name=\"persona-solicita-email\" \/><\/span><\/label><br \/>\n<label>Tel\u00e9fono:<br \/>\n<span class=\"wpcf7-form-control-wrap\" data-name=\"persona-solicita-tel\"><input size=\"40\" maxlength=\"30\" minlength=\"8\" class=\"wpcf7-form-control wpcf7-tel wpcf7-validates-as-required wpcf7-text wpcf7-validates-as-tel\" aria-required=\"true\" aria-invalid=\"false\" value=\"\" type=\"tel\" name=\"persona-solicita-tel\" \/><\/span><\/label>\n<\/p>\n<h2>Datos de quien autoriza (si corresponde)\n<\/h2>\n<p><label>Nombre:<br \/>\n<span class=\"wpcf7-form-control-wrap\" data-name=\"persona-autoriza-nombre\"><input size=\"40\" maxlength=\"400\" class=\"wpcf7-form-control wpcf7-text\" aria-invalid=\"false\" value=\"\" type=\"text\" name=\"persona-autoriza-nombre\" \/><\/span><\/label><br \/>\n<label>Correo electr\u00f3nico:<br \/>\n<span class=\"wpcf7-form-control-wrap\" data-name=\"persona-autoriza-email\"><input size=\"40\" maxlength=\"400\" class=\"wpcf7-form-control wpcf7-email wpcf7-validates-as-required wpcf7-text wpcf7-validates-as-email\" aria-required=\"true\" aria-invalid=\"false\" value=\"\" type=\"email\" name=\"persona-autoriza-email\" \/><\/span><\/label><br \/>\n<label>Tel\u00e9fono:<br \/>\n<span class=\"wpcf7-form-control-wrap\" data-name=\"persona-autoriza-tel\"><input size=\"40\" maxlength=\"30\" minlength=\"8\" class=\"wpcf7-form-control wpcf7-tel wpcf7-text wpcf7-validates-as-tel\" aria-invalid=\"false\" value=\"\" type=\"tel\" name=\"persona-autoriza-tel\" \/><\/span><\/label>\n<\/p>\n<h2>Equipos \/ Insumos\n<\/h2>\n<p style=\"display:inline-block; margin-bottom:.5em; background-color:#ebebeb;\"><br \/>\n<span style=\"display:block; text-align:center; font-size:.8em;\">(obligatorio)<\/span><br \/>\n<label>Nombre:<br \/>\n<span class=\"wpcf7-form-control-wrap\" data-name=\"item1-nombre\"><input size=\"40\" maxlength=\"400\" class=\"wpcf7-form-control wpcf7-text\" aria-invalid=\"false\" placeholder=\"nombre, marca, modelo y\/o c\u00f3digo\" value=\"\" type=\"text\" name=\"item1-nombre\" \/><\/span><\/label><br \/>\n<label>Cantidad:<br \/>\n<span class=\"wpcf7-form-control-wrap\" data-name=\"item1-cantidad\"><input size=\"40\" maxlength=\"400\" class=\"wpcf7-form-control wpcf7-text wpcf7-validates-as-required\" aria-required=\"true\" aria-invalid=\"false\" value=\"1\" type=\"text\" name=\"item1-cantidad\" \/><\/span><\/label><br \/>\n<label>Destino:<br \/>\n<span class=\"wpcf7-form-control-wrap\" data-name=\"item1-destino\"><input size=\"40\" maxlength=\"400\" class=\"wpcf7-form-control wpcf7-text\" aria-invalid=\"false\" placeholder=\"persona, oficina o puesto de trabajo\" value=\"\" type=\"text\" name=\"item1-destino\" \/><\/span><\/label>\n<\/p>\n<p style=\"display:inline-block; margin-bottom:.5em; background-color:#ebebeb;\"><br \/>\n<span style=\"display:block; text-align:center; font-size:.8em;\">(opcional)<\/span><br \/>\n<label>Nombre:<br \/>\n<span class=\"wpcf7-form-control-wrap\" data-name=\"item2-nombre\"><input size=\"40\" maxlength=\"400\" class=\"wpcf7-form-control wpcf7-text\" aria-invalid=\"false\" placeholder=\"nombre, marca, modelo y\/o c\u00f3digo\" value=\"\" type=\"text\" name=\"item2-nombre\" \/><\/span><\/label><br \/>\n<label>Cantidad:<br \/>\n<span class=\"wpcf7-form-control-wrap\" data-name=\"item2-cantidad\"><input size=\"40\" maxlength=\"400\" class=\"wpcf7-form-control wpcf7-text wpcf7-validates-as-required\" aria-required=\"true\" aria-invalid=\"false\" value=\"0\" type=\"text\" name=\"item2-cantidad\" \/><\/span><\/label><br \/>\n<label>Destino:<br \/>\n<span class=\"wpcf7-form-control-wrap\" data-name=\"item2-destino\"><input size=\"40\" maxlength=\"400\" class=\"wpcf7-form-control wpcf7-text\" aria-invalid=\"false\" placeholder=\"persona, oficina o puesto de trabajo\" value=\"\" type=\"text\" name=\"item2-destino\" \/><\/span><\/label>\n<\/p>\n<p style=\"display:inline-block; margin-bottom:.5em; background-color:#ebebeb;\"><br \/>\n<span style=\"display:block; text-align:center; font-size:.8em;\">(opcional)<\/span><br \/>\n<label>Nombre:<br \/>\n<span class=\"wpcf7-form-control-wrap\" data-name=\"item3-nombre\"><input size=\"40\" maxlength=\"400\" class=\"wpcf7-form-control wpcf7-text\" aria-invalid=\"false\" placeholder=\"nombre, marca, modelo y\/o c\u00f3digo\" value=\"\" type=\"text\" name=\"item3-nombre\" \/><\/span><\/label><br \/>\n<label>Cantidad:<br \/>\n<span class=\"wpcf7-form-control-wrap\" data-name=\"item3-cantidad\"><input size=\"40\" maxlength=\"400\" class=\"wpcf7-form-control wpcf7-text wpcf7-validates-as-required\" aria-required=\"true\" aria-invalid=\"false\" value=\"0\" type=\"text\" name=\"item3-cantidad\" \/><\/span><\/label><br \/>\n<label>Destino:<br \/>\n<span class=\"wpcf7-form-control-wrap\" data-name=\"item3-destino\"><input size=\"40\" maxlength=\"400\" class=\"wpcf7-form-control wpcf7-text\" aria-invalid=\"false\" placeholder=\"persona, oficina o puesto de trabajo\" value=\"\" type=\"text\" name=\"item3-destino\" \/><\/span><\/label>\n<\/p>\n<h2>Fecha y notas\n<\/h2>\n<p><label>Fecha deseada de entrega:<br \/>\n<span class=\"wpcf7-form-control-wrap\" data-name=\"fecha-entrega\"><select class=\"wpcf7-form-control wpcf7-select wpcf7-validates-as-required\" aria-required=\"true\" aria-invalid=\"false\" name=\"fecha-entrega\"><option value=\"urgente\">urgente<\/option><option value=\"ma\u00f1ana\">ma\u00f1ana<\/option><option value=\"pr\u00f3ximos d\u00edas\" selected=\"selected\">pr\u00f3ximos d\u00edas<\/option><option value=\"pr\u00f3xima semana\">pr\u00f3xima semana<\/option><option value=\"pr\u00f3ximo mes\">pr\u00f3ximo mes<\/option><\/select><\/span><\/label><br \/>\n<label>Notas adicionales (si corresponde):<br \/>\n<span class=\"wpcf7-form-control-wrap\" data-name=\"items-notas\"><input size=\"40\" maxlength=\"400\" class=\"wpcf7-form-control wpcf7-text\" aria-invalid=\"false\" value=\"\" type=\"text\" name=\"items-notas\" \/><\/span><\/label>\n<\/p>\n<p><input class=\"wpcf7-form-control wpcf7-submit has-spinner\" type=\"submit\" value=\"Enviar pedido\" \/>\n<\/p>\n<p style=\"font-size:small;\">Todas las partes involucradas recibir\u00e1n copia de este pedido.\n<\/p><p style=\"display: none !important;\" class=\"akismet-fields-container\" data-prefix=\"_wpcf7_ak_\"><label>&#916;<textarea name=\"_wpcf7_ak_hp_textarea\" cols=\"45\" rows=\"8\" maxlength=\"100\"><\/textarea><\/label><input type=\"hidden\" id=\"ak_js_1\" name=\"_wpcf7_ak_js\" value=\"74\"\/><script>document.getElementById( \"ak_js_1\" ).setAttribute( \"value\", ( new Date() ).getTime() );<\/script><\/p><div class=\"wpcf7-response-output\" aria-hidden=\"true\"><\/div>\n<\/form>\n<\/div>\n\n","protected":false},"excerpt":{"rendered":"<p>Formulario exclusivo para clientes de idearius. Si a\u00fan no es cliente de idearius, cont\u00e1ctenos por m\u00e1s informaci\u00f3n sobre c\u00f3mo podemos optimizar los procesos de compra de equipos e insumos inform\u00e1ticos en su empresa.<\/p>\n","protected":false},"author":1,"featured_media":0,"parent":3150,"menu_order":0,"comment_status":"closed","ping_status":"closed","template":"page-full.php","meta":{"_lmt_disableupdate":"","_lmt_disable":"","site-sidebar-layout":"default","site-content-layout":"","ast-site-content-layout":"default","site-content-style":"default","site-sidebar-style":"default","ast-global-header-display":"","ast-banner-title-visibility":"","ast-main-header-display":"","ast-hfb-above-header-display":"","ast-hfb-below-header-display":"","ast-hfb-mobile-header-display":"","site-post-title":"","ast-breadcrumbs-content":"","ast-featured-img":"","footer-sml-layout":"","ast-disable-related-posts":"","theme-transparent-header-meta":"","adv-header-id-meta":"","stick-header-meta":"","header-above-stick-meta":"","header-main-stick-meta":"","header-below-stick-meta":"","astra-migrate-meta-layouts":"default","ast-page-background-enabled":"default","ast-page-background-meta":{"desktop":{"background-color":"var(--ast-global-color-4)","background-image":"","background-repeat":"repeat","background-position":"center center","background-size":"auto","background-attachment":"scroll","background-type":"","background-media":"","overlay-type":"","overlay-color":"","overlay-opacity":"","overlay-gradient":""},"tablet":{"background-color":"","background-image":"","background-repeat":"repeat","background-position":"center center","background-size":"auto","background-attachment":"scroll","background-type":"","background-media":"","overlay-type":"","overlay-color":"","overlay-opacity":"","overlay-gradient":""},"mobile":{"background-color":"","background-image":"","background-repeat":"repeat","background-position":"center center","background-size":"auto","background-attachment":"scroll","background-type":"","background-media":"","overlay-type":"","overlay-color":"","overlay-opacity":"","overlay-gradient":""}},"ast-content-background-meta":{"desktop":{"background-color":"var(--ast-global-color-5)","background-image":"","background-repeat":"repeat","background-position":"center center","background-size":"auto","background-attachment":"scroll","background-type":"","background-media":"","overlay-type":"","overlay-color":"","overlay-opacity":"","overlay-gradient":""},"tablet":{"background-color":"var(--ast-global-color-5)","background-image":"","background-repeat":"repeat","background-position":"center center","background-size":"auto","background-attachment":"scroll","background-type":"","background-media":"","overlay-type":"","overlay-color":"","overlay-opacity":"","overlay-gradient":""},"mobile":{"background-color":"var(--ast-global-color-5)","background-image":"","background-repeat":"repeat","background-position":"center center","background-size":"auto","background-attachment":"scroll","background-type":"","background-media":"","overlay-type":"","overlay-color":"","overlay-opacity":"","overlay-gradient":""}},"footnotes":""},"class_list":["post-3151","page","type-page","status-publish","hentry"],"_links":{"self":[{"href":"https:\/\/www.idearius.com\/es\/wp-json\/wp\/v2\/pages\/3151","targetHints":{"allow":["GET"]}}],"collection":[{"href":"https:\/\/www.idearius.com\/es\/wp-json\/wp\/v2\/pages"}],"about":[{"href":"https:\/\/www.idearius.com\/es\/wp-json\/wp\/v2\/types\/page"}],"author":[{"embeddable":true,"href":"https:\/\/www.idearius.com\/es\/wp-json\/wp\/v2\/users\/1"}],"replies":[{"embeddable":true,"href":"https:\/\/www.idearius.com\/es\/wp-json\/wp\/v2\/comments?post=3151"}],"version-history":[{"count":5,"href":"https:\/\/www.idearius.com\/es\/wp-json\/wp\/v2\/pages\/3151\/revisions"}],"predecessor-version":[{"id":3518,"href":"https:\/\/www.idearius.com\/es\/wp-json\/wp\/v2\/pages\/3151\/revisions\/3518"}],"up":[{"embeddable":true,"href":"https:\/\/www.idearius.com\/es\/wp-json\/wp\/v2\/pages\/3150"}],"wp:attachment":[{"href":"https:\/\/www.idearius.com\/es\/wp-json\/wp\/v2\/media?parent=3151"}],"curies":[{"name":"wp","href":"https:\/\/api.w.org\/{rel}","templated":true}]}}