{"id":3229,"date":"2018-03-26T23:47:11","date_gmt":"2018-03-27T02:47:11","guid":{"rendered":"http:\/\/www.idearius.com\/es\/?page_id=3229"},"modified":"2021-07-22T01:21:11","modified_gmt":"2021-07-22T04:21:11","slug":"privacidad","status":"publish","type":"page","link":"https:\/\/www.idearius.com\/es\/ayuda\/privacidad\/","title":{"rendered":"Pol\u00edtica de privacidad"},"content":{"rendered":"<ol>\n<li><strong>Qu\u00e9 informaci\u00f3n recolectamos sobre usted y qu\u00e9 uso le damos<\/strong>. Cada vez que un usuario visita idearius.com detectamos el pa\u00eds de origen de la conexi\u00f3n, el dispositivo, el sistema operativo y el navegador web usado, entre otros datos t\u00e9cnicos. Tambi\u00e9n recolectamos y analizamos la actividad de los usuarios en el sitio web (por ejemplo, cu\u00e1les son las p\u00e1ginas m\u00e1s visitadas y el tiempo de navegaci\u00f3n), pero no su identidad o sus datos personales sin su permiso expreso. Si nos contacta por correo electr\u00f3nico o por un formulario web, obtendremos datos t\u00e9cnicos junto con los datos personales que usted decida incluir en el mensaje (por ejemplo, nombre y apellido y n\u00famero de tel\u00e9fono). Como norma general siempre recopilamos y solicitamos la menor cantidad de informaci\u00f3n posible para cumplir con las necesidades relativas a cada caso. La informaci\u00f3n recolectada tiene fines diversos. En general prevemos los siguientes: responder a sus consultas y solicitudes, mejorar nuestra operativa, brindar contenido y anuncios personalizados, incluirle en listas de correo electr\u00f3nico, enviarle informaci\u00f3n sobre productos o servicios propios o de terceros que consideremos que pueden serle \u00fatiles, o iniciar o responder a acciones legales.<\/li>\n<li><strong>Uso de cookies<\/strong>. Una cookie es un peque\u00f1o archivo que su navegador web almacena. No pueden leer archivos creados por otros sitios web ni contienen informaci\u00f3n personal identificable, pero nos permiten, por ejemplo, almacenar algunas de sus preferencias para que se mantengan la pr\u00f3xima vez que nos visite. La mayor\u00eda de los navegadores aceptan autom\u00e1ticamente las cookies, pero usted puede evitarlo modificando las opciones de su navegador web, aunque puede que tenga dificultades para usar algunos de los sistemas de idearius.<\/li>\n<li><strong>Con qui\u00e9nes compartimos la informaci\u00f3n que recolectamos<\/strong>. Podemos compartir con terceros informaci\u00f3n relacionada con los patrones de uso de nuestro sitio web, pero en estos casos no se incluye informaci\u00f3n personal de nuestros usuarios. Eventualmente podemos compartir con terceros sus datos personales (por ejemplo, nombre y apellido y n\u00famero de tel\u00e9fono) para encarar acciones de venta, pero siempre ser\u00e1 con su conocimiento y permiso previo. Lo antedicho no ser\u00e1 de aplicaci\u00f3n en caso de que un organismo administrativo o judicial con autoridad competente requiera a idearius la divulgaci\u00f3n de la informaci\u00f3n relativa a sus usuarios.<\/li>\n<li><strong>Qu\u00e9 sucede con informaci\u00f3n que usted hace p\u00fablica<\/strong>. La informaci\u00f3n que usted publique en nuestro sitio web (como en los comentarios de los art\u00edculos del blog) puede ser tomada y utilizada por terceros, sin que podamos hacer nada por evitarlo. Si desea que editemos o borremos informaci\u00f3n sensible que usted public\u00f3 con anterioridad en nuestro sitio web, <a href=\"index.php?page_id=2\">cont\u00e1ctenos aqu\u00ed<\/a>.<\/li>\n<li><strong>Seguridad de la informaci\u00f3n<\/strong>. Tomamos todas las medidas de seguridad que consideramos razonables para proteger la informaci\u00f3n que recopilamos (por ejemplo, usar contrase\u00f1as fuertes, usar canales de comunicaci\u00f3n seguros, mantener sistemas actualizados, otorgar los permisos m\u00ednimos necesarios para cada usuario y destruir los papeles que contengan informaci\u00f3n sensible). Lamentablemente, ning\u00fan sistema o proceso humano puede considerarse 100% seguro, por lo que no podemos garantizar que no pueda haber eventuales filtraciones de datos. De detectarlas, sin embargo, nos comprometemos a hacer todo lo que est\u00e9 a nuestro alcance para mitigarlas.<\/li>\n<li>Esta Pol\u00edtica de Privacidad puede ser actualizada en cualquier momento, con o sin aviso, y entrar\u00e1 en vigencia cuando sea publicada en este sitio web. Es su responsabilidad revisar esta Pol\u00edtica de Privacidad de manera peri\u00f3dica para evaluarla.<\/li>\n<li>Su vinculaci\u00f3n continuada con idearius implica la aceptaci\u00f3n de esta Pol\u00edtica de Privacidad, y de que su aplicabilidad queda librada a nuestra sola discreci\u00f3n.<\/li>\n<\/ol>\n<p>[box type=\u00bbshadow\u00bb]Si cree que esta Pol\u00edtica de Privacidad no est\u00e1 siendo cumplida, o tiene cualquier duda sobre su texto, por favor, <a href=\"index.php?page_id=2\">cont\u00e1ctenos aqu\u00ed<\/a>.[\/box]<\/p>\n<p style=\"text-align: right;\">\u00daltima modificaci\u00f3n: 26MAR2018<\/p>\n","protected":false},"excerpt":{"rendered":"<p>Qu\u00e9 informaci\u00f3n recolectamos sobre usted y qu\u00e9 uso le damos. Cada vez que un usuario visita idearius.com detectamos el pa\u00eds de origen de la conexi\u00f3n, el dispositivo, el sistema operativo y el navegador web usado, entre otros datos t\u00e9cnicos. Tambi\u00e9n recolectamos y analizamos la actividad de los usuarios en el sitio web (por ejemplo, cu\u00e1les [&hellip;]<\/p>\n","protected":false},"author":1,"featured_media":0,"parent":494,"menu_order":0,"comment_status":"closed","ping_status":"closed","template":"page-full.php","meta":{"_lmt_disableupdate":"","_lmt_disable":"","site-sidebar-layout":"default","site-content-layout":"","ast-site-content-layout":"default","site-content-style":"default","site-sidebar-style":"default","ast-global-header-display":"","ast-banner-title-visibility":"","ast-main-header-display":"","ast-hfb-above-header-display":"","ast-hfb-below-header-display":"","ast-hfb-mobile-header-display":"","site-post-title":"","ast-breadcrumbs-content":"","ast-featured-img":"","footer-sml-layout":"","ast-disable-related-posts":"","theme-transparent-header-meta":"","adv-header-id-meta":"","stick-header-meta":"","header-above-stick-meta":"","header-main-stick-meta":"","header-below-stick-meta":"","astra-migrate-meta-layouts":"default","ast-page-background-enabled":"default","ast-page-background-meta":{"desktop":{"background-color":"var(--ast-global-color-4)","background-image":"","background-repeat":"repeat","background-position":"center center","background-size":"auto","background-attachment":"scroll","background-type":"","background-media":"","overlay-type":"","overlay-color":"","overlay-opacity":"","overlay-gradient":""},"tablet":{"background-color":"","background-image":"","background-repeat":"repeat","background-position":"center center","background-size":"auto","background-attachment":"scroll","background-type":"","background-media":"","overlay-type":"","overlay-color":"","overlay-opacity":"","overlay-gradient":""},"mobile":{"background-color":"","background-image":"","background-repeat":"repeat","background-position":"center center","background-size":"auto","background-attachment":"scroll","background-type":"","background-media":"","overlay-type":"","overlay-color":"","overlay-opacity":"","overlay-gradient":""}},"ast-content-background-meta":{"desktop":{"background-color":"var(--ast-global-color-5)","background-image":"","background-repeat":"repeat","background-position":"center center","background-size":"auto","background-attachment":"scroll","background-type":"","background-media":"","overlay-type":"","overlay-color":"","overlay-opacity":"","overlay-gradient":""},"tablet":{"background-color":"var(--ast-global-color-5)","background-image":"","background-repeat":"repeat","background-position":"center center","background-size":"auto","background-attachment":"scroll","background-type":"","background-media":"","overlay-type":"","overlay-color":"","overlay-opacity":"","overlay-gradient":""},"mobile":{"background-color":"var(--ast-global-color-5)","background-image":"","background-repeat":"repeat","background-position":"center center","background-size":"auto","background-attachment":"scroll","background-type":"","background-media":"","overlay-type":"","overlay-color":"","overlay-opacity":"","overlay-gradient":""}},"footnotes":""},"class_list":["post-3229","page","type-page","status-publish","hentry"],"_links":{"self":[{"href":"https:\/\/www.idearius.com\/es\/wp-json\/wp\/v2\/pages\/3229","targetHints":{"allow":["GET"]}}],"collection":[{"href":"https:\/\/www.idearius.com\/es\/wp-json\/wp\/v2\/pages"}],"about":[{"href":"https:\/\/www.idearius.com\/es\/wp-json\/wp\/v2\/types\/page"}],"author":[{"embeddable":true,"href":"https:\/\/www.idearius.com\/es\/wp-json\/wp\/v2\/users\/1"}],"replies":[{"embeddable":true,"href":"https:\/\/www.idearius.com\/es\/wp-json\/wp\/v2\/comments?post=3229"}],"version-history":[{"count":6,"href":"https:\/\/www.idearius.com\/es\/wp-json\/wp\/v2\/pages\/3229\/revisions"}],"predecessor-version":[{"id":3236,"href":"https:\/\/www.idearius.com\/es\/wp-json\/wp\/v2\/pages\/3229\/revisions\/3236"}],"up":[{"embeddable":true,"href":"https:\/\/www.idearius.com\/es\/wp-json\/wp\/v2\/pages\/494"}],"wp:attachment":[{"href":"https:\/\/www.idearius.com\/es\/wp-json\/wp\/v2\/media?parent=3229"}],"curies":[{"name":"wp","href":"https:\/\/api.w.org\/{rel}","templated":true}]}}