{"id":4,"date":"2008-05-18T16:50:03","date_gmt":"2008-05-18T19:50:03","guid":{"rendered":"http:\/\/idearius.com\/es\/?page_id=4"},"modified":"2026-04-19T02:49:41","modified_gmt":"2026-04-19T05:49:41","slug":"principal","status":"publish","type":"page","link":"https:\/\/www.idearius.com\/es\/","title":{"rendered":"idearius | Comunicaci\u00f3n y tecnolog\u00eda para empresas"},"content":{"rendered":"\n<div class=\"wp-block-columns has-background is-layout-flex wp-container-core-columns-is-layout-28f84493 wp-block-columns-is-layout-flex\" style=\"background:linear-gradient(135deg,rgb(255,138,29) 93%,rgb(234,106,17) 93%)\">\n<div class=\"wp-block-column is-layout-flow wp-block-column-is-layout-flow\" style=\"flex-basis:10%\"><\/div>\n\n\n\n<div class=\"wp-block-column is-layout-flow wp-block-column-is-layout-flow\">\n<div style=\"height:50px\" aria-hidden=\"true\" class=\"wp-block-spacer\"><\/div>\n\n\n\n<p class=\"margin-bottom-0 claim has-white-color has-text-color has-huge-font-size\"><a style=\"line-height:1.2em;\" href=\"#servicios\"><strong>Fortalezca su empresa, acelere su crecimiento<\/strong><\/a><\/p>\n\n\n\n<p class=\"margin-bottom-0 has-white-color has-text-color\">Ayudamos a empresas a tomar mejores decisiones tecnol\u00f3gicas y a crecer en Internet. \u00bb <a href=\"#servicios\"><strong>Con\u00f3zcanos<\/strong><\/a><\/p>\n\n\n\n<div style=\"height:50px\" aria-hidden=\"true\" class=\"wp-block-spacer\"><\/div>\n<\/div>\n\n\n\n<div class=\"wp-block-column is-layout-flow wp-block-column-is-layout-flow\" style=\"flex-basis:10%\"><\/div>\n<\/div>\n\n\n\n<div style=\"height:50px\" aria-hidden=\"true\" class=\"wp-block-spacer\"><\/div>\n\n\n\n<a name=\"servicios\"><\/a>\n\n\n\n<div class=\"wp-block-columns is-layout-flex wp-container-core-columns-is-layout-28f84493 wp-block-columns-is-layout-flex\">\n<div class=\"wp-block-column is-layout-flow wp-block-column-is-layout-flow\" style=\"flex-basis:66.66%\">\n<h2 class=\"wp-block-heading margin-bottom-0\"><a href=\"?page_id=8\">Servicios de Internet<\/a><\/h2>\n\n\n\n<p><strong>Su empresa, marca o producto m\u00e1s f\u00e1ciles de encontrar en la Web, con usuarios m\u00e1s satisfechos y m\u00e1s rentables.<\/strong> Adem\u00e1s, potenciamos su inversi\u00f3n con:<\/p>\n\n\n\n<ul class=\"wp-block-list\">\n<li><a href=\"?p=114\">hosting administrado<\/a> (gesti\u00f3n completa), <\/li>\n\n\n\n<li>gesti\u00f3n y monitoreo de <a href=\"?p=2144\">dominios<\/a>, <\/li>\n\n\n\n<li>velocidad y <a href=\"?p=2219\">seguridad de sitios web<\/a>, <\/li>\n\n\n\n<li><a href=\"?p=3909\">campa\u00f1as de Google Ads<\/a>, LinkedIn y Facebook, <\/li>\n\n\n\n<li><a href=\"?p=13\">dise\u00f1o gr\u00e1fico<\/a> consistente y alineado con sus objetivos.<\/li>\n<\/ul>\n<\/div>\n\n\n\n<div class=\"wp-block-column is-layout-flow wp-block-column-is-layout-flow\" style=\"flex-basis:33.33%\">\n<h2 class=\"wp-block-heading margin-bottom-0\"><a href=\"?page_id=14\">Consultor\u00eda y gesti\u00f3n tecnol\u00f3gica<\/a><\/h2>\n\n\n\n<p><strong>Su red y sus equipos m\u00e1s r\u00e1pidos, seguros y econ\u00f3micos<\/strong>, con mantenimiento preventivo y correctivo diario.<\/p>\n\n\n\n<p>Brindamos asistencia a cada usuario. Cubrimos una amplia variedad de equipos, sistemas operativos, programas y servicios web. <a href=\"?page_id=14\">\u00bb<\/a><\/p>\n\n\n\n<div style=\"height:50px\" aria-hidden=\"true\" class=\"wp-block-spacer\"><\/div>\n<\/div>\n<\/div>\n\n\n\n<p class=\"has-text-align-center has-medium-font-size\"><strong>Empresas, gobierno, organizaciones internacionales y sin fines de lucro conf\u00edan en idearius.<\/strong><\/p>\n\n\n\n<div style=\"text-align:center;\"><a href=\"?page_id=2\" class=\"sendbutton sendbutton-az\">Cons\u00faltenos aqu\u00ed<\/a><\/div>\n","protected":false},"excerpt":{"rendered":"<p>Mejore su rentabilidad y optimice sus costos. Servicios de Internet: hacemos la informaci\u00f3n m\u00e1s f\u00e1cil de encontrar, utilizar y recordar, con hosting seguro 100% administrado. Servicios gr\u00e1ficos: proyecte una imagen consistente y alineada con sus objetivos. Administraci\u00f3n de redes: su red y equipos m\u00e1s r\u00e1pidos, seguros y econ\u00f3micos, con mantenimiento preventivo y correctivo diario.<\/p>\n","protected":false},"author":1,"featured_media":0,"parent":0,"menu_order":0,"comment_status":"closed","ping_status":"closed","template":"","meta":{"_lmt_disableupdate":"","_lmt_disable":"","site-sidebar-layout":"default","site-content-layout":"default","ast-site-content-layout":"default","site-content-style":"default","site-sidebar-style":"default","ast-global-header-display":"","ast-banner-title-visibility":"","ast-main-header-display":"","ast-hfb-above-header-display":"","ast-hfb-below-header-display":"","ast-hfb-mobile-header-display":"","site-post-title":"","ast-breadcrumbs-content":"","ast-featured-img":"","footer-sml-layout":"","ast-disable-related-posts":"","theme-transparent-header-meta":"default","adv-header-id-meta":"","stick-header-meta":"","header-above-stick-meta":"","header-main-stick-meta":"","header-below-stick-meta":"","astra-migrate-meta-layouts":"set","ast-page-background-enabled":"default","ast-page-background-meta":{"desktop":{"background-color":"var(--ast-global-color-4)","background-image":"","background-repeat":"repeat","background-position":"center center","background-size":"auto","background-attachment":"scroll","background-type":"","background-media":"","overlay-type":"","overlay-color":"","overlay-opacity":"","overlay-gradient":""},"tablet":{"background-color":"","background-image":"","background-repeat":"repeat","background-position":"center center","background-size":"auto","background-attachment":"scroll","background-type":"","background-media":"","overlay-type":"","overlay-color":"","overlay-opacity":"","overlay-gradient":""},"mobile":{"background-color":"","background-image":"","background-repeat":"repeat","background-position":"center center","background-size":"auto","background-attachment":"scroll","background-type":"","background-media":"","overlay-type":"","overlay-color":"","overlay-opacity":"","overlay-gradient":""}},"ast-content-background-meta":{"desktop":{"background-color":"var(--ast-global-color-5)","background-image":"","background-repeat":"repeat","background-position":"center center","background-size":"auto","background-attachment":"scroll","background-type":"","background-media":"","overlay-type":"","overlay-color":"","overlay-opacity":"","overlay-gradient":""},"tablet":{"background-color":"var(--ast-global-color-5)","background-image":"","background-repeat":"repeat","background-position":"center center","background-size":"auto","background-attachment":"scroll","background-type":"","background-media":"","overlay-type":"","overlay-color":"","overlay-opacity":"","overlay-gradient":""},"mobile":{"background-color":"var(--ast-global-color-5)","background-image":"","background-repeat":"repeat","background-position":"center center","background-size":"auto","background-attachment":"scroll","background-type":"","background-media":"","overlay-type":"","overlay-color":"","overlay-opacity":"","overlay-gradient":""}},"footnotes":""},"class_list":["post-4","page","type-page","status-publish","hentry"],"_links":{"self":[{"href":"https:\/\/www.idearius.com\/es\/wp-json\/wp\/v2\/pages\/4","targetHints":{"allow":["GET"]}}],"collection":[{"href":"https:\/\/www.idearius.com\/es\/wp-json\/wp\/v2\/pages"}],"about":[{"href":"https:\/\/www.idearius.com\/es\/wp-json\/wp\/v2\/types\/page"}],"author":[{"embeddable":true,"href":"https:\/\/www.idearius.com\/es\/wp-json\/wp\/v2\/users\/1"}],"replies":[{"embeddable":true,"href":"https:\/\/www.idearius.com\/es\/wp-json\/wp\/v2\/comments?post=4"}],"version-history":[{"count":31,"href":"https:\/\/www.idearius.com\/es\/wp-json\/wp\/v2\/pages\/4\/revisions"}],"predecessor-version":[{"id":5515,"href":"https:\/\/www.idearius.com\/es\/wp-json\/wp\/v2\/pages\/4\/revisions\/5515"}],"wp:attachment":[{"href":"https:\/\/www.idearius.com\/es\/wp-json\/wp\/v2\/media?parent=4"}],"curies":[{"name":"wp","href":"https:\/\/api.w.org\/{rel}","templated":true}]}}