{"id":4741,"date":"2022-04-05T10:20:18","date_gmt":"2022-04-05T13:20:18","guid":{"rendered":"https:\/\/www.idearius.com\/es\/?page_id=4741"},"modified":"2022-04-05T10:20:19","modified_gmt":"2022-04-05T13:20:19","slug":"suscripcion-comentarios","status":"publish","type":"page","link":"https:\/\/www.idearius.com\/es\/suscripcion-comentarios\/","title":{"rendered":"Suscripci\u00f3n a comentarios"},"content":{"rendered":"    <p>Para gestionar sus suscripciones introduzca su correo electr\u00f3nico a continuaci\u00f3n. Le enviaremos un mensaje con un enlace para acceder a su p\u00e1gina personalizada de gesti\u00f3n.<\/p>\n        <form action=\"\/es\/wp-json\/wp\/v2\/pages\/4741\" method=\"post\" name=\"sub-form\">\r\n        <fieldset style=\"border:0\">\r\n                            <p>\r\n                    <label for=\"subscribe_reloaded_email\">Correo electr\u00f3nico<\/label>\r\n                    <input id='subscribe_reloaded_email' type=\"email\" class=\"subscribe-form-field\" name=\"sre\" value=\"\" size=\"22\" required \/>\r\n                    <input name=\"submit\" type=\"submit\" class=\"subscribe-form-button\" value=\"Enviar\" \/>\r\n                <\/p>\r\n                                <p class=\"notice-email-error\" style='color: #f55252;font-weight:bold; display: none;'><\/p>\r\n            \r\n        <\/fieldset>\r\n    <\/form>\r\n    <p id=\"subscribe-reloaded-update-p\">\r\n            <a style=\"margin-right: 10px; text-decoration: none; box-shadow: unset;\" href=\"https:\/\/www.idearius.com\/es\/\"><i class=\"fa fa-arrow-circle-left fa-2x\" aria-hidden=\"true\" style=\"vertical-align: middle;\"><\/i>&nbsp; Volver a la entrada<\/a>\r\n          <\/p>\n","protected":false},"excerpt":{"rendered":"","protected":false},"author":1,"featured_media":0,"parent":0,"menu_order":0,"comment_status":"closed","ping_status":"closed","template":"","meta":{"_lmt_disableupdate":"","_lmt_disable":"","site-sidebar-layout":"default","site-content-layout":"","ast-site-content-layout":"default","site-content-style":"default","site-sidebar-style":"default","ast-global-header-display":"","ast-banner-title-visibility":"","ast-main-header-display":"","ast-hfb-above-header-display":"","ast-hfb-below-header-display":"","ast-hfb-mobile-header-display":"","site-post-title":"","ast-breadcrumbs-content":"","ast-featured-img":"","footer-sml-layout":"","ast-disable-related-posts":"","theme-transparent-header-meta":"","adv-header-id-meta":"","stick-header-meta":"","header-above-stick-meta":"","header-main-stick-meta":"","header-below-stick-meta":"","astra-migrate-meta-layouts":"default","ast-page-background-enabled":"default","ast-page-background-meta":{"desktop":{"background-color":"var(--ast-global-color-4)","background-image":"","background-repeat":"repeat","background-position":"center center","background-size":"auto","background-attachment":"scroll","background-type":"","background-media":"","overlay-type":"","overlay-color":"","overlay-opacity":"","overlay-gradient":""},"tablet":{"background-color":"","background-image":"","background-repeat":"repeat","background-position":"center center","background-size":"auto","background-attachment":"scroll","background-type":"","background-media":"","overlay-type":"","overlay-color":"","overlay-opacity":"","overlay-gradient":""},"mobile":{"background-color":"","background-image":"","background-repeat":"repeat","background-position":"center center","background-size":"auto","background-attachment":"scroll","background-type":"","background-media":"","overlay-type":"","overlay-color":"","overlay-opacity":"","overlay-gradient":""}},"ast-content-background-meta":{"desktop":{"background-color":"var(--ast-global-color-5)","background-image":"","background-repeat":"repeat","background-position":"center center","background-size":"auto","background-attachment":"scroll","background-type":"","background-media":"","overlay-type":"","overlay-color":"","overlay-opacity":"","overlay-gradient":""},"tablet":{"background-color":"var(--ast-global-color-5)","background-image":"","background-repeat":"repeat","background-position":"center center","background-size":"auto","background-attachment":"scroll","background-type":"","background-media":"","overlay-type":"","overlay-color":"","overlay-opacity":"","overlay-gradient":""},"mobile":{"background-color":"var(--ast-global-color-5)","background-image":"","background-repeat":"repeat","background-position":"center center","background-size":"auto","background-attachment":"scroll","background-type":"","background-media":"","overlay-type":"","overlay-color":"","overlay-opacity":"","overlay-gradient":""}},"footnotes":""},"class_list":["post-4741","page","type-page","status-publish","hentry"],"_links":{"self":[{"href":"https:\/\/www.idearius.com\/es\/wp-json\/wp\/v2\/pages\/4741","targetHints":{"allow":["GET"]}}],"collection":[{"href":"https:\/\/www.idearius.com\/es\/wp-json\/wp\/v2\/pages"}],"about":[{"href":"https:\/\/www.idearius.com\/es\/wp-json\/wp\/v2\/types\/page"}],"author":[{"embeddable":true,"href":"https:\/\/www.idearius.com\/es\/wp-json\/wp\/v2\/users\/1"}],"replies":[{"embeddable":true,"href":"https:\/\/www.idearius.com\/es\/wp-json\/wp\/v2\/comments?post=4741"}],"version-history":[{"count":1,"href":"https:\/\/www.idearius.com\/es\/wp-json\/wp\/v2\/pages\/4741\/revisions"}],"predecessor-version":[{"id":4742,"href":"https:\/\/www.idearius.com\/es\/wp-json\/wp\/v2\/pages\/4741\/revisions\/4742"}],"wp:attachment":[{"href":"https:\/\/www.idearius.com\/es\/wp-json\/wp\/v2\/media?parent=4741"}],"curies":[{"name":"wp","href":"https:\/\/api.w.org\/{rel}","templated":true}]}}