{"id":51,"date":"2008-07-21T00:20:40","date_gmt":"2008-07-21T03:20:40","guid":{"rendered":"http:\/\/www.idearius.com\/es\/?page_id=51"},"modified":"2023-01-31T11:49:22","modified_gmt":"2023-01-31T14:49:22","slug":"paneles","status":"publish","type":"page","link":"https:\/\/www.idearius.com\/es\/diseno-grafico\/paneles\/","title":{"rendered":"Paneles"},"content":{"rendered":"\n<div class=\"wp-block-columns is-layout-flex wp-container-core-columns-is-layout-28f84493 wp-block-columns-is-layout-flex\">\n<div class=\"wp-block-column is-layout-flow wp-block-column-is-layout-flow\" style=\"flex-basis:75%\">\n<p><strong>Dise\u00f1amos paneles promocionales, expositivos y educativos<\/strong>, en tama\u00f1os de hoja A3 (297 \u00d7 420 mm) en adelante, hasta paredes completas para exposiciones y puestos comerciales.<\/p>\n\n\n\n<figure class=\"wp-block-gallery has-nested-images columns-4 wp-block-gallery-1 is-layout-flex wp-block-gallery-is-layout-flex\">\n<figure class=\"wp-block-image size-medium\"><a href=\"https:\/\/www.idearius.com\/es\/wp-content\/uploads\/client-paneles-pushkin-01.png\"><img loading=\"lazy\" decoding=\"async\" width=\"264\" height=\"300\" data-id=\"4985\" src=\"https:\/\/www.idearius.com\/es\/wp-content\/uploads\/client-paneles-pushkin-01-264x300.png\" alt=\"\" class=\"wp-image-4985\" srcset=\"https:\/\/www.idearius.com\/es\/wp-content\/uploads\/client-paneles-pushkin-01-264x300.png 264w, https:\/\/www.idearius.com\/es\/wp-content\/uploads\/client-paneles-pushkin-01.png 647w\" sizes=\"auto, (max-width: 264px) 100vw, 264px\" \/><\/a><\/figure>\n\n\n\n<figure class=\"wp-block-image size-medium\"><a href=\"https:\/\/www.idearius.com\/es\/wp-content\/uploads\/client-paneles-pushkin-02.png\"><img loading=\"lazy\" decoding=\"async\" width=\"264\" height=\"300\" data-id=\"4986\" src=\"https:\/\/www.idearius.com\/es\/wp-content\/uploads\/client-paneles-pushkin-02-264x300.png\" alt=\"\" class=\"wp-image-4986\" srcset=\"https:\/\/www.idearius.com\/es\/wp-content\/uploads\/client-paneles-pushkin-02-264x300.png 264w, https:\/\/www.idearius.com\/es\/wp-content\/uploads\/client-paneles-pushkin-02.png 647w\" sizes=\"auto, (max-width: 264px) 100vw, 264px\" \/><\/a><\/figure>\n\n\n\n<figure class=\"wp-block-image size-medium\"><a href=\"https:\/\/www.idearius.com\/es\/wp-content\/uploads\/client-paneles-pushkin-03.png\"><img loading=\"lazy\" decoding=\"async\" width=\"264\" height=\"300\" data-id=\"4987\" src=\"https:\/\/www.idearius.com\/es\/wp-content\/uploads\/client-paneles-pushkin-03-264x300.png\" alt=\"\" class=\"wp-image-4987\" srcset=\"https:\/\/www.idearius.com\/es\/wp-content\/uploads\/client-paneles-pushkin-03-264x300.png 264w, https:\/\/www.idearius.com\/es\/wp-content\/uploads\/client-paneles-pushkin-03.png 647w\" sizes=\"auto, (max-width: 264px) 100vw, 264px\" \/><\/a><\/figure>\n\n\n\n<figure class=\"wp-block-image size-medium\"><a href=\"https:\/\/www.idearius.com\/es\/wp-content\/uploads\/client-paneles-pushkin-04.png\"><img loading=\"lazy\" decoding=\"async\" width=\"264\" height=\"300\" data-id=\"4988\" src=\"https:\/\/www.idearius.com\/es\/wp-content\/uploads\/client-paneles-pushkin-04-264x300.png\" alt=\"\" class=\"wp-image-4988\" srcset=\"https:\/\/www.idearius.com\/es\/wp-content\/uploads\/client-paneles-pushkin-04-264x300.png 264w, https:\/\/www.idearius.com\/es\/wp-content\/uploads\/client-paneles-pushkin-04.png 647w\" sizes=\"auto, (max-width: 264px) 100vw, 264px\" \/><\/a><\/figure>\n<\/figure>\n<\/div>\n\n\n\n<div class=\"wp-block-column is-layout-flow wp-block-column-is-layout-flow\" style=\"flex-basis:25%\">\n<p><a class=\"sendbutton\" href=\"index.php?page_id=2\">Cons\u00faltenos aqu\u00ed<\/a><\/p>\n\n\n\n<h4 class=\"wp-block-heading\">Otros servicios de dise\u00f1o gr\u00e1fico para empresas:<\/h4>\n\n\n\n<ul class=\"wp-block-list\">\n<li><a href=\"index.php?page_id=73\">logotipos<\/a><\/li>\n\n\n\n<li><a href=\"index.php?page_id=53\">tarjetas personales<\/a><\/li>\n\n\n\n<li><a href=\"index.php?page_id=52\">carteles<\/a><\/li>\n\n\n\n<li><a href=\"index.php?page_id=157\">rollups<\/a><\/li>\n\n\n\n<li><a href=\"index.php?page_id=282\">presentaciones<\/a><\/li>\n\n\n\n<li><a href=\"index.php?page_id=54\">volantes y folletos<\/a><\/li>\n<\/ul>\n<\/div>\n<\/div>\n\n\n\n<p><\/p>\n","protected":false},"excerpt":{"rendered":"<p>Dise\u00f1amos paneles promocionales, expositivos y educativos, en tama\u00f1os de hoja A3 (297 \u00d7 420 mm) en adelante, hasta paredes completas para exposiciones y puestos comerciales. Cons\u00faltenos aqu\u00ed Otros servicios de dise\u00f1o gr\u00e1fico para empresas:<\/p>\n","protected":false},"author":1,"featured_media":0,"parent":13,"menu_order":0,"comment_status":"closed","ping_status":"open","template":"","meta":{"_lmt_disableupdate":"","_lmt_disable":"","site-sidebar-layout":"default","site-content-layout":"default","ast-site-content-layout":"default","site-content-style":"default","site-sidebar-style":"default","ast-global-header-display":"","ast-banner-title-visibility":"","ast-main-header-display":"","ast-hfb-above-header-display":"","ast-hfb-below-header-display":"","ast-hfb-mobile-header-display":"","site-post-title":"","ast-breadcrumbs-content":"","ast-featured-img":"","footer-sml-layout":"","ast-disable-related-posts":"","theme-transparent-header-meta":"default","adv-header-id-meta":"","stick-header-meta":"","header-above-stick-meta":"","header-main-stick-meta":"","header-below-stick-meta":"","astra-migrate-meta-layouts":"default","ast-page-background-enabled":"default","ast-page-background-meta":{"desktop":{"background-color":"var(--ast-global-color-4)","background-image":"","background-repeat":"repeat","background-position":"center center","background-size":"auto","background-attachment":"scroll","background-type":"","background-media":"","overlay-type":"","overlay-color":"","overlay-opacity":"","overlay-gradient":""},"tablet":{"background-color":"","background-image":"","background-repeat":"repeat","background-position":"center center","background-size":"auto","background-attachment":"scroll","background-type":"","background-media":"","overlay-type":"","overlay-color":"","overlay-opacity":"","overlay-gradient":""},"mobile":{"background-color":"","background-image":"","background-repeat":"repeat","background-position":"center center","background-size":"auto","background-attachment":"scroll","background-type":"","background-media":"","overlay-type":"","overlay-color":"","overlay-opacity":"","overlay-gradient":""}},"ast-content-background-meta":{"desktop":{"background-color":"var(--ast-global-color-5)","background-image":"","background-repeat":"repeat","background-position":"center center","background-size":"auto","background-attachment":"scroll","background-type":"","background-media":"","overlay-type":"","overlay-color":"","overlay-opacity":"","overlay-gradient":""},"tablet":{"background-color":"var(--ast-global-color-5)","background-image":"","background-repeat":"repeat","background-position":"center center","background-size":"auto","background-attachment":"scroll","background-type":"","background-media":"","overlay-type":"","overlay-color":"","overlay-opacity":"","overlay-gradient":""},"mobile":{"background-color":"var(--ast-global-color-5)","background-image":"","background-repeat":"repeat","background-position":"center center","background-size":"auto","background-attachment":"scroll","background-type":"","background-media":"","overlay-type":"","overlay-color":"","overlay-opacity":"","overlay-gradient":""}},"footnotes":""},"class_list":["post-51","page","type-page","status-publish","hentry"],"_links":{"self":[{"href":"https:\/\/www.idearius.com\/es\/wp-json\/wp\/v2\/pages\/51","targetHints":{"allow":["GET"]}}],"collection":[{"href":"https:\/\/www.idearius.com\/es\/wp-json\/wp\/v2\/pages"}],"about":[{"href":"https:\/\/www.idearius.com\/es\/wp-json\/wp\/v2\/types\/page"}],"author":[{"embeddable":true,"href":"https:\/\/www.idearius.com\/es\/wp-json\/wp\/v2\/users\/1"}],"replies":[{"embeddable":true,"href":"https:\/\/www.idearius.com\/es\/wp-json\/wp\/v2\/comments?post=51"}],"version-history":[{"count":24,"href":"https:\/\/www.idearius.com\/es\/wp-json\/wp\/v2\/pages\/51\/revisions"}],"predecessor-version":[{"id":4989,"href":"https:\/\/www.idearius.com\/es\/wp-json\/wp\/v2\/pages\/51\/revisions\/4989"}],"up":[{"embeddable":true,"href":"https:\/\/www.idearius.com\/es\/wp-json\/wp\/v2\/pages\/13"}],"wp:attachment":[{"href":"https:\/\/www.idearius.com\/es\/wp-json\/wp\/v2\/media?parent=51"}],"curies":[{"name":"wp","href":"https:\/\/api.w.org\/{rel}","templated":true}]}}