{"id":53,"date":"2008-07-21T00:20:30","date_gmt":"2008-07-21T03:20:30","guid":{"rendered":"http:\/\/www.idearius.com\/es\/?page_id=53"},"modified":"2021-07-22T20:04:06","modified_gmt":"2021-07-22T23:04:06","slug":"tarjetas-personales-de-presentacion-negocios","status":"publish","type":"page","link":"https:\/\/www.idearius.com\/es\/diseno-grafico\/tarjetas-personales-de-presentacion-negocios\/","title":{"rendered":"Tarjetas personales"},"content":{"rendered":"\n<div class=\"wp-block-columns is-layout-flex wp-container-core-columns-is-layout-28f84493 wp-block-columns-is-layout-flex\">\n<div class=\"wp-block-column is-layout-flow wp-block-column-is-layout-flow\" style=\"flex-basis:75%\">\n<p><strong>Dise\u00f1amos tarjetas de presentaci\u00f3n que potencian la imagen gr\u00e1fica actual de su empresa (logotipo, papeler\u00eda, sitio web)<\/strong>.<\/p>\n\n\n\n<p>Al terminar le enviamos un juego de archivos preparados para imprenta y, si lo desea, coordinamos y supervisamos las impresiones para asegurar el mejor resultado.<\/p>\n\n\n\n<figure class=\"wp-block-gallery columns-3 is-cropped wp-block-gallery-1 is-layout-flex wp-block-gallery-is-layout-flex\"><ul class=\"blocks-gallery-grid\"><li class=\"blocks-gallery-item\"><figure><img loading=\"lazy\" decoding=\"async\" width=\"600\" height=\"420\" src=\"https:\/\/www.idearius.com\/es\/wp-content\/uploads\/client-tarjetas-sals-2013.jpg\" alt=\"\" data-id=\"1861\" data-full-url=\"https:\/\/www.idearius.com\/es\/wp-content\/uploads\/client-tarjetas-sals-2013.jpg\" data-link=\"https:\/\/www.idearius.com\/es\/diseno-grafico\/tarjetas-personales-de-presentacion-negocios\/attachment\/ej-tarjetas-sals-2013\/\" class=\"wp-image-1861\" srcset=\"https:\/\/www.idearius.com\/es\/wp-content\/uploads\/client-tarjetas-sals-2013.jpg 600w, https:\/\/www.idearius.com\/es\/wp-content\/uploads\/client-tarjetas-sals-2013-300x210.jpg 300w, https:\/\/www.idearius.com\/es\/wp-content\/uploads\/client-tarjetas-sals-2013-220x154.jpg 220w, https:\/\/www.idearius.com\/es\/wp-content\/uploads\/client-tarjetas-sals-2013-187x131.jpg 187w, https:\/\/www.idearius.com\/es\/wp-content\/uploads\/client-tarjetas-sals-2013-453x317.jpg 453w\" sizes=\"auto, (max-width: 600px) 100vw, 600px\" \/><\/figure><\/li><li class=\"blocks-gallery-item\"><figure><img loading=\"lazy\" decoding=\"async\" width=\"600\" height=\"420\" src=\"https:\/\/www.idearius.com\/es\/wp-content\/uploads\/client-tarjetas-iberfix-consultoriacontable-2011.jpg\" alt=\"\" data-id=\"1875\" data-full-url=\"https:\/\/www.idearius.com\/es\/wp-content\/uploads\/client-tarjetas-iberfix-consultoriacontable-2011.jpg\" data-link=\"https:\/\/www.idearius.com\/es\/diseno-grafico\/tarjetas-personales-de-presentacion-negocios\/attachment\/client-tarjetas-iberfix-consultoriacontable-2011\/\" class=\"wp-image-1875\" srcset=\"https:\/\/www.idearius.com\/es\/wp-content\/uploads\/client-tarjetas-iberfix-consultoriacontable-2011.jpg 600w, https:\/\/www.idearius.com\/es\/wp-content\/uploads\/client-tarjetas-iberfix-consultoriacontable-2011-300x210.jpg 300w, https:\/\/www.idearius.com\/es\/wp-content\/uploads\/client-tarjetas-iberfix-consultoriacontable-2011-220x154.jpg 220w, https:\/\/www.idearius.com\/es\/wp-content\/uploads\/client-tarjetas-iberfix-consultoriacontable-2011-187x131.jpg 187w, https:\/\/www.idearius.com\/es\/wp-content\/uploads\/client-tarjetas-iberfix-consultoriacontable-2011-453x317.jpg 453w\" sizes=\"auto, (max-width: 600px) 100vw, 600px\" \/><\/figure><\/li><li class=\"blocks-gallery-item\"><figure><img loading=\"lazy\" decoding=\"async\" width=\"600\" height=\"420\" src=\"https:\/\/www.idearius.com\/es\/wp-content\/uploads\/client-tarjetas-gabriel-frias-2013.jpg\" alt=\"\" data-id=\"1873\" data-full-url=\"https:\/\/www.idearius.com\/es\/wp-content\/uploads\/client-tarjetas-gabriel-frias-2013.jpg\" data-link=\"https:\/\/www.idearius.com\/es\/diseno-grafico\/tarjetas-personales-de-presentacion-negocios\/attachment\/ej-tarjetas-gabriel-frias-2013\/\" class=\"wp-image-1873\" srcset=\"https:\/\/www.idearius.com\/es\/wp-content\/uploads\/client-tarjetas-gabriel-frias-2013.jpg 600w, https:\/\/www.idearius.com\/es\/wp-content\/uploads\/client-tarjetas-gabriel-frias-2013-300x210.jpg 300w, https:\/\/www.idearius.com\/es\/wp-content\/uploads\/client-tarjetas-gabriel-frias-2013-220x154.jpg 220w, https:\/\/www.idearius.com\/es\/wp-content\/uploads\/client-tarjetas-gabriel-frias-2013-187x131.jpg 187w, https:\/\/www.idearius.com\/es\/wp-content\/uploads\/client-tarjetas-gabriel-frias-2013-453x317.jpg 453w\" sizes=\"auto, (max-width: 600px) 100vw, 600px\" \/><\/figure><\/li><\/ul><\/figure>\n\n\n\n<h3 class=\"wp-block-heading\">Recomendamos leer:<\/h3>\n\n\n\n<ul class=\"wp-block-list\"><li><a href=\"?page_id=1515\">La imagen corporativa: cuando todo comunica<\/a><\/li><\/ul>\n<\/div>\n\n\n\n<div class=\"wp-block-column is-layout-flow wp-block-column-is-layout-flow\" style=\"flex-basis:25%\">\n<p><a class=\"sendbutton\" href=\"index.php?page_id=2\">Cons\u00faltenos aqu\u00ed<\/a><\/p>\n\n\n\n<h4 class=\"wp-block-heading\">Otros servicios de dise\u00f1o gr\u00e1fico para empresas:<\/h4>\n\n\n\n<ul class=\"wp-block-list\"><li><a href=\"index.php?page_id=73\">logotipos<\/a><\/li><li><a href=\"index.php?page_id=52\">carteles<\/a><\/li><li><a href=\"index.php?page_id=51\">paneles<\/a><\/li><li><a href=\"index.php?page_id=157\">rollups<\/a><\/li><li><a href=\"index.php?page_id=282\">presentaciones<\/a><\/li><li><a href=\"index.php?page_id=54\">volantes y folletos<\/a><\/li><\/ul>\n<\/div>\n<\/div>\n\n\n\n<p><\/p>\n","protected":false},"excerpt":{"rendered":"<p>Dise\u00f1amos tarjetas de presentaci\u00f3n que potencian la imagen gr\u00e1fica actual de su empresa (logotipo, papeler\u00eda, sitio web). Al terminar le enviamos un juego de archivos preparados para imprenta y, si lo desea, coordinamos y supervisamos las impresiones para asegurar el mejor resultado. Recomendamos leer: La imagen corporativa: cuando todo comunica Cons\u00faltenos aqu\u00ed Otros servicios de [&hellip;]<\/p>\n","protected":false},"author":1,"featured_media":0,"parent":13,"menu_order":0,"comment_status":"closed","ping_status":"open","template":"","meta":{"_lmt_disableupdate":"","_lmt_disable":"","site-sidebar-layout":"default","site-content-layout":"default","ast-site-content-layout":"default","site-content-style":"default","site-sidebar-style":"default","ast-global-header-display":"","ast-banner-title-visibility":"","ast-main-header-display":"","ast-hfb-above-header-display":"","ast-hfb-below-header-display":"","ast-hfb-mobile-header-display":"","site-post-title":"","ast-breadcrumbs-content":"","ast-featured-img":"","footer-sml-layout":"","ast-disable-related-posts":"","theme-transparent-header-meta":"default","adv-header-id-meta":"","stick-header-meta":"","header-above-stick-meta":"","header-main-stick-meta":"","header-below-stick-meta":"","astra-migrate-meta-layouts":"default","ast-page-background-enabled":"default","ast-page-background-meta":{"desktop":{"background-color":"var(--ast-global-color-4)","background-image":"","background-repeat":"repeat","background-position":"center center","background-size":"auto","background-attachment":"scroll","background-type":"","background-media":"","overlay-type":"","overlay-color":"","overlay-opacity":"","overlay-gradient":""},"tablet":{"background-color":"","background-image":"","background-repeat":"repeat","background-position":"center center","background-size":"auto","background-attachment":"scroll","background-type":"","background-media":"","overlay-type":"","overlay-color":"","overlay-opacity":"","overlay-gradient":""},"mobile":{"background-color":"","background-image":"","background-repeat":"repeat","background-position":"center center","background-size":"auto","background-attachment":"scroll","background-type":"","background-media":"","overlay-type":"","overlay-color":"","overlay-opacity":"","overlay-gradient":""}},"ast-content-background-meta":{"desktop":{"background-color":"var(--ast-global-color-5)","background-image":"","background-repeat":"repeat","background-position":"center center","background-size":"auto","background-attachment":"scroll","background-type":"","background-media":"","overlay-type":"","overlay-color":"","overlay-opacity":"","overlay-gradient":""},"tablet":{"background-color":"var(--ast-global-color-5)","background-image":"","background-repeat":"repeat","background-position":"center center","background-size":"auto","background-attachment":"scroll","background-type":"","background-media":"","overlay-type":"","overlay-color":"","overlay-opacity":"","overlay-gradient":""},"mobile":{"background-color":"var(--ast-global-color-5)","background-image":"","background-repeat":"repeat","background-position":"center center","background-size":"auto","background-attachment":"scroll","background-type":"","background-media":"","overlay-type":"","overlay-color":"","overlay-opacity":"","overlay-gradient":""}},"footnotes":""},"class_list":["post-53","page","type-page","status-publish","hentry"],"_links":{"self":[{"href":"https:\/\/www.idearius.com\/es\/wp-json\/wp\/v2\/pages\/53","targetHints":{"allow":["GET"]}}],"collection":[{"href":"https:\/\/www.idearius.com\/es\/wp-json\/wp\/v2\/pages"}],"about":[{"href":"https:\/\/www.idearius.com\/es\/wp-json\/wp\/v2\/types\/page"}],"author":[{"embeddable":true,"href":"https:\/\/www.idearius.com\/es\/wp-json\/wp\/v2\/users\/1"}],"replies":[{"embeddable":true,"href":"https:\/\/www.idearius.com\/es\/wp-json\/wp\/v2\/comments?post=53"}],"version-history":[{"count":23,"href":"https:\/\/www.idearius.com\/es\/wp-json\/wp\/v2\/pages\/53\/revisions"}],"predecessor-version":[{"id":4545,"href":"https:\/\/www.idearius.com\/es\/wp-json\/wp\/v2\/pages\/53\/revisions\/4545"}],"up":[{"embeddable":true,"href":"https:\/\/www.idearius.com\/es\/wp-json\/wp\/v2\/pages\/13"}],"wp:attachment":[{"href":"https:\/\/www.idearius.com\/es\/wp-json\/wp\/v2\/media?parent=53"}],"curies":[{"name":"wp","href":"https:\/\/api.w.org\/{rel}","templated":true}]}}