{"id":534,"date":"2009-06-24T16:01:25","date_gmt":"2009-06-24T19:01:25","guid":{"rendered":"http:\/\/www.idearius.com\/es\/ayuda\/%c2%bfcomo-cambio-la-contrasena-de-mi-casilla-de-correo\/"},"modified":"2022-10-03T09:56:47","modified_gmt":"2022-10-03T12:56:47","slug":"como-cambio-la-contrasena-de-mi-casilla-de-correo","status":"publish","type":"page","link":"https:\/\/www.idearius.com\/es\/ayuda\/como-cambio-la-contrasena-de-mi-casilla-de-correo\/","title":{"rendered":"\u00bfC\u00f3mo cambio la contrase\u00f1a de mi casilla de correo?"},"content":{"rendered":"\n<div class=\"wp-block-columns is-layout-flex wp-container-core-columns-is-layout-28f84493 wp-block-columns-is-layout-flex\">\n<div class=\"wp-block-column is-layout-flow wp-block-column-is-layout-flow\" style=\"flex-basis:66.66%\">\n<p>Para cambiar la contrase\u00f1a de su casilla de correo electr\u00f3nico acceda a ella desde el navegador web de su computadora. Por ejemplo:<\/p>\n\n\n\n<ol class=\"wp-block-list\"><li>si su casilla de correo fuera info@idearius.com, deber\u00e1 visitar webmail.idearius.com;<\/li><li>ingrese su nombre de usuario (es su direcci\u00f3n de correo electr\u00f3nico completa);<\/li><li>ingrese su contrase\u00f1a actual;<\/li><li>clic en Iniciar sesi\u00f3n.<\/li><\/ol>\n\n\n\n<p>La pantalla principal de su correo web deber\u00eda cargarse. Luego:<\/p>\n\n\n\n<ol class=\"wp-block-list\"><li>clic en <strong>Webmail Home<\/strong>, en los iconos del men\u00fa vertical izquierdo;<\/li><li>clic en <strong>Contrase\u00f1a y Seguridad<\/strong> (secci\u00f3n Editar su configuraci\u00f3n);<\/li><li>defina una nueva contrase\u00f1a que cumpla con los requisitos de seguridad adecuados;<\/li><li>rep\u00edtala para confirmarla;<\/li><li>clic en <strong>Guardar<\/strong>.<\/li><\/ol>\n\n\n\n<p>Puede volver a su correo dando clic en el logo <strong>Webmail<\/strong> de la esquina superior izquierda de la pantalla.<\/p>\n<\/div>\n\n\n\n<div class=\"wp-block-column is-layout-flow wp-block-column-is-layout-flow\" style=\"flex-basis:33.33%\">\n<figure class=\"wp-block-image aligncenter size-full\"><a href=\"https:\/\/www.idearius.com\/es\/wp-content\/uploads\/img-cpanel-eml-psw-jupiter-01.png\"><img loading=\"lazy\" decoding=\"async\" width=\"323\" height=\"430\" src=\"https:\/\/www.idearius.com\/es\/wp-content\/uploads\/img-cpanel-eml-psw-jupiter-01.png\" alt=\"\" class=\"wp-image-4940\" srcset=\"https:\/\/www.idearius.com\/es\/wp-content\/uploads\/img-cpanel-eml-psw-jupiter-01.png 323w, https:\/\/www.idearius.com\/es\/wp-content\/uploads\/img-cpanel-eml-psw-jupiter-01-225x300.png 225w\" sizes=\"auto, (max-width: 323px) 100vw, 323px\" \/><\/a><\/figure>\n<\/div>\n<\/div>\n\n\n\n<p>Le recomendamos que use el <strong>Generador de contrase\u00f1as<\/strong> ya incluido en nuestro sistema de correo web, o que <a href=\"index.php?p=24\">lea este art\u00edculo para elegir una contrase\u00f1a segura<\/a>.<\/p>\n\n\n\n<figure class=\"wp-block-image aligncenter size-full\"><a href=\"https:\/\/www.idearius.com\/es\/wp-content\/uploads\/img-cpanel-eml-psw-jupiter-02.png\"><img loading=\"lazy\" decoding=\"async\" width=\"1200\" height=\"489\" src=\"https:\/\/www.idearius.com\/es\/wp-content\/uploads\/img-cpanel-eml-psw-jupiter-02.png\" alt=\"\" class=\"wp-image-4942\" srcset=\"https:\/\/www.idearius.com\/es\/wp-content\/uploads\/img-cpanel-eml-psw-jupiter-02.png 1200w, https:\/\/www.idearius.com\/es\/wp-content\/uploads\/img-cpanel-eml-psw-jupiter-02-300x122.png 300w, https:\/\/www.idearius.com\/es\/wp-content\/uploads\/img-cpanel-eml-psw-jupiter-02-1024x417.png 1024w, https:\/\/www.idearius.com\/es\/wp-content\/uploads\/img-cpanel-eml-psw-jupiter-02-768x313.png 768w\" sizes=\"auto, (max-width: 1200px) 100vw, 1200px\" \/><\/a><\/figure>\n\n\n\n<p>El indicador <strong>Seguridad de la contrase\u00f1a<\/strong> le indicar\u00e1 si la complejidad es adecuada. Su contrase\u00f1a debe ser compleja para reducir las posibilidades de uso indebido de la casilla de correo electr\u00f3nico.<\/p>\n\n\n\n<p>La idea no es que pueda memorizar su nueva contrase\u00f1a, ya que hoy manejamos decenas de ellas (las contrase\u00f1as deben ser distintas entre s\u00ed como medida de seguridad b\u00e1sica) y todos los navegadores web y programas de correo incluyen la capacidad de guardar sus contrase\u00f1as para usarlas con practicidad cuando son necesarias. Recuerde:<\/p>\n\n\n\n<blockquote class=\"wp-block-quote is-layout-flow wp-block-quote-is-layout-flow\"><p><strong>Es de exclusiva responsabilidad del cliente utilizar contrase\u00f1as y procedimientos seguros, y debe notificarnos inmediatamente sobre posibles riesgos o problemas de seguridad<\/strong>, incluyendo la vulneraci\u00f3n de nombres de usuarios y contrase\u00f1as.<\/p><cite>\u2014 <a href=\"https:\/\/www.idearius.com\/es\/ayuda\/condiciones-de-uso\/\">T\u00e9rminos y condiciones de uso<\/a> (versi\u00f3n 15OCT2021)<\/cite><\/blockquote>\n\n\n\n<p>Si necesita asistencia adicional, <a href=\"https:\/\/www.idearius.com\/es\/contacto\/\">cont\u00e1ctenos aqu\u00ed<\/a>.<\/p>\n\n\n\n<p><\/p>\n","protected":false},"excerpt":{"rendered":"<p>Para cambiar la contrase\u00f1a de su casilla de correo electr\u00f3nico acceda a ella desde el navegador web de su computadora. Por ejemplo: si su casilla de correo fuera info@idearius.com, deber\u00e1 visitar webmail.idearius.com; ingrese su nombre de usuario (es su direcci\u00f3n de correo electr\u00f3nico completa); ingrese su contrase\u00f1a actual; clic en Iniciar sesi\u00f3n. La pantalla principal [&hellip;]<\/p>\n","protected":false},"author":1,"featured_media":0,"parent":494,"menu_order":0,"comment_status":"closed","ping_status":"closed","template":"","meta":{"_lmt_disableupdate":"","_lmt_disable":"","site-sidebar-layout":"default","site-content-layout":"","ast-site-content-layout":"default","site-content-style":"default","site-sidebar-style":"default","ast-global-header-display":"","ast-banner-title-visibility":"","ast-main-header-display":"","ast-hfb-above-header-display":"","ast-hfb-below-header-display":"","ast-hfb-mobile-header-display":"","site-post-title":"","ast-breadcrumbs-content":"","ast-featured-img":"","footer-sml-layout":"","ast-disable-related-posts":"","theme-transparent-header-meta":"","adv-header-id-meta":"","stick-header-meta":"","header-above-stick-meta":"","header-main-stick-meta":"","header-below-stick-meta":"","astra-migrate-meta-layouts":"default","ast-page-background-enabled":"default","ast-page-background-meta":{"desktop":{"background-color":"var(--ast-global-color-4)","background-image":"","background-repeat":"repeat","background-position":"center center","background-size":"auto","background-attachment":"scroll","background-type":"","background-media":"","overlay-type":"","overlay-color":"","overlay-opacity":"","overlay-gradient":""},"tablet":{"background-color":"","background-image":"","background-repeat":"repeat","background-position":"center center","background-size":"auto","background-attachment":"scroll","background-type":"","background-media":"","overlay-type":"","overlay-color":"","overlay-opacity":"","overlay-gradient":""},"mobile":{"background-color":"","background-image":"","background-repeat":"repeat","background-position":"center center","background-size":"auto","background-attachment":"scroll","background-type":"","background-media":"","overlay-type":"","overlay-color":"","overlay-opacity":"","overlay-gradient":""}},"ast-content-background-meta":{"desktop":{"background-color":"var(--ast-global-color-5)","background-image":"","background-repeat":"repeat","background-position":"center center","background-size":"auto","background-attachment":"scroll","background-type":"","background-media":"","overlay-type":"","overlay-color":"","overlay-opacity":"","overlay-gradient":""},"tablet":{"background-color":"var(--ast-global-color-5)","background-image":"","background-repeat":"repeat","background-position":"center center","background-size":"auto","background-attachment":"scroll","background-type":"","background-media":"","overlay-type":"","overlay-color":"","overlay-opacity":"","overlay-gradient":""},"mobile":{"background-color":"var(--ast-global-color-5)","background-image":"","background-repeat":"repeat","background-position":"center center","background-size":"auto","background-attachment":"scroll","background-type":"","background-media":"","overlay-type":"","overlay-color":"","overlay-opacity":"","overlay-gradient":""}},"footnotes":""},"class_list":["post-534","page","type-page","status-publish","hentry"],"_links":{"self":[{"href":"https:\/\/www.idearius.com\/es\/wp-json\/wp\/v2\/pages\/534","targetHints":{"allow":["GET"]}}],"collection":[{"href":"https:\/\/www.idearius.com\/es\/wp-json\/wp\/v2\/pages"}],"about":[{"href":"https:\/\/www.idearius.com\/es\/wp-json\/wp\/v2\/types\/page"}],"author":[{"embeddable":true,"href":"https:\/\/www.idearius.com\/es\/wp-json\/wp\/v2\/users\/1"}],"replies":[{"embeddable":true,"href":"https:\/\/www.idearius.com\/es\/wp-json\/wp\/v2\/comments?post=534"}],"version-history":[{"count":6,"href":"https:\/\/www.idearius.com\/es\/wp-json\/wp\/v2\/pages\/534\/revisions"}],"predecessor-version":[{"id":4943,"href":"https:\/\/www.idearius.com\/es\/wp-json\/wp\/v2\/pages\/534\/revisions\/4943"}],"up":[{"embeddable":true,"href":"https:\/\/www.idearius.com\/es\/wp-json\/wp\/v2\/pages\/494"}],"wp:attachment":[{"href":"https:\/\/www.idearius.com\/es\/wp-json\/wp\/v2\/media?parent=534"}],"curies":[{"name":"wp","href":"https:\/\/api.w.org\/{rel}","templated":true}]}}