{"id":535,"date":"2009-06-24T16:04:24","date_gmt":"2009-06-24T19:04:24","guid":{"rendered":"http:\/\/www.idearius.com\/es\/ayuda\/%c2%bfexiste-un-limite-para-el-envio-de-mensajes-de-correo-electronico\/"},"modified":"2021-07-24T03:41:45","modified_gmt":"2021-07-24T06:41:45","slug":"existe-un-limite-para-el-envio-de-mensajes-de-correo-electronico","status":"publish","type":"page","link":"https:\/\/www.idearius.com\/es\/ayuda\/existe-un-limite-para-el-envio-de-mensajes-de-correo-electronico\/","title":{"rendered":"\u00bfExiste un l\u00edmite para el env\u00edo de mensajes de correo electr\u00f3nico?"},"content":{"rendered":"\n<div class=\"wp-block-columns is-layout-flex wp-container-core-columns-is-layout-28f84493 wp-block-columns-is-layout-flex\">\n<div class=\"wp-block-column is-layout-flow wp-block-column-is-layout-flow\" style=\"flex-basis:66.66%\">\n<p>S\u00ed. En <a href=\"index.php?page_id=67\">nuestros servidores de correo electr\u00f3nico<\/a> puede enviar hasta 400 mensajes por dominio y por hora.<\/p>\n\n\n\n<p>Los mensajes que superen ese l\u00edmite rebotar\u00e1n con un mensaje de fallo de entrega. Si esto ocurre, deber\u00e1 esperar al menos una hora para volver a enviar mensajes.<\/p>\n\n\n\n<p>Tenga en cuenta que a\u00fan cuando no llegue al m\u00e1ximo de env\u00edos por hora, para usar de mejor modo los recursos del servidor y evitar que su env\u00edo sea catalogado como spam (con el cual tenemos tolerancia cero), <strong>no recomendamos enviar mensajes a m\u00e1s de 100 destinatarios por vez<\/strong>, y siempre dejando pasar varios minutos entre cada env\u00edo.<\/p>\n\n\n\n<p><strong>La diferencia entre mensajes promocionales v\u00e1lidos y spam es muy peque\u00f1a.<\/strong><\/p>\n\n\n\n<p>Recomendamos que siempre nos contacte antes de hacer env\u00edos masivos.<\/p>\n\n\n\n<p>Evacuaremos sus dudas y le <b>asesoraremos sobre ventajas y desventajas de distintos sistemas para el env\u00edo de correos masivos<\/b>.<\/p>\n<\/div>\n\n\n\n<div class=\"wp-block-column is-layout-flow wp-block-column-is-layout-flow\" style=\"flex-basis:33.33%\">\n<div class=\"wp-block-group is-layout-flow wp-block-group-is-layout-flow\"><div class=\"wp-block-group__inner-container\">\n<div class=\"wp-block-columns has-background is-layout-flex wp-container-core-columns-is-layout-28f84493 wp-block-columns-is-layout-flex\" style=\"background-color:#ebebeb\">\n<div class=\"wp-block-column is-layout-flow wp-block-column-is-layout-flow\">\n<p><i class=\"fa fa-ambulance\" style=\"float: left; font-size: 50px; margin-right: .2em;\" aria-hidden=\"true\"><\/i>Obtenga ayuda en su empresa con rapidez.<\/p>\n\n\n\n<p><a href=\"index.php?page_id=1294\">Asistencia remota para todo el personal, est\u00e9 donde est\u00e9.<\/a><\/p>\n<\/div>\n<\/div>\n<\/div><\/div>\n\n\n\n<p class=\"has-text-align-center\"><a class=\"sendbutton\" href=\"index.php?page_id=1294\">Conozca nuestros servicios de soporte<\/a><\/p>\n\n\n\n<p class=\"has-text-align-center\"><a href=\"index.php?page_id=67\">\u00bfNecesita mejor correo electr\u00f3nico empresarial?<\/a><\/p>\n<\/div>\n<\/div>\n","protected":false},"excerpt":{"rendered":"<p>S\u00ed. En nuestros servidores de correo electr\u00f3nico puede enviar hasta 400 mensajes por dominio y por hora. Los mensajes que superen ese l\u00edmite rebotar\u00e1n con un mensaje de fallo de entrega. Si esto ocurre, deber\u00e1 esperar al menos una hora para volver a enviar mensajes. Tenga en cuenta que a\u00fan cuando no llegue al m\u00e1ximo [&hellip;]<\/p>\n","protected":false},"author":1,"featured_media":0,"parent":494,"menu_order":0,"comment_status":"closed","ping_status":"open","template":"","meta":{"_lmt_disableupdate":"","_lmt_disable":"","site-sidebar-layout":"default","site-content-layout":"default","ast-site-content-layout":"default","site-content-style":"default","site-sidebar-style":"default","ast-global-header-display":"","ast-banner-title-visibility":"","ast-main-header-display":"","ast-hfb-above-header-display":"","ast-hfb-below-header-display":"","ast-hfb-mobile-header-display":"","site-post-title":"","ast-breadcrumbs-content":"","ast-featured-img":"","footer-sml-layout":"","ast-disable-related-posts":"","theme-transparent-header-meta":"default","adv-header-id-meta":"","stick-header-meta":"","header-above-stick-meta":"","header-main-stick-meta":"","header-below-stick-meta":"","astra-migrate-meta-layouts":"default","ast-page-background-enabled":"default","ast-page-background-meta":{"desktop":{"background-color":"var(--ast-global-color-4)","background-image":"","background-repeat":"repeat","background-position":"center center","background-size":"auto","background-attachment":"scroll","background-type":"","background-media":"","overlay-type":"","overlay-color":"","overlay-opacity":"","overlay-gradient":""},"tablet":{"background-color":"","background-image":"","background-repeat":"repeat","background-position":"center center","background-size":"auto","background-attachment":"scroll","background-type":"","background-media":"","overlay-type":"","overlay-color":"","overlay-opacity":"","overlay-gradient":""},"mobile":{"background-color":"","background-image":"","background-repeat":"repeat","background-position":"center center","background-size":"auto","background-attachment":"scroll","background-type":"","background-media":"","overlay-type":"","overlay-color":"","overlay-opacity":"","overlay-gradient":""}},"ast-content-background-meta":{"desktop":{"background-color":"var(--ast-global-color-5)","background-image":"","background-repeat":"repeat","background-position":"center center","background-size":"auto","background-attachment":"scroll","background-type":"","background-media":"","overlay-type":"","overlay-color":"","overlay-opacity":"","overlay-gradient":""},"tablet":{"background-color":"var(--ast-global-color-5)","background-image":"","background-repeat":"repeat","background-position":"center center","background-size":"auto","background-attachment":"scroll","background-type":"","background-media":"","overlay-type":"","overlay-color":"","overlay-opacity":"","overlay-gradient":""},"mobile":{"background-color":"var(--ast-global-color-5)","background-image":"","background-repeat":"repeat","background-position":"center center","background-size":"auto","background-attachment":"scroll","background-type":"","background-media":"","overlay-type":"","overlay-color":"","overlay-opacity":"","overlay-gradient":""}},"footnotes":""},"class_list":["post-535","page","type-page","status-publish","hentry"],"_links":{"self":[{"href":"https:\/\/www.idearius.com\/es\/wp-json\/wp\/v2\/pages\/535","targetHints":{"allow":["GET"]}}],"collection":[{"href":"https:\/\/www.idearius.com\/es\/wp-json\/wp\/v2\/pages"}],"about":[{"href":"https:\/\/www.idearius.com\/es\/wp-json\/wp\/v2\/types\/page"}],"author":[{"embeddable":true,"href":"https:\/\/www.idearius.com\/es\/wp-json\/wp\/v2\/users\/1"}],"replies":[{"embeddable":true,"href":"https:\/\/www.idearius.com\/es\/wp-json\/wp\/v2\/comments?post=535"}],"version-history":[{"count":11,"href":"https:\/\/www.idearius.com\/es\/wp-json\/wp\/v2\/pages\/535\/revisions"}],"predecessor-version":[{"id":4569,"href":"https:\/\/www.idearius.com\/es\/wp-json\/wp\/v2\/pages\/535\/revisions\/4569"}],"up":[{"embeddable":true,"href":"https:\/\/www.idearius.com\/es\/wp-json\/wp\/v2\/pages\/494"}],"wp:attachment":[{"href":"https:\/\/www.idearius.com\/es\/wp-json\/wp\/v2\/media?parent=535"}],"curies":[{"name":"wp","href":"https:\/\/api.w.org\/{rel}","templated":true}]}}