{"id":536,"date":"2009-06-24T16:04:40","date_gmt":"2009-06-24T19:04:40","guid":{"rendered":"http:\/\/www.idearius.com\/es\/ayuda\/error-por-acceso-incorrecto-login-incorrect-o-fallo-de-contrasena-password-failed-al-intentar-descargar-correo\/"},"modified":"2021-07-22T01:21:10","modified_gmt":"2021-07-22T04:21:10","slug":"error-por-acceso-incorrecto-login-incorrect-o-fallo-de-contrasena-password-failed-al-descargar-correo","status":"publish","type":"page","link":"https:\/\/www.idearius.com\/es\/ayuda\/error-por-acceso-incorrecto-login-incorrect-o-fallo-de-contrasena-password-failed-al-descargar-correo\/","title":{"rendered":"Error por acceso incorrecto (login incorrect) o fallo de contrase\u00f1a (password failed) al descargar correo"},"content":{"rendered":"\n<div class=\"wp-block-columns is-layout-flex wp-container-core-columns-is-layout-28f84493 wp-block-columns-is-layout-flex\">\n<div class=\"wp-block-column is-layout-flow wp-block-column-is-layout-flow\" style=\"flex-basis:66.66%\">\n<p><strong>Este error puede darse a\u00fan cuando no haya cambiado su contrase\u00f1a ni la configuraci\u00f3n del programa de correo de su computadora.<\/strong><\/p>\n\n\n\n<p>Para asegurar un correcto funcionamiento para la mayor\u00eda de los usuarios, todos los servidores de correo tienen un l\u00edmite intentos para descargar correo por hora.<\/p>\n\n\n\n<p>En nuestros servidores ese l\u00edmite es de 60 revisiones por hora.<\/p>\n\n\n\n<p>Si tiene el programa de correo de su computadora configurado para buscar mensajes nuevos cada menos de 10 minutos, sum\u00e1ndole las revisiones manuales que usted pueda hacer, las de su tel\u00e9fono m\u00f3vil, y las que hagan otros usuarios en la misma red de su empresa, es probable que se haya superado este l\u00edmite de conexiones.<\/p>\n\n\n\n<p><strong>Cuando se supera el l\u00edmite de intentos definido, el servidor de correo bloquea el acceso desde su conexi\u00f3n por una hora (en nuestro caso)<\/strong>. Pasado ese tiempo, autom\u00e1ticamente podr\u00e1 acceder sin problemas y con los mismos datos de siempre.<\/p>\n\n\n\n<p>Conviene, sin embargo, que <strong>mientras tanto usted y los dem\u00e1s usuarios en su red cierren su programa de correo<\/strong> o la pesta\u00f1a de su navegador donde est\u00e9 abierto el correo web para evitar seguir sumando intentos de acceso que extiendan el bloqueo.<\/p>\n\n\n\n<h2 class=\"wp-block-heading\">Si tiene urgencia para acceder a su correo tiene varias opciones:<\/h2>\n\n\n\n<ol class=\"wp-block-list\"><li><strong>Apague y vuelva a encender su m\u00f3dem\/router<\/strong>. Si tiene una conexi\u00f3n no empresarial t\u00edpica (con direcci\u00f3n IP din\u00e1mica), esto har\u00e1 que su proveedor de Internet asigne una nueva identificaci\u00f3n (direcci\u00f3n IP) a su conexi\u00f3n, haciendo que el servidor de correo lo considere como un visitante nuevo y no aplique el bloqueo, permitiendo el acceso.<\/li><li><strong>Con\u00e9ctese a Internet a trav\u00e9s de una conexi\u00f3n de datos m\u00f3viles<\/strong> (no Wi-Fi) con su tel\u00e9fono y acceda al correo desde \u00e9l.<\/li><li>Si es nuestro cliente de <a href=\"index.php?page_id=67\">correo electr\u00f3nico administrado<\/a>, <a href=\"index.php?page_id=2\">cont\u00e1ctenos<\/a> para que desbloqueemos su conexi\u00f3n.<\/li><\/ol>\n\n\n\n<h2 class=\"wp-block-heading\">\u00bfC\u00f3mo evitar el error por acceso incorrecto o fallo de contrase\u00f1a?<\/h2>\n\n\n\n<p>Cuando los errores por acceso incorrecto o fallo de contrase\u00f1a son frecuentes, pueden deberse a una mala configuraci\u00f3n de sus computadoras o dispositivos m\u00f3viles. Deber\u00e1 revisar los programas de correo en cada equipo en su red a la brevedad para confirmar y corregir la causa.<\/p>\n\n\n\n<p>Cuando los nombres de usuario y contrase\u00f1as usados son correctos, puede probar bajar la frecuencia con que los <a href=\"index.php?p=28\">programas de correo<\/a> buscan mensajes nuevos.<\/p>\n\n\n\n<p><strong>Dependiendo de las tareas que cumpla en la empresa, puede configurar los programas de correo para buscar mensajes nuevos cada 10 minutos.<\/strong><\/p>\n\n\n\n<p><strong>En los dispositivos m\u00f3viles, puede usar un per\u00edodo de tiempo algo mayor<\/strong>, y fuera del horario laboral suele bastar con que sea una vez por hora.<\/p>\n\n\n\n<div class=\"wp-block-columns has-white-color has-text-color has-background is-layout-flex wp-container-core-columns-is-layout-28f84493 wp-block-columns-is-layout-flex\" style=\"background-color:#1abc9c\">\n<div class=\"wp-block-column is-layout-flow wp-block-column-is-layout-flow\" style=\"flex-basis:66.66%\">\n<ul class=\"wp-block-list\"><li>En computadoras, configure el programa de correo para buscar mensajes cada 5 a 15&#8242;.<\/li><li>En dispositivos m\u00f3viles, dentro del horario laboral configure revisiones cada 30&#8242;.<\/li><\/ul>\n<\/div>\n\n\n\n<div class=\"wp-block-column is-layout-flow wp-block-column-is-layout-flow\" style=\"flex-basis:33.33%\">\n<p><strong>Esta configuraci\u00f3n tambi\u00e9n minimizar\u00e1 distracciones en su trabajo: facilita su concentraci\u00f3n y aumenta su productividad.<\/strong><\/p>\n<\/div>\n<\/div>\n\n\n\n<p class=\"has-text-align-center\">Podemos ayudarle a confirmar y corregir la causa de los fallos con su correo.<\/p>\n\n\n\n<p class=\"has-text-align-center\"><a href=\"index.php?page_id=2\">Cont\u00e1ctenos<\/a> o conozca m\u00e1s sobre nuestros <a href=\"index.php?p=14\">servicios de mantenimiento y optimizaci\u00f3n de redes<\/a> para empresas.<\/p>\n<\/div>\n\n\n\n<div class=\"wp-block-column is-layout-flow wp-block-column-is-layout-flow\" style=\"flex-basis:33.33%\">\n<div class=\"wp-block-group\"><div class=\"wp-block-group__inner-container is-layout-flow wp-block-group-is-layout-flow\">\n<div class=\"wp-block-columns has-background is-layout-flex wp-container-core-columns-is-layout-28f84493 wp-block-columns-is-layout-flex\" style=\"background-color:#ebebeb\">\n<div class=\"wp-block-column is-layout-flow wp-block-column-is-layout-flow\">\n<p><i class=\"fa fa-ambulance\" style=\"float: left; font-size: 50px; margin-right: .2em;\" aria-hidden=\"true\"><\/i>Obtenga ayuda en su empresa con rapidez.<\/p>\n\n\n\n<p><a href=\"index.php?page_id=1294\">Asistencia remota para todo el personal, est\u00e9 donde est\u00e9.<\/a><\/p>\n<\/div>\n<\/div>\n<\/div><\/div>\n\n\n\n<p class=\"has-text-align-center\"><a class=\"sendbutton\" href=\"index.php?page_id=1294\">Conozca nuestros servicios de soporte<\/a><\/p>\n\n\n\n<p class=\"has-text-align-center\"><a href=\"index.php?page_id=67\">\u00bfNecesita mejor correo electr\u00f3nico empresarial?<\/a><\/p>\n<\/div>\n<\/div>\n","protected":false},"excerpt":{"rendered":"<p>Este error puede darse a\u00fan cuando no haya cambiado su contrase\u00f1a ni la configuraci\u00f3n del programa de correo de su computadora. Para asegurar un correcto funcionamiento para la mayor\u00eda de los usuarios, todos los servidores de correo tienen un l\u00edmite intentos para descargar correo por hora. En nuestros servidores ese l\u00edmite es de 60 revisiones [&hellip;]<\/p>\n","protected":false},"author":1,"featured_media":0,"parent":494,"menu_order":0,"comment_status":"closed","ping_status":"closed","template":"page-full.php","meta":{"_lmt_disableupdate":"","_lmt_disable":"","site-sidebar-layout":"default","site-content-layout":"","ast-site-content-layout":"default","site-content-style":"default","site-sidebar-style":"default","ast-global-header-display":"","ast-banner-title-visibility":"","ast-main-header-display":"","ast-hfb-above-header-display":"","ast-hfb-below-header-display":"","ast-hfb-mobile-header-display":"","site-post-title":"","ast-breadcrumbs-content":"","ast-featured-img":"","footer-sml-layout":"","ast-disable-related-posts":"","theme-transparent-header-meta":"","adv-header-id-meta":"","stick-header-meta":"","header-above-stick-meta":"","header-main-stick-meta":"","header-below-stick-meta":"","astra-migrate-meta-layouts":"default","ast-page-background-enabled":"default","ast-page-background-meta":{"desktop":{"background-color":"var(--ast-global-color-4)","background-image":"","background-repeat":"repeat","background-position":"center center","background-size":"auto","background-attachment":"scroll","background-type":"","background-media":"","overlay-type":"","overlay-color":"","overlay-opacity":"","overlay-gradient":""},"tablet":{"background-color":"","background-image":"","background-repeat":"repeat","background-position":"center center","background-size":"auto","background-attachment":"scroll","background-type":"","background-media":"","overlay-type":"","overlay-color":"","overlay-opacity":"","overlay-gradient":""},"mobile":{"background-color":"","background-image":"","background-repeat":"repeat","background-position":"center center","background-size":"auto","background-attachment":"scroll","background-type":"","background-media":"","overlay-type":"","overlay-color":"","overlay-opacity":"","overlay-gradient":""}},"ast-content-background-meta":{"desktop":{"background-color":"var(--ast-global-color-5)","background-image":"","background-repeat":"repeat","background-position":"center center","background-size":"auto","background-attachment":"scroll","background-type":"","background-media":"","overlay-type":"","overlay-color":"","overlay-opacity":"","overlay-gradient":""},"tablet":{"background-color":"var(--ast-global-color-5)","background-image":"","background-repeat":"repeat","background-position":"center center","background-size":"auto","background-attachment":"scroll","background-type":"","background-media":"","overlay-type":"","overlay-color":"","overlay-opacity":"","overlay-gradient":""},"mobile":{"background-color":"var(--ast-global-color-5)","background-image":"","background-repeat":"repeat","background-position":"center center","background-size":"auto","background-attachment":"scroll","background-type":"","background-media":"","overlay-type":"","overlay-color":"","overlay-opacity":"","overlay-gradient":""}},"footnotes":""},"class_list":["post-536","page","type-page","status-publish","hentry"],"_links":{"self":[{"href":"https:\/\/www.idearius.com\/es\/wp-json\/wp\/v2\/pages\/536","targetHints":{"allow":["GET"]}}],"collection":[{"href":"https:\/\/www.idearius.com\/es\/wp-json\/wp\/v2\/pages"}],"about":[{"href":"https:\/\/www.idearius.com\/es\/wp-json\/wp\/v2\/types\/page"}],"author":[{"embeddable":true,"href":"https:\/\/www.idearius.com\/es\/wp-json\/wp\/v2\/users\/1"}],"replies":[{"embeddable":true,"href":"https:\/\/www.idearius.com\/es\/wp-json\/wp\/v2\/comments?post=536"}],"version-history":[{"count":17,"href":"https:\/\/www.idearius.com\/es\/wp-json\/wp\/v2\/pages\/536\/revisions"}],"predecessor-version":[{"id":4261,"href":"https:\/\/www.idearius.com\/es\/wp-json\/wp\/v2\/pages\/536\/revisions\/4261"}],"up":[{"embeddable":true,"href":"https:\/\/www.idearius.com\/es\/wp-json\/wp\/v2\/pages\/494"}],"wp:attachment":[{"href":"https:\/\/www.idearius.com\/es\/wp-json\/wp\/v2\/media?parent=536"}],"curies":[{"name":"wp","href":"https:\/\/api.w.org\/{rel}","templated":true}]}}