{"id":583,"date":"2009-07-01T12:52:58","date_gmt":"2009-07-01T15:52:58","guid":{"rendered":"http:\/\/www.idearius.com\/es\/ayuda\/como-subo-los-archivos-al-servidor\/"},"modified":"2021-07-22T01:21:11","modified_gmt":"2021-07-22T04:21:11","slug":"como-cargo-los-archivos-en-el-servidor","status":"publish","type":"page","link":"https:\/\/www.idearius.com\/es\/ayuda\/como-cargo-los-archivos-en-el-servidor\/","title":{"rendered":"\u00bfC\u00f3mo cargo los archivos en el servidor?"},"content":{"rendered":"<p>Para subir sus archivos al servidor puede acceder por FTP (File Transfer Protocol) o sFTP (Secure FTP).<\/p>\n<p>En el programa de transferencia de archivos que use (recomendamos <a href=\"https:\/\/filezilla-project.org\/\">FileZilla<\/a>) escriba el nombre de su dominio (<code>sudominio.com<\/code>, por ejemplo) como Servidor, el n\u00famero de Puerto que le proporcionamos, el Protocolo, y por \u00faltimo el usuario y contrase\u00f1a que le fueron provistos por nuestro personal al confirmarle la activaci\u00f3n de la nueva cuenta.<\/p>\n<p><strong>Los archivos modificables est\u00e1n en la carpeta <code>\/public_html<\/code>. Puede acceder a ella directamente o usando el alias <code>\/www<\/code>.<\/strong><\/p>\n<p>Modificar cualquier archivo fuera de <code>\/public_html<\/code> puede da\u00f1ar el funcionamiento de su cuenta en el servidor. Si tiene dudas, siempre es preferible que nos consulte antes de hacer cualquier modificaci\u00f3n.<\/p>\n<p><img loading=\"lazy\" decoding=\"async\" src=\"http:\/\/www.idearius.com\/es\/wp-content\/uploads\/img-cpanel-fileman.png\" alt=\"\" width=\"327\" height=\"227\" class=\"alignright size-full wp-image-3195\" srcset=\"https:\/\/www.idearius.com\/es\/wp-content\/uploads\/img-cpanel-fileman.png 327w, https:\/\/www.idearius.com\/es\/wp-content\/uploads\/img-cpanel-fileman-300x208.png 300w, https:\/\/www.idearius.com\/es\/wp-content\/uploads\/img-cpanel-fileman-220x153.png 220w, https:\/\/www.idearius.com\/es\/wp-content\/uploads\/img-cpanel-fileman-187x130.png 187w\" sizes=\"auto, (max-width: 327px) 100vw, 327px\" \/>El \u00abAdministrador de archivos\u00bb del <a href=\"?page_id=714\">panel de control<\/a> tambi\u00e9n puede usarse para cargar, descargar, administrar y (en algunos casos) editar archivos, pero tiene limitaciones respecto a programas espec\u00edficos para FTP y (dependiendo de la velocidad de su conexi\u00f3n a Internet) puede resultar lento porque obliga a esperar la carga de la interfaz web al acceder y tras cada acci\u00f3n.<\/p>\n<p>Por asistencia adicional, <a href=\"?page_id=2\">cont\u00e1ctenos aqu\u00ed<\/a>.<\/p>\n","protected":false},"excerpt":{"rendered":"<p>Para subir sus archivos al servidor puede acceder por FTP (File Transfer Protocol) o sFTP (Secure FTP). En el programa de transferencia de archivos que use (recomendamos FileZilla) escriba el nombre de su dominio (sudominio.com, por ejemplo) como Servidor, el n\u00famero de Puerto que le proporcionamos, el Protocolo, y por \u00faltimo el usuario y contrase\u00f1a [&hellip;]<\/p>\n","protected":false},"author":1,"featured_media":0,"parent":494,"menu_order":0,"comment_status":"closed","ping_status":"closed","template":"page-full.php","meta":{"_lmt_disableupdate":"","_lmt_disable":"","site-sidebar-layout":"default","site-content-layout":"","ast-site-content-layout":"default","site-content-style":"default","site-sidebar-style":"default","ast-global-header-display":"","ast-banner-title-visibility":"","ast-main-header-display":"","ast-hfb-above-header-display":"","ast-hfb-below-header-display":"","ast-hfb-mobile-header-display":"","site-post-title":"","ast-breadcrumbs-content":"","ast-featured-img":"","footer-sml-layout":"","ast-disable-related-posts":"","theme-transparent-header-meta":"","adv-header-id-meta":"","stick-header-meta":"","header-above-stick-meta":"","header-main-stick-meta":"","header-below-stick-meta":"","astra-migrate-meta-layouts":"default","ast-page-background-enabled":"default","ast-page-background-meta":{"desktop":{"background-color":"var(--ast-global-color-4)","background-image":"","background-repeat":"repeat","background-position":"center center","background-size":"auto","background-attachment":"scroll","background-type":"","background-media":"","overlay-type":"","overlay-color":"","overlay-opacity":"","overlay-gradient":""},"tablet":{"background-color":"","background-image":"","background-repeat":"repeat","background-position":"center center","background-size":"auto","background-attachment":"scroll","background-type":"","background-media":"","overlay-type":"","overlay-color":"","overlay-opacity":"","overlay-gradient":""},"mobile":{"background-color":"","background-image":"","background-repeat":"repeat","background-position":"center center","background-size":"auto","background-attachment":"scroll","background-type":"","background-media":"","overlay-type":"","overlay-color":"","overlay-opacity":"","overlay-gradient":""}},"ast-content-background-meta":{"desktop":{"background-color":"var(--ast-global-color-5)","background-image":"","background-repeat":"repeat","background-position":"center center","background-size":"auto","background-attachment":"scroll","background-type":"","background-media":"","overlay-type":"","overlay-color":"","overlay-opacity":"","overlay-gradient":""},"tablet":{"background-color":"var(--ast-global-color-5)","background-image":"","background-repeat":"repeat","background-position":"center center","background-size":"auto","background-attachment":"scroll","background-type":"","background-media":"","overlay-type":"","overlay-color":"","overlay-opacity":"","overlay-gradient":""},"mobile":{"background-color":"var(--ast-global-color-5)","background-image":"","background-repeat":"repeat","background-position":"center center","background-size":"auto","background-attachment":"scroll","background-type":"","background-media":"","overlay-type":"","overlay-color":"","overlay-opacity":"","overlay-gradient":""}},"footnotes":""},"class_list":["post-583","page","type-page","status-publish","hentry"],"_links":{"self":[{"href":"https:\/\/www.idearius.com\/es\/wp-json\/wp\/v2\/pages\/583","targetHints":{"allow":["GET"]}}],"collection":[{"href":"https:\/\/www.idearius.com\/es\/wp-json\/wp\/v2\/pages"}],"about":[{"href":"https:\/\/www.idearius.com\/es\/wp-json\/wp\/v2\/types\/page"}],"author":[{"embeddable":true,"href":"https:\/\/www.idearius.com\/es\/wp-json\/wp\/v2\/users\/1"}],"replies":[{"embeddable":true,"href":"https:\/\/www.idearius.com\/es\/wp-json\/wp\/v2\/comments?post=583"}],"version-history":[{"count":9,"href":"https:\/\/www.idearius.com\/es\/wp-json\/wp\/v2\/pages\/583\/revisions"}],"predecessor-version":[{"id":3663,"href":"https:\/\/www.idearius.com\/es\/wp-json\/wp\/v2\/pages\/583\/revisions\/3663"}],"up":[{"embeddable":true,"href":"https:\/\/www.idearius.com\/es\/wp-json\/wp\/v2\/pages\/494"}],"wp:attachment":[{"href":"https:\/\/www.idearius.com\/es\/wp-json\/wp\/v2\/media?parent=583"}],"curies":[{"name":"wp","href":"https:\/\/api.w.org\/{rel}","templated":true}]}}