{"id":636,"date":"2009-07-15T11:53:18","date_gmt":"2009-07-15T14:53:18","guid":{"rendered":"http:\/\/www.idearius.com\/es\/ayuda\/condiciones-de-uso\/"},"modified":"2024-10-25T20:36:37","modified_gmt":"2024-10-25T23:36:37","slug":"condiciones-de-uso","status":"publish","type":"page","link":"https:\/\/www.idearius.com\/es\/ayuda\/condiciones-de-uso\/","title":{"rendered":"T\u00e9rminos y condiciones de uso"},"content":{"rendered":"\n<ol class=\"wp-block-list\">\n<li>El plazo de validez m\u00e1ximo de todas nuestras propuestas econ\u00f3micas es de 30 d\u00edas calendario.<\/li>\n\n\n\n<li>Los precios no incluyen impuestos.<\/li>\n\n\n\n<li><strong>Los pagos deben realizarse dentro de los 7 d\u00edas calendario desde la activaci\u00f3n de los servicios.<\/strong> En ciertos casos, como para el registro de dominios web, podremos requerir los pagos correspondientes con anticipaci\u00f3n. Es de exclusiva responsabilidad del cliente efectuar los pagos en fecha.<\/li>\n\n\n\n<li><strong>Los servicios contratados se renuevan autom\u00e1ticamente<\/strong>, salvo comunicaci\u00f3n contraria efectuada por correo electr\u00f3nico con una antelaci\u00f3n m\u00ednima de 7 d\u00edas calendario, previos al vencimiento de los mismos. Para notificarnos de cambios <a href=\"index.php?page_id=2\">cont\u00e1ctenos aqu\u00ed<\/a>.<\/li>\n\n\n\n<li>Si el cliente cancela los servicios contratados, podremos acreditar o reembolsar, prorrateados, los meses completos no usados.<\/li>\n\n\n\n<li>Garantizamos una <strong>disponibilidad anual de nuestros servicios superior al 99,5%<\/strong> del tiempo contratado, excluyendo eventos de fuerza mayor, per\u00edodos de mantenimiento programado o de emergencia, los derivados del uso de servicios, software o hardware de terceros, y los derivados de acciones u omisiones del cliente, sus usuarios autorizados, terceros que act\u00faen en su nombre o bajo su direcci\u00f3n, y de cualquier uso que incumpla estas Condiciones. Ante una solicitud debidamente fundada y realizada dentro de los 30 d\u00edas de una posible interrupci\u00f3n, podremos acreditar como saldo a favor del cliente lo correspondiente al mes completo en que esta se produjo. Debido a la amplia variedad de factores que influyen en su funcionamiento, servicios de monitoreo de terceros no pueden ser usados para validar este tipo de interrupciones; el tiempo de disponibilidad se define por lo reportado por nuestros sistemas. Para notificarnos de una posible interrupci\u00f3n <a href=\"index.php?page_id=2\">cont\u00e1ctenos aqu\u00ed<\/a> a la brevedad.<\/li>\n\n\n\n<li>El l\u00edmite de env\u00edos de mensajes de correo electr\u00f3nico es de 300 por hora para cada cuenta de alojamiento. El servidor no entregar\u00e1 los mensajes que excedan este l\u00edmite. Tras una hora sin env\u00edos el servidor destrabar\u00e1 la cuenta autom\u00e1ticamente. Si desea asesoramiento sobre servicios externos de mensajer\u00eda masiva, <a href=\"index.php?page_id=2\">cont\u00e1ctenos aqu\u00ed<\/a>.<\/li>\n\n\n\n<li>El l\u00edmite de comprobaciones de correo POP es de 60 por hora para cada casilla de correo electr\u00f3nico. El servidor reportar\u00e1 un error en el acceso si se excede este l\u00edmite. Tras una hora sin comprobaciones el servidor destrabar\u00e1 la casilla autom\u00e1ticamente.<\/li>\n\n\n\n<li>Los servicios contratados no pueden ser revendidos, usados por terceros no autorizados o usados para actividades relacionadas a respaldo remoto, spam, IRC, phishing, hacking, pirater\u00eda, p2p, torrents, o cualquier otro tipo de actividad que implique el uso intensivo de nuestros sistemas por un tiempo prolongado, sea insegura, ilegal o moralmente objetable.<\/li>\n\n\n\n<li>Se proh\u00edbe el acceso a cuentas o sistemas de terceros sin su consentimiento expreso. Podremos solicitar documentaci\u00f3n para comprobar que dicho acceso est\u00e1 autorizado.<\/li>\n\n\n\n<li>Se proh\u00edbe sondear, eludir, evadir, desactivar o de otro modo poner en riesgo la seguridad, integridad, disponibilidad y\/o privacidad de nuestros sistemas y procedimientos.<\/li>\n\n\n\n<li><strong>Es de exclusiva responsabilidad del cliente utilizar contrase\u00f1as, procedimientos y sistemas seguros para salvaguardar los datos de acceso a nuestros sistemas que le fueran brindados. Debe notificarnos inmediatamente sobre posibles riesgos o problemas de seguridad<\/strong>, incluyendo la vulneraci\u00f3n de nombres de usuarios y contrase\u00f1as (sepa <a href=\"?p=24\">c\u00f3mo crear y guardar una contrase\u00f1a segura<\/a>).<\/li>\n\n\n\n<li>Es de exclusiva responsabilidad del cliente asegurar que todos los archivos y configuraciones en su cuenta son seguros y que los permisos de los archivos y directorios se establecen correctamente (como norma, estos deber\u00e1n ser lo m\u00e1s restrictivos posible).<\/li>\n\n\n\n<li>Es de exclusiva responsabilidad del cliente garantizar que todos los archivos y configuraciones en su cuenta sean compatibles con los sistemas utilizados en los servicios contratados.<\/li>\n\n\n\n<li><strong>Es de exclusiva responsabilidad del cliente mantener respaldos externos de todos sus datos<\/strong>, salvo cuando contrate a idearius servicios espec\u00edficos en este sentido. En determinados casos podremos proveer respaldos de cortes\u00eda. Por las tareas relacionadas a estos respaldos de cortes\u00eda pueden corresponder cargos adicionales.<\/li>\n\n\n\n<li>Es de exclusiva responsabilidad del cliente procurar el hardware, software y conocimientos necesarios para su uso de los servicios contratados.<\/li>\n\n\n\n<li>Es de exclusiva responsabilidad del cliente procurar el consentimiento antes de proporcionarnos datos de terceros para su uso en relaci\u00f3n con los servicios contratados.<\/li>\n\n\n\n<li>Podremos monitorear y modificar los sistemas y datos para asegurar que su uso est\u00e1 autorizado, restringir el acceso no autorizado, verificar y preservar la seguridad, integridad, disponibilidad y\/o privacidad de estos. Los datos pueden ser examinados, grabados, copiados y utilizados para prop\u00f3sitos relacionados.<\/li>\n\n\n\n<li>Los sistemas y datos pueden ser cambiados, actualizados o migrados para cumplir con las pol\u00edticas aplicables del centro de datos, la ley o por razones t\u00e9cnicas o comerciales, en cualquier momento, con o sin aviso.<\/li>\n\n\n\n<li>Se proh\u00edbe el uso de lenguaje inapropiado en el trato con nuestro personal o con otros clientes o usuarios.<\/li>\n\n\n\n<li>Podremos suspender, restringir y\/o cancelar cualquier servicio en cualquier momento, con o sin aviso, sin responsabilidad alguna de nuestra parte, si en alg\u00fan momento dej\u00e1ramos de proveerlo o no se cumpliera con estas Condiciones.\n<ul class=\"wp-block-list\">\n<li>Los servicios suspendidos por atrasos en los pagos no se reactivar\u00e1n hasta que se reciban los montos adeudados, incluyendo los montos que pudieran corresponder a gastos extraordinarios causados por dichos atrasos.<\/li>\n\n\n\n<li>Los servicios suspendidos o restringidos por problemas t\u00e9cnicos no se reactivar\u00e1n hasta que se pruebe fehacientemente que dichos problemas han sido solucionados, y hasta que se reciban los montos que pudieran corresponder a gastos extraordinarios causados por dichos problemas.<\/li>\n\n\n\n<li>Ante incumplimientos, podremos no permitir la descarga de respaldos de los datos contenidos en nuestros sistemas hasta que se reciban los montos que pudieran corresponder a gastos extraordinarios causados por dichos incumplimientos.<\/li>\n\n\n\n<li>Pasados 7 d\u00edas calendario desde la suspensi\u00f3n, restricci\u00f3n o cancelaci\u00f3n de un servicio por incumplimiento, los datos del cliente en nuestros sistemas pueden ser eliminados.<\/li>\n\n\n\n<li>Pasados 30 d\u00edas calendario o reiteradas pausas de 7 d\u00edas calendario o m\u00e1s para la entrega por parte del cliente de datos requeridos para los servicios contratados, pueden corresponder cargos adicionales y\/o la cancelaci\u00f3n de los servicios.<\/li>\n<\/ul>\n<\/li>\n\n\n\n<li>El hecho de que no hagamos cumplir alguna de las disposiciones en estas Condiciones no se interpretar\u00e1 como una renuncia a ninguna disposici\u00f3n o derecho.<\/li>\n\n\n\n<li>En estas Condiciones, el t\u00e9rmino \u00abincluyendo\u00bb es ilustrativo y no limitativo.<\/li>\n\n\n\n<li>En la m\u00e1s amplia medida permitida por cualquier ley aplicable, no seremos responsables por las p\u00e9rdidas que resulten del acceso o uso de los servicios contratados o de la indisponibilidad temporal o permanente de los mismos, o de cualquier alteraci\u00f3n o p\u00e9rdida de datos.<\/li>\n\n\n\n<li>Si este acuerdo se traduce y ejecuta en cualquier idioma distinto del espa\u00f1ol y existe alg\u00fan conflicto entre la traducci\u00f3n y la versi\u00f3n en espa\u00f1ol, prevalecer\u00e1 la versi\u00f3n en espa\u00f1ol.<\/li>\n\n\n\n<li>A todos los efectos de las presentes Condiciones, las partes acuerdan expresamente que la ley aplicable ser\u00e1 la de la Rep\u00fablica Oriental del Uruguay y la jurisdicci\u00f3n competente la de los juzgados que correspondan con sede en Montevideo.<\/li>\n\n\n\n<li>Estas Condiciones pueden ser actualizadas en cualquier momento, con o sin aviso, y entrar\u00e1n en vigencia cuando sean publicadas en este sitio web. Sin embargo, la versi\u00f3n de estas Condiciones publicada en el momento de la activaci\u00f3n de los servicios contratados permanecer\u00e1 v\u00e1lida durante el per\u00edodo estipulado en el contrato o, en su defecto, en la factura de correspondiente. Es de exclusiva responsabilidad del cliente imprimir una copia de estas Condiciones y guardarla para referencia futura.<\/li>\n\n\n\n<li>Su vinculaci\u00f3n continuada con idearius implica la aceptaci\u00f3n de estas Condiciones, y de que su aplicabilidad queda librada a nuestra sola discreci\u00f3n.<\/li>\n<\/ol>\n\n\n\n<div style=\"height:50px\" aria-hidden=\"true\" class=\"wp-block-spacer\"><\/div>\n\n\n\n<p class=\"has-text-align-center has-background\" style=\"background-color:#eeeeee\">Si cree que estas Condiciones no est\u00e1n siendo cumplidas, o tiene dudas sobre ellas, por favor, <a href=\"index.php?page_id=2\">cont\u00e1ctenos aqu\u00ed<\/a>.<\/p>\n\n\n\n<div style=\"height:50px\" aria-hidden=\"true\" class=\"wp-block-spacer\"><\/div>\n\n\n\n<p class=\"has-text-align-right\">\u00daltima modificaci\u00f3n: 25OCT2024<\/p>\n","protected":false},"excerpt":{"rendered":"<p>Si cree que estas Condiciones no est\u00e1n siendo cumplidas, o tiene dudas sobre ellas, por favor, cont\u00e1ctenos aqu\u00ed. \u00daltima modificaci\u00f3n: 25OCT2024<\/p>\n","protected":false},"author":1,"featured_media":0,"parent":494,"menu_order":0,"comment_status":"closed","ping_status":"closed","template":"","meta":{"_lmt_disableupdate":"","_lmt_disable":"","site-sidebar-layout":"default","site-content-layout":"default","ast-site-content-layout":"default","site-content-style":"default","site-sidebar-style":"default","ast-global-header-display":"","ast-banner-title-visibility":"","ast-main-header-display":"","ast-hfb-above-header-display":"","ast-hfb-below-header-display":"","ast-hfb-mobile-header-display":"","site-post-title":"","ast-breadcrumbs-content":"","ast-featured-img":"","footer-sml-layout":"","ast-disable-related-posts":"","theme-transparent-header-meta":"default","adv-header-id-meta":"","stick-header-meta":"","header-above-stick-meta":"","header-main-stick-meta":"","header-below-stick-meta":"","astra-migrate-meta-layouts":"set","ast-page-background-enabled":"default","ast-page-background-meta":{"desktop":{"background-color":"var(--ast-global-color-4)","background-image":"","background-repeat":"repeat","background-position":"center center","background-size":"auto","background-attachment":"scroll","background-type":"","background-media":"","overlay-type":"","overlay-color":"","overlay-opacity":"","overlay-gradient":""},"tablet":{"background-color":"","background-image":"","background-repeat":"repeat","background-position":"center center","background-size":"auto","background-attachment":"scroll","background-type":"","background-media":"","overlay-type":"","overlay-color":"","overlay-opacity":"","overlay-gradient":""},"mobile":{"background-color":"","background-image":"","background-repeat":"repeat","background-position":"center center","background-size":"auto","background-attachment":"scroll","background-type":"","background-media":"","overlay-type":"","overlay-color":"","overlay-opacity":"","overlay-gradient":""}},"ast-content-background-meta":{"desktop":{"background-color":"var(--ast-global-color-5)","background-image":"","background-repeat":"repeat","background-position":"center center","background-size":"auto","background-attachment":"scroll","background-type":"","background-media":"","overlay-type":"","overlay-color":"","overlay-opacity":"","overlay-gradient":""},"tablet":{"background-color":"var(--ast-global-color-5)","background-image":"","background-repeat":"repeat","background-position":"center center","background-size":"auto","background-attachment":"scroll","background-type":"","background-media":"","overlay-type":"","overlay-color":"","overlay-opacity":"","overlay-gradient":""},"mobile":{"background-color":"var(--ast-global-color-5)","background-image":"","background-repeat":"repeat","background-position":"center center","background-size":"auto","background-attachment":"scroll","background-type":"","background-media":"","overlay-type":"","overlay-color":"","overlay-opacity":"","overlay-gradient":""}},"footnotes":""},"class_list":["post-636","page","type-page","status-publish","hentry"],"_links":{"self":[{"href":"https:\/\/www.idearius.com\/es\/wp-json\/wp\/v2\/pages\/636","targetHints":{"allow":["GET"]}}],"collection":[{"href":"https:\/\/www.idearius.com\/es\/wp-json\/wp\/v2\/pages"}],"about":[{"href":"https:\/\/www.idearius.com\/es\/wp-json\/wp\/v2\/types\/page"}],"author":[{"embeddable":true,"href":"https:\/\/www.idearius.com\/es\/wp-json\/wp\/v2\/users\/1"}],"replies":[{"embeddable":true,"href":"https:\/\/www.idearius.com\/es\/wp-json\/wp\/v2\/comments?post=636"}],"version-history":[{"count":25,"href":"https:\/\/www.idearius.com\/es\/wp-json\/wp\/v2\/pages\/636\/revisions"}],"predecessor-version":[{"id":5407,"href":"https:\/\/www.idearius.com\/es\/wp-json\/wp\/v2\/pages\/636\/revisions\/5407"}],"up":[{"embeddable":true,"href":"https:\/\/www.idearius.com\/es\/wp-json\/wp\/v2\/pages\/494"}],"wp:attachment":[{"href":"https:\/\/www.idearius.com\/es\/wp-json\/wp\/v2\/media?parent=636"}],"curies":[{"name":"wp","href":"https:\/\/api.w.org\/{rel}","templated":true}]}}