{"id":67,"date":"2008-08-11T02:31:57","date_gmt":"2008-08-11T05:31:57","guid":{"rendered":"http:\/\/www.idearius.com\/es\/?page_id=67"},"modified":"2021-08-05T02:07:49","modified_gmt":"2021-08-05T05:07:49","slug":"correo","status":"publish","type":"page","link":"https:\/\/www.idearius.com\/es\/internet\/correo\/","title":{"rendered":"Correo electr\u00f3nico administrado"},"content":{"rendered":"\r\n<div class=\"wp-block-columns is-layout-flex wp-container-core-columns-is-layout-28f84493 wp-block-columns-is-layout-flex\">\r\n<div class=\"wp-block-column is-layout-flow wp-block-column-is-layout-flow\" style=\"flex-basis:66.66%\">\r\n<div class=\"wp-block-columns has-background is-layout-flex wp-container-core-columns-is-layout-28f84493 wp-block-columns-is-layout-flex\" style=\"background:linear-gradient(135deg,rgb(255,138,29) 93%,rgb(234,106,17) 93%)\">\r\n<div class=\"wp-block-column is-layout-flow wp-block-column-is-layout-flow\">\r\n<p class=\"margin-bottom-0 has-white-color has-text-color\"><strong> <strong>Servidores de correo electr\u00f3nico 100% administrado para empresas, gobierno, centros educativos, organizaciones sin fines de lucro.<\/strong> <\/strong><\/p>\r\n<\/div>\r\n<\/div>\r\n\r\n\r\n\r\n<p>Correo electr\u00f3nico seguro @sudominio <strong>en 24 horas<\/strong>: flexible, confiable, con <a href=\"?page_id=494\">gu\u00edas de ayuda<\/a> y asistencia personalizada para cada usuario.<\/p>\r\n\r\n\r\n\r\n<p>Siempre podr\u00e1 agregar luego <a href=\"?page_id=8\">su sitio web<\/a>, creado por idearius o por terceros y <a href=\"?page_id=114\">alojado en nuestros servidores administrados<\/a>.<\/p>\r\n<\/div>\r\n\r\n\r\n\r\n<div class=\"wp-block-column is-layout-flow wp-block-column-is-layout-flow\" style=\"flex-basis:33.33%\">\r\n<div style=\"position:relative;\">\r\n<div class=\"precio-circulo\"><span class=\"desde\">Desde<\/span> <span class=\"precio\"><span class=\"moneda\">USD<\/span> 70<\/span> <span class=\"periodo\">por a\u00f1o<\/span><\/div><i class=\"fa fa-envelope\" aria-hidden=\"true\" style=\"display:block;font-size:250px;text-align:center;\"><\/i>\r\n<\/div>\r\n\r\n\r\n\r\n<p class=\"has-text-align-center\"><a class=\"sendbutton\" href=\"index.php?page_id=2\">Cons\u00faltenos aqu\u00ed<\/a><\/p>\r\n<\/div>\r\n<\/div>\r\n\r\n\r\n\r\n<div style=\"height:50px\" aria-hidden=\"true\" class=\"wp-block-spacer\"><\/div>\r\n\r\n\r\n\r\n<div class=\"wp-block-group has-background is-layout-flow wp-block-group-is-layout-flow\" style=\"background-color:#ebebeb\"><div class=\"wp-block-group__inner-container\">\r\n<h2 class=\"has-text-align-center wp-block-heading\">\u00bfConfianza o Informalidad?<\/h2>\r\n\r\n\r\n\r\n<p class=\"has-text-align-center\">Los <strong>compradores conf\u00edan m\u00e1s en las empresas que usan correo electr\u00f3nico personalizado<\/strong> con dominio propio, no gratuito.<\/p>\r\n\r\n\r\n\r\n<div class=\"wp-block-columns is-layout-flex wp-container-core-columns-is-layout-28f84493 wp-block-columns-is-layout-flex\">\r\n<div class=\"wp-block-column is-layout-flow wp-block-column-is-layout-flow\" style=\"flex-basis:10%\"><\/div>\r\n\r\n\r\n\r\n<div class=\"wp-block-column is-layout-flow wp-block-column-is-layout-flow\" style=\"flex-basis:10%\">\r\n<i class=\"fa fa-thumbs-o-down\" aria-hidden=\"true\" style=\"display:block;font-size:5em;text-align:center;color:#e74c3c;\"><\/i>\r\n<\/div>\r\n\r\n\r\n\r\n<div class=\"wp-block-column is-layout-flow wp-block-column-is-layout-flow\" style=\"flex-basis:30%\">\r\n<p>Para empresas, las direcciones de correo @gmail.com o (peor) @hotmail.com indican informalidad, falta de inversi\u00f3n y <strong>posibles enga\u00f1os<\/strong>.<\/p>\r\n<\/div>\r\n\r\n\r\n\r\n<div class=\"wp-block-column is-layout-flow wp-block-column-is-layout-flow\" style=\"flex-basis:10%\">\r\n<i class=\"fa fa-thumbs-o-up\" aria-hidden=\"true\" style=\"display:block;font-size:5em;text-align:center;color:#16a085;\"><\/i>\r\n<\/div>\r\n\r\n\r\n\r\n<div class=\"wp-block-column is-layout-flow wp-block-column-is-layout-flow\" style=\"flex-basis:30%\">\r\n<p>Direcciones de correo con dominios personalizados dan <strong>tranquilidad<\/strong> a los compradores: indican profesionalismo, seriedad y <a href=\"https:\/\/www.idearius.com\/es\/?tag=seguridad\">seguridad<\/a>.<\/p>\r\n<\/div>\r\n\r\n\r\n\r\n<div class=\"wp-block-column is-layout-flow wp-block-column-is-layout-flow\" style=\"flex-basis:10%\"><\/div>\r\n<\/div>\r\n<\/div><\/div>\r\n\r\n\r\n\r\n<div style=\"height:50px\" aria-hidden=\"true\" class=\"wp-block-spacer\"><\/div>\r\n\r\n\r\n\r\n<div class=\"wp-block-columns is-layout-flex wp-container-core-columns-is-layout-28f84493 wp-block-columns-is-layout-flex\">\r\n<div class=\"wp-block-column is-layout-flow wp-block-column-is-layout-flow\">\r\n<h3 class=\"wp-block-heading\">Principales caracter\u00edsticas:<\/h3>\r\n\r\n\r\n\r\n<ul class=\"wp-block-list\"><li>Casillas de correo ilimitadas.<\/li><li>M\u00faltiples dominios simult\u00e1neos.<\/li><li><strong>Acceso desde cualquier dispositivo<\/strong>: Web, tel\u00e9fonos, tabletas, relojes, PC o Mac, Outlook o Thunderbird.<\/li><li>Capacidad variable para cada casilla.<\/li><li>Redireccionadores inteligentes.<\/li><li>Filtros de spam personalizables.<\/li><li>Filtros de correo por dominio y casilla.<\/li><li>Respuestas autom\u00e1ticas por ausencia temporal.<\/li><li><a href=\"?page_id=494\">Asistencia<\/a> personalizada.<\/li><\/ul>\r\n<\/div>\r\n\r\n\r\n\r\n<div class=\"wp-block-column is-layout-flow wp-block-column-is-layout-flow\">\r\n<h3 class=\"wp-block-heading\">Redireccionadores inteligentes:<\/h3>\r\n\r\n\r\n\r\n<ul class=\"wp-block-list\"><li><strong>Errores<\/strong>: jperes@ reenv\u00eda a jperez@<\/li><li><strong>Contralor<\/strong>: ventas@ puede reenviarse a jefe@<\/li><li><strong>Simplicidad<\/strong>: ayuda@ reenv\u00eda a usuariox@<\/li><li><strong>Familiaridad<\/strong>: juan@ reenv\u00eda a jperez@<\/li><li><strong>Rapidez<\/strong>: grupox@ reenv\u00eda a varios usuarios.<\/li><li><strong>Vacaciones<\/strong>: jperez@ reenv\u00eda a mlopez@<\/li><\/ul>\r\n<\/div>\r\n<\/div>\r\n\r\n\r\n\r\n<p class=\"has-text-align-center has-white-color has-text-color has-background\" style=\"background-color:#1abc9c\"><strong>GRATIS<\/strong>: peri\u00f3dicamente publicamos informaci\u00f3n y consejos de <a href=\"https:\/\/www.idearius.com\/es\/tag\/seguridad\/\"><strong>seguridad<\/strong><\/a> y <a href=\"https:\/\/www.idearius.com\/es\/tag\/productividad\/\"><strong>productividad laboral<\/strong><\/a> para que nuestros usuarios puedan optimizar sus tareas diarias. <a href=\"?cat=1\"><strong>Lea nuestro blog aqu\u00ed<\/strong><\/a>.<\/p>\r\n","protected":false},"excerpt":{"rendered":"<p>Servidores de correo electr\u00f3nico 100% administrado para empresas, gobierno, centros educativos, organizaciones sin fines de lucro. Correo electr\u00f3nico seguro @sudominio en 24 horas: flexible, confiable, con gu\u00edas de ayuda y asistencia personalizada para cada usuario. Siempre podr\u00e1 agregar luego su sitio web, creado por idearius o por terceros y alojado en nuestros servidores administrados. Desde [&hellip;]<\/p>\n","protected":false},"author":1,"featured_media":0,"parent":8,"menu_order":0,"comment_status":"closed","ping_status":"closed","template":"","meta":{"_lmt_disableupdate":"","_lmt_disable":"","site-sidebar-layout":"default","site-content-layout":"default","ast-site-content-layout":"default","site-content-style":"default","site-sidebar-style":"default","ast-global-header-display":"","ast-banner-title-visibility":"","ast-main-header-display":"","ast-hfb-above-header-display":"","ast-hfb-below-header-display":"","ast-hfb-mobile-header-display":"","site-post-title":"","ast-breadcrumbs-content":"","ast-featured-img":"","footer-sml-layout":"","ast-disable-related-posts":"","theme-transparent-header-meta":"default","adv-header-id-meta":"","stick-header-meta":"","header-above-stick-meta":"","header-main-stick-meta":"","header-below-stick-meta":"","astra-migrate-meta-layouts":"default","ast-page-background-enabled":"default","ast-page-background-meta":{"desktop":{"background-color":"var(--ast-global-color-4)","background-image":"","background-repeat":"repeat","background-position":"center center","background-size":"auto","background-attachment":"scroll","background-type":"","background-media":"","overlay-type":"","overlay-color":"","overlay-opacity":"","overlay-gradient":""},"tablet":{"background-color":"","background-image":"","background-repeat":"repeat","background-position":"center center","background-size":"auto","background-attachment":"scroll","background-type":"","background-media":"","overlay-type":"","overlay-color":"","overlay-opacity":"","overlay-gradient":""},"mobile":{"background-color":"","background-image":"","background-repeat":"repeat","background-position":"center center","background-size":"auto","background-attachment":"scroll","background-type":"","background-media":"","overlay-type":"","overlay-color":"","overlay-opacity":"","overlay-gradient":""}},"ast-content-background-meta":{"desktop":{"background-color":"var(--ast-global-color-5)","background-image":"","background-repeat":"repeat","background-position":"center center","background-size":"auto","background-attachment":"scroll","background-type":"","background-media":"","overlay-type":"","overlay-color":"","overlay-opacity":"","overlay-gradient":""},"tablet":{"background-color":"var(--ast-global-color-5)","background-image":"","background-repeat":"repeat","background-position":"center center","background-size":"auto","background-attachment":"scroll","background-type":"","background-media":"","overlay-type":"","overlay-color":"","overlay-opacity":"","overlay-gradient":""},"mobile":{"background-color":"var(--ast-global-color-5)","background-image":"","background-repeat":"repeat","background-position":"center center","background-size":"auto","background-attachment":"scroll","background-type":"","background-media":"","overlay-type":"","overlay-color":"","overlay-opacity":"","overlay-gradient":""}},"footnotes":""},"class_list":["post-67","page","type-page","status-publish","hentry"],"_links":{"self":[{"href":"https:\/\/www.idearius.com\/es\/wp-json\/wp\/v2\/pages\/67","targetHints":{"allow":["GET"]}}],"collection":[{"href":"https:\/\/www.idearius.com\/es\/wp-json\/wp\/v2\/pages"}],"about":[{"href":"https:\/\/www.idearius.com\/es\/wp-json\/wp\/v2\/types\/page"}],"author":[{"embeddable":true,"href":"https:\/\/www.idearius.com\/es\/wp-json\/wp\/v2\/users\/1"}],"replies":[{"embeddable":true,"href":"https:\/\/www.idearius.com\/es\/wp-json\/wp\/v2\/comments?post=67"}],"version-history":[{"count":22,"href":"https:\/\/www.idearius.com\/es\/wp-json\/wp\/v2\/pages\/67\/revisions"}],"predecessor-version":[{"id":4606,"href":"https:\/\/www.idearius.com\/es\/wp-json\/wp\/v2\/pages\/67\/revisions\/4606"}],"up":[{"embeddable":true,"href":"https:\/\/www.idearius.com\/es\/wp-json\/wp\/v2\/pages\/8"}],"wp:attachment":[{"href":"https:\/\/www.idearius.com\/es\/wp-json\/wp\/v2\/media?parent=67"}],"curies":[{"name":"wp","href":"https:\/\/api.w.org\/{rel}","templated":true}]}}