{"id":714,"date":"2009-10-02T23:46:14","date_gmt":"2009-10-03T02:46:14","guid":{"rendered":"http:\/\/www.idearius.com\/es\/ayuda\/como-accedo-al-panel-de-control\/"},"modified":"2021-07-22T01:21:11","modified_gmt":"2021-07-22T04:21:11","slug":"como-accedo-al-panel-de-control","status":"publish","type":"page","link":"https:\/\/www.idearius.com\/es\/ayuda\/como-accedo-al-panel-de-control\/","title":{"rendered":"\u00bfC\u00f3mo accedo al panel de control?"},"content":{"rendered":"<p><img loading=\"lazy\" decoding=\"async\" src=\"http:\/\/www.idearius.com\/es\/wp-content\/uploads\/img-cpanel-login-300x238.png\" alt=\"\" width=\"300\" height=\"238\" class=\"alignright size-medium wp-image-3197\" srcset=\"https:\/\/www.idearius.com\/es\/wp-content\/uploads\/img-cpanel-login-300x238.png 300w, https:\/\/www.idearius.com\/es\/wp-content\/uploads\/img-cpanel-login-768x609.png 768w, https:\/\/www.idearius.com\/es\/wp-content\/uploads\/img-cpanel-login-220x174.png 220w, https:\/\/www.idearius.com\/es\/wp-content\/uploads\/img-cpanel-login-187x148.png 187w, https:\/\/www.idearius.com\/es\/wp-content\/uploads\/img-cpanel-login-453x359.png 453w, https:\/\/www.idearius.com\/es\/wp-content\/uploads\/img-cpanel-login.png 999w\" sizes=\"auto, (max-width: 300px) 100vw, 300px\" \/>Para acceder al panel de control s\u00f3lo tiene que escribir <code>cpanel.sudominio.com<\/code> en la barra de direcciones de su navegador web (por velocidad y seguridad recomendamos usar <a href=\"https:\/\/www.mozilla.org\/firefox\">Mozilla Firefox<\/a>) y despu\u00e9s ingresar el usuario y contrase\u00f1a que le fueron provistos por nuestro personal.<\/p>\n<p>Aseg\u00farese de sustituir <code>sudominio.com<\/code> con el dominio que usted posee.<\/p>\n<p>Si tiene problemas para acceder, verifique que:<\/p>\n<ul>\n<li>el nombre de usuario est\u00e9 escrito en min\u00fascula y que<\/li>\n<li>la <a href=\"?p=24\">contrase\u00f1a<\/a> est\u00e9 bien escrita (para el sistema no es lo mismo <code>Clave<\/code> que <code>clave<\/code>).<\/li>\n<\/ul>\n<p>Por asistencia adicional, <a href=\"?page_id=2\">cont\u00e1ctenos aqu\u00ed<\/a>.<\/p>\n","protected":false},"excerpt":{"rendered":"<p>Para acceder al panel de control s\u00f3lo tiene que escribir cpanel.sudominio.com en la barra de direcciones de su navegador web (por velocidad y seguridad recomendamos usar Mozilla Firefox) y despu\u00e9s ingresar el usuario y contrase\u00f1a que le fueron provistos por nuestro personal. Aseg\u00farese de sustituir sudominio.com con el dominio que usted posee. Si tiene problemas [&hellip;]<\/p>\n","protected":false},"author":1,"featured_media":0,"parent":494,"menu_order":0,"comment_status":"closed","ping_status":"open","template":"page-full.php","meta":{"_lmt_disableupdate":"","_lmt_disable":"","site-sidebar-layout":"default","site-content-layout":"","ast-site-content-layout":"default","site-content-style":"default","site-sidebar-style":"default","ast-global-header-display":"","ast-banner-title-visibility":"","ast-main-header-display":"","ast-hfb-above-header-display":"","ast-hfb-below-header-display":"","ast-hfb-mobile-header-display":"","site-post-title":"","ast-breadcrumbs-content":"","ast-featured-img":"","footer-sml-layout":"","ast-disable-related-posts":"","theme-transparent-header-meta":"","adv-header-id-meta":"","stick-header-meta":"","header-above-stick-meta":"","header-main-stick-meta":"","header-below-stick-meta":"","astra-migrate-meta-layouts":"default","ast-page-background-enabled":"default","ast-page-background-meta":{"desktop":{"background-color":"var(--ast-global-color-4)","background-image":"","background-repeat":"repeat","background-position":"center center","background-size":"auto","background-attachment":"scroll","background-type":"","background-media":"","overlay-type":"","overlay-color":"","overlay-opacity":"","overlay-gradient":""},"tablet":{"background-color":"","background-image":"","background-repeat":"repeat","background-position":"center center","background-size":"auto","background-attachment":"scroll","background-type":"","background-media":"","overlay-type":"","overlay-color":"","overlay-opacity":"","overlay-gradient":""},"mobile":{"background-color":"","background-image":"","background-repeat":"repeat","background-position":"center center","background-size":"auto","background-attachment":"scroll","background-type":"","background-media":"","overlay-type":"","overlay-color":"","overlay-opacity":"","overlay-gradient":""}},"ast-content-background-meta":{"desktop":{"background-color":"var(--ast-global-color-5)","background-image":"","background-repeat":"repeat","background-position":"center center","background-size":"auto","background-attachment":"scroll","background-type":"","background-media":"","overlay-type":"","overlay-color":"","overlay-opacity":"","overlay-gradient":""},"tablet":{"background-color":"var(--ast-global-color-5)","background-image":"","background-repeat":"repeat","background-position":"center center","background-size":"auto","background-attachment":"scroll","background-type":"","background-media":"","overlay-type":"","overlay-color":"","overlay-opacity":"","overlay-gradient":""},"mobile":{"background-color":"var(--ast-global-color-5)","background-image":"","background-repeat":"repeat","background-position":"center center","background-size":"auto","background-attachment":"scroll","background-type":"","background-media":"","overlay-type":"","overlay-color":"","overlay-opacity":"","overlay-gradient":""}},"footnotes":""},"class_list":["post-714","page","type-page","status-publish","hentry"],"_links":{"self":[{"href":"https:\/\/www.idearius.com\/es\/wp-json\/wp\/v2\/pages\/714","targetHints":{"allow":["GET"]}}],"collection":[{"href":"https:\/\/www.idearius.com\/es\/wp-json\/wp\/v2\/pages"}],"about":[{"href":"https:\/\/www.idearius.com\/es\/wp-json\/wp\/v2\/types\/page"}],"author":[{"embeddable":true,"href":"https:\/\/www.idearius.com\/es\/wp-json\/wp\/v2\/users\/1"}],"replies":[{"embeddable":true,"href":"https:\/\/www.idearius.com\/es\/wp-json\/wp\/v2\/comments?post=714"}],"version-history":[{"count":7,"href":"https:\/\/www.idearius.com\/es\/wp-json\/wp\/v2\/pages\/714\/revisions"}],"predecessor-version":[{"id":3198,"href":"https:\/\/www.idearius.com\/es\/wp-json\/wp\/v2\/pages\/714\/revisions\/3198"}],"up":[{"embeddable":true,"href":"https:\/\/www.idearius.com\/es\/wp-json\/wp\/v2\/pages\/494"}],"wp:attachment":[{"href":"https:\/\/www.idearius.com\/es\/wp-json\/wp\/v2\/media?parent=714"}],"curies":[{"name":"wp","href":"https:\/\/api.w.org\/{rel}","templated":true}]}}