{"id":73,"date":"2015-07-17T00:30:05","date_gmt":"2015-07-17T03:30:05","guid":{"rendered":"http:\/\/www.idearius.com\/es\/?page_id=73"},"modified":"2021-09-21T17:23:06","modified_gmt":"2021-09-21T20:23:06","slug":"logotipos","status":"publish","type":"page","link":"https:\/\/www.idearius.com\/es\/diseno-grafico\/logotipos\/","title":{"rendered":"Logotipos"},"content":{"rendered":"\n<div class=\"wp-block-columns is-layout-flex wp-container-core-columns-is-layout-28f84493 wp-block-columns-is-layout-flex\">\n<div class=\"wp-block-column is-layout-flow wp-block-column-is-layout-flow\" style=\"flex-basis:75%\">\n<p><strong>Dise\u00f1o de logotipos a medida, personalizados<\/strong>, desde cero o a partir de bocetos o logotipos previos que nos provea el cliente.<\/p>\n\n\n\n<p><strong>Un dise\u00f1o de logotipo adecuado ayuda a crear y fijar las emociones y asociaciones de pensamiento correctas<\/strong> en la mente de sus clientes, socios y empleados. Conozca algunos ejemplos:<\/p>\n\n\n\n<figure class=\"wp-block-gallery columns-3 is-cropped wp-block-gallery-1 is-layout-flex wp-block-gallery-is-layout-flex\"><ul class=\"blocks-gallery-grid\"><li class=\"blocks-gallery-item\"><figure><img loading=\"lazy\" decoding=\"async\" width=\"600\" height=\"600\" src=\"https:\/\/www.idearius.com\/es\/wp-content\/uploads\/client-logo-bp2-0600.png\" alt=\"\" data-id=\"3802\" data-full-url=\"https:\/\/www.idearius.com\/es\/wp-content\/uploads\/client-logo-bp2-0600.png\" data-link=\"https:\/\/www.idearius.com\/es\/diseno-grafico\/logotipos\/attachment\/client-logo-bp2-0600\/\" class=\"wp-image-3802\" srcset=\"https:\/\/www.idearius.com\/es\/wp-content\/uploads\/client-logo-bp2-0600.png 600w, https:\/\/www.idearius.com\/es\/wp-content\/uploads\/client-logo-bp2-0600-150x150.png 150w, https:\/\/www.idearius.com\/es\/wp-content\/uploads\/client-logo-bp2-0600-300x300.png 300w, https:\/\/www.idearius.com\/es\/wp-content\/uploads\/client-logo-bp2-0600-220x220.png 220w, https:\/\/www.idearius.com\/es\/wp-content\/uploads\/client-logo-bp2-0600-75x75.png 75w, https:\/\/www.idearius.com\/es\/wp-content\/uploads\/client-logo-bp2-0600-187x187.png 187w, https:\/\/www.idearius.com\/es\/wp-content\/uploads\/client-logo-bp2-0600-453x453.png 453w, https:\/\/www.idearius.com\/es\/wp-content\/uploads\/client-logo-bp2-0600-184x184.png 184w\" sizes=\"auto, (max-width: 600px) 100vw, 600px\" \/><\/figure><\/li><li class=\"blocks-gallery-item\"><figure><img loading=\"lazy\" decoding=\"async\" width=\"600\" height=\"600\" src=\"https:\/\/www.idearius.com\/es\/wp-content\/uploads\/client-logo-sm1-0600.png\" alt=\"\" data-id=\"3803\" data-full-url=\"https:\/\/www.idearius.com\/es\/wp-content\/uploads\/client-logo-sm1-0600.png\" data-link=\"https:\/\/www.idearius.com\/es\/diseno-grafico\/logotipos\/attachment\/client-logo-sm1-0600\/\" class=\"wp-image-3803\" srcset=\"https:\/\/www.idearius.com\/es\/wp-content\/uploads\/client-logo-sm1-0600.png 600w, https:\/\/www.idearius.com\/es\/wp-content\/uploads\/client-logo-sm1-0600-150x150.png 150w, https:\/\/www.idearius.com\/es\/wp-content\/uploads\/client-logo-sm1-0600-300x300.png 300w, https:\/\/www.idearius.com\/es\/wp-content\/uploads\/client-logo-sm1-0600-220x220.png 220w, https:\/\/www.idearius.com\/es\/wp-content\/uploads\/client-logo-sm1-0600-75x75.png 75w, https:\/\/www.idearius.com\/es\/wp-content\/uploads\/client-logo-sm1-0600-187x187.png 187w, https:\/\/www.idearius.com\/es\/wp-content\/uploads\/client-logo-sm1-0600-453x453.png 453w, https:\/\/www.idearius.com\/es\/wp-content\/uploads\/client-logo-sm1-0600-184x184.png 184w\" sizes=\"auto, (max-width: 600px) 100vw, 600px\" \/><\/figure><\/li><li class=\"blocks-gallery-item\"><figure><img loading=\"lazy\" decoding=\"async\" width=\"600\" height=\"600\" src=\"https:\/\/www.idearius.com\/es\/wp-content\/uploads\/client-logo-grs1-0600.png\" alt=\"\" data-id=\"3832\" data-full-url=\"https:\/\/www.idearius.com\/es\/wp-content\/uploads\/client-logo-grs1-0600.png\" data-link=\"https:\/\/www.idearius.com\/es\/diseno-grafico\/logotipos\/attachment\/client-logo-grs1-0600\/\" class=\"wp-image-3832\" srcset=\"https:\/\/www.idearius.com\/es\/wp-content\/uploads\/client-logo-grs1-0600.png 600w, https:\/\/www.idearius.com\/es\/wp-content\/uploads\/client-logo-grs1-0600-150x150.png 150w, https:\/\/www.idearius.com\/es\/wp-content\/uploads\/client-logo-grs1-0600-300x300.png 300w, https:\/\/www.idearius.com\/es\/wp-content\/uploads\/client-logo-grs1-0600-220x220.png 220w, https:\/\/www.idearius.com\/es\/wp-content\/uploads\/client-logo-grs1-0600-75x75.png 75w, https:\/\/www.idearius.com\/es\/wp-content\/uploads\/client-logo-grs1-0600-187x187.png 187w, https:\/\/www.idearius.com\/es\/wp-content\/uploads\/client-logo-grs1-0600-453x453.png 453w, https:\/\/www.idearius.com\/es\/wp-content\/uploads\/client-logo-grs1-0600-184x184.png 184w\" sizes=\"auto, (max-width: 600px) 100vw, 600px\" \/><\/figure><\/li><li class=\"blocks-gallery-item\"><figure><img loading=\"lazy\" decoding=\"async\" width=\"600\" height=\"600\" src=\"https:\/\/www.idearius.com\/es\/wp-content\/uploads\/client-logo-rot2-0600.png\" alt=\"\" data-id=\"4645\" data-full-url=\"https:\/\/www.idearius.com\/es\/wp-content\/uploads\/client-logo-rot2-0600.png\" data-link=\"https:\/\/www.idearius.com\/es\/diseno-grafico\/logotipos\/attachment\/client-logo-rot2-0600\/\" class=\"wp-image-4645\" srcset=\"https:\/\/www.idearius.com\/es\/wp-content\/uploads\/client-logo-rot2-0600.png 600w, https:\/\/www.idearius.com\/es\/wp-content\/uploads\/client-logo-rot2-0600-300x300.png 300w, https:\/\/www.idearius.com\/es\/wp-content\/uploads\/client-logo-rot2-0600-150x150.png 150w\" sizes=\"auto, (max-width: 600px) 100vw, 600px\" \/><\/figure><\/li><li class=\"blocks-gallery-item\"><figure><img loading=\"lazy\" decoding=\"async\" width=\"600\" height=\"600\" src=\"https:\/\/www.idearius.com\/es\/wp-content\/uploads\/client-logo-sla1-0600.png\" alt=\"\" data-id=\"3807\" data-full-url=\"https:\/\/www.idearius.com\/es\/wp-content\/uploads\/client-logo-sla1-0600.png\" data-link=\"https:\/\/www.idearius.com\/es\/diseno-grafico\/logotipos\/attachment\/client-logo-sla1-0600\/\" class=\"wp-image-3807\" srcset=\"https:\/\/www.idearius.com\/es\/wp-content\/uploads\/client-logo-sla1-0600.png 600w, https:\/\/www.idearius.com\/es\/wp-content\/uploads\/client-logo-sla1-0600-150x150.png 150w, https:\/\/www.idearius.com\/es\/wp-content\/uploads\/client-logo-sla1-0600-300x300.png 300w, https:\/\/www.idearius.com\/es\/wp-content\/uploads\/client-logo-sla1-0600-220x220.png 220w, https:\/\/www.idearius.com\/es\/wp-content\/uploads\/client-logo-sla1-0600-75x75.png 75w, https:\/\/www.idearius.com\/es\/wp-content\/uploads\/client-logo-sla1-0600-187x187.png 187w, https:\/\/www.idearius.com\/es\/wp-content\/uploads\/client-logo-sla1-0600-453x453.png 453w, https:\/\/www.idearius.com\/es\/wp-content\/uploads\/client-logo-sla1-0600-184x184.png 184w\" sizes=\"auto, (max-width: 600px) 100vw, 600px\" \/><\/figure><\/li><li class=\"blocks-gallery-item\"><figure><img loading=\"lazy\" decoding=\"async\" width=\"600\" height=\"600\" src=\"https:\/\/www.idearius.com\/es\/wp-content\/uploads\/client-logo-tx1-0600.png\" alt=\"\" data-id=\"3804\" data-full-url=\"https:\/\/www.idearius.com\/es\/wp-content\/uploads\/client-logo-tx1-0600.png\" data-link=\"https:\/\/www.idearius.com\/es\/diseno-grafico\/logotipos\/attachment\/client-logo-tx1-0600\/\" class=\"wp-image-3804\" srcset=\"https:\/\/www.idearius.com\/es\/wp-content\/uploads\/client-logo-tx1-0600.png 600w, https:\/\/www.idearius.com\/es\/wp-content\/uploads\/client-logo-tx1-0600-150x150.png 150w, https:\/\/www.idearius.com\/es\/wp-content\/uploads\/client-logo-tx1-0600-300x300.png 300w, https:\/\/www.idearius.com\/es\/wp-content\/uploads\/client-logo-tx1-0600-220x220.png 220w, https:\/\/www.idearius.com\/es\/wp-content\/uploads\/client-logo-tx1-0600-75x75.png 75w, https:\/\/www.idearius.com\/es\/wp-content\/uploads\/client-logo-tx1-0600-187x187.png 187w, https:\/\/www.idearius.com\/es\/wp-content\/uploads\/client-logo-tx1-0600-453x453.png 453w, https:\/\/www.idearius.com\/es\/wp-content\/uploads\/client-logo-tx1-0600-184x184.png 184w\" sizes=\"auto, (max-width: 600px) 100vw, 600px\" \/><\/figure><\/li><li class=\"blocks-gallery-item\"><figure><img loading=\"lazy\" decoding=\"async\" width=\"600\" height=\"600\" src=\"https:\/\/www.idearius.com\/es\/wp-content\/uploads\/client-logo-vq1-0600.png\" alt=\"\" data-id=\"3835\" data-full-url=\"https:\/\/www.idearius.com\/es\/wp-content\/uploads\/client-logo-vq1-0600.png\" data-link=\"https:\/\/www.idearius.com\/es\/diseno-grafico\/logotipos\/attachment\/client-logo-vq1-0600\/\" class=\"wp-image-3835\" srcset=\"https:\/\/www.idearius.com\/es\/wp-content\/uploads\/client-logo-vq1-0600.png 600w, https:\/\/www.idearius.com\/es\/wp-content\/uploads\/client-logo-vq1-0600-150x150.png 150w, https:\/\/www.idearius.com\/es\/wp-content\/uploads\/client-logo-vq1-0600-300x300.png 300w, https:\/\/www.idearius.com\/es\/wp-content\/uploads\/client-logo-vq1-0600-220x220.png 220w, https:\/\/www.idearius.com\/es\/wp-content\/uploads\/client-logo-vq1-0600-75x75.png 75w, https:\/\/www.idearius.com\/es\/wp-content\/uploads\/client-logo-vq1-0600-187x187.png 187w, https:\/\/www.idearius.com\/es\/wp-content\/uploads\/client-logo-vq1-0600-453x453.png 453w, https:\/\/www.idearius.com\/es\/wp-content\/uploads\/client-logo-vq1-0600-184x184.png 184w\" sizes=\"auto, (max-width: 600px) 100vw, 600px\" \/><\/figure><\/li><li class=\"blocks-gallery-item\"><figure><img loading=\"lazy\" decoding=\"async\" width=\"600\" height=\"600\" src=\"https:\/\/www.idearius.com\/es\/wp-content\/uploads\/client-logo-imr1-0600.png\" alt=\"\" data-id=\"3833\" data-full-url=\"https:\/\/www.idearius.com\/es\/wp-content\/uploads\/client-logo-imr1-0600.png\" data-link=\"https:\/\/www.idearius.com\/es\/diseno-grafico\/logotipos\/attachment\/client-logo-imr1-0600\/\" class=\"wp-image-3833\" srcset=\"https:\/\/www.idearius.com\/es\/wp-content\/uploads\/client-logo-imr1-0600.png 600w, https:\/\/www.idearius.com\/es\/wp-content\/uploads\/client-logo-imr1-0600-150x150.png 150w, https:\/\/www.idearius.com\/es\/wp-content\/uploads\/client-logo-imr1-0600-300x300.png 300w, https:\/\/www.idearius.com\/es\/wp-content\/uploads\/client-logo-imr1-0600-220x220.png 220w, https:\/\/www.idearius.com\/es\/wp-content\/uploads\/client-logo-imr1-0600-75x75.png 75w, https:\/\/www.idearius.com\/es\/wp-content\/uploads\/client-logo-imr1-0600-187x187.png 187w, https:\/\/www.idearius.com\/es\/wp-content\/uploads\/client-logo-imr1-0600-453x453.png 453w, https:\/\/www.idearius.com\/es\/wp-content\/uploads\/client-logo-imr1-0600-184x184.png 184w\" sizes=\"auto, (max-width: 600px) 100vw, 600px\" \/><\/figure><\/li><\/ul><\/figure>\n<\/div>\n\n\n\n<div class=\"wp-block-column is-layout-flow wp-block-column-is-layout-flow\" style=\"flex-basis:25%\">\n<p><a class=\"sendbutton\" href=\"index.php?page_id=2\">Cons\u00faltenos aqu\u00ed<\/a><\/p>\n\n\n\n<h4 class=\"wp-block-heading\">Otros servicios de dise\u00f1o gr\u00e1fico para empresas:<\/h4>\n\n\n\n<ul class=\"wp-block-list\"><li><a href=\"index.php?page_id=53\">tarjetas personales<\/a><\/li><li><a href=\"index.php?page_id=52\">carteles<\/a><\/li><li><a href=\"index.php?page_id=51\">paneles<\/a><\/li><li><a href=\"index.php?page_id=157\">rollups<\/a><\/li><li><a href=\"index.php?page_id=282\">presentaciones<\/a><\/li><li><a href=\"index.php?page_id=54\">volantes y folletos<\/a><\/li><\/ul>\n<\/div>\n<\/div>\n\n\n\n<p class=\"has-text-align-center\">Un logotipo es un emblema que representa mucho m\u00e1s que un producto o grupo de personas: <strong>representa una idea<\/strong>.<\/p>\n\n\n\n<p class=\"has-text-align-center\">Le ayudamos a desarrollar el concepto detr\u00e1s del logotipo de su empresa o producto, para alcanzar sus objetivos de negocios.<\/p>\n\n\n\n<p class=\"has-text-align-center\"><a class=\"sendbutton\" href=\"index.php?page_id=2\">Cons\u00faltenos aqu\u00ed<\/a><\/p>\n\n\n\n<div style=\"height:50px\" aria-hidden=\"true\" class=\"wp-block-spacer\"><\/div>\n\n\n\n<h2 class=\"has-text-align-center wp-block-heading\">Preguntas frecuentes sobre logotipos<\/h2>\n\n\n\n<div style=\"height:50px\" aria-hidden=\"true\" class=\"wp-block-spacer\"><\/div>\n\n\n\n<div class=\"wp-block-columns is-layout-flex wp-container-core-columns-is-layout-28f84493 wp-block-columns-is-layout-flex\">\n<div class=\"wp-block-column is-layout-flow wp-block-column-is-layout-flow\">\n<h3 class=\"wp-block-heading\">\u00bfD\u00f3nde puedo usar mi nuevo dise\u00f1o de logotipo?<\/h3>\n\n\n\n<p>Para su logotipo generamos versiones espec\u00edficas para <strong>sitios web, documentos electr\u00f3nicos, y todo tipo de impresos<\/strong>: hojas membretadas, sobres, folletos, rollups, tarjetas de visita, revistas, camisetas.<\/p>\n<\/div>\n\n\n\n<div class=\"wp-block-column is-layout-flow wp-block-column-is-layout-flow\">\n<h3 class=\"wp-block-heading\">\u00bfPuedo solicitar ajustes o correcciones al dise\u00f1o de logotipo?<\/h3>\n\n\n\n<p>Nuestro servicio de dise\u00f1o de logotipos incluye <strong>3 rondas de revisi\u00f3n, filtrando ideas y ajustando dise\u00f1os<\/strong> para llegar al mejor resultado.<\/p>\n\n\n\n<p>Si fueran necesarias m\u00e1s rondas de revisi\u00f3n, podemos cotizarlas.<\/p>\n<\/div>\n\n\n\n<div class=\"wp-block-column is-layout-flow wp-block-column-is-layout-flow\">\n<h3 class=\"wp-block-heading\">\u00bfQu\u00e9 obtengo al finalizar el proceso de dise\u00f1o de logotipo?<\/h3>\n\n\n\n<p>Obtendr\u00e1 el logotipo final en <strong>varios archivos<\/strong> en formatos adecuados para imprenta y pantallas.<\/p>\n\n\n\n<p>Detallaremos <strong>caracter\u00edsticas del nuevo dise\u00f1o de logotipo<\/strong>, como m\u00e1rgenes (distancias a mantener entre su logotipo y otros elementos gr\u00e1ficos), colores, combinaciones de fondo y tipos de letra usados.<\/p>\n<\/div>\n\n\n\n<div class=\"wp-block-column is-layout-flow wp-block-column-is-layout-flow\">\n<h3 class=\"wp-block-heading\">\u00bfPuedo renovar o refrescar mi logotipo actual?<\/h3>\n\n\n\n<p>\u00a1Claro! Un dise\u00f1o de logotipo completamente nuevo es una tarea riesgosa.<\/p>\n\n\n\n<p>Cuando un logotipo ha sido usado durante muchos a\u00f1os sin variaciones, puede ser m\u00e1s conveniente s\u00f3lo refrescarlo, as\u00ed <strong>facilita la transici\u00f3n ante los ojos de los clientes<\/strong>.<\/p>\n<\/div>\n<\/div>\n\n\n\n<div class=\"wp-block-columns is-layout-flex wp-container-core-columns-is-layout-28f84493 wp-block-columns-is-layout-flex\">\n<div class=\"wp-block-column is-layout-flow wp-block-column-is-layout-flow\">\n<h3 class=\"wp-block-heading\">Si ya tengo otros gr\u00e1ficos empresariales, \u00bflos tienen en cuenta?<\/h3>\n\n\n\n<p>\u00a1Claro! Para <strong>entender mejor sus necesidades y la experiencia previa que han tenido sus clientes y usuarios<\/strong>, evaluamos los gr\u00e1ficos que posea (folletos, presentaciones, logotipos anteriores), lo que ayuda a cumplir con sus expectativas.<\/p>\n<\/div>\n\n\n\n<div class=\"wp-block-column is-layout-flow wp-block-column-is-layout-flow\">\n<h3 class=\"wp-block-heading\">\u00bfHacen manuales de identidad corporativa?<\/h3>\n\n\n\n<p>Si a\u00fan no est\u00e1 definido un \u00abmanual de identidad visual\u00bb o \u00abmanual de identidad gr\u00e1fica\u00bb, podemos crear un <strong>manual de identidad de marca<\/strong> para asegurar que nuevos dise\u00f1os (de idearius o de terceros) proyecten una imagen alineada con sus objetivos y consistente en todos los medios.<\/p>\n<\/div>\n<\/div>\n","protected":false},"excerpt":{"rendered":"<p>Dise\u00f1o de logotipos a medida, personalizados, desde cero o a partir de bocetos o logotipos previos que nos provea el cliente. Un dise\u00f1o de logotipo adecuado ayuda a crear y fijar las emociones y asociaciones de pensamiento correctas en la mente de sus clientes, socios y empleados. Conozca algunos ejemplos: Cons\u00faltenos aqu\u00ed Otros servicios de [&hellip;]<\/p>\n","protected":false},"author":1,"featured_media":0,"parent":13,"menu_order":0,"comment_status":"closed","ping_status":"closed","template":"","meta":{"_lmt_disableupdate":"","_lmt_disable":"","site-sidebar-layout":"default","site-content-layout":"default","ast-site-content-layout":"default","site-content-style":"default","site-sidebar-style":"default","ast-global-header-display":"","ast-banner-title-visibility":"","ast-main-header-display":"","ast-hfb-above-header-display":"","ast-hfb-below-header-display":"","ast-hfb-mobile-header-display":"","site-post-title":"","ast-breadcrumbs-content":"","ast-featured-img":"","footer-sml-layout":"","ast-disable-related-posts":"","theme-transparent-header-meta":"default","adv-header-id-meta":"","stick-header-meta":"","header-above-stick-meta":"","header-main-stick-meta":"","header-below-stick-meta":"","astra-migrate-meta-layouts":"default","ast-page-background-enabled":"default","ast-page-background-meta":{"desktop":{"background-color":"var(--ast-global-color-4)","background-image":"","background-repeat":"repeat","background-position":"center center","background-size":"auto","background-attachment":"scroll","background-type":"","background-media":"","overlay-type":"","overlay-color":"","overlay-opacity":"","overlay-gradient":""},"tablet":{"background-color":"","background-image":"","background-repeat":"repeat","background-position":"center center","background-size":"auto","background-attachment":"scroll","background-type":"","background-media":"","overlay-type":"","overlay-color":"","overlay-opacity":"","overlay-gradient":""},"mobile":{"background-color":"","background-image":"","background-repeat":"repeat","background-position":"center center","background-size":"auto","background-attachment":"scroll","background-type":"","background-media":"","overlay-type":"","overlay-color":"","overlay-opacity":"","overlay-gradient":""}},"ast-content-background-meta":{"desktop":{"background-color":"var(--ast-global-color-5)","background-image":"","background-repeat":"repeat","background-position":"center center","background-size":"auto","background-attachment":"scroll","background-type":"","background-media":"","overlay-type":"","overlay-color":"","overlay-opacity":"","overlay-gradient":""},"tablet":{"background-color":"var(--ast-global-color-5)","background-image":"","background-repeat":"repeat","background-position":"center center","background-size":"auto","background-attachment":"scroll","background-type":"","background-media":"","overlay-type":"","overlay-color":"","overlay-opacity":"","overlay-gradient":""},"mobile":{"background-color":"var(--ast-global-color-5)","background-image":"","background-repeat":"repeat","background-position":"center center","background-size":"auto","background-attachment":"scroll","background-type":"","background-media":"","overlay-type":"","overlay-color":"","overlay-opacity":"","overlay-gradient":""}},"footnotes":""},"class_list":["post-73","page","type-page","status-publish","hentry"],"_links":{"self":[{"href":"https:\/\/www.idearius.com\/es\/wp-json\/wp\/v2\/pages\/73","targetHints":{"allow":["GET"]}}],"collection":[{"href":"https:\/\/www.idearius.com\/es\/wp-json\/wp\/v2\/pages"}],"about":[{"href":"https:\/\/www.idearius.com\/es\/wp-json\/wp\/v2\/types\/page"}],"author":[{"embeddable":true,"href":"https:\/\/www.idearius.com\/es\/wp-json\/wp\/v2\/users\/1"}],"replies":[{"embeddable":true,"href":"https:\/\/www.idearius.com\/es\/wp-json\/wp\/v2\/comments?post=73"}],"version-history":[{"count":22,"href":"https:\/\/www.idearius.com\/es\/wp-json\/wp\/v2\/pages\/73\/revisions"}],"predecessor-version":[{"id":4649,"href":"https:\/\/www.idearius.com\/es\/wp-json\/wp\/v2\/pages\/73\/revisions\/4649"}],"up":[{"embeddable":true,"href":"https:\/\/www.idearius.com\/es\/wp-json\/wp\/v2\/pages\/13"}],"wp:attachment":[{"href":"https:\/\/www.idearius.com\/es\/wp-json\/wp\/v2\/media?parent=73"}],"curies":[{"name":"wp","href":"https:\/\/api.w.org\/{rel}","templated":true}]}}