{"id":8,"date":"2008-05-19T02:36:46","date_gmt":"2008-05-19T02:36:46","guid":{"rendered":"http:\/\/www.idearius.com\/es\/?page_id=8"},"modified":"2026-04-19T02:49:23","modified_gmt":"2026-04-19T05:49:23","slug":"internet","status":"publish","type":"page","link":"https:\/\/www.idearius.com\/es\/internet\/","title":{"rendered":"Servicios de Internet"},"content":{"rendered":"\n<div class=\"wp-block-columns is-layout-flex wp-container-core-columns-is-layout-28f84493 wp-block-columns-is-layout-flex\">\n<div class=\"wp-block-column is-layout-flow wp-block-column-is-layout-flow\">\n<div class=\"wp-block-columns has-background is-layout-flex wp-container-core-columns-is-layout-28f84493 wp-block-columns-is-layout-flex\" style=\"background:linear-gradient(135deg,rgb(255,138,29) 93%,rgb(234,106,17) 93%)\">\n<div class=\"wp-block-column is-layout-flow wp-block-column-is-layout-flow\">\n<p class=\"margin-bottom-0 has-white-color has-text-color\"><strong>Ayudamos a su empresa a atraer visitantes relevantes en la Web y a convertirlos en clientes.<\/strong><\/p>\n<\/div>\n<\/div>\n\n\n\n<ul class=\"wp-block-list\">\n<li>Posicionamiento en buscadores: optimizaci\u00f3n (SEO) y <a href=\"?p=3909\">campa\u00f1as publicitarias (SEM)<\/a><\/li>\n\n\n\n<li>Mayor velocidad de carga y facilidad de uso para una mejor experiencia de usuario (UX)<\/li>\n\n\n\n<li>Accesibilidad asegurada, sin importar el dispositivo, edad o discapacidades del usuario<\/li>\n\n\n\n<li>Redacci\u00f3n y edici\u00f3n de textos persuasivos<\/li>\n\n\n\n<li>Estudio y control de su marca y de sus competidores en la Web<\/li>\n\n\n\n<li><a href=\"?p=2219\">Seguridad para WordPress<\/a><\/li>\n\n\n\n<li><a href=\"?p=100\">Mantenimiento para WordPress<\/a><\/li>\n\n\n\n<li><a href=\"?page_id=114\">Servidores web<\/a> y <a href=\"?page_id=67\">servidores de correo<\/a> confiables<\/li>\n\n\n\n<li>Compra, monitoreo y gesti\u00f3n segura y rentable de <a href=\"?p=2144\">dominios<\/a><\/li>\n<\/ul>\n<\/div>\n\n\n\n<div class=\"wp-block-column is-layout-flow wp-block-column-is-layout-flow\">\n<div class=\"wp-block-contact-form-7-contact-form-selector\">\n<div class=\"wpcf7 no-js\" id=\"wpcf7-f3358-o1\" lang=\"es-ES\" dir=\"ltr\" data-wpcf7-id=\"3358\">\n<div class=\"screen-reader-response\"><p role=\"status\" aria-live=\"polite\" aria-atomic=\"true\"><\/p> <ul><\/ul><\/div>\n<form action=\"\/es\/wp-json\/wp\/v2\/pages\/8#wpcf7-f3358-o1\" method=\"post\" class=\"wpcf7-form init\" aria-label=\"Formulario de contacto\" novalidate=\"novalidate\" data-status=\"init\">\n<fieldset class=\"hidden-fields-container\"><input type=\"hidden\" name=\"_wpcf7\" value=\"3358\" \/><input type=\"hidden\" name=\"_wpcf7_version\" value=\"6.1.5\" \/><input type=\"hidden\" name=\"_wpcf7_locale\" value=\"es_ES\" \/><input type=\"hidden\" name=\"_wpcf7_unit_tag\" value=\"wpcf7-f3358-o1\" \/><input type=\"hidden\" name=\"_wpcf7_container_post\" value=\"0\" \/><input type=\"hidden\" name=\"_wpcf7_posted_data_hash\" value=\"\" \/><input type=\"hidden\" name=\"_wpcf7_recaptcha_response\" value=\"\" \/>\n<\/fieldset>\n<h3 style=\"text-align:center;padding-top:0;\">Complete este formulario para que le contactemos:\n<\/h3>\n<div class=\"funnel\">\n\t<p>Nombre:<br \/>\n<span class=\"wpcf7-form-control-wrap\" data-name=\"nombre\"><input size=\"40\" maxlength=\"400\" class=\"wpcf7-form-control wpcf7-text wpcf7-validates-as-required\" aria-required=\"true\" aria-invalid=\"false\" value=\"\" type=\"text\" name=\"nombre\" \/><\/span><br \/>\nCorreo electr\u00f3nico:<br \/>\n<span class=\"wpcf7-form-control-wrap\" data-name=\"email\"><input size=\"40\" maxlength=\"400\" class=\"wpcf7-form-control wpcf7-email wpcf7-validates-as-required wpcf7-text wpcf7-validates-as-email\" aria-required=\"true\" aria-invalid=\"false\" value=\"\" type=\"email\" name=\"email\" \/><\/span><br \/>\nTel\u00e9fono (opcional):<br \/>\n<span class=\"wpcf7-form-control-wrap\" data-name=\"telefono\"><input size=\"40\" maxlength=\"30\" minlength=\"8\" class=\"wpcf7-form-control wpcf7-tel wpcf7-text wpcf7-validates-as-tel\" aria-invalid=\"false\" value=\"\" type=\"tel\" name=\"telefono\" \/><\/span><br \/>\n<input class=\"wpcf7-form-control wpcf7-submit has-spinner\" type=\"submit\" value=\"Quiero mejorar en la Web\" \/>\n\t<\/p>\n<\/div><p style=\"display: none !important;\" class=\"akismet-fields-container\" data-prefix=\"_wpcf7_ak_\"><label>&#916;<textarea name=\"_wpcf7_ak_hp_textarea\" cols=\"45\" rows=\"8\" maxlength=\"100\"><\/textarea><\/label><input type=\"hidden\" id=\"ak_js_1\" name=\"_wpcf7_ak_js\" value=\"41\"\/><script>\ndocument.getElementById( \"ak_js_1\" ).setAttribute( \"value\", ( new Date() ).getTime() );\n<\/script>\n<\/p><div class=\"wpcf7-response-output\" aria-hidden=\"true\"><\/div>\n<\/form>\n<\/div>\n<\/div>\n<\/div>\n<\/div>\n\n\n\n<div class=\"wp-block-columns is-layout-flex wp-container-core-columns-is-layout-28f84493 wp-block-columns-is-layout-flex\">\n<div class=\"wp-block-column is-layout-flow wp-block-column-is-layout-flow\">\n<div class=\"inherit-container-width wp-block-group has-background is-layout-constrained wp-block-group-is-layout-constrained\" style=\"background-color:#ebebeb\"><div class=\"wp-block-group__inner-container\">\n<h3 class=\"wp-block-heading\">\u00bfNecesita una web urgente?<\/h3>\n\n\n\n<p><a href=\"?page_id=38\"><i class=\"fa fa-clock-o\" aria-hidden=\"true\" style=\"float:left;font-size:50px;margin-right:.2em;\"><\/i>Su web con correo en 24 horas<\/a>. Su <strong>entrada r\u00e1pida a la Web<\/strong>, que puede ampliar cuando lo desee.<\/p>\n<\/div><\/div>\n\n\n\n<p><\/p>\n<\/div>\n\n\n\n<div class=\"wp-block-column is-layout-flow wp-block-column-is-layout-flow\">\n<div class=\"inherit-container-width wp-block-group has-background is-layout-constrained wp-block-group-is-layout-constrained\" style=\"background-color:#ebebeb\"><div class=\"wp-block-group__inner-container\">\n<h3 class=\"wp-block-heading\">\u00bfLe servir\u00eda s\u00f3lo el correo?<\/h3>\n\n\n\n<p><a href=\"?page_id=67\"><i class=\"fa fa-envelope-o\" aria-hidden=\"true\" style=\"float:left;font-size:50px;margin-right:.2em;\"><\/i>Correo administrado<\/a> con su dominio, acceso desde cualquier dispositivo y <strong>sin l\u00edmite de casillas<\/strong>.<\/p>\n<\/div><\/div>\n<\/div>\n<\/div>\n\n\n\n<div style=\"height:50px\" aria-hidden=\"true\" class=\"wp-block-spacer\"><\/div>\n\n\n\n<h2 class=\"wp-block-heading has-text-align-center\">Potentes servicios para el \u00e9xito de su sitio web<\/h2>\n\n\n\n<div style=\"height:50px\" aria-hidden=\"true\" class=\"wp-block-spacer\"><\/div>\n\n\n\n<div class=\"wp-block-columns is-layout-flex wp-container-core-columns-is-layout-28f84493 wp-block-columns-is-layout-flex\">\n<div class=\"wp-block-column is-layout-flow wp-block-column-is-layout-flow\">\n<p><strong>Posicionamiento en buscadores (SEO\/SEM)<\/strong>, para optimizar su web y ganar visibilidad de forma duradera.<\/p>\n<\/div>\n\n\n\n<div class=\"wp-block-column is-layout-flow wp-block-column-is-layout-flow\">\n<p><strong>Velocidad, usabilidad y accesibilidad optimizadas<\/strong>, para webs que funcionan y se ven bien siempre.<\/p>\n<\/div>\n\n\n\n<div class=\"wp-block-column is-layout-flow wp-block-column-is-layout-flow\">\n<p><strong>Estudio y control<\/strong> de su marca y de sus competidores en la Web, para mejorar sus posibilidades de \u00e9xito en el mercado.<\/p>\n<\/div>\n\n\n\n<div class=\"wp-block-column is-layout-flow wp-block-column-is-layout-flow\">\n<p><strong><a href=\"?page_id=114\">Servidores web<\/a><\/strong> y <strong><a href=\"?page_id=67\">servidores de correo<\/a><\/strong> seguros, fiables y 100% administrados, que acompa\u00f1an el crecimiento de su empresa.<\/p>\n<\/div>\n<\/div>\n\n\n\n<div class=\"wp-block-columns is-layout-flex wp-container-core-columns-is-layout-28f84493 wp-block-columns-is-layout-flex\">\n<div class=\"wp-block-column is-layout-flow wp-block-column-is-layout-flow\">\n<p><strong>Creaci\u00f3n y edici\u00f3n de textos<\/strong>, para p\u00e1ginas web f\u00e1ciles de leer, con mensajes persuasivos alineados con sus objetivos.<\/p>\n<\/div>\n\n\n\n<div class=\"wp-block-column is-layout-flow wp-block-column-is-layout-flow\">\n<p><strong>Gu\u00edas de seguridad Web<\/strong>, contra <a href=\"?p=381\">virus, troyanos, ransomware y otras amenazas<\/a> que enfrentan sus empleados.<\/p>\n<\/div>\n\n\n\n<div class=\"wp-block-column is-layout-flow wp-block-column-is-layout-flow\">\n<p><strong>Gu\u00edas de atenci\u00f3n a clientes por Internet<\/strong>, para contactos eficaces y eficientes.<\/p>\n<\/div>\n\n\n\n<div class=\"wp-block-column is-layout-flow wp-block-column-is-layout-flow\">\n<p class=\"has-text-align-center\"><a class=\"sendbutton\" href=\"?page_id=2\">Cons\u00faltenos aqu\u00ed<\/a><\/p>\n<\/div>\n<\/div>\n\n\n\n<div style=\"height:50px\" aria-hidden=\"true\" class=\"wp-block-spacer\"><\/div>\n\n\n\n<h2 class=\"wp-block-heading has-text-align-center\">Algunos de nuestros proyectos<\/h2>\n\n\n\n<div style=\"height:50px\" aria-hidden=\"true\" class=\"wp-block-spacer\"><\/div>\n\n\n\n<p><a title=\"Empresa de selecci\u00f3n de personal y consultor\u00eda organizacional\" href=\"https:\/\/www.aegisconsultora.com\/\">Consultora Aegis<\/a> \u00b7 <a title=\"Biblioteca Artiguista, C\u00edrculo Militar General Artigas\" href=\"?page_id=16\">Biblioteca Artiguista<\/a> \u00b7 <a title=\"Empresa de pintores profesionales\" href=\"https:\/\/www.brospinturas.com.uy\/\">Bros<\/a> \u00b7 <a title=\"Red de locales de venta de empanadas\" href=\"https:\/\/www.dlaribera.com.uy\/\"><strong>D&#8217;la Ribera<\/strong><\/a> \u00b7 <a title=\"Direcci\u00f3n General de Casinos del Estado\" href=\"?page_id=19\">Direcci\u00f3n General de Casinos del Estado (Uruguay)<\/a> \u00b7 <a title=\"Carpinter\u00eda especialista en muebles y equipamiento de madera a medida y pisos de madera\" href=\"https:\/\/www.ciroman.com.uy\/\">Ciroman<\/a> \u00b7 <a href=\"https:\/\/www.eltelegrafo.com\/\"><strong>El Tel\u00e9grafo<\/strong><\/a> \u00b7 <a href=\"https:\/\/www.espacioaic.com\/\">Espacio AIC<\/a> \u00b7 <a title=\"Hotel en el centro de Montevideo, Uruguay\" href=\"?page_id=26\">Facal Hotel<\/a> \u00b7 <a title=\"Profesional de la locuci\u00f3n y el canto\" href=\"https:\/\/www.gabrielfrias.com\/\">Gabriel Fr\u00edas<\/a> \u00b7 <strong><a title=\"Instituto de ingl\u00e9s especializado en ex\u00e1menes de Cambridge\" href=\"https:\/\/www.goenglish.edu.uy\/\">Go English<\/a><\/strong> \u00b7 <a href=\"http:\/\/iin.oea.org\/\">Instituto Interamericano del Ni\u00f1o<\/a> \u00b7 <a href=\"https:\/\/www.fiumaraconstrucciones.com.uy\/\" data-type=\"link\" data-id=\"https:\/\/www.fiumaraconstrucciones.com.uy\/\">Fiumara Construcciones<\/a> \u00b7 <a title=\"Empresa de limpieza empresarial\" href=\"https:\/\/www.kely.com.uy\/\">Kely<\/a> \u00b7 <a title=\"Tienda de cueros uruguayos\" href=\"https:\/\/www.cuero.com.uy\/\">Leather Boutique<\/a> \u00b7 <a href=\"https:\/\/www.marianakonsolos.com\/\">Mariana Konsolos<\/a> \u00b7 <strong><a title=\"Ministerio de Defensa Nacional de Uruguay\" href=\"https:\/\/www.mdn.gub.uy\/\">Ministerio de Defensa Nacional (Uruguay)<\/a><\/strong> \u00b7 <a title=\"La mayor empresa de alquiler de autos de Uruguay\" href=\"?page_id=2032\">Multicar Rent-A-Car<\/a> \u00b7 <a href=\"https:\/\/www.qglatam.com\/\" data-type=\"link\" data-id=\"https:\/\/www.qglatam.com\/\">QG Latam<\/a> \u00b7 <a href=\"https:\/\/www.residencialcronos.com.uy\/\">Residencial Cronos<\/a> \u00b7 <a title=\"Empresa de soluciones inmobiliarias\" href=\"https:\/\/www.rotima.com.uy\/\">Rotima Propiedades<\/a> \u00b7 <a title=\"Empresa de servicios vinculados a la industria del cuero\" href=\"https:\/\/www.sals.com.uy\/\">SALS Leather Services<\/a> \u00b7 <a title=\"Empresa especializada en instalaciones fotovoltaicas y proyectos de iluminaci\u00f3n LED para empresas en Uruguay\" href=\"https:\/\/www.tecnysan.com.uy\/\">SES Latam<\/a> \u00b7 <a href=\"https:\/\/www.sbysteam.com\/\"><strong>Step by Step Team<\/strong><\/a> \u00b7 <a title=\"Empresa de insumos y servicios para la producci\u00f3n lechera\" href=\"https:\/\/www.tecnysan.com.uy\/\">Tecnysan<\/a><\/p>\n\n\n\n<div style=\"height:50px\" aria-hidden=\"true\" class=\"wp-block-spacer\"><\/div>\n\n\n\n<div class=\"wp-block-columns has-background is-layout-flex wp-container-core-columns-is-layout-28f84493 wp-block-columns-is-layout-flex\" style=\"background-color:#ebebeb\">\n<div class=\"wp-block-column is-vertically-aligned-center is-layout-flow wp-block-column-is-layout-flow\" style=\"flex-basis:66.66%\">\n<h2 class=\"wp-block-heading\"><a style=\"color: #ff8a1d!important;\" href=\"?p=2219\">Protecci\u00f3n y reparaci\u00f3n de webs basadas en WordPress<\/a><\/h2>\n\n\n\n<p><strong>Servicios de seguridad para webs basadas en WordPress<\/strong>, con sistemas de respaldo remoto, monitoreo de seguridad, disponibilidad y rendimiento. <a href=\"?p=2219\">Conozca m\u00e1s y solicite una evaluaci\u00f3n de seguridad personalizada<\/a>.<\/p>\n\n\n\n<blockquote class=\"wp-block-quote is-layout-flow wp-block-quote-is-layout-flow\">\n<p><strong>Es m\u00e1s f\u00e1cil impedir que pirateen un sitio que recuperarse de un ataque<\/strong>.<\/p>\n<cite>Google &#8211; Reporte de spam web 2020<\/cite><\/blockquote>\n<\/div>\n\n\n\n<div class=\"wp-block-column is-vertically-aligned-center is-layout-flow wp-block-column-is-layout-flow\" style=\"flex-basis:33.33%\">\n<figure class=\"wp-block-image aligncenter is-resized\"><a href=\"?p=2219\"><img loading=\"lazy\" decoding=\"async\" width=\"300\" height=\"186\" src=\"https:\/\/www.idearius.com\/es\/wp-content\/uploads\/logo-wordpress-300x186.png\" alt=\"Logotipo de WordPress\" class=\"wp-image-349\" style=\"width:300px;height:186px\" srcset=\"https:\/\/www.idearius.com\/es\/wp-content\/uploads\/logo-wordpress-300x186.png 300w, https:\/\/www.idearius.com\/es\/wp-content\/uploads\/logo-wordpress.png 500w\" sizes=\"auto, (max-width: 300px) 100vw, 300px\" \/><\/a><\/figure>\n<\/div>\n<\/div>\n","protected":false},"excerpt":{"rendered":"<p><strong>Mejoramos la visibilidad de su sitio web y la experiencia y rentabilidad de sus usuarios<\/strong>: hacemos la informaci\u00f3n m\u00e1s f\u00e1cil de encontrar, utilizar y recordar.<\/p>\n<p>Potenciamos su inversi\u00f3n con hosting propio fiable y totalmente administrado, asesoramiento sobre dominios y seguridad, y monitoreo de su competencia. <a href=\"?page_id=8\" class=\"plusbutton\">+<\/a><\/p>\n","protected":false},"author":1,"featured_media":0,"parent":0,"menu_order":0,"comment_status":"closed","ping_status":"open","template":"","meta":{"_lmt_disableupdate":"","_lmt_disable":"","site-sidebar-layout":"default","site-content-layout":"default","ast-site-content-layout":"default","site-content-style":"default","site-sidebar-style":"default","ast-global-header-display":"","ast-banner-title-visibility":"","ast-main-header-display":"","ast-hfb-above-header-display":"","ast-hfb-below-header-display":"","ast-hfb-mobile-header-display":"","site-post-title":"","ast-breadcrumbs-content":"","ast-featured-img":"","footer-sml-layout":"","ast-disable-related-posts":"","theme-transparent-header-meta":"default","adv-header-id-meta":"","stick-header-meta":"","header-above-stick-meta":"","header-main-stick-meta":"","header-below-stick-meta":"","astra-migrate-meta-layouts":"set","ast-page-background-enabled":"default","ast-page-background-meta":{"desktop":{"background-color":"var(--ast-global-color-4)","background-image":"","background-repeat":"repeat","background-position":"center center","background-size":"auto","background-attachment":"scroll","background-type":"","background-media":"","overlay-type":"","overlay-color":"","overlay-opacity":"","overlay-gradient":""},"tablet":{"background-color":"","background-image":"","background-repeat":"repeat","background-position":"center center","background-size":"auto","background-attachment":"scroll","background-type":"","background-media":"","overlay-type":"","overlay-color":"","overlay-opacity":"","overlay-gradient":""},"mobile":{"background-color":"","background-image":"","background-repeat":"repeat","background-position":"center center","background-size":"auto","background-attachment":"scroll","background-type":"","background-media":"","overlay-type":"","overlay-color":"","overlay-opacity":"","overlay-gradient":""}},"ast-content-background-meta":{"desktop":{"background-color":"var(--ast-global-color-5)","background-image":"","background-repeat":"repeat","background-position":"center center","background-size":"auto","background-attachment":"scroll","background-type":"","background-media":"","overlay-type":"","overlay-color":"","overlay-opacity":"","overlay-gradient":""},"tablet":{"background-color":"var(--ast-global-color-5)","background-image":"","background-repeat":"repeat","background-position":"center center","background-size":"auto","background-attachment":"scroll","background-type":"","background-media":"","overlay-type":"","overlay-color":"","overlay-opacity":"","overlay-gradient":""},"mobile":{"background-color":"var(--ast-global-color-5)","background-image":"","background-repeat":"repeat","background-position":"center center","background-size":"auto","background-attachment":"scroll","background-type":"","background-media":"","overlay-type":"","overlay-color":"","overlay-opacity":"","overlay-gradient":""}},"footnotes":""},"class_list":["post-8","page","type-page","status-publish","hentry"],"_links":{"self":[{"href":"https:\/\/www.idearius.com\/es\/wp-json\/wp\/v2\/pages\/8","targetHints":{"allow":["GET"]}}],"collection":[{"href":"https:\/\/www.idearius.com\/es\/wp-json\/wp\/v2\/pages"}],"about":[{"href":"https:\/\/www.idearius.com\/es\/wp-json\/wp\/v2\/types\/page"}],"author":[{"embeddable":true,"href":"https:\/\/www.idearius.com\/es\/wp-json\/wp\/v2\/users\/1"}],"replies":[{"embeddable":true,"href":"https:\/\/www.idearius.com\/es\/wp-json\/wp\/v2\/comments?post=8"}],"version-history":[{"count":33,"href":"https:\/\/www.idearius.com\/es\/wp-json\/wp\/v2\/pages\/8\/revisions"}],"predecessor-version":[{"id":5513,"href":"https:\/\/www.idearius.com\/es\/wp-json\/wp\/v2\/pages\/8\/revisions\/5513"}],"wp:attachment":[{"href":"https:\/\/www.idearius.com\/es\/wp-json\/wp\/v2\/media?parent=8"}],"curies":[{"name":"wp","href":"https:\/\/api.w.org\/{rel}","templated":true}]}}