{"id":845,"date":"2009-12-04T23:06:16","date_gmt":"2009-12-05T01:06:16","guid":{"rendered":"http:\/\/www.idearius.com\/es\/ayuda\/que-servicios-incluyen-con-el-sistema-de-correo-empresarial\/"},"modified":"2021-07-22T01:21:11","modified_gmt":"2021-07-22T04:21:11","slug":"que-servicios-incluyen-con-el-sistema-de-correo-empresarial","status":"publish","type":"page","link":"https:\/\/www.idearius.com\/es\/ayuda\/que-servicios-incluyen-con-el-sistema-de-correo-empresarial\/","title":{"rendered":"\u00bfQu\u00e9 servicios incluyen con el sistema de correo empresarial?"},"content":{"rendered":"<p>Los servicios de correo electr\u00f3nico para empresas incluyen la administraci\u00f3n de todas las casillas de correo de la empresa: altas y bajas, personalizaci\u00f3n de la interfaz web (webmail) de cada usuario, configuraci\u00f3n de redireccionadores, control de alertas de saturaci\u00f3n, cambios en la capacidad asignada para cada una, activaci\u00f3n y configuraci\u00f3n del sistema de antispam. Tambi\u00e9n incluye la asistencia directa a todos los usuarios.<\/p>\n<p>Por m\u00e1s informaci\u00f3n acceda a <a href=\"index.php?page_id=67\">Correo electr\u00f3nico administrado<\/a>.<\/p>\n","protected":false},"excerpt":{"rendered":"<p>Los servicios de correo electr\u00f3nico para empresas incluyen la administraci\u00f3n de todas las casillas de correo de la empresa: altas y bajas, personalizaci\u00f3n de la interfaz web (webmail) de cada usuario, configuraci\u00f3n de redireccionadores, control de alertas de saturaci\u00f3n, cambios en la capacidad asignada para cada una, activaci\u00f3n y configuraci\u00f3n del sistema de antispam. Tambi\u00e9n [&hellip;]<\/p>\n","protected":false},"author":1,"featured_media":0,"parent":494,"menu_order":0,"comment_status":"closed","ping_status":"closed","template":"page-full.php","meta":{"_lmt_disableupdate":"","_lmt_disable":"","site-sidebar-layout":"default","site-content-layout":"","ast-site-content-layout":"default","site-content-style":"default","site-sidebar-style":"default","ast-global-header-display":"","ast-banner-title-visibility":"","ast-main-header-display":"","ast-hfb-above-header-display":"","ast-hfb-below-header-display":"","ast-hfb-mobile-header-display":"","site-post-title":"","ast-breadcrumbs-content":"","ast-featured-img":"","footer-sml-layout":"","ast-disable-related-posts":"","theme-transparent-header-meta":"","adv-header-id-meta":"","stick-header-meta":"","header-above-stick-meta":"","header-main-stick-meta":"","header-below-stick-meta":"","astra-migrate-meta-layouts":"default","ast-page-background-enabled":"default","ast-page-background-meta":{"desktop":{"background-color":"var(--ast-global-color-4)","background-image":"","background-repeat":"repeat","background-position":"center center","background-size":"auto","background-attachment":"scroll","background-type":"","background-media":"","overlay-type":"","overlay-color":"","overlay-opacity":"","overlay-gradient":""},"tablet":{"background-color":"","background-image":"","background-repeat":"repeat","background-position":"center center","background-size":"auto","background-attachment":"scroll","background-type":"","background-media":"","overlay-type":"","overlay-color":"","overlay-opacity":"","overlay-gradient":""},"mobile":{"background-color":"","background-image":"","background-repeat":"repeat","background-position":"center center","background-size":"auto","background-attachment":"scroll","background-type":"","background-media":"","overlay-type":"","overlay-color":"","overlay-opacity":"","overlay-gradient":""}},"ast-content-background-meta":{"desktop":{"background-color":"var(--ast-global-color-5)","background-image":"","background-repeat":"repeat","background-position":"center center","background-size":"auto","background-attachment":"scroll","background-type":"","background-media":"","overlay-type":"","overlay-color":"","overlay-opacity":"","overlay-gradient":""},"tablet":{"background-color":"var(--ast-global-color-5)","background-image":"","background-repeat":"repeat","background-position":"center center","background-size":"auto","background-attachment":"scroll","background-type":"","background-media":"","overlay-type":"","overlay-color":"","overlay-opacity":"","overlay-gradient":""},"mobile":{"background-color":"var(--ast-global-color-5)","background-image":"","background-repeat":"repeat","background-position":"center center","background-size":"auto","background-attachment":"scroll","background-type":"","background-media":"","overlay-type":"","overlay-color":"","overlay-opacity":"","overlay-gradient":""}},"footnotes":""},"class_list":["post-845","page","type-page","status-publish","hentry"],"_links":{"self":[{"href":"https:\/\/www.idearius.com\/es\/wp-json\/wp\/v2\/pages\/845","targetHints":{"allow":["GET"]}}],"collection":[{"href":"https:\/\/www.idearius.com\/es\/wp-json\/wp\/v2\/pages"}],"about":[{"href":"https:\/\/www.idearius.com\/es\/wp-json\/wp\/v2\/types\/page"}],"author":[{"embeddable":true,"href":"https:\/\/www.idearius.com\/es\/wp-json\/wp\/v2\/users\/1"}],"replies":[{"embeddable":true,"href":"https:\/\/www.idearius.com\/es\/wp-json\/wp\/v2\/comments?post=845"}],"version-history":[{"count":4,"href":"https:\/\/www.idearius.com\/es\/wp-json\/wp\/v2\/pages\/845\/revisions"}],"predecessor-version":[{"id":3187,"href":"https:\/\/www.idearius.com\/es\/wp-json\/wp\/v2\/pages\/845\/revisions\/3187"}],"up":[{"embeddable":true,"href":"https:\/\/www.idearius.com\/es\/wp-json\/wp\/v2\/pages\/494"}],"wp:attachment":[{"href":"https:\/\/www.idearius.com\/es\/wp-json\/wp\/v2\/media?parent=845"}],"curies":[{"name":"wp","href":"https:\/\/api.w.org\/{rel}","templated":true}]}}